{"id":4198,"date":"2016-03-02T12:43:04","date_gmt":"2016-03-02T11:43:04","guid":{"rendered":"https:\/\/www.justcolor.net\/fr\/?page_id=4198"},"modified":"2019-06-19T10:16:51","modified_gmt":"2019-06-19T08:16:51","slug":"nouveaux-coloriages","status":"publish","type":"page","link":"https:\/\/www.justcolor.net\/fr\/nouveaux-coloriages\/","title":{"rendered":"Les derniers coloriages ajout\u00e9s"},"content":{"rendered":"<p><p>Invalid Displayed Gallery<\/p><\/p>\n","protected":false},"excerpt":{"rendered":"<p>Voici les <b>derniers coloriages complexes pour adultes<\/b> que nous avons ajout\u00e9s sur le site.<\/p>\n<p>Consultez r\u00e9guli\u00e8rement cette page pour d\u00e9couvrir les nouvelles cr\u00e9ations que nous vous proposons, issues de nos diff\u00e9rentes th\u00e9matiques.<\/p>\n<p>Vous pouvez <a href=\"https:\/\/www.facebook.com\/coloriagesdifficilesadultes\" target=\"_blank\" rel=\"noopener noreferrer\">nous suivre sur <b>Facebook<\/b><\/a> pour \u00eatre inform\u00e9s encore plus vite des nouveaut\u00e9s du site \ud83d\ude42<\/p>\n","protected":false},"author":1,"featured_media":0,"parent":0,"menu_order":0,"comment_status":"closed","ping_status":"closed","template":"page-new.php","meta":{"ngg_post_thumbnail":0,"footnotes":""},"tags":[],"class_list":["post-4198","page","type-page","status-publish"],"_links":{"self":[{"href":"https:\/\/www.justcolor.net\/fr\/wp-json\/wp\/v2\/pages\/4198","targetHints":{"allow":["GET"]}}],"collection":[{"href":"https:\/\/www.justcolor.net\/fr\/wp-json\/wp\/v2\/pages"}],"about":[{"href":"https:\/\/www.justcolor.net\/fr\/wp-json\/wp\/v2\/types\/page"}],"author":[{"embeddable":true,"href":"https:\/\/www.justcolor.net\/fr\/wp-json\/wp\/v2\/users\/1"}],"replies":[{"embeddable":true,"href":"https:\/\/www.justcolor.net\/fr\/wp-json\/wp\/v2\/comments?post=4198"}],"version-history":[{"count":0,"href":"https:\/\/www.justcolor.net\/fr\/wp-json\/wp\/v2\/pages\/4198\/revisions"}],"wp:attachment":[{"href":"https:\/\/www.justcolor.net\/fr\/wp-json\/wp\/v2\/media?parent=4198"}],"wp:term":[{"taxonomy":"post_tag","embeddable":true,"href":"https:\/\/www.justcolor.net\/fr\/wp-json\/wp\/v2\/tags?post=4198"}],"curies":[{"name":"wp","href":"https:\/\/api.w.org\/{rel}","templated":true}]}}