{"id":4212,"date":"2016-03-04T11:31:50","date_gmt":"2016-03-04T10:31:50","guid":{"rendered":"https:\/\/www.justcolor.net\/fr\/?page_id=4212"},"modified":"2016-12-07T15:09:01","modified_gmt":"2016-12-07T14:09:01","slug":"evenements-fetes-actualite","status":"publish","type":"page","link":"https:\/\/www.justcolor.net\/fr\/histoires\/evenements-fetes-actualite\/","title":{"rendered":"Coloriages li\u00e9s \u00e0 des \u00c9v\u00e9nements et \u00e0 l&rsquo;Actualit\u00e9"},"content":{"rendered":"<p>Maintenant, vous pouvez trouver <a href=\"https:\/\/www.justcolor.net\/fr\/evenements\/\">nos coloriages inspir\u00e9s par tous types d&rsquo;\u00c9v\u00e9nement <strong>ici<\/strong><\/a> ! No\u00ebl, Halloween, P\u00e2ques &#8230;<\/p>\n","protected":false},"excerpt":{"rendered":"<p>Maintenant, vous pouvez trouver nos coloriages inspir\u00e9s par tous types d&rsquo;\u00c9v\u00e9nement ici ! No\u00ebl, Halloween, P\u00e2ques &#8230;<\/p>\n","protected":false},"author":1,"featured_media":5894,"parent":4913,"menu_order":0,"comment_status":"closed","ping_status":"closed","template":"","meta":{"ngg_post_thumbnail":0,"footnotes":""},"tags":[442],"class_list":{"0":"post-4212","1":"page","2":"type-page","3":"status-publish","4":"has-post-thumbnail","6":"tag-gallery"},"_links":{"self":[{"href":"https:\/\/www.justcolor.net\/fr\/wp-json\/wp\/v2\/pages\/4212","targetHints":{"allow":["GET"]}}],"collection":[{"href":"https:\/\/www.justcolor.net\/fr\/wp-json\/wp\/v2\/pages"}],"about":[{"href":"https:\/\/www.justcolor.net\/fr\/wp-json\/wp\/v2\/types\/page"}],"author":[{"embeddable":true,"href":"https:\/\/www.justcolor.net\/fr\/wp-json\/wp\/v2\/users\/1"}],"replies":[{"embeddable":true,"href":"https:\/\/www.justcolor.net\/fr\/wp-json\/wp\/v2\/comments?post=4212"}],"version-history":[{"count":0,"href":"https:\/\/www.justcolor.net\/fr\/wp-json\/wp\/v2\/pages\/4212\/revisions"}],"up":[{"embeddable":true,"href":"https:\/\/www.justcolor.net\/fr\/wp-json\/wp\/v2\/pages\/4913"}],"wp:featuredmedia":[{"embeddable":true,"href":"https:\/\/www.justcolor.net\/fr\/wp-json\/wp\/v2\/media\/5894"}],"wp:attachment":[{"href":"https:\/\/www.justcolor.net\/fr\/wp-json\/wp\/v2\/media?parent=4212"}],"wp:term":[{"taxonomy":"post_tag","embeddable":true,"href":"https:\/\/www.justcolor.net\/fr\/wp-json\/wp\/v2\/tags?post=4212"}],"curies":[{"name":"wp","href":"https:\/\/api.w.org\/{rel}","templated":true}]}}