{"id":4563,"date":"2016-04-07T15:03:40","date_gmt":"2016-04-07T14:03:40","guid":{"rendered":"https:\/\/www.justcolor.net\/fr\/?page_id=4563"},"modified":"2019-06-17T14:59:59","modified_gmt":"2019-06-17T12:59:59","slug":"zenfeerie","status":"publish","type":"page","link":"https:\/\/www.justcolor.net\/fr\/artistes\/zenfeerie\/","title":{"rendered":"Zenf\u00e9\u00e9rie"},"content":{"rendered":"<p><p>Invalid Displayed Gallery<\/p><\/p>\n","protected":false},"excerpt":{"rendered":"<p><b>Zenf\u00e9\u00e9rie<\/b> est une Illustratrice et cr\u00e9atrice de contes pour enfants.<\/p>\n<p>Elle produit \u00e9galement des coloriages adultes avec un univers tr\u00e8s f\u00e9erique et color\u00e9.<\/p>\n<p><i>\u00ab\u00a0Je souhaite apporter du bonheur et de la joie \u00e0 mes lecteurs ou aux personnes qui aiment colorier.<br \/>\nJe mets \u00e0 disposition \u00e9galement des tutos zentangle ou autre sur ma page Facebook pour apprendre \u00e0 dessiner tr\u00e8s facilement et permettre \u00e0 chacun de cr\u00e9er son propre univers artistique.\u00a0\u00bb<\/i><\/p>\n","protected":false},"author":1,"featured_media":5439,"parent":6658,"menu_order":0,"comment_status":"closed","ping_status":"closed","template":"","meta":{"ngg_post_thumbnail":0,"footnotes":""},"tags":[417],"class_list":{"0":"post-4563","1":"page","2":"type-page","3":"status-publish","4":"has-post-thumbnail","6":"tag-pgartist"},"_links":{"self":[{"href":"https:\/\/www.justcolor.net\/fr\/wp-json\/wp\/v2\/pages\/4563","targetHints":{"allow":["GET"]}}],"collection":[{"href":"https:\/\/www.justcolor.net\/fr\/wp-json\/wp\/v2\/pages"}],"about":[{"href":"https:\/\/www.justcolor.net\/fr\/wp-json\/wp\/v2\/types\/page"}],"author":[{"embeddable":true,"href":"https:\/\/www.justcolor.net\/fr\/wp-json\/wp\/v2\/users\/1"}],"replies":[{"embeddable":true,"href":"https:\/\/www.justcolor.net\/fr\/wp-json\/wp\/v2\/comments?post=4563"}],"version-history":[{"count":0,"href":"https:\/\/www.justcolor.net\/fr\/wp-json\/wp\/v2\/pages\/4563\/revisions"}],"up":[{"embeddable":true,"href":"https:\/\/www.justcolor.net\/fr\/wp-json\/wp\/v2\/pages\/6658"}],"wp:featuredmedia":[{"embeddable":true,"href":"https:\/\/www.justcolor.net\/fr\/wp-json\/wp\/v2\/media\/5439"}],"wp:attachment":[{"href":"https:\/\/www.justcolor.net\/fr\/wp-json\/wp\/v2\/media?parent=4563"}],"wp:term":[{"taxonomy":"post_tag","embeddable":true,"href":"https:\/\/www.justcolor.net\/fr\/wp-json\/wp\/v2\/tags?post=4563"}],"curies":[{"name":"wp","href":"https:\/\/api.w.org\/{rel}","templated":true}]}}