{"id":4573,"date":"2016-04-07T15:06:39","date_gmt":"2016-04-07T14:06:39","guid":{"rendered":"https:\/\/www.justcolor.net\/fr\/?page_id=4573"},"modified":"2018-04-26T15:02:43","modified_gmt":"2018-04-26T13:02:43","slug":"leenmargot","status":"publish","type":"page","link":"https:\/\/www.justcolor.net\/fr\/artistes\/leenmargot\/","title":{"rendered":"Leen Margot"},"content":{"rendered":"<p>&nbsp;<\/p>\n\n\n<div style=\"clear:left;\"><\/div>\n<div class=\"gallery-grid\" style=\"padding-top:10px\">\n\n<div style=\"grid-column:span 2;\" class=\"gallery-grid-item gallery-grid-ad-min\"><!-- NEW BLOC MASONRY -->\n           <ins class=\"adsbygoogle\"\n               style=\"display:inline-block;width:410px;height:320px\"\n               data-ad-client=\"ca-pub-8022697607824667\"\n               data-ad-slot=\"2319092879\"><\/ins>\n           <script>\n               (adsbygoogle = window.adsbygoogle || []).push({});\n           <\/script><\/div>\n    <div class=\"gallery-grid-item\">\n        <p>\n                        <a href=\"https:\/\/www.justcolor.net\/fr\/wp-json\/wp\/v2\/pages\/?image=anti-stress__coloriage-octobre-rose-leen-margot-2__1\" title=\"Coloriage exclusif cr\u00e9\u00e9 pour Octobre rose : Mois de sensibilisation au d\u00e9pistage du cancer du sein (Version 2)\">\n                <img\n                    alt=\"Octobre rose - 2\"\n                    src=\"https:\/\/www.justcolor.net\/fr\/wp-content\/uploads\/sites\/2\/nggallery\/anti-stress\/thumbs\/thumbs_coloriage-octobre-rose-leen-margot-2.jpg\"\n                    width=\"300\"\n                    height=\"212\"\n                \/>\n            <\/a>\n        <\/p>\n        <h3 class=\"ngg-thumb-title\">Coloriage exclusif cr\u00e9\u00e9 pour Octobre rose : Mois de sensibilisation au d\u00e9pistage du cancer du sein (Version 2)<\/h3>\n\n            <\/div>\n    <div class=\"gallery-grid-item\">\n        <p>\n                        <a href=\"https:\/\/www.justcolor.net\/fr\/wp-json\/wp\/v2\/pages\/?image=anti-stress__coloriage-octobre-rose-leen-margot-1__1\" title=\"Coloriage exclusif cr\u00e9\u00e9 pour Octobre rose : Mois de sensibilisation au d\u00e9pistage du cancer du sein (Version 1)\">\n                <img\n                    alt=\"Octobre rose - 1\"\n                    src=\"https:\/\/www.justcolor.net\/fr\/wp-content\/uploads\/sites\/2\/nggallery\/anti-stress\/thumbs\/thumbs_coloriage-octobre-rose-leen-margot-1.jpg\"\n                    width=\"212\"\n                    height=\"300\"\n                \/>\n            <\/a>\n        <\/p>\n        <h3 class=\"ngg-thumb-title\">Coloriage exclusif cr\u00e9\u00e9 pour Octobre rose : Mois de sensibilisation au d\u00e9pistage du cancer du sein (Version 1)<\/h3>\n\n            <\/div>\n<div style=\"grid-column:span 2;\" class=\"gallery-grid-item gallery-grid-ad-min-mobile\"><!--  -->\n    <ins class=\"adsbygoogle\"\n        style=\"display:block;\"\n        data-ad-client=\"ca-pub-8022697607824667\"\n        data-ad-slot=\"6390767005\"\n        data-ad-format=\"auto\"\n        data-full-width-responsive=\"true\"><\/ins>\n    <script>\n    (adsbygoogle = window.adsbygoogle || []).push({});\n    <\/script><\/div>    <div class=\"gallery-grid-item\">\n        <p>\n                        <a href=\"https:\/\/www.justcolor.net\/fr\/wp-json\/wp\/v2\/pages\/?image=architecture-habitation__coloriage-maison-et-fleurs-par-Leen-Margot__1\" title=\"Jolie maison avec arbres, fleurs et chat sur le toit\">\n                <img\n                    alt=\"Maison et fleurs par Leen Margot\"\n                    src=\"https:\/\/www.justcolor.net\/fr\/wp-content\/uploads\/sites\/2\/nggallery\/architecture-habitation\/thumbs\/thumbs_coloriage-maison-et-fleurs-par-Leen-Margot.jpg\"\n                    width=\"300\"\n                    height=\"215\"\n                \/>\n            <\/a>\n        <\/p>\n        <h3 class=\"ngg-thumb-title\">Jolie maison avec arbres, fleurs et chat sur le toit<\/h3>\n\n            <\/div>\n    <div class=\"gallery-grid-item\">\n        <p>\n                        <a href=\"https:\/\/www.justcolor.net\/fr\/wp-json\/wp\/v2\/pages\/?image=oiseaux__coloriage-arbre-et-oiseaux-par-Leen-Margot__1\" title=\"Arbre et oiseaux\">\n                <img\n                    alt=\"coloriage-arbre-et-oiseaux-par-Leen-Margot\"\n                    src=\"https:\/\/www.justcolor.net\/fr\/wp-content\/uploads\/sites\/2\/nggallery\/oiseaux\/thumbs\/thumbs_coloriage-arbre-et-oiseaux-par-Leen-Margot.jpg\"\n                    width=\"213\"\n                    height=\"300\"\n                \/>\n            <\/a>\n        <\/p>\n        <h3 class=\"ngg-thumb-title\">Arbre et oiseaux<\/h3>\n\n            <\/div>\n    <div class=\"gallery-grid-item\">\n        <p>\n                        <a href=\"https:\/\/www.justcolor.net\/fr\/wp-json\/wp\/v2\/pages\/?image=insectes__coloriage-coccinelles-sur-feuillage-par-Leen-Margot__1\" title=\"Coccinelles sur feuillage\">\n                <img\n                    alt=\"coloriage-coccinelles-sur-feuillage-par-Leen-Margot\"\n                    src=\"https:\/\/www.justcolor.net\/fr\/wp-content\/uploads\/sites\/2\/nggallery\/insectes\/thumbs\/thumbs_coloriage-coccinelles-sur-feuillage-par-Leen-Margot.jpg\"\n                    width=\"220\"\n                    height=\"300\"\n                \/>\n            <\/a>\n        <\/p>\n        <h3 class=\"ngg-thumb-title\">Coccinelles sur feuillage<\/h3>\n\n            <\/div>\n    <div class=\"gallery-grid-item\">\n        <p>\n                        <a href=\"https:\/\/www.justcolor.net\/fr\/wp-json\/wp\/v2\/pages\/?image=anti-stress__coloriage-montgolfiere-au-dessus-des-plaines-par-Leen-Margot__1\" title=\"Montgolfi\u00e8re au dessus des plaines\">\n                <img\n                    alt=\"coloriage-montgolfiere-au-dessus-des-plaines-par-Leen-Margot\"\n                    src=\"https:\/\/www.justcolor.net\/fr\/wp-content\/uploads\/sites\/2\/nggallery\/anti-stress\/thumbs\/thumbs_coloriage-montgolfiere-au-dessus-des-plaines-par-Leen-Margot.jpg\"\n                    width=\"210\"\n                    height=\"300\"\n                \/>\n            <\/a>\n        <\/p>\n        <h3 class=\"ngg-thumb-title\">Montgolfi\u00e8re au dessus des plaines<\/h3>\n\n            <\/div>\n    <div class=\"gallery-grid-item\">\n        <p>\n                        <a href=\"https:\/\/www.justcolor.net\/fr\/wp-json\/wp\/v2\/pages\/?image=retour-en-enfance__coloriage-jolie-princesse-par-Leen-Margot__1\" title=\"Jolie Princesse\">\n                <img\n                    alt=\"Jolie princesse par Leen Margot\"\n                    src=\"https:\/\/www.justcolor.net\/fr\/wp-content\/uploads\/sites\/2\/nggallery\/retour-en-enfance\/thumbs\/thumbs_coloriage-jolie-princesse-par-Leen-Margot.jpg\"\n                    width=\"212\"\n                    height=\"300\"\n                \/>\n            <\/a>\n        <\/p>\n        <h3 class=\"ngg-thumb-title\">Jolie Princesse<\/h3>\n\n            <\/div>\n    <div class=\"gallery-grid-item\">\n        <p>\n                        <a href=\"https:\/\/www.justcolor.net\/fr\/wp-json\/wp\/v2\/pages\/?image=licornes__coloriage-leen-margot-licorne__1\" title=\"Majestueuse Licorne\">\n                <img\n                    alt=\"coloriage-leen-margot-licorne\"\n                    src=\"https:\/\/www.justcolor.net\/fr\/wp-content\/uploads\/sites\/2\/nggallery\/licornes\/thumbs\/thumbs_coloriage-leen-margot-licorne.jpg\"\n                    width=\"212\"\n                    height=\"300\"\n                \/>\n            <\/a>\n        <\/p>\n        <h3 class=\"ngg-thumb-title\">Majestueuse Licorne<\/h3>\n\n            <\/div>\n    <div class=\"gallery-grid-item\">\n        <p>\n                        <a href=\"https:\/\/www.justcolor.net\/fr\/wp-json\/wp\/v2\/pages\/?image=paques__coloriage-complexe-oeufs-de-paques-par-leen-margot__1\" title=\"&quot;Oeufs de P\u00e2ques&quot;\">\n                <img\n                    alt=\"coloriage-complexe-oeufs-de-paques-par-leen-margot\"\n                    src=\"https:\/\/www.justcolor.net\/fr\/wp-content\/uploads\/sites\/2\/nggallery\/paques\/thumbs\/thumbs_coloriage-complexe-oeufs-de-paques-par-leen-margot.jpg\"\n                    width=\"300\"\n                    height=\"218\"\n                \/>\n            <\/a>\n        <\/p>\n        <h3 class=\"ngg-thumb-title\">&quot;Oeufs de P\u00e2ques&quot;<\/h3>\n\n            <\/div>\n    <div class=\"gallery-grid-item\">\n        <p>\n                        <a href=\"https:\/\/www.justcolor.net\/fr\/wp-json\/wp\/v2\/pages\/?image=chats__coloriage-adulte-leen-margot-le-chat-des-montagnes__3\" title=\"Le chat des montagnes\">\n                <img\n                    alt=\"coloriage-adulte-leen-margot-le-chat-des-montagnes\"\n                    src=\"https:\/\/www.justcolor.net\/fr\/wp-content\/uploads\/sites\/2\/nggallery\/chats\/thumbs\/thumbs_coloriage-adulte-leen-margot-le-chat-des-montagnes.png\"\n                    width=\"217\"\n                    height=\"300\"\n                \/>\n            <\/a>\n        <\/p>\n        <h3 class=\"ngg-thumb-title\">Le chat des montagnes<\/h3>\n\n            <\/div>\n    <div class=\"gallery-grid-item\">\n        <p>\n                        <a href=\"https:\/\/www.justcolor.net\/fr\/wp-json\/wp\/v2\/pages\/?image=cameleons-et-lezards__coloriage-adulte-leen-margot-le-lezard__3\" title=\"&quot;Le l\u00e9zard&quot;\">\n                <img\n                    alt=\"coloriage-adulte-leen-margot-le-lezard\"\n                    src=\"https:\/\/www.justcolor.net\/fr\/wp-content\/uploads\/sites\/2\/nggallery\/cameleons-et-lezards\/thumbs\/thumbs_coloriage-adulte-leen-margot-le-lezard.png\"\n                    width=\"300\"\n                    height=\"200\"\n                \/>\n            <\/a>\n        <\/p>\n        <h3 class=\"ngg-thumb-title\">&quot;Le l\u00e9zard&quot;<\/h3>\n\n            <\/div>\n    <div class=\"gallery-grid-item\">\n        <p>\n                        <a href=\"https:\/\/www.justcolor.net\/fr\/wp-json\/wp\/v2\/pages\/?image=fete-des-grands-parents__coloriage-complexe-fete-des-grand-parents-par-leen-margot__1\" title=\"Coloriage sp\u00e9cial F\u00eate des Grands parents !\">\n                <img\n                    alt=\"Coloriage sp\u00e9cial F\u00eate des Grands parents !\"\n                    src=\"https:\/\/www.justcolor.net\/fr\/wp-content\/uploads\/sites\/2\/nggallery\/fete-des-grands-parents\/thumbs\/thumbs_coloriage-complexe-fete-des-grand-parents-par-leen-margot.jpg\"\n                    width=\"210\"\n                    height=\"300\"\n                \/>\n            <\/a>\n        <\/p>\n        <h3 class=\"ngg-thumb-title\">Coloriage sp\u00e9cial F\u00eate des Grands parents !<\/h3>\n\n            <\/div>\n    <div class=\"gallery-grid-item\">\n        <p>\n                        <a href=\"https:\/\/www.justcolor.net\/fr\/wp-json\/wp\/v2\/pages\/?image=saint-valentin__coloring-saint-valentin-coeur-et-amour-par-leen-margot__1\" title=\"&quot;I love you&quot; : Trois mots pour la Saint Valentin\">\n                <img\n                    alt=\"coloriage-saint-valentin-coeur-et-amour-par-leen-margot\"\n                    src=\"https:\/\/www.justcolor.net\/fr\/wp-content\/uploads\/sites\/2\/nggallery\/saint-valentin\/thumbs\/thumbs_coloring-saint-valentin-coeur-et-amour-par-leen-margot.jpg\"\n                    width=\"300\"\n                    height=\"230\"\n                \/>\n            <\/a>\n        <\/p>\n        <h3 class=\"ngg-thumb-title\">&quot;I love you&quot; : Trois mots pour la Saint Valentin<\/h3>\n\n            <\/div>\n    <div class=\"gallery-grid-item\">\n        <p>\n                        <a href=\"https:\/\/www.justcolor.net\/fr\/wp-json\/wp\/v2\/pages\/?image=anti-stress__coloriage-adulte-plumes-et-reves-par-leen-margot__3\" title=\"Coloriage de la couverture du livre &quot;Plumes et R\u00eaves&quot; de Leen Margot\">\n                <img\n                    alt=\"Plumes et R\u00eaves\"\n                    src=\"https:\/\/www.justcolor.net\/fr\/wp-content\/uploads\/sites\/2\/nggallery\/anti-stress\/thumbs\/thumbs_coloriage-adulte-plumes-et-reves-par-leen-margot.png\"\n                    width=\"213\"\n                    height=\"300\"\n                \/>\n            <\/a>\n        <\/p>\n        <h3 class=\"ngg-thumb-title\">Coloriage de la couverture du livre &quot;Plumes et R\u00eaves&quot; de Leen Margot<\/h3>\n\n            <\/div>\n    <div class=\"gallery-grid-item\">\n        <p>\n                        <a href=\"https:\/\/www.justcolor.net\/fr\/wp-json\/wp\/v2\/pages\/?image=colorzen__coloriage-adulte-colorzen-leen-margot3__1\" title=\"Pas de prise de t\u00eate, fiez vous aux couleurs utilis\u00e9es pour les lignes du dessin.\">\n                <img\n                    alt=\"coloriage-adulte-colorzen-leen-margot3\"\n                    src=\"https:\/\/www.justcolor.net\/fr\/wp-content\/uploads\/sites\/2\/nggallery\/colorzen\/thumbs\/thumbs_coloriage-adulte-colorzen-leen-margot3.jpg\"\n                    width=\"211\"\n                    height=\"300\"\n                \/>\n            <\/a>\n        <\/p>\n        <h3 class=\"ngg-thumb-title\">Pas de prise de t\u00eate, fiez vous aux couleurs utilis\u00e9es pour les lignes du dessin.<\/h3>\n\n            <\/div>\n    <div class=\"gallery-grid-item\">\n        <p>\n                        <a href=\"https:\/\/www.justcolor.net\/fr\/wp-json\/wp\/v2\/pages\/?image=colorzen__coloriage-adulte-colorzen-leen-margot2__1\" title=\"Des motifs de fleurs, des couleurs, de l&#039;inspiration, et du talent.\">\n                <img\n                    alt=\"coloriage-adulte-colorzen-leen-margot2\"\n                    src=\"https:\/\/www.justcolor.net\/fr\/wp-content\/uploads\/sites\/2\/nggallery\/colorzen\/thumbs\/thumbs_coloriage-adulte-colorzen-leen-margot2.jpg\"\n                    width=\"210\"\n                    height=\"300\"\n                \/>\n            <\/a>\n        <\/p>\n        <h3 class=\"ngg-thumb-title\">Des motifs de fleurs, des couleurs, de l&#039;inspiration, et du talent.<\/h3>\n\n            <\/div>\n    <div class=\"gallery-grid-item\">\n        <p>\n                        <a href=\"https:\/\/www.justcolor.net\/fr\/wp-json\/wp\/v2\/pages\/?image=colorzen__coloriage-adulte-colorzen-leen-margot1__1\" title=\"R\u00e9alis\u00e9 par Leen Margot, ce Colorzen va vous en faire voir de toutes les couleurs.\">\n                <img\n                    alt=\"coloriage-adulte-colorzen-leen-margot1\"\n                    src=\"https:\/\/www.justcolor.net\/fr\/wp-content\/uploads\/sites\/2\/nggallery\/colorzen\/thumbs\/thumbs_coloriage-adulte-colorzen-leen-margot1.jpg\"\n                    width=\"236\"\n                    height=\"300\"\n                \/>\n            <\/a>\n        <\/p>\n        <h3 class=\"ngg-thumb-title\">R\u00e9alis\u00e9 par Leen Margot, ce Colorzen va vous en faire voir de toutes les couleurs.<\/h3>\n\n            <\/div>\n    <div class=\"gallery-grid-item\">\n        <p>\n                        <a href=\"https:\/\/www.justcolor.net\/fr\/wp-json\/wp\/v2\/pages\/?image=retour-en-enfance__coloriage-adulte-leen-margot-le-chat-aux-pays-des-merveilles__3\" title=\"Le chat du Cheshire\">\n                <img\n                    alt=\"Le chat du Cheshire\"\n                    src=\"https:\/\/www.justcolor.net\/fr\/wp-content\/uploads\/sites\/2\/nggallery\/retour-en-enfance\/thumbs\/thumbs_coloriage-adulte-leen-margot-le-chat-aux-pays-des-merveilles.png\"\n                    width=\"200\"\n                    height=\"145\"\n                \/>\n            <\/a>\n        <\/p>\n        <h3 class=\"ngg-thumb-title\">Le chat du Cheshire<\/h3>\n\n            <\/div>\n    <div class=\"gallery-grid-item\">\n        <p>\n                        <a href=\"https:\/\/www.justcolor.net\/fr\/wp-json\/wp\/v2\/pages\/?image=retour-en-enfance__coloriage-adulte-leen-margot-la-fee-de-la-foret__3\" title=\"La f\u00e9e de la for\u00eat\">\n                <img\n                    alt=\"La f\u00e9e de la for\u00eat\"\n                    src=\"https:\/\/www.justcolor.net\/fr\/wp-content\/uploads\/sites\/2\/nggallery\/retour-en-enfance\/thumbs\/thumbs_coloriage-adulte-leen-margot-la-fee-de-la-foret.png\"\n                    width=\"144\"\n                    height=\"200\"\n                \/>\n            <\/a>\n        <\/p>\n        <h3 class=\"ngg-thumb-title\">La f\u00e9e de la for\u00eat<\/h3>\n\n            <\/div>\n    <div class=\"gallery-grid-item\">\n        <p>\n                        <a href=\"https:\/\/www.justcolor.net\/fr\/wp-json\/wp\/v2\/pages\/?image=fleurs-et-vegetation__coloriage-leen-margot-fete-des-meres-copie__3\" title=\"&quot;F\u00eate des m\u00e8res&quot;\">\n                <img\n                    alt=\"coloriage-leen-margot-fete-des-meres-copie\"\n                    src=\"https:\/\/www.justcolor.net\/fr\/wp-content\/uploads\/sites\/2\/nggallery\/fleurs-et-vegetation\/thumbs\/thumbs_coloriage-leen-margot-fete-des-meres-copie.png\"\n                    width=\"211\"\n                    height=\"300\"\n                \/>\n            <\/a>\n        <\/p>\n        <h3 class=\"ngg-thumb-title\">&quot;F\u00eate des m\u00e8res&quot;<\/h3>\n\n            <\/div>\n<\/div>\n\n\n<script>\n(function() {\n    function jcGetLineClamp(el) {\n        var cs = window.getComputedStyle(el);\n        var clamp = parseInt(cs.getPropertyValue('-webkit-line-clamp') || cs.webkitLineClamp || '', 10);\n        return Number.isFinite(clamp) && clamp > 0 ? clamp : 6;\n    }\n\n    function jcGetLineHeight(el) {\n        var cs = window.getComputedStyle(el);\n        var lh = parseFloat(cs.lineHeight);\n        if (Number.isFinite(lh) && lh > 0) {\n            return lh;\n        }\n        var fs = parseFloat(cs.fontSize);\n        return (Number.isFinite(fs) && fs > 0) ? (fs * 1.35) : 18;\n    }\n\n    function jcClampTitleByWords(el) {\n        if (!el) return;\n\n        var original = (el.dataset.jcClampOriginal || el.textContent || '').trim();\n        if (!original) return;\n        el.dataset.jcClampOriginal = original;\n\n        \/\/ Reset first so we recompute correctly after resize.\n        el.textContent = original;\n\n        var lineHeight = jcGetLineHeight(el);\n        var maxLines = jcGetLineClamp(el);\n        var maxHeight = Math.ceil(lineHeight * maxLines) + 1;\n\n        if (el.scrollHeight <= maxHeight) {\n            return;\n        }\n\n        var words = original.split(\/\\s+\/).filter(Boolean);\n        if (!words.length) {\n            return;\n        }\n\n        var lo = 1;\n        var hi = words.length;\n        var best = 1;\n\n        while (lo <= hi) {\n            var mid = (lo + hi) >> 1;\n            var candidate = words.slice(0, mid).join(' ');\n            if (mid < words.length) {\n                candidate += '...';\n            }\n            el.textContent = candidate;\n\n            if (el.scrollHeight <= maxHeight) {\n                best = mid;\n                lo = mid + 1;\n            } else {\n                hi = mid - 1;\n            }\n        }\n\n        var finalText = words.slice(0, best).join(' ');\n        if (best < words.length) {\n            finalText += '...';\n        }\n        el.textContent = finalText;\n\n        \/\/ Safety pass for edge rounding (fonts \/ subpixel).\n        while (best > 1 && el.scrollHeight > maxHeight) {\n            best -= 1;\n            el.textContent = words.slice(0, best).join(' ') + '...';\n        }\n    }\n\n    function jcClampNggThumbTitles(root) {\n        var scope = root && root.querySelectorAll ? root : document;\n        var nodes = scope.querySelectorAll('.gallery-grid-item > h3.ngg-thumb-title, .grid-item > h3.ngg-thumb-title');\n        for (var i = 0; i < nodes.length; i++) {\n            jcClampTitleByWords(nodes[i]);\n        }\n    }\n\n    if (!window.__jcNggWordClampBound) {\n        window.__jcNggWordClampBound = true;\n\n        var resizeTimer = null;\n        window.addEventListener('resize', function() {\n            if (resizeTimer) {\n                window.clearTimeout(resizeTimer);\n            }\n            resizeTimer = window.setTimeout(function() {\n                jcClampNggThumbTitles(document);\n            }, 120);\n        });\n\n        if (document.fonts && document.fonts.ready && typeof document.fonts.ready.then === 'function') {\n            document.fonts.ready.then(function() {\n                jcClampNggThumbTitles(document);\n            });\n        }\n    }\n\n    jcClampNggThumbTitles(document);\n})();\n<\/script>\n\n    <div class='ngg-navigation'><span class='current'>1<\/span>\n<a class='page-numbers' data-pageid='2' href='https:\/\/www.justcolor.net\/fr\/artistes\/leenmargot\/page\/2'>2<\/a>\n<a class='prev' href='https:\/\/www.justcolor.net\/fr\/artistes\/leenmargot\/page\/2' data-pageid=2>&#9658;<\/a><\/div>\n<div class=\"ngg-clear\" style=\"padding-bottom:50px\"><\/div>\n\n","protected":false},"excerpt":{"rendered":"<p><b>Leen Margot<\/b> est une artiste qui contribue au site depuis sa cr\u00e9ation, en nous fournissant r\u00e9guli\u00e8rement d&rsquo;incroyables coloriages.<\/p>\n<p>Portraits, illustrations inspir\u00e9es par la nature ou par les animaux, dessins abstraits \u2026 son univers \u00e9l\u00e9gant et hypnotisant vous apportera paix et s\u00e9r\u00e9nit\u00e9 pendant les moments de coloriages que vous vous offrirez avec ses incroyables dessins.<\/p>\n<p>Vous pouvez utiliser tout type de mat\u00e9riel et de technique : crayons, feutres, peintures &#8230; ses illustrations sont particuli\u00e8rement adapt\u00e9es aux effets travaill\u00e9s tels que les d\u00e9grad\u00e9s.<\/p>\n<p>Leen Margot a d\u00e9j\u00e0 publi\u00e9 plusieurs livres. Certains sont disponibles sur  <a href=\"https:\/\/www.alittlemarket.com\/boutique\/les_coloriages_de_leen-1521521.html\" target=\"_blank\">A little market<\/a>.<\/p>\n<p>N&rsquo;h\u00e9sitez pas \u00e0 la suivre sur <a href=\"https:\/\/www.facebook.com\/mapauseamoi\/\" target=\"_blank\">Facebook<\/a>.<\/p>\n","protected":false},"author":1,"featured_media":4270,"parent":6658,"menu_order":0,"comment_status":"closed","ping_status":"closed","template":"","meta":{"ngg_post_thumbnail":0,"footnotes":""},"tags":[418,417],"class_list":{"0":"post-4573","1":"page","2":"type-page","3":"status-publish","4":"has-post-thumbnail","6":"tag-hpartist","7":"tag-pgartist"},"_links":{"self":[{"href":"https:\/\/www.justcolor.net\/fr\/wp-json\/wp\/v2\/pages\/4573","targetHints":{"allow":["GET"]}}],"collection":[{"href":"https:\/\/www.justcolor.net\/fr\/wp-json\/wp\/v2\/pages"}],"about":[{"href":"https:\/\/www.justcolor.net\/fr\/wp-json\/wp\/v2\/types\/page"}],"author":[{"embeddable":true,"href":"https:\/\/www.justcolor.net\/fr\/wp-json\/wp\/v2\/users\/1"}],"replies":[{"embeddable":true,"href":"https:\/\/www.justcolor.net\/fr\/wp-json\/wp\/v2\/comments?post=4573"}],"version-history":[{"count":0,"href":"https:\/\/www.justcolor.net\/fr\/wp-json\/wp\/v2\/pages\/4573\/revisions"}],"up":[{"embeddable":true,"href":"https:\/\/www.justcolor.net\/fr\/wp-json\/wp\/v2\/pages\/6658"}],"wp:featuredmedia":[{"embeddable":true,"href":"https:\/\/www.justcolor.net\/fr\/wp-json\/wp\/v2\/media\/4270"}],"wp:attachment":[{"href":"https:\/\/www.justcolor.net\/fr\/wp-json\/wp\/v2\/media?parent=4573"}],"wp:term":[{"taxonomy":"post_tag","embeddable":true,"href":"https:\/\/www.justcolor.net\/fr\/wp-json\/wp\/v2\/tags?post=4573"}],"curies":[{"name":"wp","href":"https:\/\/api.w.org\/{rel}","templated":true}]}}