{"id":4865,"date":"2016-04-26T16:30:53","date_gmt":"2016-04-26T15:30:53","guid":{"rendered":"https:\/\/www.justcolor.net\/fr\/?page_id=4865"},"modified":"2018-06-06T14:37:41","modified_gmt":"2018-06-06T12:37:41","slug":"alice","status":"publish","type":"page","link":"https:\/\/www.justcolor.net\/fr\/artistes\/alice\/","title":{"rendered":"Alice"},"content":{"rendered":"<p>no images were found<\/p>\n\n","protected":false},"excerpt":{"rendered":"<p><b>Alice a 15ans.<\/b><\/p>\n<p>Elle adore l&rsquo;art en g\u00e9n\u00e9ral, mais plus particuli\u00e8rement le dessin et la danse.<br \/>\nElle a toujours aim\u00e9 dessiner mais ne s&rsquo;y est r\u00e9ellement mise que depuis son entr\u00e9e en classe option \u00ab\u00a0arts visuels\u00a0\u00bb, lui permettant ainsi de travailler ses dessins. <\/p>\n<p>Elle appr\u00e9cie plus particuli\u00e8rement dessiner des zegtangles, tout en s&rsquo;essayant aux portraits et aux dessins plus \u00ab\u00a0concrets\u00a0\u00bb.<\/p>\n","protected":false},"author":229,"featured_media":5442,"parent":6658,"menu_order":0,"comment_status":"closed","ping_status":"closed","template":"","meta":{"ngg_post_thumbnail":0,"footnotes":""},"tags":[417],"class_list":{"0":"post-4865","1":"page","2":"type-page","3":"status-publish","4":"has-post-thumbnail","6":"tag-pgartist"},"_links":{"self":[{"href":"https:\/\/www.justcolor.net\/fr\/wp-json\/wp\/v2\/pages\/4865","targetHints":{"allow":["GET"]}}],"collection":[{"href":"https:\/\/www.justcolor.net\/fr\/wp-json\/wp\/v2\/pages"}],"about":[{"href":"https:\/\/www.justcolor.net\/fr\/wp-json\/wp\/v2\/types\/page"}],"author":[{"embeddable":true,"href":"https:\/\/www.justcolor.net\/fr\/wp-json\/wp\/v2\/users\/229"}],"replies":[{"embeddable":true,"href":"https:\/\/www.justcolor.net\/fr\/wp-json\/wp\/v2\/comments?post=4865"}],"version-history":[{"count":0,"href":"https:\/\/www.justcolor.net\/fr\/wp-json\/wp\/v2\/pages\/4865\/revisions"}],"up":[{"embeddable":true,"href":"https:\/\/www.justcolor.net\/fr\/wp-json\/wp\/v2\/pages\/6658"}],"wp:featuredmedia":[{"embeddable":true,"href":"https:\/\/www.justcolor.net\/fr\/wp-json\/wp\/v2\/media\/5442"}],"wp:attachment":[{"href":"https:\/\/www.justcolor.net\/fr\/wp-json\/wp\/v2\/media?parent=4865"}],"wp:term":[{"taxonomy":"post_tag","embeddable":true,"href":"https:\/\/www.justcolor.net\/fr\/wp-json\/wp\/v2\/tags?post=4865"}],"curies":[{"name":"wp","href":"https:\/\/api.w.org\/{rel}","templated":true}]}}