{"id":4898,"date":"2016-04-28T17:25:27","date_gmt":"2016-04-28T16:25:27","guid":{"rendered":"https:\/\/www.justcolor.net\/fr\/?page_id=4898"},"modified":"2018-05-29T11:54:42","modified_gmt":"2018-05-29T09:54:42","slug":"nature","status":"publish","type":"page","link":"https:\/\/www.justcolor.net\/fr\/nature\/","title":{"rendered":"Nature"},"content":{"rendered":"<p><div class=\"gallery-grid\">\n    <div class=\"gallery-grid-item\">\n        <div class=\"ngg-album-link\">\n            <a class=\"gallery_link\" href=\"https:\/\/www.justcolor.net\/fr\/nature\/coloriage-fleurs-et-vegetation\/\" title=\"Coloriages de Fleurs et v\u00e9g\u00e9tation \u00e0 imprimer pour adultes\">\n                <img class=\"Thumb\"\n                     alt=\"Coloriages de Fleurs et v\u00e9g\u00e9tation \u00e0 imprimer pour adultes\"\n                     src=\"https:\/\/www.justcolor.net\/fr\/wp-content\/uploads\/sites\/2\/nggallery\/fleurs-et-vegetation\/cache\/coloriage-adulte-feuilles.jpg-nggid03178-ngg0dyn-182x136-00f0w010c011r110f110r010t010.jpg\"\n                     loading=\"lazy\"\n                     width=\"250\"\n                     height=\"150\" \/>\n            <\/a>\n        <\/div>\n        <h2 class=\"gallery-grid-album-lig1\">\n            <a class=\"ngg-album-desc\"\n               title=\"Coloriages de Fleurs et v\u00e9g\u00e9tation \u00e0 imprimer\"\n               href=\"https:\/\/www.justcolor.net\/fr\/nature\/coloriage-fleurs-et-vegetation\/\">\n                Fleurs et v\u00e9g\u00e9tation            <\/a>\n        <\/h2>\n    <\/div>\n    <div class=\"gallery-grid-item\">\n        <div class=\"ngg-album-link\">\n            <a class=\"gallery_link\" href=\"https:\/\/www.justcolor.net\/fr\/nature\/coloriage-insectes-animaux\/\" title=\"Coloriages de Papillons et Insectes \u00e0 imprimer pour adultes\">\n                <img class=\"Thumb\"\n                     alt=\"Coloriages de Papillons et Insectes \u00e0 imprimer pour adultes\"\n                     src=\"https:\/\/www.justcolor.net\/fr\/wp-content\/uploads\/sites\/2\/nggallery\/insectes\/cache\/coloriage-difficile-papillon.jpg-nggid03154-ngg0dyn-182x136-00f0w010c011r110f110r010t010.jpg\"\n                     loading=\"lazy\"\n                     width=\"250\"\n                     height=\"150\" \/>\n            <\/a>\n        <\/div>\n        <h2 class=\"gallery-grid-album-lig1\">\n            <a class=\"ngg-album-desc\"\n               title=\"Coloriages de Papillons et Insectes \u00e0 imprimer\"\n               href=\"https:\/\/www.justcolor.net\/fr\/nature\/coloriage-insectes-animaux\/\">\n                Papillons et Insectes            <\/a>\n        <\/h2>\n    <\/div>\n    <div class=\"gallery-grid-item\">\n        <div class=\"ngg-album-link\">\n            <a class=\"gallery_link\" href=\"https:\/\/www.justcolor.net\/fr\/nature\/coloriages-dinosaures\/\" title=\"Coloriages de Dinosaures \u00e0 imprimer pour adultes\">\n                <img class=\"Thumb\"\n                     alt=\"Coloriages de Dinosaures \u00e0 imprimer pour adultes\"\n                     src=\"https:\/\/www.justcolor.net\/fr\/wp-content\/uploads\/sites\/2\/nggallery\/dinosaures\/cache\/coloriage-combat-dinosaures.jpg-nggid043847-ngg0dyn-182x136-00f0w010c011r110f110r010t010.jpg\"\n                     loading=\"lazy\"\n                     width=\"250\"\n                     height=\"150\" \/>\n            <\/a>\n        <\/div>\n        <h2 class=\"gallery-grid-album-lig1\">\n            <a class=\"ngg-album-desc\"\n               title=\"Coloriages de Dinosaures \u00e0 imprimer\"\n               href=\"https:\/\/www.justcolor.net\/fr\/nature\/coloriages-dinosaures\/\">\n                Dinosaures            <\/a>\n        <\/h2>\n    <\/div>\n    <div class=\"gallery-grid-item\">\n        <div class=\"ngg-album-link\">\n            <a class=\"gallery_link\" href=\"https:\/\/www.justcolor.net\/fr\/nature\/coloriage-jungle-foret\/\" title=\"Coloriages de Jungle et For\u00eat \u00e0 imprimer pour adultes\">\n                <img class=\"Thumb\"\n                     alt=\"Coloriages de Jungle et For\u00eat \u00e0 imprimer pour adultes\"\n                     src=\"https:\/\/www.justcolor.net\/fr\/wp-content\/uploads\/sites\/2\/nggallery\/jungle-et-foret\/cache\/coloriage-jungle-foret-animaux.jpg-nggid03542-ngg0dyn-182x136-00f0w010c011r110f110r010t010.jpg\"\n                     loading=\"lazy\"\n                     width=\"250\"\n                     height=\"150\" \/>\n            <\/a>\n        <\/div>\n        <h2 class=\"gallery-grid-album-lig1\">\n            <a class=\"ngg-album-desc\"\n               title=\"Coloriages de Jungle et For\u00eat \u00e0 imprimer\"\n               href=\"https:\/\/www.justcolor.net\/fr\/nature\/coloriage-jungle-foret\/\">\n                Jungle et For\u00eat            <\/a>\n        <\/h2>\n    <\/div>\n    <div class=\"gallery-grid-item\">\n        <div class=\"ngg-album-link\">\n            <a class=\"gallery_link\" href=\"https:\/\/www.justcolor.net\/fr\/nature\/mondes-aquatiques\/\" title=\"Coloriages de Mondes aquatiques \u00e0 imprimer pour adultes\">\n                <img class=\"Thumb\"\n                     alt=\"Coloriages de Mondes aquatiques \u00e0 imprimer pour adultes\"\n                     src=\"https:\/\/www.justcolor.net\/fr\/wp-content\/uploads\/sites\/2\/nggallery\/mondes-aquatiques\/cache\/coloriage-adulte-sirene-et-poissons.jpg-nggid041393-ngg0dyn-182x136-00f0w010c011r110f110r010t010.jpg\"\n                     loading=\"lazy\"\n                     width=\"250\"\n                     height=\"150\" \/>\n            <\/a>\n        <\/div>\n        <h2 class=\"gallery-grid-album-lig1\">\n            <a class=\"ngg-album-desc\"\n               title=\"Coloriages de Mondes aquatiques \u00e0 imprimer\"\n               href=\"https:\/\/www.justcolor.net\/fr\/nature\/mondes-aquatiques\/\">\n                Mondes aquatiques            <\/a>\n        <\/h2>\n    <\/div>\n    <div class=\"gallery-grid-item\">\n        <div class=\"ngg-album-link\">\n            <a class=\"gallery_link\" href=\"https:\/\/www.justcolor.net\/fr\/nature\/coloriage-de-paysages\/\" title=\"Coloriages de Paysages \u00e0 imprimer pour adultes\">\n                <img class=\"Thumb\"\n                     alt=\"Coloriages de Paysages \u00e0 imprimer pour adultes\"\n                     src=\"https:\/\/www.justcolor.net\/fr\/wp-content\/uploads\/sites\/2\/nggallery\/paysages\/cache\/coloriage-paysage-a-colorier-1.jpg-nggid03945-ngg0dyn-182x136-00f0w010c011r110f110r010t010.jpg\"\n                     loading=\"lazy\"\n                     width=\"250\"\n                     height=\"150\" \/>\n            <\/a>\n        <\/div>\n        <h2 class=\"gallery-grid-album-lig1\">\n            <a class=\"ngg-album-desc\"\n               title=\"Coloriages de Paysages \u00e0 imprimer\"\n               href=\"https:\/\/www.justcolor.net\/fr\/nature\/coloriage-de-paysages\/\">\n                Paysages            <\/a>\n        <\/h2>\n    <\/div>\n<br class=\"ngg-clear\"\/>\n<div class='ngg-clear'><\/div><\/div>\n<\/p>\n","protected":false},"excerpt":{"rendered":"<p>On se ressource avec ces coloriages complexes inspir\u00e9s du monde v\u00e9g\u00e9tal (<b>Fleurs, v\u00e9g\u00e9tation<\/b>, <b>jungle<\/b>, <b>for\u00eat<\/b>, <b>mer<\/b> \u2026) et du monde animal. Nous avons \u00e9galement des <b>Papillons<\/b> et autres <b>insectes<\/b> si vous pr\u00e9f\u00e9rez les petites b\u00eates.<\/p>\n<p>Rien de tel que la Nature : sa diversit\u00e9 et sa beaut\u00e9, pour nous inspirer et nous rendre plus cr\u00e9atif !<\/p>\n","protected":false},"author":1,"featured_media":5441,"parent":0,"menu_order":2,"comment_status":"closed","ping_status":"closed","template":"","meta":{"ngg_post_thumbnail":0,"footnotes":""},"tags":[429],"class_list":{"0":"post-4898","1":"page","2":"type-page","3":"status-publish","4":"has-post-thumbnail","6":"tag-supergallery"},"_links":{"self":[{"href":"https:\/\/www.justcolor.net\/fr\/wp-json\/wp\/v2\/pages\/4898","targetHints":{"allow":["GET"]}}],"collection":[{"href":"https:\/\/www.justcolor.net\/fr\/wp-json\/wp\/v2\/pages"}],"about":[{"href":"https:\/\/www.justcolor.net\/fr\/wp-json\/wp\/v2\/types\/page"}],"author":[{"embeddable":true,"href":"https:\/\/www.justcolor.net\/fr\/wp-json\/wp\/v2\/users\/1"}],"replies":[{"embeddable":true,"href":"https:\/\/www.justcolor.net\/fr\/wp-json\/wp\/v2\/comments?post=4898"}],"version-history":[{"count":0,"href":"https:\/\/www.justcolor.net\/fr\/wp-json\/wp\/v2\/pages\/4898\/revisions"}],"wp:featuredmedia":[{"embeddable":true,"href":"https:\/\/www.justcolor.net\/fr\/wp-json\/wp\/v2\/media\/5441"}],"wp:attachment":[{"href":"https:\/\/www.justcolor.net\/fr\/wp-json\/wp\/v2\/media?parent=4898"}],"wp:term":[{"taxonomy":"post_tag","embeddable":true,"href":"https:\/\/www.justcolor.net\/fr\/wp-json\/wp\/v2\/tags?post=4898"}],"curies":[{"name":"wp","href":"https:\/\/api.w.org\/{rel}","templated":true}]}}