{"id":4899,"date":"2016-04-28T17:23:56","date_gmt":"2016-04-28T16:23:56","guid":{"rendered":"https:\/\/www.justcolor.net\/fr\/?page_id=4899"},"modified":"2024-09-17T15:15:16","modified_gmt":"2024-09-17T13:15:16","slug":"anti-stress","status":"publish","type":"page","link":"https:\/\/www.justcolor.net\/fr\/anti-stress\/","title":{"rendered":"Art Th\u00e9rapie"},"content":{"rendered":"\n<div class=\"gallery-grid\">\n    <div class=\"gallery-grid-item\">\n        <div class=\"ngg-album-link\">\n            <a class=\"gallery_link\" href=\"https:\/\/www.justcolor.net\/fr\/anti-stress\/coloriage-anti-stress-zen\/\" title=\"Coloriages Anti-stress \/ Zen \u00e0 imprimer pour adultes\">\n                <img class=\"Thumb\"\n                     alt=\"Coloriages Anti-stress \/ Zen \u00e0 imprimer pour adultes\"\n                     src=\"https:\/\/www.justcolor.net\/fr\/wp-content\/uploads\/sites\/2\/nggallery\/anti-stress\/cache\/coloriage-adulte-difficile-6.jpg-nggid0249-ngg0dyn-182x136-00f0w010c011r110f110r010t010.jpg\"\n                     loading=\"lazy\"\n                     width=\"250\"\n                     height=\"150\" \/>\n            <\/a>\n        <\/div>\n        <h2 class=\"gallery-grid-album-lig1\">\n            <a class=\"ngg-album-desc\"\n               title=\"Coloriages Anti-stress \/ Zen \u00e0 imprimer\"\n               href=\"https:\/\/www.justcolor.net\/fr\/anti-stress\/coloriage-anti-stress-zen\/\">\n                Anti-stress \/ Zen            <\/a>\n        <\/h2>\n    <\/div>\n    <div class=\"gallery-grid-item\">\n        <div class=\"ngg-album-link\">\n            <a class=\"gallery_link\" href=\"https:\/\/www.justcolor.net\/fr\/anti-stress\/citations-inspirantes-et-phrases-zen-en-anglais\/\" title=\"Coloriages de Citations inspirantes et Phrases Zen (EN ANGLAIS) \u00e0 imprimer pour adultes\">\n                <img class=\"Thumb\"\n                     alt=\"Coloriages de Citations inspirantes et Phrases Zen (EN ANGLAIS) \u00e0 imprimer pour adultes\"\n                     src=\"https:\/\/www.justcolor.net\/fr\/wp-content\/uploads\/sites\/2\/nggallery\/citations-inspirantes-et-phrases-zen\/cache\/coloriage-today-is-going-to-be-awesome.jpg-nggid044201-ngg0dyn-182x136-00f0w010c011r110f110r010t010.jpg\"\n                     loading=\"lazy\"\n                     width=\"250\"\n                     height=\"150\" \/>\n            <\/a>\n        <\/div>\n        <h2 class=\"gallery-grid-album-lig1\">\n            <a class=\"ngg-album-desc\"\n               title=\"Coloriages de Citations inspirantes et Phrases Zen (EN ANGLAIS) \u00e0 imprimer\"\n               href=\"https:\/\/www.justcolor.net\/fr\/anti-stress\/citations-inspirantes-et-phrases-zen-en-anglais\/\">\n                Citations inspirantes et Phrases Zen (EN ANGLAIS)            <\/a>\n        <\/h2>\n    <\/div>\n    <div class=\"gallery-grid-item\">\n        <div class=\"ngg-album-link\">\n            <a class=\"gallery_link\" href=\"https:\/\/www.justcolor.net\/fr\/anti-stress\/citations-inspirantes-et-phrases-zen-en-francais\/\" title=\"Coloriages de Citations inspirantes et Phrases Zen (EN FRAN\u00c7AIS) \u00e0 imprimer pour adultes\">\n                <img class=\"Thumb\"\n                     alt=\"Coloriages de Citations inspirantes et Phrases Zen (EN FRAN\u00c7AIS) \u00e0 imprimer pour adultes\"\n                     src=\"https:\/\/www.justcolor.net\/fr\/wp-content\/uploads\/sites\/2\/nggallery\/citations-inspirantes-et-phrases-zen-en-francais\/cache\/coloriage-chaque-moment-compte.jpg-nggid044232-ngg0dyn-182x136-00f0w010c011r110f110r010t010.jpg\"\n                     loading=\"lazy\"\n                     width=\"250\"\n                     height=\"150\" \/>\n            <\/a>\n        <\/div>\n        <h2 class=\"gallery-grid-album-lig1\">\n            <a class=\"ngg-album-desc\"\n               title=\"Coloriages de Citations inspirantes et Phrases Zen (EN FRAN\u00c7AIS) \u00e0 imprimer\"\n               href=\"https:\/\/www.justcolor.net\/fr\/anti-stress\/citations-inspirantes-et-phrases-zen-en-francais\/\">\n                Citations inspirantes et Phrases Zen (EN FRAN\u00c7AIS)            <\/a>\n        <\/h2>\n    <\/div>\n    <div class=\"gallery-grid-item\">\n        <div class=\"ngg-album-link\">\n            <a class=\"gallery_link\" href=\"https:\/\/www.justcolor.net\/fr\/anti-stress\/colorzen\/\" title=\"Coloriages de Colorzen \u00e0 imprimer pour adultes\">\n                <img class=\"Thumb\"\n                     alt=\"Coloriages de Colorzen \u00e0 imprimer pour adultes\"\n                     src=\"https:\/\/www.justcolor.net\/fr\/wp-content\/uploads\/sites\/2\/nggallery\/colorzen\/cache\/coloriage-adulte-colorzen-leen-margot1.jpg-nggid041760-ngg0dyn-182x136-00f0w010c011r110f110r010t010.jpg\"\n                     loading=\"lazy\"\n                     width=\"250\"\n                     height=\"150\" \/>\n            <\/a>\n        <\/div>\n        <h2 class=\"gallery-grid-album-lig1\">\n            <a class=\"ngg-album-desc\"\n               title=\"Coloriages de Colorzen \u00e0 imprimer\"\n               href=\"https:\/\/www.justcolor.net\/fr\/anti-stress\/colorzen\/\">\n                Colorzen            <\/a>\n        <\/h2>\n    <\/div>\n    <div class=\"gallery-grid-item\">\n        <div class=\"ngg-album-link\">\n            <a class=\"gallery_link\" href=\"https:\/\/www.justcolor.net\/fr\/anti-stress\/coloriage-cup-cakes\/\" title=\"Coloriages de Cupcakes \u00e0 imprimer pour adultes\">\n                <img class=\"Thumb\"\n                     alt=\"Coloriages de Cupcakes \u00e0 imprimer pour adultes\"\n                     src=\"https:\/\/www.justcolor.net\/fr\/wp-content\/uploads\/sites\/2\/nggallery\/cup-cakes\/cache\/coloriage-adulte-cupcakes-vintage.jpg-nggid03321-ngg0dyn-182x136-00f0w010c011r110f110r010t010.jpg\"\n                     loading=\"lazy\"\n                     width=\"250\"\n                     height=\"150\" \/>\n            <\/a>\n        <\/div>\n        <h2 class=\"gallery-grid-album-lig1\">\n            <a class=\"ngg-album-desc\"\n               title=\"Coloriages de Cupcakes \u00e0 imprimer\"\n               href=\"https:\/\/www.justcolor.net\/fr\/anti-stress\/coloriage-cup-cakes\/\">\n                Cupcakes            <\/a>\n        <\/h2>\n    <\/div>\n    <div class=\"gallery-grid-item\">\n        <div class=\"ngg-album-link\">\n            <a class=\"gallery_link\" href=\"https:\/\/www.justcolor.net\/fr\/anti-stress\/doodling-doodles-gribouillage\/\" title=\"Coloriages de Doodle art \/ Doodling \u00e0 imprimer pour adultes\">\n                <img class=\"Thumb\"\n                     alt=\"Coloriages de Doodle art \/ Doodling \u00e0 imprimer pour adultes\"\n                     src=\"https:\/\/www.justcolor.net\/fr\/wp-content\/uploads\/sites\/2\/nggallery\/doodle-art-doodling\/cache\/coloriage-doodle-doodling-9.jpg-nggid03929-ngg0dyn-182x136-00f0w010c011r110f110r010t010.jpg\"\n                     loading=\"lazy\"\n                     width=\"250\"\n                     height=\"150\" \/>\n            <\/a>\n        <\/div>\n        <h2 class=\"gallery-grid-album-lig1\">\n            <a class=\"ngg-album-desc\"\n               title=\"Coloriages de Doodle art \/ Doodling \u00e0 imprimer\"\n               href=\"https:\/\/www.justcolor.net\/fr\/anti-stress\/doodling-doodles-gribouillage\/\">\n                Doodle art \/ Doodling            <\/a>\n        <\/h2>\n    <\/div>\n    <div class=\"gallery-grid-item\">\n        <div class=\"ngg-album-link\">\n            <a class=\"gallery_link\" href=\"https:\/\/www.justcolor.net\/fr\/anti-stress\/attrape-reves-dreamcatchers\/\" title=\"Coloriages de Dreamcatchers \u00e0 imprimer pour adultes\">\n                <img class=\"Thumb\"\n                     alt=\"Coloriages de Dreamcatchers \u00e0 imprimer pour adultes\"\n                     src=\"https:\/\/www.justcolor.net\/fr\/wp-content\/uploads\/sites\/2\/nggallery\/dreamcatchers\/cache\/coloriage-dreamcatcher-a-imprimer-1.jpg-nggid043411-ngg0dyn-182x136-00f0w010c011r110f110r010t010.jpg\"\n                     loading=\"lazy\"\n                     width=\"250\"\n                     height=\"150\" \/>\n            <\/a>\n        <\/div>\n        <h2 class=\"gallery-grid-album-lig1\">\n            <a class=\"ngg-album-desc\"\n               title=\"Coloriages de Dreamcatchers \u00e0 imprimer\"\n               href=\"https:\/\/www.justcolor.net\/fr\/anti-stress\/attrape-reves-dreamcatchers\/\">\n                Dreamcatchers            <\/a>\n        <\/h2>\n    <\/div>\n    <div class=\"gallery-grid-item\">\n        <div class=\"ngg-album-link\">\n            <a class=\"gallery_link\" href=\"https:\/\/www.justcolor.net\/fr\/anti-stress\/coloriage-inclassable\/\" title=\"Coloriages Inclassables \u00e0 imprimer pour adultes\">\n                <img class=\"Thumb\"\n                     alt=\"Coloriages Inclassables \u00e0 imprimer pour adultes\"\n                     src=\"https:\/\/www.justcolor.net\/fr\/wp-content\/uploads\/sites\/2\/nggallery\/inclassables\/cache\/coloriage-michael-jackson-dangerous.jpg-nggid03303-ngg0dyn-182x136-00f0w010c011r110f110r010t010.jpg\"\n                     loading=\"lazy\"\n                     width=\"250\"\n                     height=\"150\" \/>\n            <\/a>\n        <\/div>\n        <h2 class=\"gallery-grid-album-lig1\">\n            <a class=\"ngg-album-desc\"\n               title=\"Coloriages Inclassables \u00e0 imprimer\"\n               href=\"https:\/\/www.justcolor.net\/fr\/anti-stress\/coloriage-inclassable\/\">\n                Inclassables            <\/a>\n        <\/h2>\n    <\/div>\n    <div class=\"gallery-grid-item\">\n        <div class=\"ngg-album-link\">\n            <a class=\"gallery_link\" href=\"https:\/\/www.justcolor.net\/fr\/anti-stress\/insultes-et-gros-mots-pour-destresser-en-anglais\/\" title=\"Coloriages d&#039;Insultes et Gros mots pour d\u00e9stresser (EN ANGLAIS) \u00e0 imprimer pour adultes\">\n                <img class=\"Thumb\"\n                     alt=\"Coloriages d&#039;Insultes et Gros mots pour d\u00e9stresser (EN ANGLAIS) \u00e0 imprimer pour adultes\"\n                     src=\"https:\/\/www.justcolor.net\/fr\/wp-content\/uploads\/sites\/2\/nggallery\/insultes-et-gros-mots-pour-destresser\/cache\/coloriage-grossier-life-is-a-bitch.jpg-nggid044205-ngg0dyn-182x136-00f0w010c011r110f110r010t010.jpg\"\n                     loading=\"lazy\"\n                     width=\"250\"\n                     height=\"150\" \/>\n            <\/a>\n        <\/div>\n        <h2 class=\"gallery-grid-album-lig1\">\n            <a class=\"ngg-album-desc\"\n               title=\"Coloriages d&#039;Insultes et Gros mots pour d\u00e9stresser (EN ANGLAIS) \u00e0 imprimer\"\n               href=\"https:\/\/www.justcolor.net\/fr\/anti-stress\/insultes-et-gros-mots-pour-destresser-en-anglais\/\">\n                Insultes et Gros mots pour d\u00e9stresser (EN ANGLAIS)            <\/a>\n        <\/h2>\n    <\/div>\n    <div class=\"gallery-grid-item\">\n        <div class=\"ngg-album-link\">\n            <a class=\"gallery_link\" href=\"https:\/\/www.justcolor.net\/fr\/anti-stress\/insultes-et-gros-mots-pour-destresser-en-francais\/\" title=\"Coloriages d&#039;Insultes et Gros mots pour d\u00e9stresser (EN FRANCAIS) \u00e0 imprimer pour adultes\">\n                <img class=\"Thumb\"\n                     alt=\"Coloriages d&#039;Insultes et Gros mots pour d\u00e9stresser (EN FRANCAIS) \u00e0 imprimer pour adultes\"\n                     src=\"https:\/\/www.justcolor.net\/fr\/wp-content\/uploads\/sites\/2\/nggallery\/insultes-et-gros-mots-pour-destresser-en-francais\/cache\/coloriage-insulte-sous-merde.jpg-nggid044221-ngg0dyn-182x136-00f0w010c011r110f110r010t010.jpg\"\n                     loading=\"lazy\"\n                     width=\"250\"\n                     height=\"150\" \/>\n            <\/a>\n        <\/div>\n        <h2 class=\"gallery-grid-album-lig1\">\n            <a class=\"ngg-album-desc\"\n               title=\"Coloriages d&#039;Insultes et Gros mots pour d\u00e9stresser (EN FRANCAIS) \u00e0 imprimer\"\n               href=\"https:\/\/www.justcolor.net\/fr\/anti-stress\/insultes-et-gros-mots-pour-destresser-en-francais\/\">\n                Insultes et Gros mots pour d\u00e9stresser (EN FRANCAIS)            <\/a>\n        <\/h2>\n    <\/div>\n    <div class=\"gallery-grid-item\">\n        <div class=\"ngg-album-link\">\n            <a class=\"gallery_link\" href=\"https:\/\/www.justcolor.net\/fr\/anti-stress\/jardins-merveilleux\/\" title=\"Coloriages de Jardins merveilleux \u00e0 imprimer pour adultes\">\n                <img class=\"Thumb\"\n                     alt=\"Coloriages de Jardins merveilleux \u00e0 imprimer pour adultes\"\n                     src=\"https:\/\/www.justcolor.net\/fr\/wp-content\/uploads\/sites\/2\/nggallery\/jardins-merveilleux\/cache\/coloriage_enfants_lac_fleurs_54321.jpg-nggid045775-ngg0dyn-182x136-00f0w010c011r110f110r010t010.jpg\"\n                     loading=\"lazy\"\n                     width=\"250\"\n                     height=\"150\" \/>\n            <\/a>\n        <\/div>\n        <h2 class=\"gallery-grid-album-lig1\">\n            <a class=\"ngg-album-desc\"\n               title=\"Coloriages de Jardins merveilleux \u00e0 imprimer\"\n               href=\"https:\/\/www.justcolor.net\/fr\/anti-stress\/jardins-merveilleux\/\">\n                Jardins merveilleux            <\/a>\n        <\/h2>\n    <\/div>\n    <div class=\"gallery-grid-item\">\n        <div class=\"ngg-album-link\">\n            <a class=\"gallery_link\" href=\"https:\/\/www.justcolor.net\/fr\/anti-stress\/keep-calm\/\" title=\"Coloriages Keep calm and ... \u00e0 imprimer pour adultes\">\n                <img class=\"Thumb\"\n                     alt=\"Coloriages Keep calm and ... \u00e0 imprimer pour adultes\"\n                     src=\"https:\/\/www.justcolor.net\/fr\/wp-content\/uploads\/sites\/2\/nggallery\/keep-calm-and\/cache\/coloriage-Keep-Calm-and-always-smile.jpg-nggid043694-ngg0dyn-182x136-00f0w010c011r110f110r010t010.jpg\"\n                     loading=\"lazy\"\n                     width=\"250\"\n                     height=\"150\" \/>\n            <\/a>\n        <\/div>\n        <h2 class=\"gallery-grid-album-lig1\">\n            <a class=\"ngg-album-desc\"\n               title=\"Coloriages Keep calm and ... \u00e0 imprimer\"\n               href=\"https:\/\/www.justcolor.net\/fr\/anti-stress\/keep-calm\/\">\n                Keep calm and ...            <\/a>\n        <\/h2>\n    <\/div>\n    <div class=\"gallery-grid-item\">\n        <div class=\"ngg-album-link\">\n            <a class=\"gallery_link\" href=\"https:\/\/www.justcolor.net\/fr\/anti-stress\/pin-up-annees-50\/\" title=\"Coloriages de Pin up ann\u00e9es 50 \u00e0 imprimer pour adultes\">\n                <img class=\"Thumb\"\n                     alt=\"Coloriages de Pin up ann\u00e9es 50 \u00e0 imprimer pour adultes\"\n                     src=\"https:\/\/www.justcolor.net\/fr\/wp-content\/uploads\/sites\/2\/nggallery\/pin-up-annees-50\/thumbs\/thumbs_coloriage-pinup-vintage-87412.jpg\"\n                     loading=\"lazy\"\n                     width=\"250\"\n                     height=\"150\" \/>\n            <\/a>\n        <\/div>\n        <h2 class=\"gallery-grid-album-lig1\">\n            <a class=\"ngg-album-desc\"\n               title=\"Coloriages de Pin up ann\u00e9es 50 \u00e0 imprimer\"\n               href=\"https:\/\/www.justcolor.net\/fr\/anti-stress\/pin-up-annees-50\/\">\n                Pin up ann\u00e9es 50            <\/a>\n        <\/h2>\n    <\/div>\n    <div class=\"gallery-grid-item\">\n        <div class=\"ngg-album-link\">\n            <a class=\"gallery_link\" href=\"https:\/\/www.justcolor.net\/fr\/anti-stress\/poupees-russes\/\" title=\"Coloriages de Poup\u00e9es russes \u00e0 imprimer pour adultes\">\n                <img class=\"Thumb\"\n                     alt=\"Coloriages de Poup\u00e9es russes \u00e0 imprimer pour adultes\"\n                     src=\"https:\/\/www.justcolor.net\/fr\/wp-content\/uploads\/sites\/2\/nggallery\/poupees-russes\/cache\/coloriage-pourpee-russe-13.jpg-nggid041188-ngg0dyn-182x136-00f0w010c011r110f110r010t010.jpg\"\n                     loading=\"lazy\"\n                     width=\"250\"\n                     height=\"150\" \/>\n            <\/a>\n        <\/div>\n        <h2 class=\"gallery-grid-album-lig1\">\n            <a class=\"ngg-album-desc\"\n               title=\"Coloriages de Poup\u00e9es russes \u00e0 imprimer\"\n               href=\"https:\/\/www.justcolor.net\/fr\/anti-stress\/poupees-russes\/\">\n                Poup\u00e9es russes            <\/a>\n        <\/h2>\n    <\/div>\n    <div class=\"gallery-grid-item\">\n        <div class=\"ngg-album-link\">\n            <a class=\"gallery_link\" href=\"https:\/\/www.justcolor.net\/fr\/anti-stress\/coloriage-psychedelique\/\" title=\"Coloriages de Psych\u00e9d\u00e9lique \u00e0 imprimer pour adultes\">\n                <img class=\"Thumb\"\n                     alt=\"Coloriages de Psych\u00e9d\u00e9lique \u00e0 imprimer pour adultes\"\n                     src=\"https:\/\/www.justcolor.net\/fr\/wp-content\/uploads\/sites\/2\/nggallery\/psychedelique\/cache\/coloriage-psychedelique-fleurs.png-nggid03514-ngg0dyn-182x136-00f0w010c011r110f110r010t010.png\"\n                     loading=\"lazy\"\n                     width=\"250\"\n                     height=\"150\" \/>\n            <\/a>\n        <\/div>\n        <h2 class=\"gallery-grid-album-lig1\">\n            <a class=\"ngg-album-desc\"\n               title=\"Coloriages de Psych\u00e9d\u00e9lique \u00e0 imprimer\"\n               href=\"https:\/\/www.justcolor.net\/fr\/anti-stress\/coloriage-psychedelique\/\">\n                Psych\u00e9d\u00e9lique            <\/a>\n        <\/h2>\n    <\/div>\n    <div class=\"gallery-grid-item\">\n        <div class=\"ngg-album-link\">\n            <a class=\"gallery_link\" href=\"https:\/\/www.justcolor.net\/fr\/anti-stress\/retour-en-enfance\/\" title=\"Coloriages Retour en enfance \u00e0 imprimer pour adultes\">\n                <img class=\"Thumb\"\n                     alt=\"Coloriages Retour en enfance \u00e0 imprimer pour adultes\"\n                     src=\"https:\/\/www.justcolor.net\/fr\/wp-content\/uploads\/sites\/2\/nggallery\/retour-en-enfance\/cache\/coloriage-adulte-retour-enfance-fille-mangas-robe.jpg-nggid03748-ngg0dyn-182x136-00f0w010c011r110f110r010t010.jpg\"\n                     loading=\"lazy\"\n                     width=\"250\"\n                     height=\"150\" \/>\n            <\/a>\n        <\/div>\n        <h2 class=\"gallery-grid-album-lig1\">\n            <a class=\"ngg-album-desc\"\n               title=\"Coloriages Retour en enfance \u00e0 imprimer\"\n               href=\"https:\/\/www.justcolor.net\/fr\/anti-stress\/retour-en-enfance\/\">\n                Retour en enfance            <\/a>\n        <\/h2>\n    <\/div>\n    <div class=\"gallery-grid-item\">\n        <div class=\"ngg-album-link\">\n            <a class=\"gallery_link\" href=\"https:\/\/www.justcolor.net\/fr\/anti-stress\/coloriage-vintage\/\" title=\"Coloriages Vintage \u00e0 imprimer pour adultes\">\n                <img class=\"Thumb\"\n                     alt=\"Coloriages Vintage \u00e0 imprimer pour adultes\"\n                     src=\"https:\/\/www.justcolor.net\/fr\/wp-content\/uploads\/sites\/2\/nggallery\/vintage\/cache\/coloriage-adulte-difficile-12.jpg-nggid03262-ngg0dyn-182x136-00f0w010c011r110f110r010t010.jpg\"\n                     loading=\"lazy\"\n                     width=\"250\"\n                     height=\"150\" \/>\n            <\/a>\n        <\/div>\n        <h2 class=\"gallery-grid-album-lig1\">\n            <a class=\"ngg-album-desc\"\n               title=\"Coloriages Vintage \u00e0 imprimer\"\n               href=\"https:\/\/www.justcolor.net\/fr\/anti-stress\/coloriage-vintage\/\">\n                Vintage            <\/a>\n        <\/h2>\n    <\/div>\n    <div class=\"gallery-grid-item\">\n        <div class=\"ngg-album-link\">\n            <a class=\"gallery_link\" href=\"https:\/\/www.justcolor.net\/fr\/anti-stress\/zentangle\/\" title=\"Coloriages de Zentangle \u00e0 imprimer pour adultes\">\n                <img class=\"Thumb\"\n                     alt=\"Coloriages de Zentangle \u00e0 imprimer pour adultes\"\n                     src=\"https:\/\/www.justcolor.net\/fr\/wp-content\/uploads\/sites\/2\/nggallery\/zentangle\/cache\/coloriage-zentangle-par-cathym-26.jpg-nggid041151-ngg0dyn-182x136-00f0w010c011r110f110r010t010.jpg\"\n                     loading=\"lazy\"\n                     width=\"250\"\n                     height=\"150\" \/>\n            <\/a>\n        <\/div>\n        <h2 class=\"gallery-grid-album-lig1\">\n            <a class=\"ngg-album-desc\"\n               title=\"Coloriages de Zentangle \u00e0 imprimer\"\n               href=\"https:\/\/www.justcolor.net\/fr\/anti-stress\/zentangle\/\">\n                Zentangle            <\/a>\n        <\/h2>\n    <\/div>\n<br class=\"ngg-clear\"\/>\n<div class='ngg-clear'><\/div><\/div>\n\n","protected":false},"excerpt":{"rendered":"<p>Des heures de d\u00e9tente avec ces coloriages complexes pour adultes aux styles vari\u00e9s : <b>Doodles<\/b>, <b>Zentangles<\/b> (technique de dessin tr\u00e8s en vogue, dont les r\u00e9alisations complexes et harmonieuses se pr\u00eatent \u00e0 merveille \u00e0 la mise en couleur)<\/p>\n<p>Nous vous proposons \u00e9galement des th\u00e9matiques plus originales, comme les <b>Poup\u00e9es russes<\/b> et les <b>Cupcakes<\/b> !<\/p>\n","protected":false},"author":1,"featured_media":5423,"parent":0,"menu_order":1,"comment_status":"closed","ping_status":"closed","template":"","meta":{"ngg_post_thumbnail":0,"footnotes":""},"tags":[429],"class_list":{"0":"post-4899","1":"page","2":"type-page","3":"status-publish","4":"has-post-thumbnail","6":"tag-supergallery"},"_links":{"self":[{"href":"https:\/\/www.justcolor.net\/fr\/wp-json\/wp\/v2\/pages\/4899","targetHints":{"allow":["GET"]}}],"collection":[{"href":"https:\/\/www.justcolor.net\/fr\/wp-json\/wp\/v2\/pages"}],"about":[{"href":"https:\/\/www.justcolor.net\/fr\/wp-json\/wp\/v2\/types\/page"}],"author":[{"embeddable":true,"href":"https:\/\/www.justcolor.net\/fr\/wp-json\/wp\/v2\/users\/1"}],"replies":[{"embeddable":true,"href":"https:\/\/www.justcolor.net\/fr\/wp-json\/wp\/v2\/comments?post=4899"}],"version-history":[{"count":0,"href":"https:\/\/www.justcolor.net\/fr\/wp-json\/wp\/v2\/pages\/4899\/revisions"}],"wp:featuredmedia":[{"embeddable":true,"href":"https:\/\/www.justcolor.net\/fr\/wp-json\/wp\/v2\/media\/5423"}],"wp:attachment":[{"href":"https:\/\/www.justcolor.net\/fr\/wp-json\/wp\/v2\/media?parent=4899"}],"wp:term":[{"taxonomy":"post_tag","embeddable":true,"href":"https:\/\/www.justcolor.net\/fr\/wp-json\/wp\/v2\/tags?post=4899"}],"curies":[{"name":"wp","href":"https:\/\/api.w.org\/{rel}","templated":true}]}}