{"id":4900,"date":"2016-04-28T17:24:12","date_gmt":"2016-04-28T16:24:12","guid":{"rendered":"https:\/\/www.justcolor.net\/fr\/?page_id=4900"},"modified":"2018-05-29T11:54:50","modified_gmt":"2018-05-29T09:54:50","slug":"voyages","status":"publish","type":"page","link":"https:\/\/www.justcolor.net\/fr\/voyages\/","title":{"rendered":"Voyages"},"content":{"rendered":"<p><div class=\"gallery-grid\">\n    <div class=\"gallery-grid-item\">\n        <div class=\"ngg-album-link\">\n            <a class=\"gallery_link\" href=\"https:\/\/www.justcolor.net\/fr\/voyages\/coloriage-afrique\/\" title=\"Coloriages d&#039;Afrique \u00e0 imprimer pour adultes\">\n                <img class=\"Thumb\"\n                     alt=\"Coloriages d&#039;Afrique \u00e0 imprimer pour adultes\"\n                     src=\"https:\/\/www.justcolor.net\/fr\/wp-content\/uploads\/sites\/2\/nggallery\/afrique\/cache\/coloriage-afrique-masques-traditionnels.jpg-nggid03604-ngg0dyn-182x136-00f0w010c011r110f110r010t010.jpg\"\n                     loading=\"lazy\"\n                     width=\"250\"\n                     height=\"150\" \/>\n            <\/a>\n        <\/div>\n        <h2 class=\"gallery-grid-album-lig1\">\n            <a class=\"ngg-album-desc\"\n               title=\"Coloriages d&#039;Afrique \u00e0 imprimer\"\n               href=\"https:\/\/www.justcolor.net\/fr\/voyages\/coloriage-afrique\/\">\n                Afrique            <\/a>\n        <\/h2>\n    <\/div>\n    <div class=\"gallery-grid-item\">\n        <div class=\"ngg-album-link\">\n            <a class=\"gallery_link\" href=\"https:\/\/www.justcolor.net\/fr\/voyages\/coloriage-chine-asie\/\" title=\"Coloriages de Chine \/ Asie \u00e0 imprimer pour adultes\">\n                <img class=\"Thumb\"\n                     alt=\"Coloriages de Chine \/ Asie \u00e0 imprimer pour adultes\"\n                     src=\"https:\/\/www.justcolor.net\/fr\/wp-content\/uploads\/sites\/2\/nggallery\/chine-asie\/cache\/coloriage-adulte-dragon-chinois.jpg-nggid03426-ngg0dyn-182x136-00f0w010c011r110f110r010t010.jpg\"\n                     loading=\"lazy\"\n                     width=\"250\"\n                     height=\"150\" \/>\n            <\/a>\n        <\/div>\n        <h2 class=\"gallery-grid-album-lig1\">\n            <a class=\"ngg-album-desc\"\n               title=\"Coloriages de Chine \/ Asie \u00e0 imprimer\"\n               href=\"https:\/\/www.justcolor.net\/fr\/voyages\/coloriage-chine-asie\/\">\n                Chine \/ Asie            <\/a>\n        <\/h2>\n    <\/div>\n    <div class=\"gallery-grid-item\">\n        <div class=\"ngg-album-link\">\n            <a class=\"gallery_link\" href=\"https:\/\/www.justcolor.net\/fr\/voyages\/coloriage-egypte-et-hieroglyphes\/\" title=\"Coloriages d&#039;Egypte et Hi\u00e9roglyphes \u00e0 imprimer pour adultes\">\n                <img class=\"Thumb\"\n                     alt=\"Coloriages d&#039;Egypte et Hi\u00e9roglyphes \u00e0 imprimer pour adultes\"\n                     src=\"https:\/\/www.justcolor.net\/fr\/wp-content\/uploads\/sites\/2\/nggallery\/egypte-et-hieroglyphes\/cache\/coloriage-egypte-char.jpg-nggid03144-ngg0dyn-182x136-00f0w010c011r110f110r010t010.jpg\"\n                     loading=\"lazy\"\n                     width=\"250\"\n                     height=\"150\" \/>\n            <\/a>\n        <\/div>\n        <h2 class=\"gallery-grid-album-lig1\">\n            <a class=\"ngg-album-desc\"\n               title=\"Coloriages d&#039;Egypte et Hi\u00e9roglyphes \u00e0 imprimer\"\n               href=\"https:\/\/www.justcolor.net\/fr\/voyages\/coloriage-egypte-et-hieroglyphes\/\">\n                Egypte et Hi\u00e9roglyphes            <\/a>\n        <\/h2>\n    <\/div>\n    <div class=\"gallery-grid-item\">\n        <div class=\"ngg-album-link\">\n            <a class=\"gallery_link\" href=\"https:\/\/www.justcolor.net\/fr\/voyages\/coloriage-inde-bollywood\/\" title=\"Coloriages d&#039;Inde et Bollywood \u00e0 imprimer pour adultes\">\n                <img class=\"Thumb\"\n                     alt=\"Coloriages d&#039;Inde et Bollywood \u00e0 imprimer pour adultes\"\n                     src=\"https:\/\/www.justcolor.net\/fr\/wp-content\/uploads\/sites\/2\/nggallery\/bollywood\/cache\/coloriage-inde-saraswati.gif-nggid0251-ngg0dyn-182x136-00f0w010c011r110f110r010t010.gif\"\n                     loading=\"lazy\"\n                     width=\"250\"\n                     height=\"150\" \/>\n            <\/a>\n        <\/div>\n        <h2 class=\"gallery-grid-album-lig1\">\n            <a class=\"ngg-album-desc\"\n               title=\"Coloriages d&#039;Inde et Bollywood \u00e0 imprimer\"\n               href=\"https:\/\/www.justcolor.net\/fr\/voyages\/coloriage-inde-bollywood\/\">\n                Inde et Bollywood            <\/a>\n        <\/h2>\n    <\/div>\n    <div class=\"gallery-grid-item\">\n        <div class=\"ngg-album-link\">\n            <a class=\"gallery_link\" href=\"https:\/\/www.justcolor.net\/fr\/voyages\/indonesie\/\" title=\"Coloriages d&#039;Indonesie \u00e0 imprimer pour adultes\">\n                <img class=\"Thumb\"\n                     alt=\"Coloriages d&#039;Indonesie \u00e0 imprimer pour adultes\"\n                     src=\"https:\/\/www.justcolor.net\/fr\/wp-content\/uploads\/sites\/2\/nggallery\/indonesie\/cache\/coloriage-homme-equilibre-dessin-ketut-liyer-copie.jpg-nggid044751-ngg0dyn-182x136-00f0w010c011r110f110r010t010.jpg\"\n                     loading=\"lazy\"\n                     width=\"250\"\n                     height=\"150\" \/>\n            <\/a>\n        <\/div>\n        <h2 class=\"gallery-grid-album-lig1\">\n            <a class=\"ngg-album-desc\"\n               title=\"Coloriages d&#039;Indonesie \u00e0 imprimer\"\n               href=\"https:\/\/www.justcolor.net\/fr\/voyages\/indonesie\/\">\n                Indonesie            <\/a>\n        <\/h2>\n    <\/div>\n    <div class=\"gallery-grid-item\">\n        <div class=\"ngg-album-link\">\n            <a class=\"gallery_link\" href=\"https:\/\/www.justcolor.net\/fr\/voyages\/coloriage-japon\/\" title=\"Coloriages de Japon \u00e0 imprimer pour adultes\">\n                <img class=\"Thumb\"\n                     alt=\"Coloriages de Japon \u00e0 imprimer pour adultes\"\n                     src=\"https:\/\/www.justcolor.net\/fr\/wp-content\/uploads\/sites\/2\/nggallery\/japon\/cache\/coloriage-geisha-japonaise-a-imprimer.jpg-nggid03518-ngg0dyn-182x136-00f0w010c011r110f110r010t010.jpg\"\n                     loading=\"lazy\"\n                     width=\"250\"\n                     height=\"150\" \/>\n            <\/a>\n        <\/div>\n        <h2 class=\"gallery-grid-album-lig1\">\n            <a class=\"ngg-album-desc\"\n               title=\"Coloriages de Japon \u00e0 imprimer\"\n               href=\"https:\/\/www.justcolor.net\/fr\/voyages\/coloriage-japon\/\">\n                Japon            <\/a>\n        <\/h2>\n    <\/div>\n    <div class=\"gallery-grid-item\">\n        <div class=\"ngg-album-link\">\n            <a class=\"gallery_link\" href=\"https:\/\/www.justcolor.net\/fr\/voyages\/coloriage-orient-et-1001-nuits\/\" title=\"Coloriages d&#039;Orient et 1001 nuits \u00e0 imprimer pour adultes\">\n                <img class=\"Thumb\"\n                     alt=\"Coloriages d&#039;Orient et 1001 nuits \u00e0 imprimer pour adultes\"\n                     src=\"https:\/\/www.justcolor.net\/fr\/wp-content\/uploads\/sites\/2\/nggallery\/1001-nuits-et-orient\/thumbs\/thumbs_coloriage-lampe-marrocaine.jpg\"\n                     loading=\"lazy\"\n                     width=\"250\"\n                     height=\"150\" \/>\n            <\/a>\n        <\/div>\n        <h2 class=\"gallery-grid-album-lig1\">\n            <a class=\"ngg-album-desc\"\n               title=\"Coloriages d&#039;Orient et 1001 nuits \u00e0 imprimer\"\n               href=\"https:\/\/www.justcolor.net\/fr\/voyages\/coloriage-orient-et-1001-nuits\/\">\n                Orient et 1001 nuits            <\/a>\n        <\/h2>\n    <\/div>\n    <div class=\"gallery-grid-item\">\n        <div class=\"ngg-album-link\">\n            <a class=\"gallery_link\" href=\"https:\/\/www.justcolor.net\/fr\/voyages\/coloriage-tibet\/\" title=\"Coloriages de Tibet \u00e0 imprimer pour adultes\">\n                <img class=\"Thumb\"\n                     alt=\"Coloriages de Tibet \u00e0 imprimer pour adultes\"\n                     src=\"https:\/\/www.justcolor.net\/fr\/wp-content\/uploads\/sites\/2\/nggallery\/tibet\/cache\/coloriage-tibet-mahakashyapa.jpg-nggid03326-ngg0dyn-182x136-00f0w010c011r110f110r010t010.jpg\"\n                     loading=\"lazy\"\n                     width=\"250\"\n                     height=\"150\" \/>\n            <\/a>\n        <\/div>\n        <h2 class=\"gallery-grid-album-lig1\">\n            <a class=\"ngg-album-desc\"\n               title=\"Coloriages de Tibet \u00e0 imprimer\"\n               href=\"https:\/\/www.justcolor.net\/fr\/voyages\/coloriage-tibet\/\">\n                Tibet            <\/a>\n        <\/h2>\n    <\/div>\n    <div class=\"gallery-grid-item\">\n        <div class=\"ngg-album-link\">\n            <a class=\"gallery_link\" href=\"https:\/\/www.justcolor.net\/fr\/voyages\/indiens-d-amerique\/\" title=\"Coloriages d&#039;Indiens d&#039;Am\u00e9rique \u00e0 imprimer pour adultes\">\n                <img class=\"Thumb\"\n                     alt=\"Coloriages d&#039;Indiens d&#039;Am\u00e9rique \u00e0 imprimer pour adultes\"\n                     src=\"https:\/\/www.justcolor.net\/fr\/wp-content\/uploads\/sites\/2\/nggallery\/indiens-d-amerique\/cache\/coloriage-adulte-deux-indiens-d-amerique-par-marion-c.jpg-nggid041231-ngg0dyn-182x136-00f0w010c011r110f110r010t010.jpg\"\n                     loading=\"lazy\"\n                     width=\"250\"\n                     height=\"150\" \/>\n            <\/a>\n        <\/div>\n        <h2 class=\"gallery-grid-album-lig1\">\n            <a class=\"ngg-album-desc\"\n               title=\"Coloriages d&#039;Indiens d&#039;Am\u00e9rique \u00e0 imprimer\"\n               href=\"https:\/\/www.justcolor.net\/fr\/voyages\/indiens-d-amerique\/\">\n                Indiens d'Am\u00e9rique            <\/a>\n        <\/h2>\n    <\/div>\n    <div class=\"gallery-grid-item\">\n        <div class=\"ngg-album-link\">\n            <a class=\"gallery_link\" href=\"https:\/\/www.justcolor.net\/fr\/voyages\/mayas-azteques-incas\/\" title=\"Coloriages de Mayas, Azt\u00e8ques et Incas \u00e0 imprimer pour adultes\">\n                <img class=\"Thumb\"\n                     alt=\"Coloriages de Mayas, Azt\u00e8ques et Incas \u00e0 imprimer pour adultes\"\n                     src=\"https:\/\/www.justcolor.net\/fr\/wp-content\/uploads\/sites\/2\/nggallery\/mayas-azteques-et-incas\/thumbs\/thumbs_coloriage-adulte-chef-maya-par-olivier.jpg\"\n                     loading=\"lazy\"\n                     width=\"250\"\n                     height=\"150\" \/>\n            <\/a>\n        <\/div>\n        <h2 class=\"gallery-grid-album-lig1\">\n            <a class=\"ngg-album-desc\"\n               title=\"Coloriages de Mayas, Azt\u00e8ques et Incas \u00e0 imprimer\"\n               href=\"https:\/\/www.justcolor.net\/fr\/voyages\/mayas-azteques-incas\/\">\n                Mayas, Azt\u00e8ques et Incas            <\/a>\n        <\/h2>\n    <\/div>\n    <div class=\"gallery-grid-item\">\n        <div class=\"ngg-album-link\">\n            <a class=\"gallery_link\" href=\"https:\/\/www.justcolor.net\/fr\/voyages\/coloriage-new-york\/\" title=\"Coloriages de New York \u00e0 imprimer pour adultes\">\n                <img class=\"Thumb\"\n                     alt=\"Coloriages de New York \u00e0 imprimer pour adultes\"\n                     src=\"https:\/\/www.justcolor.net\/fr\/wp-content\/uploads\/sites\/2\/nggallery\/new-york\/cache\/coloriage-new-york-vue-ciel.jpg-nggid03128-ngg0dyn-182x136-00f0w010c011r110f110r010t010.jpg\"\n                     loading=\"lazy\"\n                     width=\"250\"\n                     height=\"150\" \/>\n            <\/a>\n        <\/div>\n        <h2 class=\"gallery-grid-album-lig1\">\n            <a class=\"ngg-album-desc\"\n               title=\"Coloriages de New York \u00e0 imprimer\"\n               href=\"https:\/\/www.justcolor.net\/fr\/voyages\/coloriage-new-york\/\">\n                New York            <\/a>\n        <\/h2>\n    <\/div>\n    <div class=\"gallery-grid-item\">\n        <div class=\"ngg-album-link\">\n            <a class=\"gallery_link\" href=\"https:\/\/www.justcolor.net\/fr\/voyages\/coloriage-paris\/\" title=\"Coloriages de Paris \u00e0 imprimer pour adultes\">\n                <img class=\"Thumb\"\n                     alt=\"Coloriages de Paris \u00e0 imprimer pour adultes\"\n                     src=\"https:\/\/www.justcolor.net\/fr\/wp-content\/uploads\/sites\/2\/nggallery\/paris\/thumbs\/thumbs_coloriage-paris-monuments-et-texte.jpg\"\n                     loading=\"lazy\"\n                     width=\"250\"\n                     height=\"150\" \/>\n            <\/a>\n        <\/div>\n        <h2 class=\"gallery-grid-album-lig1\">\n            <a class=\"ngg-album-desc\"\n               title=\"Coloriages de Paris \u00e0 imprimer\"\n               href=\"https:\/\/www.justcolor.net\/fr\/voyages\/coloriage-paris\/\">\n                Paris            <\/a>\n        <\/h2>\n    <\/div>\n    <div class=\"gallery-grid-item\">\n        <div class=\"ngg-album-link\">\n            <a class=\"gallery_link\" href=\"https:\/\/www.justcolor.net\/fr\/voyages\/architecture-habitation\/\" title=\"Coloriages de Pays et villes  \u00e0 imprimer pour adultes\">\n                <img class=\"Thumb\"\n                     alt=\"Coloriages de Pays et villes  \u00e0 imprimer pour adultes\"\n                     src=\"https:\/\/www.justcolor.net\/fr\/wp-content\/uploads\/sites\/2\/nggallery\/architecture-habitation\/cache\/coloriage-architecture-village-toits.jpg-nggid03744-ngg0dyn-182x136-00f0w010c011r110f110r010t010.jpg\"\n                     loading=\"lazy\"\n                     width=\"250\"\n                     height=\"150\" \/>\n            <\/a>\n        <\/div>\n        <h2 class=\"gallery-grid-album-lig1\">\n            <a class=\"ngg-album-desc\"\n               title=\"Coloriages de Pays et villes  \u00e0 imprimer\"\n               href=\"https:\/\/www.justcolor.net\/fr\/voyages\/architecture-habitation\/\">\n                Pays et villes             <\/a>\n        <\/h2>\n    <\/div>\n    <div class=\"gallery-grid-item\">\n        <div class=\"ngg-album-link\">\n            <a class=\"gallery_link\" href=\"https:\/\/www.justcolor.net\/fr\/voyages\/grece-antique\/\" title=\"Coloriages de Grece antique &amp; Mythologie grecque \u00e0 imprimer pour adultes\">\n                <img class=\"Thumb\"\n                     alt=\"Coloriages de Grece antique &amp; Mythologie grecque \u00e0 imprimer pour adultes\"\n                     src=\"https:\/\/www.justcolor.net\/fr\/wp-content\/uploads\/sites\/2\/nggallery\/grece-antique\/cache\/coloriage-achille-retrouve-a-skyros.jpg-nggid042947-ngg0dyn-182x136-00f0w010c011r110f110r010t010.jpg\"\n                     loading=\"lazy\"\n                     width=\"250\"\n                     height=\"150\" \/>\n            <\/a>\n        <\/div>\n        <h2 class=\"gallery-grid-album-lig1\">\n            <a class=\"ngg-album-desc\"\n               title=\"Coloriages de Grece antique &amp; Mythologie grecque \u00e0 imprimer\"\n               href=\"https:\/\/www.justcolor.net\/fr\/voyages\/grece-antique\/\">\n                Grece antique &amp; Mythologie grecque            <\/a>\n        <\/h2>\n    <\/div>\n    <div class=\"gallery-grid-item\">\n        <div class=\"ngg-album-link\">\n            <a class=\"gallery_link\" href=\"https:\/\/www.justcolor.net\/fr\/voyages\/coree-du-sud\/\" title=\"Coloriages de Cor\u00e9e du Sud \u00e0 imprimer pour adultes\">\n                <img class=\"Thumb\"\n                     alt=\"Coloriages de Cor\u00e9e du Sud \u00e0 imprimer pour adultes\"\n                     src=\"https:\/\/www.justcolor.net\/fr\/wp-content\/uploads\/sites\/2\/nggallery\/coree-du-sud\/thumbs\/thumbs_coloriage-temple-ville-39485.jpg\"\n                     loading=\"lazy\"\n                     width=\"250\"\n                     height=\"150\" \/>\n            <\/a>\n        <\/div>\n        <h2 class=\"gallery-grid-album-lig1\">\n            <a class=\"ngg-album-desc\"\n               title=\"Coloriages de Cor\u00e9e du Sud \u00e0 imprimer\"\n               href=\"https:\/\/www.justcolor.net\/fr\/voyages\/coree-du-sud\/\">\n                Cor\u00e9e du Sud            <\/a>\n        <\/h2>\n    <\/div>\n<br class=\"ngg-clear\"\/>\n<div class='ngg-clear'><\/div><\/div>\n<\/p>\n","protected":false},"excerpt":{"rendered":"<p>Voyagez dans le temps et dans l\u2019espace\u00a0\u2026\u00a0Tout en coloriant, \u00e9vadez vous dans des <b>pays<\/b> et <b>grandes villes<\/b>  du monde entier, mais \u00e9galement dans d&rsquo;<b>anciennes civilisations<\/b> !<\/p>\n<p>D\u00e9couvrez par la m\u00eame occasion des traditions, des modes vestimentaires, qui sans doute vous inspirerons dans vos cr\u00e9ations.<\/p>\n","protected":false},"author":1,"featured_media":5440,"parent":0,"menu_order":3,"comment_status":"closed","ping_status":"closed","template":"","meta":{"ngg_post_thumbnail":0,"footnotes":""},"tags":[429],"class_list":{"0":"post-4900","1":"page","2":"type-page","3":"status-publish","4":"has-post-thumbnail","6":"tag-supergallery"},"_links":{"self":[{"href":"https:\/\/www.justcolor.net\/fr\/wp-json\/wp\/v2\/pages\/4900","targetHints":{"allow":["GET"]}}],"collection":[{"href":"https:\/\/www.justcolor.net\/fr\/wp-json\/wp\/v2\/pages"}],"about":[{"href":"https:\/\/www.justcolor.net\/fr\/wp-json\/wp\/v2\/types\/page"}],"author":[{"embeddable":true,"href":"https:\/\/www.justcolor.net\/fr\/wp-json\/wp\/v2\/users\/1"}],"replies":[{"embeddable":true,"href":"https:\/\/www.justcolor.net\/fr\/wp-json\/wp\/v2\/comments?post=4900"}],"version-history":[{"count":0,"href":"https:\/\/www.justcolor.net\/fr\/wp-json\/wp\/v2\/pages\/4900\/revisions"}],"wp:featuredmedia":[{"embeddable":true,"href":"https:\/\/www.justcolor.net\/fr\/wp-json\/wp\/v2\/media\/5440"}],"wp:attachment":[{"href":"https:\/\/www.justcolor.net\/fr\/wp-json\/wp\/v2\/media?parent=4900"}],"wp:term":[{"taxonomy":"post_tag","embeddable":true,"href":"https:\/\/www.justcolor.net\/fr\/wp-json\/wp\/v2\/tags?post=4900"}],"curies":[{"name":"wp","href":"https:\/\/api.w.org\/{rel}","templated":true}]}}