{"id":4901,"date":"2016-04-28T17:25:03","date_gmt":"2016-04-28T16:25:03","guid":{"rendered":"https:\/\/www.justcolor.net\/fr\/?page_id=4901"},"modified":"2018-05-29T11:54:59","modified_gmt":"2018-05-29T09:54:59","slug":"art","status":"publish","type":"page","link":"https:\/\/www.justcolor.net\/fr\/art\/","title":{"rendered":"Art"},"content":{"rendered":"<p><div class=\"gallery-grid\">\n    <div class=\"gallery-grid-item\">\n        <div class=\"ngg-album-link\">\n            <a class=\"gallery_link\" href=\"https:\/\/www.justcolor.net\/fr\/art\/architecture\/\" title=\"Coloriages d&#039;Architecture \u00e0 imprimer pour adultes\">\n                <img class=\"Thumb\"\n                     alt=\"Coloriages d&#039;Architecture \u00e0 imprimer pour adultes\"\n                     src=\"https:\/\/www.justcolor.net\/fr\/wp-content\/uploads\/sites\/2\/nggallery\/architecture\/thumbs\/thumbs_coloriage-manoir-victorien-72841.jpg\"\n                     loading=\"lazy\"\n                     width=\"250\"\n                     height=\"150\" \/>\n            <\/a>\n        <\/div>\n        <h2 class=\"gallery-grid-album-lig1\">\n            <a class=\"ngg-album-desc\"\n               title=\"Coloriages d&#039;Architecture \u00e0 imprimer\"\n               href=\"https:\/\/www.justcolor.net\/fr\/art\/architecture\/\">\n                Architecture            <\/a>\n        <\/h2>\n    <\/div>\n    <div class=\"gallery-grid-item\">\n        <div class=\"ngg-album-link\">\n            <a class=\"gallery_link\" href=\"https:\/\/www.justcolor.net\/fr\/art\/coloriage-art\/\" title=\"Coloriages de Chefs d&#039;\u0153uvres \u00e0 imprimer pour adultes\">\n                <img class=\"Thumb\"\n                     alt=\"Coloriages de Chefs d&#039;\u0153uvres \u00e0 imprimer pour adultes\"\n                     src=\"https:\/\/www.justcolor.net\/fr\/wp-content\/uploads\/sites\/2\/nggallery\/art\/cache\/coloriage-botticelli-la-naissance-de-venus-1486-detail-1.jpg-nggid045374-ngg0dyn-182x136-00f0w010c011r110f110r010t010.jpg\"\n                     loading=\"lazy\"\n                     width=\"250\"\n                     height=\"150\" \/>\n            <\/a>\n        <\/div>\n        <h2 class=\"gallery-grid-album-lig1\">\n            <a class=\"ngg-album-desc\"\n               title=\"Coloriages de Chefs d&#039;\u0153uvres \u00e0 imprimer\"\n               href=\"https:\/\/www.justcolor.net\/fr\/art\/coloriage-art\/\">\n                Chefs d'\u0153uvres            <\/a>\n        <\/h2>\n    <\/div>\n    <div class=\"gallery-grid-item\">\n        <div class=\"ngg-album-link\">\n            <a class=\"gallery_link\" href=\"https:\/\/www.justcolor.net\/fr\/art\/art-celtique\/\" title=\"Coloriages d&#039;Art Celtique \u00e0 imprimer pour adultes\">\n                <img class=\"Thumb\"\n                     alt=\"Coloriages d&#039;Art Celtique \u00e0 imprimer pour adultes\"\n                     src=\"https:\/\/www.justcolor.net\/fr\/wp-content\/uploads\/sites\/2\/nggallery\/art-celtique\/cache\/coloriage-art-celtique-2.jpg-nggid042848-ngg0dyn-182x136-00f0w010c011r110f110r010t010.jpg\"\n                     loading=\"lazy\"\n                     width=\"250\"\n                     height=\"150\" \/>\n            <\/a>\n        <\/div>\n        <h2 class=\"gallery-grid-album-lig1\">\n            <a class=\"ngg-album-desc\"\n               title=\"Coloriages d&#039;Art Celtique \u00e0 imprimer\"\n               href=\"https:\/\/www.justcolor.net\/fr\/art\/art-celtique\/\">\n                Art Celtique            <\/a>\n        <\/h2>\n    <\/div>\n    <div class=\"gallery-grid-item\">\n        <div class=\"ngg-album-link\">\n            <a class=\"gallery_link\" href=\"https:\/\/www.justcolor.net\/fr\/art\/gravures\/\" title=\"Coloriages de Gravures \u00e0 imprimer pour adultes\">\n                <img class=\"Thumb\"\n                     alt=\"Coloriages de Gravures \u00e0 imprimer pour adultes\"\n                     src=\"https:\/\/www.justcolor.net\/fr\/wp-content\/uploads\/sites\/2\/nggallery\/gravures\/cache\/coloriage-adulte-gravure-anonyme-gentilhomme-vers-1465.jpg-nggid041338-ngg0dyn-182x136-00f0w010c011r110f110r010t010.jpg\"\n                     loading=\"lazy\"\n                     width=\"250\"\n                     height=\"150\" \/>\n            <\/a>\n        <\/div>\n        <h2 class=\"gallery-grid-album-lig1\">\n            <a class=\"ngg-album-desc\"\n               title=\"Coloriages de Gravures \u00e0 imprimer\"\n               href=\"https:\/\/www.justcolor.net\/fr\/art\/gravures\/\">\n                Gravures            <\/a>\n        <\/h2>\n    <\/div>\n    <div class=\"gallery-grid-item\">\n        <div class=\"ngg-album-link\">\n            <a class=\"gallery_link\" href=\"https:\/\/www.justcolor.net\/fr\/art\/arts-and-crafts-movement\/\" title=\"Coloriages d&#039;Arts and Crafts Movement \u00e0 imprimer pour adultes\">\n                <img class=\"Thumb\"\n                     alt=\"Coloriages d&#039;Arts and Crafts Movement \u00e0 imprimer pour adultes\"\n                     src=\"https:\/\/www.justcolor.net\/fr\/wp-content\/uploads\/sites\/2\/nggallery\/arts-and-crafts-movement\/cache\/coloriage-william-morris-trellis.jpg-nggid044492-ngg0dyn-182x136-00f0w010c011r110f110r010t010.jpg\"\n                     loading=\"lazy\"\n                     width=\"250\"\n                     height=\"150\" \/>\n            <\/a>\n        <\/div>\n        <h2 class=\"gallery-grid-album-lig1\">\n            <a class=\"ngg-album-desc\"\n               title=\"Coloriages d&#039;Arts and Crafts Movement \u00e0 imprimer\"\n               href=\"https:\/\/www.justcolor.net\/fr\/art\/arts-and-crafts-movement\/\">\n                Arts and Crafts Movement            <\/a>\n        <\/h2>\n    <\/div>\n    <div class=\"gallery-grid-item\">\n        <div class=\"ngg-album-link\">\n            <a class=\"gallery_link\" href=\"https:\/\/www.justcolor.net\/fr\/art\/coloriage-art-nouveau\/\" title=\"Coloriages d&#039;Art Nouveau \u00e0 imprimer pour adultes\">\n                <img class=\"Thumb\"\n                     alt=\"Coloriages d&#039;Art Nouveau \u00e0 imprimer pour adultes\"\n                     src=\"https:\/\/www.justcolor.net\/fr\/wp-content\/uploads\/sites\/2\/nggallery\/art-nouveau\/cache\/coloriage-adulte-visage-art-nouveau.jpg-nggid03357-ngg0dyn-182x136-00f0w010c011r110f110r010t010.jpg\"\n                     loading=\"lazy\"\n                     width=\"250\"\n                     height=\"150\" \/>\n            <\/a>\n        <\/div>\n        <h2 class=\"gallery-grid-album-lig1\">\n            <a class=\"ngg-album-desc\"\n               title=\"Coloriages d&#039;Art Nouveau \u00e0 imprimer\"\n               href=\"https:\/\/www.justcolor.net\/fr\/art\/coloriage-art-nouveau\/\">\n                Art Nouveau            <\/a>\n        <\/h2>\n    <\/div>\n    <div class=\"gallery-grid-item\">\n        <div class=\"ngg-album-link\">\n            <a class=\"gallery_link\" href=\"https:\/\/www.justcolor.net\/fr\/art\/coloriage-art-deco\/\" title=\"Coloriages d&#039;Art D\u00e9co \u00e0 imprimer pour adultes\">\n                <img class=\"Thumb\"\n                     alt=\"Coloriages d&#039;Art D\u00e9co \u00e0 imprimer pour adultes\"\n                     src=\"https:\/\/www.justcolor.net\/fr\/wp-content\/uploads\/sites\/2\/nggallery\/art-deco\/cache\/coloriage-adulte-grille-entree-fer-art-deco.jpg-nggid03354-ngg0dyn-182x136-00f0w010c011r110f110r010t010.jpg\"\n                     loading=\"lazy\"\n                     width=\"250\"\n                     height=\"150\" \/>\n            <\/a>\n        <\/div>\n        <h2 class=\"gallery-grid-album-lig1\">\n            <a class=\"ngg-album-desc\"\n               title=\"Coloriages d&#039;Art D\u00e9co \u00e0 imprimer\"\n               href=\"https:\/\/www.justcolor.net\/fr\/art\/coloriage-art-deco\/\">\n                Art D\u00e9co            <\/a>\n        <\/h2>\n    <\/div>\n    <div class=\"gallery-grid-item\">\n        <div class=\"ngg-album-link\">\n            <a class=\"gallery_link\" href=\"https:\/\/www.justcolor.net\/fr\/art\/coloriage-pop-art\/\" title=\"Coloriages de Pop art \u00e0 imprimer pour adultes\">\n                <img class=\"Thumb\"\n                     alt=\"Coloriages de Pop art \u00e0 imprimer pour adultes\"\n                     src=\"https:\/\/www.justcolor.net\/fr\/wp-content\/uploads\/sites\/2\/nggallery\/pop-art\/cache\/coloriage-roy-lichtenstein-pop-art.jpg-nggid043404-ngg0dyn-182x136-00f0w010c011r110f110r010t010.jpg\"\n                     loading=\"lazy\"\n                     width=\"250\"\n                     height=\"150\" \/>\n            <\/a>\n        <\/div>\n        <h2 class=\"gallery-grid-album-lig1\">\n            <a class=\"ngg-album-desc\"\n               title=\"Coloriages de Pop art \u00e0 imprimer\"\n               href=\"https:\/\/www.justcolor.net\/fr\/art\/coloriage-pop-art\/\">\n                Pop art            <\/a>\n        <\/h2>\n    <\/div>\n    <div class=\"gallery-grid-item\">\n        <div class=\"ngg-album-link\">\n            <a class=\"gallery_link\" href=\"https:\/\/www.justcolor.net\/fr\/art\/steampunk\/\" title=\"Coloriages de Steampunk \u00e0 imprimer pour adultes\">\n                <img class=\"Thumb\"\n                     alt=\"Coloriages de Steampunk \u00e0 imprimer pour adultes\"\n                     src=\"https:\/\/www.justcolor.net\/fr\/wp-content\/uploads\/sites\/2\/nggallery\/steampunk\/thumbs\/thumbs_coloriage-steampunk-aventuriere-84623.jpg\"\n                     loading=\"lazy\"\n                     width=\"250\"\n                     height=\"150\" \/>\n            <\/a>\n        <\/div>\n        <h2 class=\"gallery-grid-album-lig1\">\n            <a class=\"ngg-album-desc\"\n               title=\"Coloriages de Steampunk \u00e0 imprimer\"\n               href=\"https:\/\/www.justcolor.net\/fr\/art\/steampunk\/\">\n                Steampunk            <\/a>\n        <\/h2>\n    <\/div>\n    <div class=\"gallery-grid-item\">\n        <div class=\"ngg-album-link\">\n            <a class=\"gallery_link\" href=\"https:\/\/www.justcolor.net\/fr\/art\/coloriage-art-brut\/\" title=\"Coloriages d&#039;Art brut \u00e0 imprimer pour adultes\">\n                <img class=\"Thumb\"\n                     alt=\"Coloriages d&#039;Art brut \u00e0 imprimer pour adultes\"\n                     src=\"https:\/\/www.justcolor.net\/fr\/wp-content\/uploads\/sites\/2\/nggallery\/art-brut\/cache\/coloriage-art-brut-marc-lamy-6.jpg-nggid03589-ngg0dyn-182x136-00f0w010c011r110f110r010t010.jpg\"\n                     loading=\"lazy\"\n                     width=\"250\"\n                     height=\"150\" \/>\n            <\/a>\n        <\/div>\n        <h2 class=\"gallery-grid-album-lig1\">\n            <a class=\"ngg-album-desc\"\n               title=\"Coloriages d&#039;Art brut \u00e0 imprimer\"\n               href=\"https:\/\/www.justcolor.net\/fr\/art\/coloriage-art-brut\/\">\n                Art brut            <\/a>\n        <\/h2>\n    <\/div>\n    <div class=\"gallery-grid-item\">\n        <div class=\"ngg-album-link\">\n            <a class=\"gallery_link\" href=\"https:\/\/www.justcolor.net\/fr\/art\/coloriage-op-art-illusion-optique\/\" title=\"Coloriages d&#039;Op Art (Illusions d&#039;optique) \u00e0 imprimer pour adultes\">\n                <img class=\"Thumb\"\n                     alt=\"Coloriages d&#039;Op Art (Illusions d&#039;optique) \u00e0 imprimer pour adultes\"\n                     src=\"https:\/\/www.justcolor.net\/fr\/wp-content\/uploads\/sites\/2\/nggallery\/op-art-illusions-doptique\/cache\/coloriage-op-art-jean-larcher-6.jpg-nggid03483-ngg0dyn-182x136-00f0w010c011r110f110r010t010.jpg\"\n                     loading=\"lazy\"\n                     width=\"250\"\n                     height=\"150\" \/>\n            <\/a>\n        <\/div>\n        <h2 class=\"gallery-grid-album-lig1\">\n            <a class=\"ngg-album-desc\"\n               title=\"Coloriages d&#039;Op Art (Illusions d&#039;optique) \u00e0 imprimer\"\n               href=\"https:\/\/www.justcolor.net\/fr\/art\/coloriage-op-art-illusion-optique\/\">\n                Op Art (Illusions d'optique)            <\/a>\n        <\/h2>\n    <\/div>\n    <div class=\"gallery-grid-item\">\n        <div class=\"ngg-album-link\">\n            <a class=\"gallery_link\" href=\"https:\/\/www.justcolor.net\/fr\/art\/coloriage-tags-graffitis\/\" title=\"Coloriages de Tags et Graffitis \u00e0 imprimer pour adultes\">\n                <img class=\"Thumb\"\n                     alt=\"Coloriages de Tags et Graffitis \u00e0 imprimer pour adultes\"\n                     src=\"https:\/\/www.justcolor.net\/fr\/wp-content\/uploads\/sites\/2\/nggallery\/tags-et-graffitis\/cache\/coloriage-adulte-fresque-tags-2.jpg-nggid03175-ngg0dyn-182x136-00f0w010c011r110f110r010t010.jpg\"\n                     loading=\"lazy\"\n                     width=\"250\"\n                     height=\"150\" \/>\n            <\/a>\n        <\/div>\n        <h2 class=\"gallery-grid-album-lig1\">\n            <a class=\"ngg-album-desc\"\n               title=\"Coloriages de Tags et Graffitis \u00e0 imprimer\"\n               href=\"https:\/\/www.justcolor.net\/fr\/art\/coloriage-tags-graffitis\/\">\n                Tags et Graffitis            <\/a>\n        <\/h2>\n    <\/div>\n    <div class=\"gallery-grid-item\">\n        <div class=\"ngg-album-link\">\n            <a class=\"gallery_link\" href=\"https:\/\/www.justcolor.net\/fr\/art\/coloriage-tatoo\/\" title=\"Coloriages de Tatouage \u00e0 imprimer pour adultes\">\n                <img class=\"Thumb\"\n                     alt=\"Coloriages de Tatouage \u00e0 imprimer pour adultes\"\n                     src=\"https:\/\/www.justcolor.net\/fr\/wp-content\/uploads\/sites\/2\/nggallery\/tatoo\/cache\/coloriage-tatouage-tigre.jpg-nggid03247-ngg0dyn-182x136-00f0w010c011r110f110r010t010.jpg\"\n                     loading=\"lazy\"\n                     width=\"250\"\n                     height=\"150\" \/>\n            <\/a>\n        <\/div>\n        <h2 class=\"gallery-grid-album-lig1\">\n            <a class=\"ngg-album-desc\"\n               title=\"Coloriages de Tatouage \u00e0 imprimer\"\n               href=\"https:\/\/www.justcolor.net\/fr\/art\/coloriage-tatoo\/\">\n                Tatouage            <\/a>\n        <\/h2>\n    <\/div>\n    <div class=\"gallery-grid-item\">\n        <div class=\"ngg-album-link\">\n            <a class=\"gallery_link\" href=\"https:\/\/www.justcolor.net\/fr\/art\/coloriage-mode-vetements\/\" title=\"Coloriages de Modes et v\u00eatements \u00e0 imprimer pour adultes\">\n                <img class=\"Thumb\"\n                     alt=\"Coloriages de Modes et v\u00eatements \u00e0 imprimer pour adultes\"\n                     src=\"https:\/\/www.justcolor.net\/fr\/wp-content\/uploads\/sites\/2\/nggallery\/modes-et-vetements\/cache\/coloriage-adulte-croquis-mode-1947.jpg-nggid03374-ngg0dyn-182x136-00f0w010c011r110f110r010t010.jpg\"\n                     loading=\"lazy\"\n                     width=\"250\"\n                     height=\"150\" \/>\n            <\/a>\n        <\/div>\n        <h2 class=\"gallery-grid-album-lig1\">\n            <a class=\"ngg-album-desc\"\n               title=\"Coloriages de Modes et v\u00eatements \u00e0 imprimer\"\n               href=\"https:\/\/www.justcolor.net\/fr\/art\/coloriage-mode-vetements\/\">\n                Modes et v\u00eatements            <\/a>\n        <\/h2>\n    <\/div>\n    <div class=\"gallery-grid-item\">\n        <div class=\"ngg-album-link\">\n            <a class=\"gallery_link\" href=\"https:\/\/www.justcolor.net\/fr\/art\/azulejos\/\" title=\"Coloriages d&#039;Azulejos \u00e0 imprimer pour adultes\">\n                <img class=\"Thumb\"\n                     alt=\"Coloriages d&#039;Azulejos \u00e0 imprimer pour adultes\"\n                     src=\"https:\/\/www.justcolor.net\/fr\/wp-content\/uploads\/sites\/2\/nggallery\/azulejos\/cache\/coloriage-azulejos-simple-etoiles.jpg-nggid044728-ngg0dyn-182x136-00f0w010c011r110f110r010t010.jpg\"\n                     loading=\"lazy\"\n                     width=\"250\"\n                     height=\"150\" \/>\n            <\/a>\n        <\/div>\n        <h2 class=\"gallery-grid-album-lig1\">\n            <a class=\"ngg-album-desc\"\n               title=\"Coloriages d&#039;Azulejos \u00e0 imprimer\"\n               href=\"https:\/\/www.justcolor.net\/fr\/art\/azulejos\/\">\n                Azulejos            <\/a>\n        <\/h2>\n    <\/div>\n    <div class=\"gallery-grid-item\">\n        <div class=\"ngg-album-link\">\n            <a class=\"gallery_link\" href=\"https:\/\/www.justcolor.net\/fr\/art\/art-mauresque\/\" title=\"Coloriages d&#039;Art mauresque \u00e0 imprimer pour adultes\">\n                <img class=\"Thumb\"\n                     alt=\"Coloriages d&#039;Art mauresque \u00e0 imprimer pour adultes\"\n                     src=\"https:\/\/www.justcolor.net\/fr\/wp-content\/uploads\/sites\/2\/nggallery\/art-mauresque\/cache\/coloriage-art-mauresque-lignes-non-finies.jpg-nggid044749-ngg0dyn-182x136-00f0w010c011r110f110r010t010.jpg\"\n                     loading=\"lazy\"\n                     width=\"250\"\n                     height=\"150\" \/>\n            <\/a>\n        <\/div>\n        <h2 class=\"gallery-grid-album-lig1\">\n            <a class=\"ngg-album-desc\"\n               title=\"Coloriages d&#039;Art mauresque \u00e0 imprimer\"\n               href=\"https:\/\/www.justcolor.net\/fr\/art\/art-mauresque\/\">\n                Art mauresque            <\/a>\n        <\/h2>\n    <\/div>\n<br class=\"ngg-clear\"\/>\n<div class='ngg-clear'><\/div><\/div>\n<\/p>\n","protected":false},"excerpt":{"rendered":"<p>Reproduisez ou personnalisez des\u00a0<b>Chefs d\u2019oeuvre<\/b> des Grands Ma\u00eetres parmi les plus c\u00e9l\u00e8bres (de De Vinci \u00e0\u00a0Warhol, en passant par Renoir, Monet, Dal\u00ed ou Picasso) \u2026 Inspirez vous de styles artistiques intemporels tels que l\u2019<b>Art D\u00e9co<\/b>, l\u2019<b>Art Nouveau<\/b> ou le <b>Pop Art<\/b> \u2026<\/p>\n<p>Et pour finir d\u00e9couvrez des styles plus contemporains comme le <b>Street art<\/b> ou encore l\u2019<b>Op Art<\/b> !<\/p>\n","protected":false},"author":1,"featured_media":5426,"parent":0,"menu_order":4,"comment_status":"closed","ping_status":"closed","template":"","meta":{"ngg_post_thumbnail":0,"footnotes":""},"tags":[429],"class_list":{"0":"post-4901","1":"page","2":"type-page","3":"status-publish","4":"has-post-thumbnail","6":"tag-supergallery"},"_links":{"self":[{"href":"https:\/\/www.justcolor.net\/fr\/wp-json\/wp\/v2\/pages\/4901","targetHints":{"allow":["GET"]}}],"collection":[{"href":"https:\/\/www.justcolor.net\/fr\/wp-json\/wp\/v2\/pages"}],"about":[{"href":"https:\/\/www.justcolor.net\/fr\/wp-json\/wp\/v2\/types\/page"}],"author":[{"embeddable":true,"href":"https:\/\/www.justcolor.net\/fr\/wp-json\/wp\/v2\/users\/1"}],"replies":[{"embeddable":true,"href":"https:\/\/www.justcolor.net\/fr\/wp-json\/wp\/v2\/comments?post=4901"}],"version-history":[{"count":0,"href":"https:\/\/www.justcolor.net\/fr\/wp-json\/wp\/v2\/pages\/4901\/revisions"}],"wp:featuredmedia":[{"embeddable":true,"href":"https:\/\/www.justcolor.net\/fr\/wp-json\/wp\/v2\/media\/5426"}],"wp:attachment":[{"href":"https:\/\/www.justcolor.net\/fr\/wp-json\/wp\/v2\/media?parent=4901"}],"wp:term":[{"taxonomy":"post_tag","embeddable":true,"href":"https:\/\/www.justcolor.net\/fr\/wp-json\/wp\/v2\/tags?post=4901"}],"curies":[{"name":"wp","href":"https:\/\/api.w.org\/{rel}","templated":true}]}}