{"id":4913,"date":"2016-04-28T17:27:06","date_gmt":"2016-04-28T16:27:06","guid":{"rendered":"https:\/\/www.justcolor.net\/fr\/?page_id=4913"},"modified":"2024-09-18T09:19:15","modified_gmt":"2024-09-18T07:19:15","slug":"histoires","status":"publish","type":"page","link":"https:\/\/www.justcolor.net\/fr\/histoires\/","title":{"rendered":"Histoire et L\u00e9gendes"},"content":{"rendered":"\n<div class=\"gallery-grid\">\n    <div class=\"gallery-grid-item\">\n        <div class=\"ngg-album-link\">\n            <a class=\"gallery_link\" href=\"https:\/\/www.justcolor.net\/fr\/histoires\/coloriage-affiches-de-films-celebres\/\" title=\"Coloriages de Films c\u00e9l\u00e8bres \u00e0 imprimer pour adultes\">\n                <img class=\"Thumb\"\n                     alt=\"Coloriages de Films c\u00e9l\u00e8bres \u00e0 imprimer pour adultes\"\n                     src=\"https:\/\/www.justcolor.net\/fr\/wp-content\/uploads\/sites\/2\/nggallery\/affiches-de-films\/cache\/coloriage-film-retour-vers-le-futur-3.jpg-nggid03434-ngg0dyn-182x136-00f0w010c011r110f110r010t010.jpg\"\n                     loading=\"lazy\"\n                     width=\"250\"\n                     height=\"150\" \/>\n            <\/a>\n        <\/div>\n        <h2 class=\"gallery-grid-album-lig1\">\n            <a class=\"ngg-album-desc\"\n               title=\"Coloriages de Films c\u00e9l\u00e8bres \u00e0 imprimer\"\n               href=\"https:\/\/www.justcolor.net\/fr\/histoires\/coloriage-affiches-de-films-celebres\/\">\n                Films c\u00e9l\u00e8bres            <\/a>\n        <\/h2>\n    <\/div>\n    <div class=\"gallery-grid-item\">\n        <div class=\"ngg-album-link\">\n            <a class=\"gallery_link\" href=\"https:\/\/www.justcolor.net\/fr\/histoires\/contes-de-fees\/\" title=\"Coloriages de Contes de f\u00e9es \u00e0 imprimer pour adultes\">\n                <img class=\"Thumb\"\n                     alt=\"Coloriages de Contes de f\u00e9es \u00e0 imprimer pour adultes\"\n                     src=\"https:\/\/www.justcolor.net\/fr\/wp-content\/uploads\/sites\/2\/nggallery\/contes-de-fees\/cache\/coloriage-adulte-raiponce-tradition.jpg-nggid03746-ngg0dyn-182x136-00f0w010c011r110f110r010t010.jpg\"\n                     loading=\"lazy\"\n                     width=\"250\"\n                     height=\"150\" \/>\n            <\/a>\n        <\/div>\n        <h2 class=\"gallery-grid-album-lig1\">\n            <a class=\"ngg-album-desc\"\n               title=\"Coloriages de Contes de f\u00e9es \u00e0 imprimer\"\n               href=\"https:\/\/www.justcolor.net\/fr\/histoires\/contes-de-fees\/\">\n                Contes de f\u00e9es            <\/a>\n        <\/h2>\n    <\/div>\n    <div class=\"gallery-grid-item\">\n        <div class=\"ngg-album-link\">\n            <a class=\"gallery_link\" href=\"https:\/\/www.justcolor.net\/fr\/histoires\/coloriage-dragons\/\" title=\"Coloriages de Dragons \u00e0 imprimer pour adultes\">\n                <img class=\"Thumb\"\n                     alt=\"Coloriages de Dragons \u00e0 imprimer pour adultes\"\n                     src=\"https:\/\/www.justcolor.net\/fr\/wp-content\/uploads\/sites\/2\/nggallery\/dragons\/cache\/coloriage-paysage-dragon-for-valentin.jpg-nggid043413-ngg0dyn-182x136-00f0w010c011r110f110r010t010.jpg\"\n                     loading=\"lazy\"\n                     width=\"250\"\n                     height=\"150\" \/>\n            <\/a>\n        <\/div>\n        <h2 class=\"gallery-grid-album-lig1\">\n            <a class=\"ngg-album-desc\"\n               title=\"Coloriages de Dragons \u00e0 imprimer\"\n               href=\"https:\/\/www.justcolor.net\/fr\/histoires\/coloriage-dragons\/\">\n                Dragons            <\/a>\n        <\/h2>\n    <\/div>\n    <div class=\"gallery-grid-item\">\n        <div class=\"ngg-album-link\">\n            <a class=\"gallery_link\" href=\"https:\/\/www.justcolor.net\/fr\/nature\/coloriage-jungle-foret\/\" title=\"Coloriages de Jungle et For\u00eat \u00e0 imprimer pour adultes\">\n                <img class=\"Thumb\"\n                     alt=\"Coloriages de Jungle et For\u00eat \u00e0 imprimer pour adultes\"\n                     src=\"https:\/\/www.justcolor.net\/fr\/wp-content\/uploads\/sites\/2\/nggallery\/jungle-et-foret\/cache\/coloriage-jungle-foret-animaux.jpg-nggid03542-ngg0dyn-182x136-00f0w010c011r110f110r010t010.jpg\"\n                     loading=\"lazy\"\n                     width=\"250\"\n                     height=\"150\" \/>\n            <\/a>\n        <\/div>\n        <h2 class=\"gallery-grid-album-lig1\">\n            <a class=\"ngg-album-desc\"\n               title=\"Coloriages de Jungle et For\u00eat \u00e0 imprimer\"\n               href=\"https:\/\/www.justcolor.net\/fr\/nature\/coloriage-jungle-foret\/\">\n                Jungle et For\u00eat            <\/a>\n        <\/h2>\n    <\/div>\n    <div class=\"gallery-grid-item\">\n        <div class=\"ngg-album-link\">\n            <a class=\"gallery_link\" href=\"https:\/\/www.justcolor.net\/fr\/histoires\/coloriages-livres-comics\/\" title=\"Coloriages de Livres et Comics \u00e0 imprimer pour adultes\">\n                <img class=\"Thumb\"\n                     alt=\"Coloriages de Livres et Comics \u00e0 imprimer pour adultes\"\n                     src=\"https:\/\/www.justcolor.net\/fr\/wp-content\/uploads\/sites\/2\/nggallery\/livres-et-comics\/cache\/coloriage-adulte-avengers-hulk.jpg-nggid0281-ngg0dyn-182x136-00f0w010c011r110f110r010t010.jpg\"\n                     loading=\"lazy\"\n                     width=\"250\"\n                     height=\"150\" \/>\n            <\/a>\n        <\/div>\n        <h2 class=\"gallery-grid-album-lig1\">\n            <a class=\"ngg-album-desc\"\n               title=\"Coloriages de Livres et Comics \u00e0 imprimer\"\n               href=\"https:\/\/www.justcolor.net\/fr\/histoires\/coloriages-livres-comics\/\">\n                Livres et Comics            <\/a>\n        <\/h2>\n    <\/div>\n    <div class=\"gallery-grid-item\">\n        <div class=\"ngg-album-link\">\n            <a class=\"gallery_link\" href=\"https:\/\/www.justcolor.net\/fr\/histoires\/manga\/\" title=\"Coloriages de Mangas \/ Animes \u00e0 imprimer pour adultes\">\n                <img class=\"Thumb\"\n                     alt=\"Coloriages de Mangas \/ Animes \u00e0 imprimer pour adultes\"\n                     src=\"https:\/\/www.justcolor.net\/fr\/wp-content\/uploads\/sites\/2\/nggallery\/mangas\/cache\/coloriage-la-fille-au-sabre-style-manga-krissy.jpg-nggid041725-ngg0dyn-182x136-00f0w010c011r110f110r010t010.jpg\"\n                     loading=\"lazy\"\n                     width=\"250\"\n                     height=\"150\" \/>\n            <\/a>\n        <\/div>\n        <h2 class=\"gallery-grid-album-lig1\">\n            <a class=\"ngg-album-desc\"\n               title=\"Coloriages de Mangas \/ Animes \u00e0 imprimer\"\n               href=\"https:\/\/www.justcolor.net\/fr\/histoires\/manga\/\">\n                Mangas \/ Animes            <\/a>\n        <\/h2>\n    <\/div>\n    <div class=\"gallery-grid-item\">\n        <div class=\"ngg-album-link\">\n            <a class=\"gallery_link\" href=\"https:\/\/www.justcolor.net\/fr\/histoires\/coloriage-sirenes\/\" title=\"Coloriages de Sir\u00e8nes \u00e0 imprimer pour adultes\">\n                <img class=\"Thumb\"\n                     alt=\"Coloriages de Sir\u00e8nes \u00e0 imprimer pour adultes\"\n                     src=\"https:\/\/www.justcolor.net\/fr\/wp-content\/uploads\/sites\/2\/nggallery\/sirenes\/cache\/coloriage-adulte-sirene-et-poissons.jpg-nggid043416-ngg0dyn-182x136-00f0w010c011r110f110r010t010.jpg\"\n                     loading=\"lazy\"\n                     width=\"250\"\n                     height=\"150\" \/>\n            <\/a>\n        <\/div>\n        <h2 class=\"gallery-grid-album-lig1\">\n            <a class=\"ngg-album-desc\"\n               title=\"Coloriages de Sir\u00e8nes \u00e0 imprimer\"\n               href=\"https:\/\/www.justcolor.net\/fr\/histoires\/coloriage-sirenes\/\">\n                Sir\u00e8nes            <\/a>\n        <\/h2>\n    <\/div>\n    <div class=\"gallery-grid-item\">\n        <div class=\"ngg-album-link\">\n            <a class=\"gallery_link\" href=\"https:\/\/www.justcolor.net\/fr\/histoires\/moyen-age\/\" title=\"Coloriages de Moyen \u00c2ge \u00e0 imprimer pour adultes\">\n                <img class=\"Thumb\"\n                     alt=\"Coloriages de Moyen \u00c2ge \u00e0 imprimer pour adultes\"\n                     src=\"https:\/\/www.justcolor.net\/fr\/wp-content\/uploads\/sites\/2\/nggallery\/moyen-age\/cache\/coloriage-adulte-chateau-fort.jpg-nggid041400-ngg0dyn-182x136-00f0w010c011r110f110r010t010.jpg\"\n                     loading=\"lazy\"\n                     width=\"250\"\n                     height=\"150\" \/>\n            <\/a>\n        <\/div>\n        <h2 class=\"gallery-grid-album-lig1\">\n            <a class=\"ngg-album-desc\"\n               title=\"Coloriages de Moyen \u00c2ge \u00e0 imprimer\"\n               href=\"https:\/\/www.justcolor.net\/fr\/histoires\/moyen-age\/\">\n                Moyen \u00c2ge            <\/a>\n        <\/h2>\n    <\/div>\n    <div class=\"gallery-grid-item\">\n        <div class=\"ngg-album-link\">\n            <a class=\"gallery_link\" href=\"https:\/\/www.justcolor.net\/fr\/histoires\/coloriage-mythes-legendes\/\" title=\"Coloriages de Mythes et l\u00e9gendes \u00e0 imprimer pour adultes\">\n                <img class=\"Thumb\"\n                     alt=\"Coloriages de Mythes et l\u00e9gendes \u00e0 imprimer pour adultes\"\n                     src=\"https:\/\/www.justcolor.net\/fr\/wp-content\/uploads\/sites\/2\/nggallery\/mythes-et-legendes\/cache\/coloriage-adulte-transformation-loup-garou.jpg-nggid03401-ngg0dyn-182x136-00f0w010c011r110f110r010t010.jpg\"\n                     loading=\"lazy\"\n                     width=\"250\"\n                     height=\"150\" \/>\n            <\/a>\n        <\/div>\n        <h2 class=\"gallery-grid-album-lig1\">\n            <a class=\"ngg-album-desc\"\n               title=\"Coloriages de Mythes et l\u00e9gendes \u00e0 imprimer\"\n               href=\"https:\/\/www.justcolor.net\/fr\/histoires\/coloriage-mythes-legendes\/\">\n                Mythes et l\u00e9gendes            <\/a>\n        <\/h2>\n    <\/div>\n    <div class=\"gallery-grid-item\">\n        <div class=\"ngg-album-link\">\n            <a class=\"gallery_link\" href=\"https:\/\/www.justcolor.net\/fr\/histoires\/rois-reines\/\" title=\"Coloriages de Rois et reines \u00e0 imprimer pour adultes\">\n                <img class=\"Thumb\"\n                     alt=\"Coloriages de Rois et reines \u00e0 imprimer pour adultes\"\n                     src=\"https:\/\/www.justcolor.net\/fr\/wp-content\/uploads\/sites\/2\/nggallery\/rois-et-reines\/cache\/coloriage-adulte-couronnement-elisabeth-ii-angleterre-juin-1953.jpg-nggid041324-ngg0dyn-182x136-00f0w010c011r110f110r010t010.jpg\"\n                     loading=\"lazy\"\n                     width=\"250\"\n                     height=\"150\" \/>\n            <\/a>\n        <\/div>\n        <h2 class=\"gallery-grid-album-lig1\">\n            <a class=\"ngg-album-desc\"\n               title=\"Coloriages de Rois et reines \u00e0 imprimer\"\n               href=\"https:\/\/www.justcolor.net\/fr\/histoires\/rois-reines\/\">\n                Rois et reines            <\/a>\n        <\/h2>\n    <\/div>\n    <div class=\"gallery-grid-item\">\n        <div class=\"ngg-album-link\">\n            <a class=\"gallery_link\" href=\"https:\/\/www.justcolor.net\/fr\/histoires\/coloriage-series-tv\/\" title=\"Coloriages de S\u00e9ries TV \u00e0 imprimer pour adultes\">\n                <img class=\"Thumb\"\n                     alt=\"Coloriages de S\u00e9ries TV \u00e0 imprimer pour adultes\"\n                     src=\"https:\/\/www.justcolor.net\/fr\/wp-content\/uploads\/sites\/2\/nggallery\/series-tv_1\/cache\/coloriage-adulte-breaking-bad-angelarizza-tumblr-com.jpg-nggid03405-ngg0dyn-182x136-00f0w010c011r110f110r010t010.jpg\"\n                     loading=\"lazy\"\n                     width=\"250\"\n                     height=\"150\" \/>\n            <\/a>\n        <\/div>\n        <h2 class=\"gallery-grid-album-lig1\">\n            <a class=\"ngg-album-desc\"\n               title=\"Coloriages de S\u00e9ries TV \u00e0 imprimer\"\n               href=\"https:\/\/www.justcolor.net\/fr\/histoires\/coloriage-series-tv\/\">\n                S\u00e9ries TV            <\/a>\n        <\/h2>\n    <\/div>\n    <div class=\"gallery-grid-item\">\n        <div class=\"ngg-album-link\">\n            <a class=\"gallery_link\" href=\"https:\/\/www.justcolor.net\/fr\/histoires\/coloriage-licornes\/\" title=\"Coloriages de Licornes \u00e0 imprimer pour adultes\">\n                <img class=\"Thumb\"\n                     alt=\"Coloriages de Licornes \u00e0 imprimer pour adultes\"\n                     src=\"https:\/\/www.justcolor.net\/fr\/wp-content\/uploads\/sites\/2\/nggallery\/licornes\/cache\/coloriage-adulte-licorne-par-deborah-muller.jpg-nggid043421-ngg0dyn-182x136-00f0w010c011r110f110r010t010.jpg\"\n                     loading=\"lazy\"\n                     width=\"250\"\n                     height=\"150\" \/>\n            <\/a>\n        <\/div>\n        <h2 class=\"gallery-grid-album-lig1\">\n            <a class=\"ngg-album-desc\"\n               title=\"Coloriages de Licornes \u00e0 imprimer\"\n               href=\"https:\/\/www.justcolor.net\/fr\/histoires\/coloriage-licornes\/\">\n                Licornes            <\/a>\n        <\/h2>\n    <\/div>\n    <div class=\"gallery-grid-item\">\n        <div class=\"ngg-album-link\">\n            <a class=\"gallery_link\" href=\"https:\/\/www.justcolor.net\/fr\/histoires\/coloriage-vitraux\/\" title=\"Coloriages de Vitraux \u00e0 imprimer pour adultes\">\n                <img class=\"Thumb\"\n                     alt=\"Coloriages de Vitraux \u00e0 imprimer pour adultes\"\n                     src=\"https:\/\/www.justcolor.net\/fr\/wp-content\/uploads\/sites\/2\/nggallery\/vitraux\/cache\/coloriage-difficile-vitrail.jpg-nggid03290-ngg0dyn-182x136-00f0w010c011r110f110r010t010.jpg\"\n                     loading=\"lazy\"\n                     width=\"250\"\n                     height=\"150\" \/>\n            <\/a>\n        <\/div>\n        <h2 class=\"gallery-grid-album-lig1\">\n            <a class=\"ngg-album-desc\"\n               title=\"Coloriages de Vitraux \u00e0 imprimer\"\n               href=\"https:\/\/www.justcolor.net\/fr\/histoires\/coloriage-vitraux\/\">\n                Vitraux            <\/a>\n        <\/h2>\n    <\/div>\n    <div class=\"gallery-grid-item\">\n        <div class=\"ngg-album-link\">\n            <a class=\"gallery_link\" href=\"https:\/\/www.justcolor.net\/fr\/anti-stress\/zentangle\/\" title=\"Coloriages de Zentangle \u00e0 imprimer pour adultes\">\n                <img class=\"Thumb\"\n                     alt=\"Coloriages de Zentangle \u00e0 imprimer pour adultes\"\n                     src=\"https:\/\/www.justcolor.net\/fr\/wp-content\/uploads\/sites\/2\/nggallery\/zentangle\/cache\/coloriage-zentangle-par-cathym-26.jpg-nggid041151-ngg0dyn-182x136-00f0w010c011r110f110r010t010.jpg\"\n                     loading=\"lazy\"\n                     width=\"250\"\n                     height=\"150\" \/>\n            <\/a>\n        <\/div>\n        <h2 class=\"gallery-grid-album-lig1\">\n            <a class=\"ngg-album-desc\"\n               title=\"Coloriages de Zentangle \u00e0 imprimer\"\n               href=\"https:\/\/www.justcolor.net\/fr\/anti-stress\/zentangle\/\">\n                Zentangle            <\/a>\n        <\/h2>\n    <\/div>\n<br class=\"ngg-clear\"\/>\n<div class='ngg-clear'><\/div><\/div>\n\n","protected":false},"excerpt":{"rendered":"<p>Voici des galeries de coloriages pour adultes li\u00e9s \u00e0 l\u2019Histoire avec un grand H, avec notamment des coloriages inspir\u00e9s du <b>Moyen-\u00e2ge<\/b>, les <b>Rois et Reines<\/b>, les <b>Vitraux<\/b> &#8230; la plupart ont \u00e9t\u00e9 cr\u00e9\u00e9 \u00e0 partir d&rsquo;illustrations d\u2019\u00e9poque.<\/p>\n<p>Nous vous proposons \u00e9galement d&rsquo;explorer LES histoires, avec des dessins \u00e0 colorier cr\u00e9\u00e9s \u00e0 partir d\u2019affiche de <b>Films<\/b>, <b>Mangas<\/b>, ou inspir\u00e9s de <b>livres<\/b> ou <b>s\u00e9ries TV<\/b> \u00e0 succ\u00e8s. Si vous avez un imaginaire d\u00e9bordant, certaines cr\u00e9atures imaginaires se cachent dans cette section &#8230;<\/p>\n","protected":false},"author":1,"featured_media":5428,"parent":0,"menu_order":5,"comment_status":"closed","ping_status":"closed","template":"","meta":{"ngg_post_thumbnail":0,"footnotes":""},"tags":[429],"class_list":{"0":"post-4913","1":"page","2":"type-page","3":"status-publish","4":"has-post-thumbnail","6":"tag-supergallery"},"_links":{"self":[{"href":"https:\/\/www.justcolor.net\/fr\/wp-json\/wp\/v2\/pages\/4913","targetHints":{"allow":["GET"]}}],"collection":[{"href":"https:\/\/www.justcolor.net\/fr\/wp-json\/wp\/v2\/pages"}],"about":[{"href":"https:\/\/www.justcolor.net\/fr\/wp-json\/wp\/v2\/types\/page"}],"author":[{"embeddable":true,"href":"https:\/\/www.justcolor.net\/fr\/wp-json\/wp\/v2\/users\/1"}],"replies":[{"embeddable":true,"href":"https:\/\/www.justcolor.net\/fr\/wp-json\/wp\/v2\/comments?post=4913"}],"version-history":[{"count":0,"href":"https:\/\/www.justcolor.net\/fr\/wp-json\/wp\/v2\/pages\/4913\/revisions"}],"wp:featuredmedia":[{"embeddable":true,"href":"https:\/\/www.justcolor.net\/fr\/wp-json\/wp\/v2\/media\/5428"}],"wp:attachment":[{"href":"https:\/\/www.justcolor.net\/fr\/wp-json\/wp\/v2\/media?parent=4913"}],"wp:term":[{"taxonomy":"post_tag","embeddable":true,"href":"https:\/\/www.justcolor.net\/fr\/wp-json\/wp\/v2\/tags?post=4913"}],"curies":[{"name":"wp","href":"https:\/\/api.w.org\/{rel}","templated":true}]}}