{"id":5084,"date":"2016-05-06T09:28:50","date_gmt":"2016-05-06T08:28:50","guid":{"rendered":"https:\/\/www.justcolor.net\/fr\/?page_id=5084"},"modified":"2018-05-31T11:57:50","modified_gmt":"2018-05-31T09:57:50","slug":"coloriages-plus-populaires","status":"publish","type":"page","link":"https:\/\/www.justcolor.net\/fr\/coloriages-plus-populaires\/","title":{"rendered":"Coloriages pour adultes <b>les plus populaires<\/b>"},"content":{"rendered":"","protected":false},"excerpt":{"rendered":"<p>D\u00e9couvrez les coloriages qui plaisent le plus \u00e0 nos visiteurs ! Vous pouvez trier les r\u00e9sultats selon la p\u00e9riode, ainsi que par type d&rsquo;acc\u00e8s : visualisation ou impression. Les r\u00e9sultats sont mis \u00e0 jour en temps r\u00e9el.<\/p>\n","protected":false},"author":229,"featured_media":0,"parent":0,"menu_order":0,"comment_status":"closed","ping_status":"closed","template":"page-mostpopular.php","meta":{"ngg_post_thumbnail":0,"footnotes":""},"tags":[],"class_list":["post-5084","page","type-page","status-publish"],"_links":{"self":[{"href":"https:\/\/www.justcolor.net\/fr\/wp-json\/wp\/v2\/pages\/5084","targetHints":{"allow":["GET"]}}],"collection":[{"href":"https:\/\/www.justcolor.net\/fr\/wp-json\/wp\/v2\/pages"}],"about":[{"href":"https:\/\/www.justcolor.net\/fr\/wp-json\/wp\/v2\/types\/page"}],"author":[{"embeddable":true,"href":"https:\/\/www.justcolor.net\/fr\/wp-json\/wp\/v2\/users\/229"}],"replies":[{"embeddable":true,"href":"https:\/\/www.justcolor.net\/fr\/wp-json\/wp\/v2\/comments?post=5084"}],"version-history":[{"count":0,"href":"https:\/\/www.justcolor.net\/fr\/wp-json\/wp\/v2\/pages\/5084\/revisions"}],"wp:attachment":[{"href":"https:\/\/www.justcolor.net\/fr\/wp-json\/wp\/v2\/media?parent=5084"}],"wp:term":[{"taxonomy":"post_tag","embeddable":true,"href":"https:\/\/www.justcolor.net\/fr\/wp-json\/wp\/v2\/tags?post=5084"}],"curies":[{"name":"wp","href":"https:\/\/api.w.org\/{rel}","templated":true}]}}