{"id":5511,"date":"2016-05-17T10:46:58","date_gmt":"2016-05-17T09:46:58","guid":{"rendered":"https:\/\/www.justcolor.net\/fr\/?page_id=5511"},"modified":"2019-06-06T11:54:58","modified_gmt":"2019-06-06T09:54:58","slug":"greggiordo","status":"publish","type":"page","link":"https:\/\/www.justcolor.net\/fr\/artistes\/greggiordo\/","title":{"rendered":"Greg Giordo"},"content":{"rendered":"<p><p>Invalid Displayed Gallery<\/p><\/p>\n","protected":false},"excerpt":{"rendered":"<p><b>Gr\u00e9gory Giordo<\/b> est un jeune Marseillais de 35 ans passionn\u00e9 de <b>dessins<\/b>, <b>de coloriages pour adultes<\/b> , et <b>de musique classique<\/b>  depuis l&rsquo;\u00e2ge de 7 ans. Il affectionne aussi tout particuli\u00e8rement l&rsquo;art de la p\u00e2tisserie.<\/p>\n<p>Son objectif avant tout est de se faire plaisir, de partager, de faire ressortir son propre style et sa personnalit\u00e9.<\/p>\n<p>C&rsquo;est gr\u00e2ce \u00e0 des artistes comme Leen Margot ou encore Fafah\u00e9, que Gr\u00e9gory a commenc\u00e9 \u00e0 cr\u00e9er ses propres coloriages.<\/p>\n","protected":false},"author":2,"featured_media":5513,"parent":6658,"menu_order":0,"comment_status":"closed","ping_status":"closed","template":"","meta":{"ngg_post_thumbnail":0,"footnotes":""},"tags":[417],"class_list":{"0":"post-5511","1":"page","2":"type-page","3":"status-publish","4":"has-post-thumbnail","6":"tag-pgartist"},"_links":{"self":[{"href":"https:\/\/www.justcolor.net\/fr\/wp-json\/wp\/v2\/pages\/5511","targetHints":{"allow":["GET"]}}],"collection":[{"href":"https:\/\/www.justcolor.net\/fr\/wp-json\/wp\/v2\/pages"}],"about":[{"href":"https:\/\/www.justcolor.net\/fr\/wp-json\/wp\/v2\/types\/page"}],"author":[{"embeddable":true,"href":"https:\/\/www.justcolor.net\/fr\/wp-json\/wp\/v2\/users\/2"}],"replies":[{"embeddable":true,"href":"https:\/\/www.justcolor.net\/fr\/wp-json\/wp\/v2\/comments?post=5511"}],"version-history":[{"count":0,"href":"https:\/\/www.justcolor.net\/fr\/wp-json\/wp\/v2\/pages\/5511\/revisions"}],"up":[{"embeddable":true,"href":"https:\/\/www.justcolor.net\/fr\/wp-json\/wp\/v2\/pages\/6658"}],"wp:featuredmedia":[{"embeddable":true,"href":"https:\/\/www.justcolor.net\/fr\/wp-json\/wp\/v2\/media\/5513"}],"wp:attachment":[{"href":"https:\/\/www.justcolor.net\/fr\/wp-json\/wp\/v2\/media?parent=5511"}],"wp:term":[{"taxonomy":"post_tag","embeddable":true,"href":"https:\/\/www.justcolor.net\/fr\/wp-json\/wp\/v2\/tags?post=5511"}],"curies":[{"name":"wp","href":"https:\/\/api.w.org\/{rel}","templated":true}]}}