{"id":6179,"date":"2016-06-20T17:30:38","date_gmt":"2016-06-20T16:30:38","guid":{"rendered":"https:\/\/www.justcolor.net\/fr\/?page_id=6179"},"modified":"2019-06-11T09:49:04","modified_gmt":"2019-06-11T07:49:04","slug":"jenniferstay","status":"publish","type":"page","link":"https:\/\/www.justcolor.net\/fr\/artistes\/jenniferstay\/","title":{"rendered":"Jennifer Stay"},"content":{"rendered":"\n\n<div style=\"clear:left;\"><\/div>\n<div class=\"gallery-grid\" style=\"padding-top:10px\">\n\n<div style=\"grid-column:span 2;\" class=\"gallery-grid-item gallery-grid-ad-min\"><!-- NEW BLOC MASONRY -->\n           <ins class=\"adsbygoogle\"\n               style=\"display:inline-block;width:410px;height:320px\"\n               data-ad-client=\"ca-pub-8022697607824667\"\n               data-ad-slot=\"2319092879\"><\/ins>\n           <script>\n               (adsbygoogle = window.adsbygoogle || []).push({});\n           <\/script><\/div>\n    <div class=\"gallery-grid-item\">\n        <p>\n                        <a href=\"https:\/\/www.justcolor.net\/fr\/wp-json\/wp\/v2\/pages\/?image=anti-stress__coloriage-adulte-anti-stress-jennifer-7__1\" title=\"Impressionnant ... allez-vous tenter de le colorier ?\">\n                <img\n                    alt=\"coloriage-adulte-anti-stress-jennifer-7\"\n                    src=\"https:\/\/www.justcolor.net\/fr\/wp-content\/uploads\/sites\/2\/nggallery\/anti-stress\/thumbs\/thumbs_coloriage-adulte-anti-stress-jennifer-7.jpg\"\n                    width=\"300\"\n                    height=\"232\"\n                \/>\n            <\/a>\n        <\/p>\n        <h3 class=\"ngg-thumb-title\">Impressionnant ... allez-vous tenter de le colorier ?<\/h3>\n\n            <\/div>\n    <div class=\"gallery-grid-item\">\n        <p>\n                        <a href=\"https:\/\/www.justcolor.net\/fr\/wp-json\/wp\/v2\/pages\/?image=anti-stress__coloriage-adulte-anti-stress-jennifer-6__1\" title=\"Dans le genre difficile, ce coloriage est parfait\">\n                <img\n                    alt=\"coloriage-adulte-anti-stress-jennifer-6\"\n                    src=\"https:\/\/www.justcolor.net\/fr\/wp-content\/uploads\/sites\/2\/nggallery\/anti-stress\/thumbs\/thumbs_coloriage-adulte-anti-stress-jennifer-6.jpg\"\n                    width=\"232\"\n                    height=\"300\"\n                \/>\n            <\/a>\n        <\/p>\n        <h3 class=\"ngg-thumb-title\">Dans le genre difficile, ce coloriage est parfait<\/h3>\n\n            <\/div>\n<div style=\"grid-column:span 2;\" class=\"gallery-grid-item gallery-grid-ad-min-mobile\"><!--  -->\n    <ins class=\"adsbygoogle\"\n        style=\"display:block;\"\n        data-ad-client=\"ca-pub-8022697607824667\"\n        data-ad-slot=\"6390767005\"\n        data-ad-format=\"auto\"\n        data-full-width-responsive=\"true\"><\/ins>\n    <script>\n    (adsbygoogle = window.adsbygoogle || []).push({});\n    <\/script><\/div>    <div class=\"gallery-grid-item\">\n        <p>\n                        <a href=\"https:\/\/www.justcolor.net\/fr\/wp-json\/wp\/v2\/pages\/?image=anti-stress__coloriage-adulte-anti-stress-jennifer-5__1\" title=\"un oiseau, des fleurs, et de la relaxation\">\n                <img\n                    alt=\"coloriage-adulte-anti-stress-jennifer-5\"\n                    src=\"https:\/\/www.justcolor.net\/fr\/wp-content\/uploads\/sites\/2\/nggallery\/anti-stress\/thumbs\/thumbs_coloriage-adulte-anti-stress-jennifer-5.jpg\"\n                    width=\"232\"\n                    height=\"300\"\n                \/>\n            <\/a>\n        <\/p>\n        <h3 class=\"ngg-thumb-title\">un oiseau, des fleurs, et de la relaxation<\/h3>\n\n            <\/div>\n    <div class=\"gallery-grid-item\">\n        <p>\n                        <a href=\"https:\/\/www.justcolor.net\/fr\/wp-json\/wp\/v2\/pages\/?image=anti-stress__coloriage-adulte-anti-stress-jennifer-4__1\" title=\"Un hibou zen, pour un coloriage relaxant !\">\n                <img\n                    alt=\"coloriage-adulte-anti-stress-jennifer-4\"\n                    src=\"https:\/\/www.justcolor.net\/fr\/wp-content\/uploads\/sites\/2\/nggallery\/anti-stress\/thumbs\/thumbs_coloriage-adulte-anti-stress-jennifer-4.jpg\"\n                    width=\"232\"\n                    height=\"300\"\n                \/>\n            <\/a>\n        <\/p>\n        <h3 class=\"ngg-thumb-title\">Un hibou zen, pour un coloriage relaxant !<\/h3>\n\n            <\/div>\n    <div class=\"gallery-grid-item\">\n        <p>\n                        <a href=\"https:\/\/www.justcolor.net\/fr\/wp-json\/wp\/v2\/pages\/?image=anti-stress__coloriage-adulte-anti-stress-jennifer-3__1\" title=\"Pour les curieux, voici un coloriages tr\u00e8s relaxant par Jennifer\">\n                <img\n                    alt=\"coloriage-adulte-anti-stress-jennifer-3\"\n                    src=\"https:\/\/www.justcolor.net\/fr\/wp-content\/uploads\/sites\/2\/nggallery\/anti-stress\/thumbs\/thumbs_coloriage-adulte-anti-stress-jennifer-3.jpg\"\n                    width=\"300\"\n                    height=\"232\"\n                \/>\n            <\/a>\n        <\/p>\n        <h3 class=\"ngg-thumb-title\">Pour les curieux, voici un coloriages tr\u00e8s relaxant par Jennifer<\/h3>\n\n            <\/div>\n    <div class=\"gallery-grid-item\">\n        <p>\n                        <a href=\"https:\/\/www.justcolor.net\/fr\/wp-json\/wp\/v2\/pages\/?image=anti-stress__coloriage-adulte-difficile-6__1\" title=\"Motifs psych\u00e9d\u00e9liques pour un Coloriage permettant une bonne d\u00e9tente. A r\u00e9aliser en prenant tout votre temps !\">\n                <img\n                    alt=\"coloriage-adulte-difficile-6\"\n                    src=\"https:\/\/www.justcolor.net\/fr\/wp-content\/uploads\/sites\/2\/nggallery\/anti-stress\/thumbs\/thumbs_coloriage-adulte-difficile-6.jpg\"\n                    width=\"300\"\n                    height=\"232\"\n                \/>\n            <\/a>\n        <\/p>\n        <h3 class=\"ngg-thumb-title\">Motifs psych\u00e9d\u00e9liques pour un Coloriage permettant une bonne d\u00e9tente. A r\u00e9aliser en prenant tout votre temps !<\/h3>\n\n            <\/div>\n    <div class=\"gallery-grid-item\">\n        <p>\n                        <a href=\"https:\/\/www.justcolor.net\/fr\/wp-json\/wp\/v2\/pages\/?image=anti-stress__coloriage-adulte-difficile-16__1\" title=\"Coloriage difficile avec nombreuses formes abstraites Aimez-vous ce coloriage ?\">\n                <img\n                    alt=\"coloriage-adulte-difficile-16\"\n                    src=\"https:\/\/www.justcolor.net\/fr\/wp-content\/uploads\/sites\/2\/nggallery\/anti-stress\/thumbs\/thumbs_coloriage-adulte-difficile-16.jpg\"\n                    width=\"300\"\n                    height=\"232\"\n                \/>\n            <\/a>\n        <\/p>\n        <h3 class=\"ngg-thumb-title\">Coloriage difficile avec nombreuses formes abstraites Aimez-vous ce coloriage ?<\/h3>\n\n            <\/div>\n<\/div>\n\n\n<script>\n(function() {\n    function jcGetLineClamp(el) {\n        var cs = window.getComputedStyle(el);\n        var clamp = parseInt(cs.getPropertyValue('-webkit-line-clamp') || cs.webkitLineClamp || '', 10);\n        return Number.isFinite(clamp) && clamp > 0 ? clamp : 6;\n    }\n\n    function jcGetLineHeight(el) {\n        var cs = window.getComputedStyle(el);\n        var lh = parseFloat(cs.lineHeight);\n        if (Number.isFinite(lh) && lh > 0) {\n            return lh;\n        }\n        var fs = parseFloat(cs.fontSize);\n        return (Number.isFinite(fs) && fs > 0) ? (fs * 1.35) : 18;\n    }\n\n    function jcClampTitleByWords(el) {\n        if (!el) return;\n\n        var original = (el.dataset.jcClampOriginal || el.textContent || '').trim();\n        if (!original) return;\n        el.dataset.jcClampOriginal = original;\n\n        \/\/ Reset first so we recompute correctly after resize.\n        el.textContent = original;\n\n        var lineHeight = jcGetLineHeight(el);\n        var maxLines = jcGetLineClamp(el);\n        var maxHeight = Math.ceil(lineHeight * maxLines) + 1;\n\n        if (el.scrollHeight <= maxHeight) {\n            return;\n        }\n\n        var words = original.split(\/\\s+\/).filter(Boolean);\n        if (!words.length) {\n            return;\n        }\n\n        var lo = 1;\n        var hi = words.length;\n        var best = 1;\n\n        while (lo <= hi) {\n            var mid = (lo + hi) >> 1;\n            var candidate = words.slice(0, mid).join(' ');\n            if (mid < words.length) {\n                candidate += '...';\n            }\n            el.textContent = candidate;\n\n            if (el.scrollHeight <= maxHeight) {\n                best = mid;\n                lo = mid + 1;\n            } else {\n                hi = mid - 1;\n            }\n        }\n\n        var finalText = words.slice(0, best).join(' ');\n        if (best < words.length) {\n            finalText += '...';\n        }\n        el.textContent = finalText;\n\n        \/\/ Safety pass for edge rounding (fonts \/ subpixel).\n        while (best > 1 && el.scrollHeight > maxHeight) {\n            best -= 1;\n            el.textContent = words.slice(0, best).join(' ') + '...';\n        }\n    }\n\n    function jcClampNggThumbTitles(root) {\n        var scope = root && root.querySelectorAll ? root : document;\n        var nodes = scope.querySelectorAll('.gallery-grid-item > h3.ngg-thumb-title, .grid-item > h3.ngg-thumb-title');\n        for (var i = 0; i < nodes.length; i++) {\n            jcClampTitleByWords(nodes[i]);\n        }\n    }\n\n    if (!window.__jcNggWordClampBound) {\n        window.__jcNggWordClampBound = true;\n\n        var resizeTimer = null;\n        window.addEventListener('resize', function() {\n            if (resizeTimer) {\n                window.clearTimeout(resizeTimer);\n            }\n            resizeTimer = window.setTimeout(function() {\n                jcClampNggThumbTitles(document);\n            }, 120);\n        });\n\n        if (document.fonts && document.fonts.ready && typeof document.fonts.ready.then === 'function') {\n            document.fonts.ready.then(function() {\n                jcClampNggThumbTitles(document);\n            });\n        }\n    }\n\n    jcClampNggThumbTitles(document);\n})();\n<\/script>\n\n    <div class='ngg-clear'><\/div>\n<div class=\"ngg-clear\" style=\"padding-bottom:50px\"><\/div>\n\n","protected":false},"excerpt":{"rendered":"<p>Jennifer Stay de \u00ab\u00a0Fleurs et motifs\u00a0\u00bb \u00e9tait l&rsquo;une de nos premi\u00e8res artistes partenaires. <\/p>\n<p>Elle s&rsquo;est tourn\u00e9 vers le dessin et le coloriage il y a plusieurs ann\u00e9es car c&rsquo;\u00e9tait pour elle un moyen de faire face \u00e0 la douleur chronique. Elle a lanc\u00e9 sa marque \u00a0\u00bb Coloriage Bliss \u00a0\u00bb en 2013. Pour elle, c&rsquo;est une fa\u00e7on de partager son art avec le monde et d&rsquo;aider les autres \u00e0 d\u00e9couvrir le pouvoir de l&rsquo;art de gu\u00e9rir , de conforter et d&rsquo;apporter de la joie.<\/p>\n<p>Elle a publi\u00e9 un livre de coloriage et travaille actuellement sur \u200b\u200bde nouvelles \u00e9ditions. Vous pouvez voir son livre et t\u00e9l\u00e9charger des fichiers PDF en haute r\u00e9solution de ses pages \u00e0 colorier sur son <a href=\"http:\/\/www.coloringpagesbliss.com\/\" target=\"_blank\" rel=\"noopener noreferrer\">site Web.<\/a><\/p>\n<p>Vous pouvez \u00e9galement la suivre sur <a href=\"https:\/\/www.facebook.com\/ColoringPagesBliss\/\" target=\"_blank\" rel=\"noopener noreferrer\">Facebook<\/a> et sur <a href=\"https:\/\/www.pinterest.com\/coloringbliss\/\" target=\"_blank\" rel=\"noopener noreferrer\">Pinterest<\/a>.<\/p>\n","protected":false},"author":229,"featured_media":6202,"parent":6658,"menu_order":0,"comment_status":"closed","ping_status":"closed","template":"","meta":{"ngg_post_thumbnail":0,"footnotes":""},"tags":[417],"class_list":{"0":"post-6179","1":"page","2":"type-page","3":"status-publish","4":"has-post-thumbnail","6":"tag-pgartist"},"_links":{"self":[{"href":"https:\/\/www.justcolor.net\/fr\/wp-json\/wp\/v2\/pages\/6179","targetHints":{"allow":["GET"]}}],"collection":[{"href":"https:\/\/www.justcolor.net\/fr\/wp-json\/wp\/v2\/pages"}],"about":[{"href":"https:\/\/www.justcolor.net\/fr\/wp-json\/wp\/v2\/types\/page"}],"author":[{"embeddable":true,"href":"https:\/\/www.justcolor.net\/fr\/wp-json\/wp\/v2\/users\/229"}],"replies":[{"embeddable":true,"href":"https:\/\/www.justcolor.net\/fr\/wp-json\/wp\/v2\/comments?post=6179"}],"version-history":[{"count":0,"href":"https:\/\/www.justcolor.net\/fr\/wp-json\/wp\/v2\/pages\/6179\/revisions"}],"up":[{"embeddable":true,"href":"https:\/\/www.justcolor.net\/fr\/wp-json\/wp\/v2\/pages\/6658"}],"wp:featuredmedia":[{"embeddable":true,"href":"https:\/\/www.justcolor.net\/fr\/wp-json\/wp\/v2\/media\/6202"}],"wp:attachment":[{"href":"https:\/\/www.justcolor.net\/fr\/wp-json\/wp\/v2\/media?parent=6179"}],"wp:term":[{"taxonomy":"post_tag","embeddable":true,"href":"https:\/\/www.justcolor.net\/fr\/wp-json\/wp\/v2\/tags?post=6179"}],"curies":[{"name":"wp","href":"https:\/\/api.w.org\/{rel}","templated":true}]}}