{"id":63,"date":"2014-03-04T12:05:59","date_gmt":"2014-03-04T11:05:59","guid":{"rendered":"https:\/\/www.justcolor.net\/fr\/?page_id=63"},"modified":"2024-09-18T09:20:32","modified_gmt":"2024-09-18T07:20:32","slug":"coloriages-difficiles-pour-adultes-gratuits-a-imprimer","status":"publish","type":"page","link":"https:\/\/www.justcolor.net\/fr\/","title":{"rendered":"Coloriages difficiles pour adultes et enfants"},"content":{"rendered":"","protected":false},"excerpt":{"rendered":"<div class='no-ads'>\n<div class='supgal no-ads'>\n<div class='supgalimgtxt'><a href='https:\/\/www.justcolor.net\/fr\/coloriage-mandalas\/' title='Coloriages Mandalas \u00e0 imprimer pour adultes'><img src='\/wp-content\/common\/images\/supergalleries\/relax_w.webp' alt='Coloriages Mandalas \u00e0 imprimer pour adultes' class='supgalimg' width='354' height='159'><\/a><\/p>\n<h2 class='supgaltxt' style='font-size:22px'><a href='https:\/\/www.justcolor.net\/fr\/coloriage-mandalas\/' title='Coloriages Mandalas \u00e0 imprimer pour adultes' style='color:white'>Mandalas<\/a><\/h2>\n<\/div>\n<div class='linkhp'>\n<div style='color:gray;padding-top:5px;'><a href='https:\/\/www.justcolor.net\/fr\/coloriage-mandalas\/' title='Coloriages Mandalas \u00e0 imprimer pour adultes'>Coloriages de Mandalas complexes dans divers styles<\/a><\/div>\n<\/div>\n<\/div>\n<div class='supgal no-ads'>\n<div class='supgalimgtxt'><a href='https:\/\/www.justcolor.net\/fr\/anti-stress\/' title='Coloriages Art-th\u00e9rapie \u00e0 imprimer pour adultes'><img src='\/wp-content\/common\/images\/supergalleries\/arttherapy_w.webp' alt='Coloriages Art-th\u00e9rapie \u00e0 imprimer pour adultes' class='supgalimg' width='354' height='159'><\/a><\/p>\n<h2 class='supgaltxt' style='font-size:22px'><a href='https:\/\/www.justcolor.net\/fr\/anti-stress\/' title='Coloriages Art-th\u00e9rapie \u00e0 imprimer pour adultes' style='color:white'>Art-th\u00e9rapie<\/a><\/h2>\n<\/div>\n<div class='linkhp'><a href='https:\/\/www.justcolor.net\/fr\/anti-stress\/coloriage-anti-stress-zen\/' title='Coloriages Anti-stress \u00e0 imprimer pour adultes'>Anti-stress<\/a>, <a href='https:\/\/www.justcolor.net\/fr\/anti-stress\/attrape-reves-dreamcatchers\/' title='Coloriages Attrape-r\u00eaves \u00e0 imprimer pour adultes'>Attrape-r\u00eaves<\/a>, <a href='https:\/\/www.justcolor.net\/fr\/anti-stress\/citations-inspirantes-et-phrases-zen-en-francais\/' title='Coloriages Citations inspirantes et Phrases Zen \u00e0 imprimer pour adultes'>Citations inspirantes et Phrases Zen<\/a>, <a href='https:\/\/www.justcolor.net\/fr\/anti-stress\/coloriage-cup-cakes\/' title='Coloriages Cupcakes et g\u00e2teaux \u00e0 imprimer pour adultes'>Cupcakes et g\u00e2teaux<\/a>, <a href='https:\/\/www.justcolor.net\/fr\/anti-stress\/doodling-doodles-gribouillage\/' title='Coloriages Doodles \u00e0 imprimer pour adultes'>Doodles<\/a>, <a href='https:\/\/www.justcolor.net\/fr\/anti-stress\/coloriage-inclassable\/' title='Coloriages Inclassables \u00e0 imprimer pour adultes'>Inclassables<\/a>, <a href='https:\/\/www.justcolor.net\/fr\/anti-stress\/insultes-et-gros-mots-pour-destresser-en-francais\/' title='Coloriages Insultes et Gros mots pour d\u00e9stresser \u00e0 imprimer pour adultes'>Insultes et Gros mots pour d\u00e9stresser<\/a>, <a href='https:\/\/www.justcolor.net\/fr\/anti-stress\/jardins-merveilleux\/' title='Coloriages Jardins merveilleux \u00e0 imprimer pour adultes'>Jardins merveilleux<\/a>, <a href='https:\/\/www.justcolor.net\/fr\/anti-stress\/jardins-merveilleux\/' title='Coloriages Jardins merveilleux \u00e0 imprimer pour adultes'>Jardins merveilleux<\/a>, <a href='https:\/\/www.justcolor.net\/fr\/anti-stress\/keep-calm\/' title='Coloriages Keep calm and \u2026 \u00e0 imprimer pour adultes'>Keep calm and \u2026<\/a>, <a href='https:\/\/www.justcolor.net\/fr\/anti-stress\/pin-up-annees-50\/' title='Coloriages Pin up ann\u00e9es 50 \u00e0 imprimer pour adultes'>Pin up ann\u00e9es 50<\/a>, <a href='https:\/\/www.justcolor.net\/fr\/anti-stress\/poupees-russes\/' title='Coloriages Poup\u00e9es russes \u00e0 imprimer pour adultes'>Poup\u00e9es russes<\/a> &#8230;<\/div>\n<\/div>\n<div class='supgal no-ads'>\n<div class='supgalimgtxt'><a href='https:\/\/www.justcolor.net\/fr\/evenements\/' title='Coloriages \u00c9v\u00e9nements sp\u00e9ciaux \u00e0 imprimer pour adultes'><img src='\/wp-content\/common\/images\/supergalleries\/events_w.webp' alt='Coloriages \u00c9v\u00e9nements sp\u00e9ciaux \u00e0 imprimer pour adultes' class='supgalimg' width='354' height='159'><\/a><\/p>\n<h2 class='supgaltxt' style='font-size:22px'><a href='https:\/\/www.justcolor.net\/fr\/evenements\/' title='Coloriages \u00c9v\u00e9nements sp\u00e9ciaux \u00e0 imprimer pour adultes' style='color:white'>\u00c9v\u00e9nements sp\u00e9ciaux<\/a><\/h2>\n<\/div>\n<div class='linkhp'><a href='https:\/\/www.justcolor.net\/fr\/evenements\/coloriage-carnaval\/' title='Coloriages Carnaval \u00e0 imprimer pour adultes'>Carnaval<\/a>, <a href='https:\/\/www.justcolor.net\/fr\/evenements\/coloriage-el-dia-de-los-muertos\/' title='Coloriages El Dia de los Muertos \u00e0 imprimer pour adultes'>El Dia de los Muertos<\/a>, <a href='https:\/\/www.justcolor.net\/fr\/evenements\/halloween\/' title='Coloriages Halloween \u00e0 imprimer pour adultes'>Halloween<\/a>, <a href='https:\/\/www.justcolor.net\/fr\/evenements\/coloriage-jour-de-la-terre\/' title='Coloriages Jour de la Terre \u00e0 imprimer pour adultes'>Jour de la Terre<\/a>, <a href='https:\/\/www.justcolor.net\/fr\/evenements\/noel\/' title='Coloriages No\u00ebl \u00e0 imprimer pour adultes'>No\u00ebl<\/a>, <a href='https:\/\/www.justcolor.net\/fr\/evenements\/coloriage-nouvel-an-chinois\/' title='Coloriages Nouvel an chinois \u00e0 imprimer pour adultes'>Nouvel an chinois<\/a>, <a href='https:\/\/www.justcolor.net\/fr\/evenements\/nouvelle-annee\/' title='Coloriages Nouvelle ann\u00e9e \u00e0 imprimer pour adultes'>Nouvelle ann\u00e9e<\/a>, <a href='https:\/\/www.justcolor.net\/fr\/evenements\/paques\/' title='Coloriages P\u00e2ques \u00e0 imprimer pour adultes'>P\u00e2ques<\/a>, <a href='https:\/\/www.justcolor.net\/fr\/evenements\/saint-patrick\/' title='Coloriages Saint Patrick \u00e0 imprimer pour adultes'>Saint Patrick<\/a>, <a href='https:\/\/www.justcolor.net\/fr\/evenements\/coloriage-saint-valentin\/' title='Coloriages Saint Valentin \u00e0 imprimer pour adultes'>Saint Valentin<\/a>, <a href='https:\/\/www.justcolor.net\/fr\/evenements\/sport-jeux-olympiques\/' title='Coloriages Sport \/ Jeux Olympiques \u00e0 imprimer pour adultes'>Sport \/ Jeux Olympiques<\/a>, <a href='https:\/\/www.justcolor.net\/fr\/evenements\/thanksgiving\/' title='Coloriages Thanksgiving \u00e0 imprimer pour adultes'>Thanksgiving<\/a><\/div>\n<\/div>\n<div class='supgal no-ads'>\n<div class='supgalimgtxt'><a href='https:\/\/www.justcolor.net\/fr\/animaux\/' title='Coloriages Animaux \u00e0 imprimer pour adultes'><img src='\/wp-content\/common\/images\/supergalleries\/animals_w.webp' alt='Coloriages Animaux \u00e0 imprimer pour adultes' class='supgalimg' width='354' height='159'><\/a><\/p>\n<h2 class='supgaltxt' style='font-size:22px'><a href='https:\/\/www.justcolor.net\/fr\/animaux\/' title='Coloriages Animaux \u00e0 imprimer pour adultes' style='color:white'>Animaux<\/a><\/h2>\n<\/div>\n<div class='linkhp'><a href='https:\/\/www.justcolor.net\/fr\/nature\/animaux\/coloriages-cameleons-et-lezards\/' title='Coloriages Cam\u00e9l\u00e9ons et l\u00e9zards \u00e0 imprimer pour adultes'>Cam\u00e9l\u00e9ons et l\u00e9zards<\/a>, <a href='https:\/\/www.justcolor.net\/fr\/nature\/animaux\/coloriages-cerfs\/' title='Coloriages Cerfs \u00e0 imprimer pour adultes'>Cerfs<\/a>, <a href='https:\/\/www.justcolor.net\/fr\/nature\/animaux\/coloriages-chameaux-et-dromadaires\/' title='Coloriages Chameaux et Dromadaires \u00e0 imprimer pour adultes'>Chameaux et Dromadaires<\/a>, <a href='https:\/\/www.justcolor.net\/fr\/nature\/animaux\/coloriages-chats\/' title='Coloriages Chats \u00e0 imprimer pour adultes'>Chats<\/a>, <a href='https:\/\/www.justcolor.net\/fr\/nature\/animaux\/coloriages-chevaux\/' title='Coloriages Chevaux \u00e0 imprimer pour adultes'>Chevaux<\/a>, <a href='https:\/\/www.justcolor.net\/fr\/nature\/animaux\/coloriages-chiens\/' title='Coloriages Chiens \u00e0 imprimer pour adultes'>Chiens<\/a>, <a href='https:\/\/www.justcolor.net\/fr\/nature\/animaux\/cochons\/' title='Coloriages Cochons \u00e0 imprimer pour adultes'>Cochons<\/a>, <a href='https:\/\/www.justcolor.net\/fr\/nature\/animaux\/crocodile\/' title='Coloriages Crocodile \u00e0 imprimer pour adultes'>Crocodile<\/a>, <a href='https:\/\/www.justcolor.net\/fr\/nature\/animaux\/dauphins\/' title='Coloriages Dauphins \u00e0 imprimer pour adultes'>Dauphins<\/a>, <a href='https:\/\/www.justcolor.net\/fr\/nature\/animaux\/coloriages-ecureuils-et-rongeurs\/' title='Coloriages Ecureuils et rongeurs \u00e0 imprimer pour adultes'>Ecureuils et rongeurs<\/a>, <a href='https:\/\/www.justcolor.net\/fr\/nature\/animaux\/coloriages-elephants\/' title='Coloriages \u00c9l\u00e9phants \u00e0 imprimer pour adultes'>\u00c9l\u00e9phants<\/a>, <a href='https:\/\/www.justcolor.net\/fr\/nature\/animaux\/faons\/' title='Coloriages Faons \u00e0 imprimer pour adultes'>Faons<\/a>, <a href='https:\/\/www.justcolor.net\/fr\/nature\/animaux\/flamants-roses\/' title='Coloriages Flamants roses \u00e0 imprimer pour adultes'>Flamants roses<\/a>, <a href='https:\/\/www.justcolor.net\/fr\/nature\/animaux\/coloriages-giraffes\/' title='Coloriages Girafes \u00e0 imprimer pour adultes'>Girafes<\/a>, <a href='https:\/\/www.justcolor.net\/fr\/nature\/animaux\/coloriages-grenouilles\/' title='Coloriages Grenouilles \u00e0 imprimer pour adultes'>Grenouilles<\/a>, <a href='https:\/\/www.justcolor.net\/fr\/nature\/animaux\/coloriages-hiboux\/' title='Coloriages Hiboux \u00e0 imprimer pour adultes'>Hiboux<\/a>, <a href='https:\/\/www.justcolor.net\/fr\/nature\/animaux\/koalas\/' title='Coloriages Koalas \u00e0 imprimer pour adultes'>Koalas<\/a>, <a href='https:\/\/www.justcolor.net\/fr\/nature\/animaux\/lamas\/' title='Coloriages Lamas \u00e0 imprimer pour adultes'>Lamas<\/a>, <a href='https:\/\/www.justcolor.net\/fr\/nature\/animaux\/lapins\/' title='Coloriages Lapins \u00e0 imprimer pour adultes'>Lapins<\/a>, <a href='https:\/\/www.justcolor.net\/fr\/nature\/animaux\/lapins\/' title='Coloriages Lapins \u00e0 imprimer pour adultes'>Lapins<\/a>, <a href='https:\/\/www.justcolor.net\/fr\/nature\/animaux\/coloriages-lions\/' title='Coloriages Lions \u00e0 imprimer pour adultes'>Lions<\/a>, <a href='https:\/\/www.justcolor.net\/fr\/nature\/animaux\/coloriages-loups\/' title='Coloriages Loups \u00e0 imprimer pour adultes'>Loups<\/a> &#8230;<\/div>\n<\/div>\n<div class='supgal no-ads'>\n<div class='supgalimgtxt'><a href='https:\/\/www.justcolor.net\/fr\/nature\/' title='Coloriages Nature \u00e0 imprimer pour adultes'><img src='\/wp-content\/common\/images\/supergalleries\/nature_w.webp' alt='Coloriages Nature \u00e0 imprimer pour adultes' class='supgalimg' width='354' height='159'><\/a><\/p>\n<h2 class='supgaltxt' style='font-size:22px'><a href='https:\/\/www.justcolor.net\/fr\/nature\/' title='Coloriages Nature \u00e0 imprimer pour adultes' style='color:white'>Nature<\/a><\/h2>\n<\/div>\n<div class='linkhp'><a href='https:\/\/www.justcolor.net\/fr\/nature\/coloriages-dinosaures\/' title='Coloriages Dinosaures \u00e0 imprimer pour adultes'>Dinosaures<\/a>, <a href='https:\/\/www.justcolor.net\/fr\/nature\/coloriage-fleurs-et-vegetation\/' title='Coloriages Fleurs et v\u00e9g\u00e9tation \u00e0 imprimer pour adultes'>Fleurs et v\u00e9g\u00e9tation<\/a>, <a href='https:\/\/www.justcolor.net\/fr\/nature\/coloriage-jungle-foret\/' title='Coloriages Jungle et For\u00eat \u00e0 imprimer pour adultes'>Jungle et For\u00eat<\/a>, <a href='https:\/\/www.justcolor.net\/fr\/nature\/mondes-aquatiques\/' title='Coloriages Mondes aquatiques \u00e0 imprimer pour adultes'>Mondes aquatiques<\/a>, <a href='https:\/\/www.justcolor.net\/fr\/nature\/coloriage-insectes-animaux\/' title='Coloriages Papillons &amp; insectes \u00e0 imprimer pour adultes'>Papillons &amp; insectes<\/a>, <a href='https:\/\/www.justcolor.net\/fr\/nature\/coloriage-de-paysages\/' title='Coloriages Paysages \u00e0 imprimer pour adultes'>Paysages<\/a><\/div>\n<\/div>\n<div class='supgal no-ads'>\n<div class='supgalimgtxt'><a href='https:\/\/www.justcolor.net\/fr\/voyages\/' title='Coloriages Voyages \u00e0 imprimer pour adultes'><img src='\/wp-content\/common\/images\/supergalleries\/travel_w.webp' alt='Coloriages Voyages \u00e0 imprimer pour adultes' class='supgalimg' width='354' height='159'><\/a><\/p>\n<h2 class='supgaltxt' style='font-size:22px'><a href='https:\/\/www.justcolor.net\/fr\/voyages\/' title='Coloriages Voyages \u00e0 imprimer pour adultes' style='color:white'>Voyages<\/a><\/h2>\n<\/div>\n<div class='linkhp'><a href='https:\/\/www.justcolor.net\/fr\/voyages\/coloriage-afrique\/' title='Coloriages Afrique \u00e0 imprimer pour adultes'>Afrique<\/a>, <a href='https:\/\/www.justcolor.net\/fr\/voyages\/coloriage-chine-asie\/' title='Coloriages Chine \/ Asie \u00e0 imprimer pour adultes'>Chine \/ Asie<\/a>, <a href='https:\/\/www.justcolor.net\/fr\/voyages\/coloriage-egypte-et-hieroglyphes\/' title='Coloriages Egypte \u00e0 imprimer pour adultes'>Egypte<\/a>, <a href='https:\/\/www.justcolor.net\/fr\/voyages\/grece-antique\/' title='Coloriages Gr\u00eace antique &amp; Mythologie grecque \u00e0 imprimer pour adultes'>Gr\u00eace antique &amp; Mythologie grecque<\/a>, <a href='https:\/\/www.justcolor.net\/fr\/voyages\/coloriage-inde-bollywood\/' title='Coloriages Inde &#038; Bollywood \u00e0 imprimer pour adultes'>Inde &#038; Bollywood<\/a>, <a href='https:\/\/www.justcolor.net\/fr\/voyages\/indiens-d-amerique\/' title='Coloriages Indiens d'Am\u00e9rique \u00e0 imprimer pour adultes'>Indiens d&rsquo;Am\u00e9rique<\/a>, <a href='https:\/\/www.justcolor.net\/fr\/voyages\/coloriage-japon\/' title='Coloriages Japon \u00e0 imprimer pour adultes'>Japon<\/a>, <a href='https:\/\/www.justcolor.net\/fr\/voyages\/mayas-azteques-incas\/' title='Coloriages Mayas, Azt\u00e8ques et Incas \u00e0 imprimer pour adultes'>Mayas, Azt\u00e8ques et Incas<\/a>, <a href='https:\/\/www.justcolor.net\/fr\/voyages\/coloriage-new-york\/' title='Coloriages New York \u00e0 imprimer pour adultes'>New York<\/a>, <a href='https:\/\/www.justcolor.net\/fr\/voyages\/coloriage-orient-et-1001-nuits\/' title='Coloriages Orient et 1001 Nuits \u00e0 imprimer pour adultes'>Orient et 1001 Nuits<\/a>, <a href='https:\/\/www.justcolor.net\/fr\/voyages\/coloriage-paris\/' title='Coloriages Paris \u00e0 imprimer pour adultes'>Paris<\/a>, <a href='https:\/\/www.justcolor.net\/fr\/voyages\/architecture-habitation\/' title='Coloriages Pays, villes et architecture \u00e0 imprimer pour adultes'>Pays, villes et architecture<\/a>, <a href='https:\/\/www.justcolor.net\/fr\/voyages\/coloriage-tibet\/' title='Coloriages Tibet \u00e0 imprimer pour adultes'>Tibet<\/a><\/div>\n<\/div>\n<div class='supgal no-ads'>\n<div class='supgalimgtxt'><a href='https:\/\/www.justcolor.net\/fr\/art\/' title='Coloriages Art \u00e0 imprimer pour adultes'><img src='\/wp-content\/common\/images\/supergalleries\/art_w.webp' alt='Coloriages Art \u00e0 imprimer pour adultes' class='supgalimg' width='354' height='159'><\/a><\/p>\n<h2 class='supgaltxt' style='font-size:22px'><a href='https:\/\/www.justcolor.net\/fr\/art\/' title='Coloriages Art \u00e0 imprimer pour adultes' style='color:white'>Art<\/a><\/h2>\n<\/div>\n<div class='linkhp'><a href='https:\/\/www.justcolor.net\/fr\/art\/coloriage-art-brut\/' title='Coloriages Art brut \u00e0 imprimer pour adultes'>Art brut<\/a>, <a href='https:\/\/www.justcolor.net\/fr\/art\/art-celtique\/' title='Coloriages Art Celtique \u00e0 imprimer pour adultes'>Art Celtique<\/a>, <a href='https:\/\/www.justcolor.net\/fr\/art\/coloriage-art-deco\/' title='Coloriages Art D\u00e9co \u00e0 imprimer pour adultes'>Art D\u00e9co<\/a>, <a href='https:\/\/www.justcolor.net\/fr\/art\/art-mauresque\/' title='Coloriages Art Mauresque \u00e0 imprimer pour adultes'>Art Mauresque<\/a>, <a href='https:\/\/www.justcolor.net\/fr\/art\/coloriage-art-nouveau\/' title='Coloriages Art Nouveau \u00e0 imprimer pour adultes'>Art Nouveau<\/a>, <a href='https:\/\/www.justcolor.net\/fr\/art\/coloriage-op-art-illusion-optique\/' title='Coloriages Art Optique \u00e0 imprimer pour adultes'>Art Optique<\/a>, <a href='https:\/\/www.justcolor.net\/fr\/art\/azulejos\/' title='Coloriages Azulejos \u00e0 imprimer pour adultes'>Azulejos<\/a>, <a href='https:\/\/www.justcolor.net\/fr\/art\/coloriage-art\/' title='Coloriages Chefs d\u2019\u0153uvres \u00e0 imprimer pour adultes'>Chefs d\u2019\u0153uvres<\/a>, <a href='https:\/\/www.justcolor.net\/fr\/art\/gravures\/' title='Coloriages Gravures \u00e0 imprimer pour adultes'>Gravures<\/a>, <a href='https:\/\/www.justcolor.net\/fr\/art\/coloriage-mode-vetements\/' title='Coloriages Mode, v\u00eatements et bijoux \u00e0 imprimer pour adultes'>Mode, v\u00eatements et bijoux<\/a>, <a href='https:\/\/www.justcolor.net\/fr\/art\/arts-and-crafts-movement\/' title='Coloriages Mouvement Arts and Crafts \u00e0 imprimer pour adultes'>Mouvement Arts and Crafts<\/a>, <a href='https:\/\/www.justcolor.net\/fr\/art\/coloriage-pop-art\/' title='Coloriages Pop art \u00e0 imprimer pour adultes'>Pop art<\/a>, <a href='https:\/\/www.justcolor.net\/fr\/art\/coloriage-tags-graffitis\/' title='Coloriages Tags et Graffitis \u00e0 imprimer pour adultes'>Tags et Graffitis<\/a>, <a href='https:\/\/www.justcolor.net\/fr\/art\/coloriage-tatoo\/' title='Coloriages Tatouages \u00e0 imprimer pour adultes'>Tatouages<\/a><\/div>\n<\/div>\n<div class='supgal no-ads'>\n<div class='supgalimgtxt'><a href='https:\/\/www.justcolor.net\/fr\/histoires\/' title='Coloriages Histoire et l\u00e9gendes \u00e0 imprimer pour adultes'><img src='\/wp-content\/common\/images\/supergalleries\/history_w.webp' alt='Coloriages Histoire et l\u00e9gendes \u00e0 imprimer pour adultes' class='supgalimg' width='354' height='159'><\/a><\/p>\n<h2 class='supgaltxt' style='font-size:22px'><a href='https:\/\/www.justcolor.net\/fr\/histoires\/' title='Coloriages Histoire et l\u00e9gendes \u00e0 imprimer pour adultes' style='color:white'>Histoire et l\u00e9gendes<\/a><\/h2>\n<\/div>\n<div class='linkhp'><a href='https:\/\/www.justcolor.net\/fr\/histoires\/contes-de-fees\/' title='Coloriages Contes de f\u00e9es \u00e0 imprimer pour adultes'>Contes de f\u00e9es<\/a>, <a href='https:\/\/www.justcolor.net\/fr\/histoires\/coloriage-dragons\/' title='Coloriages Dragons \u00e0 imprimer pour adultes'>Dragons<\/a>, <a href='https:\/\/www.justcolor.net\/fr\/histoires\/coloriage-affiches-de-films-celebres\/' title='Coloriages Films c\u00e9l\u00e8bres \u00e0 imprimer pour adultes'>Films c\u00e9l\u00e8bres<\/a>, <a href='https:\/\/www.justcolor.net\/fr\/histoires\/coloriage-licornes\/' title='Coloriages Licornes \u00e0 imprimer pour adultes'>Licornes<\/a>, <a href='https:\/\/www.justcolor.net\/fr\/histoires\/coloriages-livres-comics\/' title='Coloriages Livres et Comics \u00e0 imprimer pour adultes'>Livres et Comics<\/a>, <a href='https:\/\/www.justcolor.net\/fr\/histoires\/manga\/' title='Coloriages Mangas \/ Anim\u00e9s \u00e0 imprimer pour adultes'>Mangas \/ Anim\u00e9s<\/a>, <a href='https:\/\/www.justcolor.net\/fr\/histoires\/moyen-age\/' title='Coloriages Moyen \u00c2ge \u00e0 imprimer pour adultes'>Moyen \u00c2ge<\/a>, <a href='https:\/\/www.justcolor.net\/fr\/histoires\/coloriage-mythes-legendes\/' title='Coloriages Mythes et l\u00e9gendes \u00e0 imprimer pour adultes'>Mythes et l\u00e9gendes<\/a>, <a href='https:\/\/www.justcolor.net\/fr\/histoires\/rois-reines\/' title='Coloriages Rois et Reines \u00e0 imprimer pour adultes'>Rois et Reines<\/a>, <a href='https:\/\/www.justcolor.net\/fr\/histoires\/coloriage-series-tv\/' title='Coloriages S\u00e9ries TV \u00e0 imprimer pour adultes'>S\u00e9ries TV<\/a>, <a href='https:\/\/www.justcolor.net\/fr\/histoires\/coloriage-sirenes\/' title='Coloriages Sir\u00e8nes \u00e0 imprimer pour adultes'>Sir\u00e8nes<\/a>, <a href='https:\/\/www.justcolor.net\/fr\/histoires\/coloriage-vitraux\/' title='Coloriages Vitraux \u00e0 imprimer pour adultes'>Vitraux<\/a><\/div>\n<\/div>\n<\/div>\n","protected":false},"author":1,"featured_media":0,"parent":0,"menu_order":0,"comment_status":"closed","ping_status":"closed","template":"page-hp2.php","meta":{"ngg_post_thumbnail":0,"footnotes":""},"tags":[],"class_list":["post-63","page","type-page","status-publish"],"_links":{"self":[{"href":"https:\/\/www.justcolor.net\/fr\/wp-json\/wp\/v2\/pages\/63","targetHints":{"allow":["GET"]}}],"collection":[{"href":"https:\/\/www.justcolor.net\/fr\/wp-json\/wp\/v2\/pages"}],"about":[{"href":"https:\/\/www.justcolor.net\/fr\/wp-json\/wp\/v2\/types\/page"}],"author":[{"embeddable":true,"href":"https:\/\/www.justcolor.net\/fr\/wp-json\/wp\/v2\/users\/1"}],"replies":[{"embeddable":true,"href":"https:\/\/www.justcolor.net\/fr\/wp-json\/wp\/v2\/comments?post=63"}],"version-history":[{"count":0,"href":"https:\/\/www.justcolor.net\/fr\/wp-json\/wp\/v2\/pages\/63\/revisions"}],"wp:attachment":[{"href":"https:\/\/www.justcolor.net\/fr\/wp-json\/wp\/v2\/media?parent=63"}],"wp:term":[{"taxonomy":"post_tag","embeddable":true,"href":"https:\/\/www.justcolor.net\/fr\/wp-json\/wp\/v2\/tags?post=63"}],"curies":[{"name":"wp","href":"https:\/\/api.w.org\/{rel}","templated":true}]}}