{"id":7156,"date":"2016-12-06T18:36:27","date_gmt":"2016-12-06T17:36:27","guid":{"rendered":"https:\/\/www.justcolor.net\/fr\/?page_id=7156"},"modified":"2018-02-07T13:07:50","modified_gmt":"2018-02-07T12:07:50","slug":"fetes","status":"publish","type":"page","link":"https:\/\/www.justcolor.net\/fr\/evenements\/fetes\/","title":{"rendered":"F\u00eates"},"content":{"rendered":"<p>Les coloriages de cette galerie ont \u00e9t\u00e9 r\u00e9partis au sein de <a href=\"https:\/\/www.justcolor.net\/fr\/evenements\/\">plusieurs galeries d\u00e9di\u00e9es<\/a>.<\/p>\n","protected":false},"excerpt":{"rendered":"<p>Les coloriages de cette galerie ont \u00e9t\u00e9 r\u00e9partis au sein de plusieurs galeries d\u00e9di\u00e9es.<\/p>\n","protected":false},"author":1,"featured_media":7170,"parent":7164,"menu_order":0,"comment_status":"closed","ping_status":"closed","template":"","meta":{"ngg_post_thumbnail":0,"footnotes":""},"tags":[442],"class_list":{"0":"post-7156","1":"page","2":"type-page","3":"status-publish","4":"has-post-thumbnail","6":"tag-gallery"},"_links":{"self":[{"href":"https:\/\/www.justcolor.net\/fr\/wp-json\/wp\/v2\/pages\/7156","targetHints":{"allow":["GET"]}}],"collection":[{"href":"https:\/\/www.justcolor.net\/fr\/wp-json\/wp\/v2\/pages"}],"about":[{"href":"https:\/\/www.justcolor.net\/fr\/wp-json\/wp\/v2\/types\/page"}],"author":[{"embeddable":true,"href":"https:\/\/www.justcolor.net\/fr\/wp-json\/wp\/v2\/users\/1"}],"replies":[{"embeddable":true,"href":"https:\/\/www.justcolor.net\/fr\/wp-json\/wp\/v2\/comments?post=7156"}],"version-history":[{"count":0,"href":"https:\/\/www.justcolor.net\/fr\/wp-json\/wp\/v2\/pages\/7156\/revisions"}],"up":[{"embeddable":true,"href":"https:\/\/www.justcolor.net\/fr\/wp-json\/wp\/v2\/pages\/7164"}],"wp:featuredmedia":[{"embeddable":true,"href":"https:\/\/www.justcolor.net\/fr\/wp-json\/wp\/v2\/media\/7170"}],"wp:attachment":[{"href":"https:\/\/www.justcolor.net\/fr\/wp-json\/wp\/v2\/media?parent=7156"}],"wp:term":[{"taxonomy":"post_tag","embeddable":true,"href":"https:\/\/www.justcolor.net\/fr\/wp-json\/wp\/v2\/tags?post=7156"}],"curies":[{"name":"wp","href":"https:\/\/api.w.org\/{rel}","templated":true}]}}