{"id":7164,"date":"2016-12-06T18:34:24","date_gmt":"2016-12-06T17:34:24","guid":{"rendered":"https:\/\/www.justcolor.net\/fr\/?page_id=7164"},"modified":"2019-06-06T16:22:33","modified_gmt":"2019-06-06T14:22:33","slug":"evenements","status":"publish","type":"page","link":"https:\/\/www.justcolor.net\/fr\/evenements\/","title":{"rendered":"\u00c9v\u00e9nements sp\u00e9ciaux"},"content":{"rendered":"<div class=\"gallery-grid\">\n    <div class=\"gallery-grid-item\">\n        <div class=\"ngg-album-link\">\n            <a class=\"gallery_link\" href=\"https:\/\/www.justcolor.net\/fr\/evenements\/sport-jeux-olympiques\/\" title=\"Coloriages de Sport \u00e0 imprimer pour adultes\">\n                <img class=\"Thumb\"\n                     alt=\"Coloriages de Sport \u00e0 imprimer pour adultes\"\n                     src=\"https:\/\/www.justcolor.net\/fr\/wp-content\/uploads\/sites\/2\/nggallery\/sport\/cache\/coloriage-rio-2016-jeux-olympiques-athletisme.jpg-nggid041994-ngg0dyn-182x136-00f0w010c011r110f110r010t010.jpg\"\n                     loading=\"lazy\"\n                     width=\"250\"\n                     height=\"150\" \/>\n            <\/a>\n        <\/div>\n        <h2 class=\"gallery-grid-album-lig1\">\n            <a class=\"ngg-album-desc\"\n               title=\"Coloriages de Sport \u00e0 imprimer pour adultes\"\n               href=\"https:\/\/www.justcolor.net\/fr\/evenements\/sport-jeux-olympiques\/\">\n                Sport            <\/a>\n        <\/h2>\n    <\/div>\n    <div class=\"gallery-grid-item\">\n        <div class=\"ngg-album-link\">\n            <a class=\"gallery_link\" href=\"https:\/\/www.justcolor.net\/fr\/evenements\/paques\/\" title=\"Coloriages de P\u00e2ques \u00e0 imprimer pour adultes\">\n                <img class=\"Thumb\"\n                     alt=\"Coloriages de P\u00e2ques \u00e0 imprimer pour adultes\"\n                     src=\"https:\/\/www.justcolor.net\/fr\/wp-content\/uploads\/sites\/2\/nggallery\/paques\/cache\/coloriage-doodle-paques-par-olga_kostenko.jpg-nggid041979-ngg0dyn-182x136-00f0w010c011r110f110r010t010.jpg\"\n                     loading=\"lazy\"\n                     width=\"250\"\n                     height=\"150\" \/>\n            <\/a>\n        <\/div>\n        <h2 class=\"gallery-grid-album-lig1\">\n            <a class=\"ngg-album-desc\"\n               title=\"Coloriages de P\u00e2ques \u00e0 imprimer pour adultes\"\n               href=\"https:\/\/www.justcolor.net\/fr\/evenements\/paques\/\">\n                P\u00e2ques            <\/a>\n        <\/h2>\n    <\/div>\n    <div class=\"gallery-grid-item\">\n        <div class=\"ngg-album-link\">\n            <a class=\"gallery_link\" href=\"https:\/\/www.justcolor.net\/fr\/evenements\/halloween\/\" title=\"Coloriages d&#039;Halloween \u00e0 imprimer pour adultes\">\n                <img class=\"Thumb\"\n                     alt=\"Coloriages d&#039;Halloween \u00e0 imprimer pour adultes\"\n                     src=\"https:\/\/www.justcolor.net\/fr\/wp-content\/uploads\/sites\/2\/nggallery\/halloween\/cache\/coloriage-sorciere-chat-potions.jpg-nggid045428-ngg0dyn-182x136-00f0w010c011r110f110r010t010.jpg\"\n                     loading=\"lazy\"\n                     width=\"250\"\n                     height=\"150\" \/>\n            <\/a>\n        <\/div>\n        <h2 class=\"gallery-grid-album-lig1\">\n            <a class=\"ngg-album-desc\"\n               title=\"Coloriages d&#039;Halloween \u00e0 imprimer pour adultes\"\n               href=\"https:\/\/www.justcolor.net\/fr\/evenements\/halloween\/\">\n                Halloween            <\/a>\n        <\/h2>\n    <\/div>\n    <div class=\"gallery-grid-item\">\n        <div class=\"ngg-album-link\">\n            <a class=\"gallery_link\" href=\"https:\/\/www.justcolor.net\/fr\/evenements\/thanksgiving\/\" title=\"Coloriages de Thanksgiving \u00e0 imprimer pour adultes\">\n                <img class=\"Thumb\"\n                     alt=\"Coloriages de Thanksgiving \u00e0 imprimer pour adultes\"\n                     src=\"https:\/\/www.justcolor.net\/fr\/wp-content\/uploads\/sites\/2\/nggallery\/thanksgiving\/cache\/coloriage-adule-repas-thanksgiving.jpg-nggid041952-ngg0dyn-182x136-00f0w010c011r110f110r010t010.jpg\"\n                     loading=\"lazy\"\n                     width=\"250\"\n                     height=\"150\" \/>\n            <\/a>\n        <\/div>\n        <h2 class=\"gallery-grid-album-lig1\">\n            <a class=\"ngg-album-desc\"\n               title=\"Coloriages de Thanksgiving \u00e0 imprimer pour adultes\"\n               href=\"https:\/\/www.justcolor.net\/fr\/evenements\/thanksgiving\/\">\n                Thanksgiving            <\/a>\n        <\/h2>\n    <\/div>\n    <div class=\"gallery-grid-item\">\n        <div class=\"ngg-album-link\">\n            <a class=\"gallery_link\" href=\"https:\/\/www.justcolor.net\/fr\/evenements\/noel\/\" title=\"Coloriages de No\u00ebl \u00e0 imprimer pour adultes\">\n                <img class=\"Thumb\"\n                     alt=\"Coloriages de No\u00ebl \u00e0 imprimer pour adultes\"\n                     src=\"https:\/\/www.justcolor.net\/fr\/wp-content\/uploads\/sites\/2\/nggallery\/noel\/cache\/coloriage-noel-pere-noel-avec-gants-et-lune.jpg-nggid043817-ngg0dyn-182x136-00f0w010c011r110f110r010t010.jpg\"\n                     loading=\"lazy\"\n                     width=\"250\"\n                     height=\"150\" \/>\n            <\/a>\n        <\/div>\n        <h2 class=\"gallery-grid-album-lig1\">\n            <a class=\"ngg-album-desc\"\n               title=\"Coloriages de No\u00ebl \u00e0 imprimer pour adultes\"\n               href=\"https:\/\/www.justcolor.net\/fr\/evenements\/noel\/\">\n                No\u00ebl            <\/a>\n        <\/h2>\n    <\/div>\n    <div class=\"gallery-grid-item\">\n        <div class=\"ngg-album-link\">\n            <a class=\"gallery_link\" href=\"https:\/\/www.justcolor.net\/fr\/evenements\/nouvelle-annee\/\" title=\"Coloriages de Nouvel an \u00e0 imprimer pour adultes\">\n                <img class=\"Thumb\"\n                     alt=\"Coloriages de Nouvel an \u00e0 imprimer pour adultes\"\n                     src=\"https:\/\/www.justcolor.net\/fr\/wp-content\/uploads\/sites\/2\/nggallery\/nouvel-an\/cache\/coloriage-bonne-annee-par-cathym.jpg-nggid041986-ngg0dyn-182x136-00f0w010c011r110f110r010t010.jpg\"\n                     loading=\"lazy\"\n                     width=\"250\"\n                     height=\"150\" \/>\n            <\/a>\n        <\/div>\n        <h2 class=\"gallery-grid-album-lig1\">\n            <a class=\"ngg-album-desc\"\n               title=\"Coloriages de Nouvel an \u00e0 imprimer pour adultes\"\n               href=\"https:\/\/www.justcolor.net\/fr\/evenements\/nouvelle-annee\/\">\n                Nouvel an            <\/a>\n        <\/h2>\n    <\/div>\n    <div class=\"gallery-grid-item\">\n        <div class=\"ngg-album-link\">\n            <a class=\"gallery_link\" href=\"https:\/\/www.justcolor.net\/fr\/evenements\/coloriage-saint-valentin\/\" title=\"Coloriages de Saint Valentin \u00e0 imprimer pour adultes\">\n                <img class=\"Thumb\"\n                     alt=\"Coloriages de Saint Valentin \u00e0 imprimer pour adultes\"\n                     src=\"https:\/\/www.justcolor.net\/fr\/wp-content\/uploads\/sites\/2\/nggallery\/saint-valentin\/cache\/coloring-saint-valentin-coeur-et-amour-par-leen-margot.jpg-nggid043007-ngg0dyn-182x136-00f0w010c011r110f110r010t010.jpg\"\n                     loading=\"lazy\"\n                     width=\"250\"\n                     height=\"150\" \/>\n            <\/a>\n        <\/div>\n        <h2 class=\"gallery-grid-album-lig1\">\n            <a class=\"ngg-album-desc\"\n               title=\"Coloriages de Saint Valentin \u00e0 imprimer pour adultes\"\n               href=\"https:\/\/www.justcolor.net\/fr\/evenements\/coloriage-saint-valentin\/\">\n                Saint Valentin            <\/a>\n        <\/h2>\n    <\/div>\n    <div class=\"gallery-grid-item\">\n        <div class=\"ngg-album-link\">\n            <a class=\"gallery_link\" href=\"https:\/\/www.justcolor.net\/fr\/evenements\/saint-patrick\/\" title=\"Coloriages de Saint Patrick \u00e0 imprimer pour adultes\">\n                <img class=\"Thumb\"\n                     alt=\"Coloriages de Saint Patrick \u00e0 imprimer pour adultes\"\n                     src=\"https:\/\/www.justcolor.net\/fr\/wp-content\/uploads\/sites\/2\/nggallery\/saint-patrick\/cache\/coloriage-difficile-adulte-leprechaun-patrick-day.jpg-nggid043013-ngg0dyn-182x136-00f0w010c011r110f110r010t010.jpg\"\n                     loading=\"lazy\"\n                     width=\"250\"\n                     height=\"150\" \/>\n            <\/a>\n        <\/div>\n        <h2 class=\"gallery-grid-album-lig1\">\n            <a class=\"ngg-album-desc\"\n               title=\"Coloriages de Saint Patrick \u00e0 imprimer pour adultes\"\n               href=\"https:\/\/www.justcolor.net\/fr\/evenements\/saint-patrick\/\">\n                Saint Patrick            <\/a>\n        <\/h2>\n    <\/div>\n    <div class=\"gallery-grid-item\">\n        <div class=\"ngg-album-link\">\n            <a class=\"gallery_link\" href=\"https:\/\/www.justcolor.net\/fr\/evenements\/coloriage-nouvel-an-chinois\/\" title=\"Coloriages de Nouvel an chinois \u00e0 imprimer pour adultes\">\n                <img class=\"Thumb\"\n                     alt=\"Coloriages de Nouvel an chinois \u00e0 imprimer pour adultes\"\n                     src=\"https:\/\/www.justcolor.net\/fr\/wp-content\/uploads\/sites\/2\/nggallery\/nouvel-an-chinois\/cache\/coloriage-nouvel-an-chinois-style-doodle.jpg-nggid043073-ngg0dyn-182x136-00f0w010c011r110f110r010t010.jpg\"\n                     loading=\"lazy\"\n                     width=\"250\"\n                     height=\"150\" \/>\n            <\/a>\n        <\/div>\n        <h2 class=\"gallery-grid-album-lig1\">\n            <a class=\"ngg-album-desc\"\n               title=\"Coloriages de Nouvel an chinois \u00e0 imprimer pour adultes\"\n               href=\"https:\/\/www.justcolor.net\/fr\/evenements\/coloriage-nouvel-an-chinois\/\">\n                Nouvel an chinois            <\/a>\n        <\/h2>\n    <\/div>\n    <div class=\"gallery-grid-item\">\n        <div class=\"ngg-album-link\">\n            <a class=\"gallery_link\" href=\"https:\/\/www.justcolor.net\/fr\/evenements\/coloriage-jour-de-la-terre\/\" title=\"Coloriages de Jour de la Terre \u00e0 imprimer pour adultes\">\n                <img class=\"Thumb\"\n                     alt=\"Coloriages de Jour de la Terre \u00e0 imprimer pour adultes\"\n                     src=\"https:\/\/www.justcolor.net\/fr\/wp-content\/uploads\/sites\/2\/nggallery\/jour-de-la-terre\/cache\/coloriage-adulte-jour-de-la-terre-par-allan.jpg-nggid043021-ngg0dyn-182x136-00f0w010c011r110f110r010t010.jpg\"\n                     loading=\"lazy\"\n                     width=\"250\"\n                     height=\"150\" \/>\n            <\/a>\n        <\/div>\n        <h2 class=\"gallery-grid-album-lig1\">\n            <a class=\"ngg-album-desc\"\n               title=\"Coloriages de Jour de la Terre \u00e0 imprimer pour adultes\"\n               href=\"https:\/\/www.justcolor.net\/fr\/evenements\/coloriage-jour-de-la-terre\/\">\n                Jour de la Terre            <\/a>\n        <\/h2>\n    <\/div>\n    <div class=\"gallery-grid-item\">\n        <div class=\"ngg-album-link\">\n            <a class=\"gallery_link\" href=\"https:\/\/www.justcolor.net\/fr\/evenements\/coloriage-el-dia-de-los-muertos\/\" title=\"Coloriages d&#039;El D\u00eda de los Muertos \u00e0 imprimer pour adultes\">\n                <img class=\"Thumb\"\n                     alt=\"Coloriages d&#039;El D\u00eda de los Muertos \u00e0 imprimer pour adultes\"\n                     src=\"https:\/\/www.justcolor.net\/fr\/wp-content\/uploads\/sites\/2\/nggallery\/el-dia-de-los-muertos\/cache\/coloring-mexican-dia-de-los-muertos-par-valentin.jpg-nggid043024-ngg0dyn-182x136-00f0w010c011r110f110r010t010.jpg\"\n                     loading=\"lazy\"\n                     width=\"250\"\n                     height=\"150\" \/>\n            <\/a>\n        <\/div>\n        <h2 class=\"gallery-grid-album-lig1\">\n            <a class=\"ngg-album-desc\"\n               title=\"Coloriages d&#039;El D\u00eda de los Muertos \u00e0 imprimer pour adultes\"\n               href=\"https:\/\/www.justcolor.net\/fr\/evenements\/coloriage-el-dia-de-los-muertos\/\">\n                El D\u00eda de los Muertos            <\/a>\n        <\/h2>\n    <\/div>\n    <div class=\"gallery-grid-item\">\n        <div class=\"ngg-album-link\">\n            <a class=\"gallery_link\" href=\"https:\/\/www.justcolor.net\/fr\/evenements\/coloriage-carnaval\/\" title=\"Coloriages de Carnaval \u00e0 imprimer pour adultes\">\n                <img class=\"Thumb\"\n                     alt=\"Coloriages de Carnaval \u00e0 imprimer pour adultes\"\n                     src=\"https:\/\/www.justcolor.net\/fr\/wp-content\/uploads\/sites\/2\/nggallery\/carnaval\/cache\/coloriage-masque-du-carnaval-de-venise.jpg-nggid043027-ngg0dyn-182x136-00f0w010c011r110f110r010t010.jpg\"\n                     loading=\"lazy\"\n                     width=\"250\"\n                     height=\"150\" \/>\n            <\/a>\n        <\/div>\n        <h2 class=\"gallery-grid-album-lig1\">\n            <a class=\"ngg-album-desc\"\n               title=\"Coloriages de Carnaval \u00e0 imprimer pour adultes\"\n               href=\"https:\/\/www.justcolor.net\/fr\/evenements\/coloriage-carnaval\/\">\n                Carnaval            <\/a>\n        <\/h2>\n    <\/div>\n<br class=\"ngg-clear\"\/>\n<div class='ngg-clear'><\/div><\/div>\n\n","protected":false},"excerpt":{"rendered":"<p>Retrouvez sur cette page des coloriages li\u00e9s \u00e0 des \u00e9v\u00e9nements, f\u00eates ou c\u00e9l\u00e9brations r\u00e9currentes, telles que : <b>No\u00ebl<\/b>, <b>F\u00eate des m\u00e8res<\/b>, <b>p\u00e8res<\/b>, <b>grands parents<\/b> \u2026 <b>Halloween<\/b> ou encore <b>Saint Valentin<\/b>. Une bonne occasion de colorier ET de faire plaisir\u2026<\/p>\n<p>Vous trouverez \u00e9galement des dessins originaux \u00e0 imprimer surfant sur l\u2019<b>actualit\u00e9 du moment<\/b> : grands \u00e9v\u00e9nements sportifs (Jeux Olympiques, Coupe du monde\u2026), grandes \u00e9lections, etc \u2026<\/p>\n<p>N\u2019h\u00e9sitez pas \u00e0 nous sugg\u00e9rer des id\u00e9es pour cette galerie !<\/p>\n","protected":false},"author":1,"featured_media":0,"parent":0,"menu_order":6,"comment_status":"closed","ping_status":"closed","template":"","meta":{"ngg_post_thumbnail":0,"footnotes":""},"tags":[429],"class_list":{"0":"post-7164","1":"page","2":"type-page","3":"status-publish","5":"tag-supergallery"},"_links":{"self":[{"href":"https:\/\/www.justcolor.net\/fr\/wp-json\/wp\/v2\/pages\/7164","targetHints":{"allow":["GET"]}}],"collection":[{"href":"https:\/\/www.justcolor.net\/fr\/wp-json\/wp\/v2\/pages"}],"about":[{"href":"https:\/\/www.justcolor.net\/fr\/wp-json\/wp\/v2\/types\/page"}],"author":[{"embeddable":true,"href":"https:\/\/www.justcolor.net\/fr\/wp-json\/wp\/v2\/users\/1"}],"replies":[{"embeddable":true,"href":"https:\/\/www.justcolor.net\/fr\/wp-json\/wp\/v2\/comments?post=7164"}],"version-history":[{"count":0,"href":"https:\/\/www.justcolor.net\/fr\/wp-json\/wp\/v2\/pages\/7164\/revisions"}],"wp:attachment":[{"href":"https:\/\/www.justcolor.net\/fr\/wp-json\/wp\/v2\/media?parent=7164"}],"wp:term":[{"taxonomy":"post_tag","embeddable":true,"href":"https:\/\/www.justcolor.net\/fr\/wp-json\/wp\/v2\/tags?post=7164"}],"curies":[{"name":"wp","href":"https:\/\/api.w.org\/{rel}","templated":true}]}}