{"id":822,"date":"2014-10-09T15:37:20","date_gmt":"2014-10-09T14:37:20","guid":{"rendered":"https:\/\/www.justcolor.net\/fr\/?page_id=822"},"modified":"2018-09-07T11:42:27","modified_gmt":"2018-09-07T09:42:27","slug":"boutique-livres-feutres-crayons","status":"publish","type":"page","link":"https:\/\/www.justcolor.net\/fr\/boutique-livres-feutres-crayons\/","title":{"rendered":"La Boutique"},"content":{"rendered":"<p>La boutique du site a tir\u00e9 sa r\u00e9v\u00e9rence il y a quelques mois &#8230; D\u00e9couvrez <a href=\"https:\/\/www.justcolor.net\/fr\/nos-galeries\/\">tous nos coloriages gratuits<\/a> ici !<\/p>\n","protected":false},"excerpt":{"rendered":"<p>La boutique du site a tir\u00e9 sa r\u00e9v\u00e9rence il y a quelques mois &#8230; D\u00e9couvrez tous nos coloriages gratuits ici !<\/p>\n","protected":false},"author":1,"featured_media":0,"parent":0,"menu_order":0,"comment_status":"closed","ping_status":"closed","template":"","meta":{"ngg_post_thumbnail":0,"footnotes":""},"tags":[],"class_list":["post-822","page","type-page","status-publish"],"_links":{"self":[{"href":"https:\/\/www.justcolor.net\/fr\/wp-json\/wp\/v2\/pages\/822","targetHints":{"allow":["GET"]}}],"collection":[{"href":"https:\/\/www.justcolor.net\/fr\/wp-json\/wp\/v2\/pages"}],"about":[{"href":"https:\/\/www.justcolor.net\/fr\/wp-json\/wp\/v2\/types\/page"}],"author":[{"embeddable":true,"href":"https:\/\/www.justcolor.net\/fr\/wp-json\/wp\/v2\/users\/1"}],"replies":[{"embeddable":true,"href":"https:\/\/www.justcolor.net\/fr\/wp-json\/wp\/v2\/comments?post=822"}],"version-history":[{"count":0,"href":"https:\/\/www.justcolor.net\/fr\/wp-json\/wp\/v2\/pages\/822\/revisions"}],"wp:attachment":[{"href":"https:\/\/www.justcolor.net\/fr\/wp-json\/wp\/v2\/media?parent=822"}],"wp:term":[{"taxonomy":"post_tag","embeddable":true,"href":"https:\/\/www.justcolor.net\/fr\/wp-json\/wp\/v2\/tags?post=822"}],"curies":[{"name":"wp","href":"https:\/\/api.w.org\/{rel}","templated":true}]}}