{"id":8813,"date":"2017-05-24T09:37:51","date_gmt":"2017-05-24T07:37:51","guid":{"rendered":"https:\/\/www.justcolor.net\/fr\/?page_id=8813"},"modified":"2019-06-08T10:28:35","modified_gmt":"2019-06-08T08:28:35","slug":"diy","status":"publish","type":"page","link":"https:\/\/www.justcolor.net\/fr\/diy\/","title":{"rendered":"DIY : Projets &amp; Tutoriels"},"content":{"rendered":"<p><strong>Vous voulez pratiquer des activit\u00e9s artistiques diff\u00e9rentes du coloriage ?<\/strong><\/p>\n<p><span style=\"color: #808080\">Voici notre nouvelle section <b>DIY (DIY = Do It Yourself)<\/b> ! Vous y trouverez diff\u00e9rentes id\u00e9es de cr\u00e9ations manuelles et artistiques accessibles \u00e0 tous.<\/span><br \/>\n<span style=\"color: #808080\"> Gr\u00e2ce aux explications de nos experts, vous pourrez rapidement cr\u00e9er de belles cr\u00e9ations et vous am\u00e9liorer d&rsquo;heure en heure.<\/span><\/p>\n<div class=\"tuto\">\n<div><a href=\"https:\/\/www.justcolor.net\/fr\/diy-do-it-yourself\/techniques-de-coloriage-adultes\/\"><img loading=\"lazy\" decoding=\"async\" class=\"alignnone wp-image-9285\" src=\"https:\/\/www.justcolor.net\/fr\/wp-content\/uploads\/sites\/2\/2017\/05\/coloring-techniques-300x300.jpg\" alt=\"\" width=\"200\" height=\"200\" srcset=\"https:\/\/www.justcolor.net\/fr\/wp-content\/uploads\/sites\/2\/2017\/05\/coloring-techniques-300x300.jpg 300w, https:\/\/www.justcolor.net\/fr\/wp-content\/uploads\/sites\/2\/2017\/05\/coloring-techniques-150x150.jpg 150w, https:\/\/www.justcolor.net\/fr\/wp-content\/uploads\/sites\/2\/2017\/05\/coloring-techniques-768x769.jpg 768w, https:\/\/www.justcolor.net\/fr\/wp-content\/uploads\/sites\/2\/2017\/05\/coloring-techniques-1022x1024.jpg 1022w, https:\/\/www.justcolor.net\/fr\/wp-content\/uploads\/sites\/2\/2017\/05\/coloring-techniques.jpg 1114w\" sizes=\"auto, (max-width: 200px) 100vw, 200px\" \/><\/a><\/div>\n<h2 class=\"h2_gal\"><a href=\"https:\/\/www.justcolor.net\/fr\/diy-do-it-yourself\/techniques-de-coloriage-adultes\/\">Techniques de coloriage pour adultes<\/a><\/h2>\n<\/div>\n<div class=\"tuto\">\n<div><a href=\"https:\/\/www.justcolor.net\/fr\/diy\/tutoriels-mangas-anime\/\"><img loading=\"lazy\" decoding=\"async\" class=\"alignnone wp-image-9280\" src=\"https:\/\/www.justcolor.net\/fr\/wp-content\/uploads\/sites\/2\/2017\/05\/logoladymanga_light_400-2-285x300.png\" alt=\"\" width=\"190\" height=\"200\" srcset=\"https:\/\/www.justcolor.net\/fr\/wp-content\/uploads\/sites\/2\/2017\/05\/logoladymanga_light_400-2-285x300.png 285w, https:\/\/www.justcolor.net\/fr\/wp-content\/uploads\/sites\/2\/2017\/05\/logoladymanga_light_400-2.png 400w\" sizes=\"auto, (max-width: 190px) 100vw, 190px\" \/><\/a><\/div>\n<h2 class=\"h2_gal\"><a href=\"https:\/\/www.justcolor.net\/fr\/diy\/tutoriels-mangas-anime\/\">Tutoriels Manga \/ Anime<\/a><br \/>\n<em><span style=\"color: #808080;font: weight:normal;font-size: 16px!important;font-weight: normal\">with Lady Manga<\/span><\/em><\/h2>\n<\/div>\n<div class=\"tuto\">\n<div><a href=\"https:\/\/www.justcolor.net\/fr\/diy\/tutoriels-zentangle\/\"><img loading=\"lazy\" decoding=\"async\" class=\"alignnone wp-image-9271\" src=\"https:\/\/www.justcolor.net\/fr\/wp-content\/uploads\/sites\/2\/2017\/05\/zentangle-300x300.jpg\" alt=\"\" width=\"200\" height=\"200\" srcset=\"https:\/\/www.justcolor.net\/fr\/wp-content\/uploads\/sites\/2\/2017\/05\/zentangle-300x300.jpg 300w, https:\/\/www.justcolor.net\/fr\/wp-content\/uploads\/sites\/2\/2017\/05\/zentangle-150x150.jpg 150w, https:\/\/www.justcolor.net\/fr\/wp-content\/uploads\/sites\/2\/2017\/05\/zentangle.jpg 610w\" sizes=\"auto, (max-width: 200px) 100vw, 200px\" \/><\/a><\/div>\n<h2 class=\"h2_gal\"><a href=\"https:\/\/www.justcolor.net\/fr\/diy\/tutoriels-zentangle\/\">Tutoriels Zentangle<\/a><\/h2>\n<\/div>\n","protected":false},"excerpt":{"rendered":"<p>Vous voulez pratiquer des activit\u00e9s artistiques diff\u00e9rentes du coloriage ? Voici notre nouvelle section DIY (DIY = Do It Yourself) ! Vous y trouverez diff\u00e9rentes id\u00e9es de cr\u00e9ations manuelles et artistiques accessibles \u00e0 tous. Gr\u00e2ce aux explications de nos experts, vous pourrez rapidement cr\u00e9er de belles cr\u00e9ations et vous am\u00e9liorer d&rsquo;heure en heure. Techniques de &#8230; <br \/><a title=\"DIY : Projets &amp; Tutoriels\" class=\"read-more\" href=\"https:\/\/www.justcolor.net\/fr\/diy\/\">Lire la suite<\/a><\/p>\n","protected":false},"author":1,"featured_media":8868,"parent":0,"menu_order":0,"comment_status":"closed","ping_status":"closed","template":"","meta":{"ngg_post_thumbnail":0,"footnotes":""},"tags":[],"class_list":["post-8813","page","type-page","status-publish","has-post-thumbnail"],"_links":{"self":[{"href":"https:\/\/www.justcolor.net\/fr\/wp-json\/wp\/v2\/pages\/8813","targetHints":{"allow":["GET"]}}],"collection":[{"href":"https:\/\/www.justcolor.net\/fr\/wp-json\/wp\/v2\/pages"}],"about":[{"href":"https:\/\/www.justcolor.net\/fr\/wp-json\/wp\/v2\/types\/page"}],"author":[{"embeddable":true,"href":"https:\/\/www.justcolor.net\/fr\/wp-json\/wp\/v2\/users\/1"}],"replies":[{"embeddable":true,"href":"https:\/\/www.justcolor.net\/fr\/wp-json\/wp\/v2\/comments?post=8813"}],"version-history":[{"count":0,"href":"https:\/\/www.justcolor.net\/fr\/wp-json\/wp\/v2\/pages\/8813\/revisions"}],"wp:featuredmedia":[{"embeddable":true,"href":"https:\/\/www.justcolor.net\/fr\/wp-json\/wp\/v2\/media\/8868"}],"wp:attachment":[{"href":"https:\/\/www.justcolor.net\/fr\/wp-json\/wp\/v2\/media?parent=8813"}],"wp:term":[{"taxonomy":"post_tag","embeddable":true,"href":"https:\/\/www.justcolor.net\/fr\/wp-json\/wp\/v2\/tags?post=8813"}],"curies":[{"name":"wp","href":"https:\/\/api.w.org\/{rel}","templated":true}]}}