{"id":8814,"date":"2017-05-24T09:38:12","date_gmt":"2017-05-24T07:38:12","guid":{"rendered":"https:\/\/www.justcolor.net\/fr\/?page_id=8814"},"modified":"2018-05-29T21:12:16","modified_gmt":"2018-05-29T19:12:16","slug":"tutoriels-mangas-anime","status":"publish","type":"page","link":"https:\/\/www.justcolor.net\/fr\/diy\/tutoriels-mangas-anime\/","title":{"rendered":"Apprendre le dessin de Manga \/ Anime avec Lady Manga"},"content":{"rendered":"","protected":false},"excerpt":{"rendered":"<p><img loading=\"lazy\" decoding=\"async\" width=\"319\" height=\"336\" src=\"https:\/\/www.justcolor.net\/fr\/wp-content\/uploads\/sites\/2\/2017\/05\/logoladymanga_light_400.png\" class=\"attachment-336x336 size-336x336 wp-post-image alignleft\" alt=\"\" title=\"Lady Manga Tutorials\"><b>Vous avez toujours r\u00eav\u00e9 de cr\u00e9er vos propres Mangas \/ Anime ?<\/b><\/p>\n<p>Une myst\u00e9rieuse demoiselle nomm\u00e9e Lady Manga s&rsquo;est donn\u00e9e une mission : vous aider \u00e0 devenir un(e) parfait(e) Mangaka !<br \/>\n<i>Mangaka : c&rsquo;est le terme qui d\u00e9signe les artistes qui dessinent des Mangas<\/i><\/p>\n<p>Vous trouverez dans cette section de nombreux tutoriels pour apprendre les techniques de base (yeux, cheveux, expressions faciales, proportions &#8230;), mais aussi de quoi dessiner diff\u00e9rents types de personnages (Chibi, Meka, Shojo, Shonen &#8230;).<\/p>\n<div style=\"clear:left\"><\/div>\n","protected":false},"author":1,"featured_media":8867,"parent":8813,"menu_order":0,"comment_status":"closed","ping_status":"closed","template":"page-tutosmanga.php","meta":{"ngg_post_thumbnail":0,"footnotes":""},"tags":[],"class_list":["post-8814","page","type-page","status-publish","has-post-thumbnail"],"_links":{"self":[{"href":"https:\/\/www.justcolor.net\/fr\/wp-json\/wp\/v2\/pages\/8814","targetHints":{"allow":["GET"]}}],"collection":[{"href":"https:\/\/www.justcolor.net\/fr\/wp-json\/wp\/v2\/pages"}],"about":[{"href":"https:\/\/www.justcolor.net\/fr\/wp-json\/wp\/v2\/types\/page"}],"author":[{"embeddable":true,"href":"https:\/\/www.justcolor.net\/fr\/wp-json\/wp\/v2\/users\/1"}],"replies":[{"embeddable":true,"href":"https:\/\/www.justcolor.net\/fr\/wp-json\/wp\/v2\/comments?post=8814"}],"version-history":[{"count":0,"href":"https:\/\/www.justcolor.net\/fr\/wp-json\/wp\/v2\/pages\/8814\/revisions"}],"up":[{"embeddable":true,"href":"https:\/\/www.justcolor.net\/fr\/wp-json\/wp\/v2\/pages\/8813"}],"wp:featuredmedia":[{"embeddable":true,"href":"https:\/\/www.justcolor.net\/fr\/wp-json\/wp\/v2\/media\/8867"}],"wp:attachment":[{"href":"https:\/\/www.justcolor.net\/fr\/wp-json\/wp\/v2\/media?parent=8814"}],"wp:term":[{"taxonomy":"post_tag","embeddable":true,"href":"https:\/\/www.justcolor.net\/fr\/wp-json\/wp\/v2\/tags?post=8814"}],"curies":[{"name":"wp","href":"https:\/\/api.w.org\/{rel}","templated":true}]}}