{"id":8820,"date":"2017-05-24T09:40:58","date_gmt":"2017-05-24T07:40:58","guid":{"rendered":"https:\/\/www.justcolor.net\/fr\/?page_id=8820"},"modified":"2017-05-29T20:50:41","modified_gmt":"2017-05-29T18:50:41","slug":"cheveux","status":"publish","type":"page","link":"https:\/\/www.justcolor.net\/fr\/diy\/tutoriels-mangas-anime\/cheveux\/","title":{"rendered":"Les Cheveux"},"content":{"rendered":"<h3><strong><img loading=\"lazy\" decoding=\"async\" class=\"wp-image-8954 alignleft\" src=\"https:\/\/www.justcolor.net\/fr\/wp-content\/uploads\/sites\/2\/2017\/05\/ladymangasolo-173x300.jpg\" alt=\"\" width=\"100\" height=\"174\" srcset=\"https:\/\/www.justcolor.net\/fr\/wp-content\/uploads\/sites\/2\/2017\/05\/ladymangasolo-173x300.jpg 173w, https:\/\/www.justcolor.net\/fr\/wp-content\/uploads\/sites\/2\/2017\/05\/ladymangasolo-591x1024.jpg 591w, https:\/\/www.justcolor.net\/fr\/wp-content\/uploads\/sites\/2\/2017\/05\/ladymangasolo.jpg 649w\" sizes=\"auto, (max-width: 100px) 100vw, 100px\" \/>Les cheveux est l&rsquo;une des principales caract\u00e9ristiques qui permet de distinguer un personnage des autres.<\/strong><\/h3>\n<p>Ils le rendent <strong>unique<\/strong>, <strong>d\u00e9finissent sa personnalit\u00e9 !<\/strong> Comme dit Lady Gaga <span style=\"color: #800080;\"><em>\u00ab\u00a0I just wanna be myself, I am my hair\u00a0\u00bb<\/em><\/span>&nbsp; &#8230; Je suis Lady Manga mais j&rsquo;aime bien Lady Gaga \ud83d\ude42<\/p>\n<p>&nbsp;<\/p>\n<h4><span style=\"color: #000000;\">Voici plusieurs styles de coiffure, je t&rsquo;explique ensuite comment arriver \u00e0 ce r\u00e9sultat.<\/span><\/h4>\n<p><img loading=\"lazy\" decoding=\"async\" class=\"grayborder alignleft wp-image-591 size-full\" src=\"https:\/\/www.justcolor.net\/fr\/wp-content\/uploads\/sites\/18\/2016\/07\/mangas-cheveux-filles-1.jpg\" alt=\"mangas-cheveux-filles\" width=\"961\" height=\"673\"><\/p>\n<p>&nbsp;<\/p>\n<h4><span style=\"color: #000000;\">Quelque soit la coiffure que tu souhaites reproduire, je t&rsquo;invite \u00e0 suivre ces diff\u00e9rentes \u00e9tapes :<\/span><\/h4>\n<p>&nbsp;<\/p>\n<h2><strong>Etape 1<\/strong><\/h2>\n<p><img loading=\"lazy\" decoding=\"async\" class=\"alignleft wp-image-1368\" src=\"https:\/\/www.justcolor.net\/fr\/wp-content\/uploads\/sites\/18\/2016\/07\/step1.png\" alt=\"\" width=\"204\" height=\"307\"><\/p>\n<p>R\u00e9alise un croquis rapide du buste, cou et visage de ton personnage, avec les techniques classiques de repr\u00e9sentation des personnages.&nbsp;<\/p>\n<p>Concentrons nous sur les cheveux, comme c&rsquo;est l&rsquo;objet de ce tutoriel.<\/p>\n<p>Tout d&rsquo;abord, il est essentiel de d\u00e9terminer <strong>le point d&rsquo;implantation des cheveux, qui est en <span style=\"color: #ff0000;\">rouge<\/span> dans le croquis ci-contre<\/strong>. <em>Attention : pour ton dessin il faut faire en sorte qu&rsquo;il puisse \u00eatre gomm\u00e9 \u00e0 la fin du travail.<\/em><\/p>\n<p><strong>C&rsquo;est&nbsp;ce point<\/strong> qui sera \u00e0 l&rsquo;origine de la naissance de l&rsquo;ensemble des cheveux.<\/p>\n<p>&nbsp;<\/p>\n<p>&nbsp;<\/p>\n<p>&nbsp;<\/p>\n<h2><strong>Etape 2<\/strong><\/h2>\n<p><img loading=\"lazy\" decoding=\"async\" class=\"alignleft wp-image-1369\" src=\"https:\/\/www.justcolor.net\/fr\/wp-content\/uploads\/sites\/18\/2016\/07\/step2.png\" alt=\"\" width=\"204\" height=\"307\"><\/p>\n<p>Dessine des <strong>fl\u00e8ches<\/strong>, qui devront \u00e9galement \u00eatre gomm\u00e9es ensuite.<\/p>\n<p>Ces <strong>fl\u00e8ches<\/strong> t&rsquo;indiquent <strong>la direction que les cheveux doivent prendre<\/strong> \u00e0 partir du point que tu as d\u00e9fini.<\/p>\n<p>&nbsp;<\/p>\n<p>&nbsp;<\/p>\n<p>&nbsp;<\/p>\n<p>&nbsp;<\/p>\n<p>&nbsp;<\/p>\n<p>&nbsp;<\/p>\n<h2><strong>Etape 3<\/strong><\/h2>\n<p><img loading=\"lazy\" decoding=\"async\" class=\"alignleft size-full wp-image-1370\" src=\"https:\/\/www.justcolor.net\/fr\/wp-content\/uploads\/sites\/18\/2016\/07\/step3.png\" alt=\"\" width=\"283\" height=\"425\">Tu es libre de commencer \u00e0 dessiner les m\u00e8ches par o\u00f9 tu veux, l&rsquo;essentiel est que tu respectes<strong> la direction des fl\u00e8ches<\/strong>.&nbsp;Pour tracer les cheveux, respecte bien le geste qui va <strong>du haut vers le bas<\/strong> de ta feuille.<\/p>\n<p>&nbsp;<\/p>\n<p>Tu as d\u00e9j\u00e0 d\u00fb remarquer auparavant, toutes les m\u00e8ches de cheveux ont des <strong>pointes fines<\/strong>. C&rsquo;est tr\u00e8s important pour ce respecter le style Manga.<\/p>\n<p>Pour un personnage, il faut repr\u00e9senter au maximum une dizaine de grosses m\u00e8ches.<\/p>\n<p>Selon la coiffure souhait\u00e9e, n&rsquo;h\u00e9sites pas \u00e0 repr\u00e9senter des boucles plus ou moins arrondies, des \u00e9pis, des cheveux qui masquent une partie du visage, qui se terminent derri\u00e8re le dos du personnage, etc &#8230;<\/p>\n<p>Tu es \u00e9galement libre d&rsquo;ajouter des noeuds, bandanas ou autres accessoires &#8230;<\/p>\n<p>&nbsp;<\/p>\n<p><span style=\"color: #008000;\"><strong>Astuce:<\/strong> N&rsquo;h\u00e9site pas \u00e0 tourner ta feuille comme bon te semble pour te faciliter la t\u00e2che!<\/span><\/p>\n<p>&nbsp;<\/p>\n<p>&nbsp;<\/p>\n<h2><span style=\"color: #000080;\">Donner du&nbsp;volume \u00e0 la chevelure de ton personnage?<\/span><\/h2>\n<p><span style=\"color: #000080;\">Pour donner du volume aux cheveux de ton personnage, avec le shampoing \u00e7a ne marche pas &#8230; mon&nbsp;astuce :&nbsp;<strong>les reflets<\/strong>&#8230;<\/span><\/p>\n<p><span style=\"color: #000080;\">Une fois les cheveux dessin\u00e9s, d\u00e9limite <strong>les zones de reflets<\/strong>.<\/span><\/p>\n<p><span style=\"color: #000080;\">Ensuite, si possible, colore l&rsquo;ensemble de la chevelure en utilisant <strong>des trames<\/strong>. Si tu n&rsquo;en poss\u00e8des pas, utilise du noir en tra\u00e7ant des <strong>traits fins<\/strong>!<\/span><\/p>\n","protected":false},"excerpt":{"rendered":"<p>Les cheveux est l&rsquo;une des principales caract\u00e9ristiques qui permet de distinguer un personnage des autres. Ils le rendent unique, d\u00e9finissent sa personnalit\u00e9 ! Comme dit Lady Gaga \u00ab\u00a0I just wanna be myself, I am my hair\u00a0\u00bb&nbsp; &#8230; Je suis Lady Manga mais j&rsquo;aime bien Lady Gaga \ud83d\ude42 &nbsp; Voici plusieurs styles de coiffure, je t&rsquo;explique &#8230; <br \/><a title=\"Les Cheveux\" class=\"read-more\" href=\"https:\/\/www.justcolor.net\/fr\/diy\/tutoriels-mangas-anime\/cheveux\/\">Lire la suite<\/a><\/p>\n","protected":false},"author":1,"featured_media":9109,"parent":8814,"menu_order":0,"comment_status":"closed","ping_status":"closed","template":"","meta":{"ngg_post_thumbnail":0,"footnotes":""},"tags":[824],"class_list":{"0":"post-8820","1":"page","2":"type-page","3":"status-publish","4":"has-post-thumbnail","6":"tag-tutosmangatech"},"_links":{"self":[{"href":"https:\/\/www.justcolor.net\/fr\/wp-json\/wp\/v2\/pages\/8820","targetHints":{"allow":["GET"]}}],"collection":[{"href":"https:\/\/www.justcolor.net\/fr\/wp-json\/wp\/v2\/pages"}],"about":[{"href":"https:\/\/www.justcolor.net\/fr\/wp-json\/wp\/v2\/types\/page"}],"author":[{"embeddable":true,"href":"https:\/\/www.justcolor.net\/fr\/wp-json\/wp\/v2\/users\/1"}],"replies":[{"embeddable":true,"href":"https:\/\/www.justcolor.net\/fr\/wp-json\/wp\/v2\/comments?post=8820"}],"version-history":[{"count":0,"href":"https:\/\/www.justcolor.net\/fr\/wp-json\/wp\/v2\/pages\/8820\/revisions"}],"up":[{"embeddable":true,"href":"https:\/\/www.justcolor.net\/fr\/wp-json\/wp\/v2\/pages\/8814"}],"wp:featuredmedia":[{"embeddable":true,"href":"https:\/\/www.justcolor.net\/fr\/wp-json\/wp\/v2\/media\/9109"}],"wp:attachment":[{"href":"https:\/\/www.justcolor.net\/fr\/wp-json\/wp\/v2\/media?parent=8820"}],"wp:term":[{"taxonomy":"post_tag","embeddable":true,"href":"https:\/\/www.justcolor.net\/fr\/wp-json\/wp\/v2\/tags?post=8820"}],"curies":[{"name":"wp","href":"https:\/\/api.w.org\/{rel}","templated":true}]}}