{"id":8821,"date":"2017-05-24T10:13:47","date_gmt":"2017-05-24T08:13:47","guid":{"rendered":"https:\/\/www.justcolor.net\/fr\/?page_id=8821"},"modified":"2017-05-29T20:46:48","modified_gmt":"2017-05-29T18:46:48","slug":"proportions","status":"publish","type":"page","link":"https:\/\/www.justcolor.net\/fr\/diy\/tutoriels-mangas-anime\/proportions\/","title":{"rendered":"Proportions t\u00eate \/ corps"},"content":{"rendered":"<p style=\"text-align: left;\"><strong><img loading=\"lazy\" decoding=\"async\" class=\"wp-image-8954 alignleft\" src=\"https:\/\/www.justcolor.net\/fr\/wp-content\/uploads\/sites\/2\/2017\/05\/ladymangasolo-173x300.jpg\" alt=\"\" width=\"100\" height=\"173\" srcset=\"https:\/\/www.justcolor.net\/fr\/wp-content\/uploads\/sites\/2\/2017\/05\/ladymangasolo-173x300.jpg 173w, https:\/\/www.justcolor.net\/fr\/wp-content\/uploads\/sites\/2\/2017\/05\/ladymangasolo-591x1024.jpg 591w, https:\/\/www.justcolor.net\/fr\/wp-content\/uploads\/sites\/2\/2017\/05\/ladymangasolo.jpg 649w\" sizes=\"auto, (max-width: 100px) 100vw, 100px\" \/>Dans l&rsquo;univers du dessin, quelque soit le style, r\u00e9aliste ou non, la dimension de la t\u00eate d&rsquo;un personnage permet de calculer son rapport t\u00eate\/corps. <\/strong><\/p>\n<p style=\"text-align: left;\">C&rsquo;est ainsi que l&rsquo;on obtient les proportions des diff\u00e9rents personnages.<\/p>\n<p style=\"text-align: left;\">Je vous ai concoct\u00e9 une repr\u00e9sentation de diff\u00e9rents types de personnages, avec les proportions t\u00eate \/ corps, accompagn\u00e9e d&rsquo;explications compl\u00e8tes.<\/p>\n<p><strong><img loading=\"lazy\" decoding=\"async\" class=\"grayborder alignleft wp-image-1293\" src=\"https:\/\/www.justcolor.net\/fr\/wp-content\/uploads\/sites\/18\/2016\/08\/proportions-image.jpg\" alt=\"\" width=\"742\" height=\"558\"><\/strong><\/p>\n<h2><!--more--><\/h2>\n<h2><strong>R\u00e9elles proportions<\/strong><\/h2>\n<p>En r\u00e9alit\u00e9, un humain de taille normale a environ une hauteur de <strong>7 \u00e0 8 t\u00eates<\/strong>. Cependant, dans le monde des mangas, les proportions sont diff\u00e9rentes.<\/p>\n<p>&nbsp;<\/p>\n<h2><strong>Chibi<\/strong><\/h2>\n<p>Bien entendu, dans la vie r\u00e9elle, des proportions telles que celles d&rsquo;un Chibi ne sont envisageables pour quiconque. En effet, ce personnage de manga ne fait que <strong>3 t\u00eates<\/strong> de hauteur.<\/p>\n<p>&nbsp;<\/p>\n<h2><strong>Enfant<\/strong><\/h2>\n<p>Si vous souhaitez dessiner un enfant dans le contexte d&rsquo;un manga, il doit avoir une hauteur de <strong>4 t\u00eates<\/strong>. Cela correspond \u00e0 la taille r\u00e9elle d\u00a0\u00bbun b\u00e9b\u00e9 \u00e2g\u00e9 d&rsquo;un an.<\/p>\n<p>&nbsp;<\/p>\n<h2><strong>Pr\u00e9-adolescent<\/strong><\/h2>\n<p>Les diff\u00e9rents personnages de manga respectent une hi\u00e9rarchie tr\u00e8s pr\u00e9cise.<\/p>\n<p><strong>\u00c2g\u00e9s de 12 \u00e0 16 ans<\/strong>, ils sont appel\u00e9s pr\u00e9-adolescents et ont une hauteur de <strong>5 t\u00eates<\/strong>. A cet \u00e2ge, on remarque<strong> l&rsquo;apparition de formes sur le corps des personnages f\u00e9minins<\/strong>.<\/p>\n<p>Ce niveau de proportion se retrouve beaucoup dans les mangas comme <strong>K-ON !<\/strong><\/p>\n<p>&nbsp;<\/p>\n<h2><strong>Adolescent et jeune adulte<\/strong><\/h2>\n<p>La repr\u00e9sentation d&rsquo;un personnage <strong>\u00e2g\u00e9 de 16 \u00e0 30 ans<\/strong> exige une hauteur de <strong>6 t\u00eates<\/strong>. En comparaison avec la vie r\u00e9elle, ce personnage sera deux fois plus \u00e2g\u00e9 pour une m\u00eame taille.<\/p>\n<p>A ce niveau, les <strong>atouts f\u00e9minins<\/strong> tels que la poitrine, les hanches et les jambes sont clairement apparents.<\/p>\n<p>Ces proportions se retrouvent principalement dans les mangas. <strong>Love Hina<\/strong> et <strong>Negima<\/strong> sont deux exemples d\u2019\u0153uvres qui les utilisent.<\/p>\n<p>&nbsp;<\/p>\n<h2><strong>Adulte<\/strong><\/h2>\n<p>A l&rsquo;\u00e2ge adulte, un personnage de manga fait la m\u00eame taille qu&rsquo;un adolescent dans la vie r\u00e9elle, c&rsquo;est \u00e0 dire <strong>7 t\u00eates<\/strong>.<\/p>\n<p>&nbsp;<\/p>\n<p><strong>Au-del\u00e0 d&rsquo;une hauteur de 7 t\u00eates, les personnages de mangas appartiennent au style r\u00e9aliste.&nbsp;<\/strong><\/p>\n<p>&nbsp;<\/p>\n<p>&nbsp;<\/p>\n","protected":false},"excerpt":{"rendered":"<p>Dans l&rsquo;univers du dessin, quelque soit le style, r\u00e9aliste ou non, la dimension de la t\u00eate d&rsquo;un personnage permet de calculer son rapport t\u00eate\/corps. C&rsquo;est ainsi que l&rsquo;on obtient les proportions des diff\u00e9rents personnages. Je vous ai concoct\u00e9 une repr\u00e9sentation de diff\u00e9rents types de personnages, avec les proportions t\u00eate \/ corps, accompagn\u00e9e d&rsquo;explications compl\u00e8tes.<\/p>\n","protected":false},"author":1,"featured_media":9110,"parent":8814,"menu_order":0,"comment_status":"closed","ping_status":"closed","template":"","meta":{"ngg_post_thumbnail":0,"footnotes":""},"tags":[824],"class_list":{"0":"post-8821","1":"page","2":"type-page","3":"status-publish","4":"has-post-thumbnail","6":"tag-tutosmangatech"},"_links":{"self":[{"href":"https:\/\/www.justcolor.net\/fr\/wp-json\/wp\/v2\/pages\/8821","targetHints":{"allow":["GET"]}}],"collection":[{"href":"https:\/\/www.justcolor.net\/fr\/wp-json\/wp\/v2\/pages"}],"about":[{"href":"https:\/\/www.justcolor.net\/fr\/wp-json\/wp\/v2\/types\/page"}],"author":[{"embeddable":true,"href":"https:\/\/www.justcolor.net\/fr\/wp-json\/wp\/v2\/users\/1"}],"replies":[{"embeddable":true,"href":"https:\/\/www.justcolor.net\/fr\/wp-json\/wp\/v2\/comments?post=8821"}],"version-history":[{"count":0,"href":"https:\/\/www.justcolor.net\/fr\/wp-json\/wp\/v2\/pages\/8821\/revisions"}],"up":[{"embeddable":true,"href":"https:\/\/www.justcolor.net\/fr\/wp-json\/wp\/v2\/pages\/8814"}],"wp:featuredmedia":[{"embeddable":true,"href":"https:\/\/www.justcolor.net\/fr\/wp-json\/wp\/v2\/media\/9110"}],"wp:attachment":[{"href":"https:\/\/www.justcolor.net\/fr\/wp-json\/wp\/v2\/media?parent=8821"}],"wp:term":[{"taxonomy":"post_tag","embeddable":true,"href":"https:\/\/www.justcolor.net\/fr\/wp-json\/wp\/v2\/tags?post=8821"}],"curies":[{"name":"wp","href":"https:\/\/api.w.org\/{rel}","templated":true}]}}