{"id":8827,"date":"2017-05-24T11:50:58","date_gmt":"2017-05-24T09:50:58","guid":{"rendered":"https:\/\/www.justcolor.net\/fr\/?page_id=8827"},"modified":"2017-05-29T20:49:35","modified_gmt":"2017-05-29T18:49:35","slug":"expressions-faciales","status":"publish","type":"page","link":"https:\/\/www.justcolor.net\/fr\/diy\/tutoriels-mangas-anime\/expressions-faciales\/","title":{"rendered":"Expressions de visage"},"content":{"rendered":"<p><strong><img loading=\"lazy\" decoding=\"async\" class=\"wp-image-8954 alignleft\" src=\"https:\/\/www.justcolor.net\/fr\/wp-content\/uploads\/sites\/2\/2017\/05\/ladymangasolo-173x300.jpg\" alt=\"\" width=\"100\" height=\"173\" srcset=\"https:\/\/www.justcolor.net\/fr\/wp-content\/uploads\/sites\/2\/2017\/05\/ladymangasolo-173x300.jpg 173w, https:\/\/www.justcolor.net\/fr\/wp-content\/uploads\/sites\/2\/2017\/05\/ladymangasolo-591x1024.jpg 591w, https:\/\/www.justcolor.net\/fr\/wp-content\/uploads\/sites\/2\/2017\/05\/ladymangasolo.jpg 649w\" sizes=\"auto, (max-width: 100px) 100vw, 100px\" \/><\/strong>Un personnage heureux? Triste? Inquiet?<\/p>\n<p>Dans ce tutoriel, je t&rsquo;apprends \u00e0 dessiner les <strong>caract\u00e9ristiques principales des diff\u00e9rentes expressions du visage d&rsquo;un personnage<\/strong>, avec le&nbsp;style Manga \/ Anime.&nbsp;<\/p>\n<p>Commen\u00e7ons pas un dessin regroupant les principales expressions, suivi par des explications compl\u00e8tes \u00e0 suivre pour r\u00e9ussir \u00e0 reproduire ces comportements.<\/p>\n<p><img loading=\"lazy\" decoding=\"async\" class=\"grayborder alignleft wp-image-597 size-full\" src=\"https:\/\/www.justcolor.net\/fr\/wp-content\/uploads\/sites\/18\/2016\/07\/2016-06-01-expressions-mangas-par-rachel-1.jpg\" alt=\"2016-06-01-expressions-mangas-par-rachel\" width=\"952\" height=\"673\"><\/p>\n<h2>&nbsp;<\/h2>\n<h2><strong>Le bonheur<\/strong><\/h2>\n<p>Pour exprimer le <strong>bonheur<\/strong> sur le visage d\u2019un personnage, le bord de la <strong>bouche<\/strong> remonte tr\u00e8s l\u00e9g\u00e8rement. Concernant les <strong>yeux<\/strong>, ils s\u2019arrondissent ou s\u2019entre-ouvrent et les sourcils se froncent.<\/p>\n<p>Afin de dessiner <strong>un personnage qui rigole<\/strong>, sa <strong>bouche est ouverte<\/strong> et vous pouvez ajouter des <strong>petits traits<\/strong> autour de sa t\u00eate. On peut tr\u00e8s souvent remarquer qu\u2019ils ont les <strong>yeux plut\u00f4t ronds<\/strong> aussi.<\/p>\n<p>Astuce&nbsp;: lorsque les yeux sont dessin\u00e9s ferm\u00e9s, le personnage para\u00eet tr\u00e8s gentil.<\/p>\n<p>&nbsp;<\/p>\n<h2><strong>La col\u00e8re<\/strong><\/h2>\n<p>Lorsqu\u2019un personnage de manga est en <strong>col\u00e8re<\/strong>, on remarque souvent que <strong>les coins de sa bouche tombent l\u00e9g\u00e8rement<\/strong>. De plus, les <strong>sourcils<\/strong> sont fronc\u00e9s et <strong>tr\u00e8s marqu\u00e9s<\/strong>. Quant au <strong>regard<\/strong>, le dessinateur le renforce en \u00e9paississant ses traits.<\/p>\n<p>&nbsp;<\/p>\n<h2><strong>La fureur<\/strong><\/h2>\n<p>L\u2019<strong>ouverture de la bouche<\/strong> permet de distinguer un personnage qui crie d\u2019un autre qui hurle.<\/p>\n<p>&nbsp;<\/p>\n<h2><strong>La tristesse<\/strong><\/h2>\n<p>Il y a diff\u00e9rents moyens d\u2019exprimer la <strong>tristesse<\/strong> sur un visage. Les <strong>traits des yeux<\/strong> sont tir\u00e9s vers le <strong>bas<\/strong>, ainsi que ceux de la <strong>bouche<\/strong>.<\/p>\n<p>Les <strong>sourcils<\/strong> peuvent aussi accentuer la tristesse s\u2019ils s\u2019abaissent. Si <strong>la distance entre les deux yeux est r\u00e9duite<\/strong>, le personnage para\u00eetra moins heureux aussi.<\/p>\n<p>&nbsp;<\/p>\n<h2><strong>Les larmes<\/strong><\/h2>\n<p>En plus des larmes <strong>au bord des yeux<\/strong> ou qui coulent <strong>le long du visage<\/strong>, des <strong>gouttes<\/strong> peuvent \u00eatre ajout\u00e9es autour de la t\u00eate pour renforcer l\u2019expression.<\/p>\n<p>&nbsp;<\/p>\n<h2><strong>L\u2019inqui\u00e9tude<\/strong><\/h2>\n<p>Les <strong>yeux<\/strong> se r\u00e9duisent, les <strong>coins de la bouche s\u2019affaissent<\/strong> et les <strong>traits des sourcils sont parfaitement horizontaux<\/strong>.<\/p>\n<p><strong>Un d\u00e9tail:<\/strong>&nbsp;tu peux rajouter de petits traits entre les sourcils&nbsp;!<\/p>\n<p>&nbsp;<\/p>\n<h2><strong>La surprise<\/strong><\/h2>\n<p>Une <strong>bouche grande ouverte<\/strong>, des <strong>yeux tr\u00e8s ronds<\/strong> et des arcs de cercle en guise de <strong>sourcils<\/strong> sont les principaux \u00e9l\u00e9ments pour repr\u00e9senter la surprise.<\/p>\n<p>&nbsp;<\/p>\n","protected":false},"excerpt":{"rendered":"<p>Un personnage heureux? Triste? Inquiet? Dans ce tutoriel, je t&rsquo;apprends \u00e0 dessiner les caract\u00e9ristiques principales des diff\u00e9rentes expressions du visage d&rsquo;un personnage, avec le&nbsp;style Manga \/ Anime.&nbsp; Commen\u00e7ons pas un dessin regroupant les principales expressions, suivi par des explications compl\u00e8tes \u00e0 suivre pour r\u00e9ussir \u00e0 reproduire ces comportements. &nbsp; Le bonheur Pour exprimer le bonheur &#8230; <br \/><a title=\"Expressions de visage\" class=\"read-more\" href=\"https:\/\/www.justcolor.net\/fr\/diy\/tutoriels-mangas-anime\/expressions-faciales\/\">Lire la suite<\/a><\/p>\n","protected":false},"author":1,"featured_media":9108,"parent":8814,"menu_order":0,"comment_status":"closed","ping_status":"closed","template":"","meta":{"ngg_post_thumbnail":0,"footnotes":""},"tags":[824],"class_list":{"0":"post-8827","1":"page","2":"type-page","3":"status-publish","4":"has-post-thumbnail","6":"tag-tutosmangatech"},"_links":{"self":[{"href":"https:\/\/www.justcolor.net\/fr\/wp-json\/wp\/v2\/pages\/8827","targetHints":{"allow":["GET"]}}],"collection":[{"href":"https:\/\/www.justcolor.net\/fr\/wp-json\/wp\/v2\/pages"}],"about":[{"href":"https:\/\/www.justcolor.net\/fr\/wp-json\/wp\/v2\/types\/page"}],"author":[{"embeddable":true,"href":"https:\/\/www.justcolor.net\/fr\/wp-json\/wp\/v2\/users\/1"}],"replies":[{"embeddable":true,"href":"https:\/\/www.justcolor.net\/fr\/wp-json\/wp\/v2\/comments?post=8827"}],"version-history":[{"count":0,"href":"https:\/\/www.justcolor.net\/fr\/wp-json\/wp\/v2\/pages\/8827\/revisions"}],"up":[{"embeddable":true,"href":"https:\/\/www.justcolor.net\/fr\/wp-json\/wp\/v2\/pages\/8814"}],"wp:featuredmedia":[{"embeddable":true,"href":"https:\/\/www.justcolor.net\/fr\/wp-json\/wp\/v2\/media\/9108"}],"wp:attachment":[{"href":"https:\/\/www.justcolor.net\/fr\/wp-json\/wp\/v2\/media?parent=8827"}],"wp:term":[{"taxonomy":"post_tag","embeddable":true,"href":"https:\/\/www.justcolor.net\/fr\/wp-json\/wp\/v2\/tags?post=8827"}],"curies":[{"name":"wp","href":"https:\/\/api.w.org\/{rel}","templated":true}]}}