{"id":8830,"date":"2017-05-24T11:19:25","date_gmt":"2017-05-24T09:19:25","guid":{"rendered":"https:\/\/www.justcolor.net\/fr\/?page_id=8830"},"modified":"2017-05-29T21:21:40","modified_gmt":"2017-05-29T19:21:40","slug":"chibi-ninja","status":"publish","type":"page","link":"https:\/\/www.justcolor.net\/fr\/diy\/tutoriels-mangas-anime\/chibi-ninja\/","title":{"rendered":"Chibi (ninja)"},"content":{"rendered":"<h3><span style=\"font-weight: 400;\"><img loading=\"lazy\" decoding=\"async\" class=\"wp-image-8954 alignleft\" src=\"https:\/\/www.justcolor.net\/fr\/wp-content\/uploads\/sites\/2\/2017\/05\/ladymangasolo-173x300.jpg\" alt=\"\" width=\"100\" height=\"173\" srcset=\"https:\/\/www.justcolor.net\/fr\/wp-content\/uploads\/sites\/2\/2017\/05\/ladymangasolo-173x300.jpg 173w, https:\/\/www.justcolor.net\/fr\/wp-content\/uploads\/sites\/2\/2017\/05\/ladymangasolo-591x1024.jpg 591w, https:\/\/www.justcolor.net\/fr\/wp-content\/uploads\/sites\/2\/2017\/05\/ladymangasolo.jpg 649w\" sizes=\"auto, (max-width: 100px) 100vw, 100px\" \/>Voici un tutoriel pour dessiner un personnage Manga \/ Anime : Le ninja<strong>&nbsp;Chibi<\/strong>&nbsp;!<\/span><\/h3>\n<p><span style=\"font-weight: 400;\"><img loading=\"lazy\" decoding=\"async\" class=\"grayborder alignright wp-image-755\" src=\"https:\/\/www.justcolor.net\/fr\/wp-content\/uploads\/sites\/18\/2016\/08\/Ninja-Chibi-etape-5-e1470154098383-1.jpg\" alt=\"Ninja Chibi etape 5\" width=\"285\" height=\"457\">Le ninja est un v\u00e9ritable embl\u00e8me du Japon Traditionnel.<\/span><\/p>\n<p><span style=\"font-weight: 400;\">De par leur c\u00f4t\u00e9 myst\u00e9rieux, de nombreux mangas s\u2019en sont inspir\u00e9s\u2026 Tout comme moi !&nbsp;<\/span><\/p>\n<p><span style=\"font-weight: 400;\">Aujourd\u2019hui au programme, un ninja traditionnel dans le style Chibi, c\u2019est parti !<\/span><\/p>\n<div style=\"clear: left;\">&nbsp;<\/div>\n<div style=\"clear: left;\">&nbsp;<\/div>\n<div style=\"clear: left;\">&nbsp;<\/div>\n<div style=\"clear: left;\">&nbsp;<\/div>\n<div style=\"clear: left;\">&nbsp;<\/div>\n<div style=\"clear: left;\">&nbsp;<\/div>\n<div style=\"clear: left;\">&nbsp;<\/div>\n<div style=\"clear: left;\">&nbsp;<\/div>\n<div style=\"clear: left;\">&nbsp;<\/div>\n<div style=\"clear: left;\">&nbsp;<\/div>\n<div style=\"clear: left;\">&nbsp;<\/div>\n<h2>Etape 1<\/h2>\n<p><span style=\"font-weight: 400;\"><img loading=\"lazy\" decoding=\"async\" class=\"grayborder alignleft wp-image-751\" src=\"https:\/\/www.justcolor.net\/fr\/wp-content\/uploads\/sites\/18\/2016\/08\/Ninja-Chibi-etape-1-e1470154138436-1.png\" alt=\"Ninja Chibi etape 1\" width=\"311\" height=\"480\">R\u00e9alisez un croquis pr\u00e9paratoire du personnage, n\u2019appuyez pas trop fort sur votre crayon car \u00e7a ne sera pas les traits d\u00e9finitifs de votre personnage.<\/span><\/p>\n<div style=\"clear: left;\">&nbsp;<\/div>\n<div style=\"clear: left;\">&nbsp;<\/div>\n<h2>Etape 2<\/h2>\n<p><span style=\"font-weight: 400;\"><img loading=\"lazy\" decoding=\"async\" class=\"grayborder alignleft wp-image-752\" src=\"https:\/\/www.justcolor.net\/fr\/wp-content\/uploads\/sites\/18\/2016\/08\/Ninja-Chibi-etape-2-e1470154173877-1.png\" alt=\"Ninja Chibi etape 2\" width=\"308\" height=\"492\">En vous aidant de votre croquis, dessinez une cagoule et des yeux \u00e0 votre ninja.&nbsp;<\/span><span style=\"font-weight: 400;\">Ensuite, dessinez lui une ceinture et un pantalon large avec de nombreux plis.&nbsp;<\/span><span style=\"font-weight: 400;\">Enfin, d\u00e9taillez ses bras pour qu\u2019ils aient une forme plus r\u00e9aliste.<\/span><\/p>\n<div style=\"clear: left;\">&nbsp;<\/div>\n<h2>&nbsp;<\/h2>\n<h2>Etape 3<\/h2>\n<p><span style=\"font-weight: 400;\"><img loading=\"lazy\" decoding=\"async\" class=\"grayborder alignleft wp-image-753\" src=\"https:\/\/www.justcolor.net\/fr\/wp-content\/uploads\/sites\/18\/2016\/08\/Ninja-Chibi-etape-3-e1470154201577-1.png\" alt=\"Ninja Chibi etape 3\" width=\"311\" height=\"485\">Repassez votre dessin au feutre fin et gommez vos pr\u00e9c\u00e9dents traits pour que votre dessin soit plus propre.<\/span><\/p>\n<div style=\"clear: left;\">&nbsp;<\/div>\n<h2>&nbsp;<\/h2>\n<h2>Etape 4<\/h2>\n<p><span style=\"font-weight: 400;\"><img loading=\"lazy\" decoding=\"async\" class=\"grayborder alignleft wp-image-754\" src=\"https:\/\/www.justcolor.net\/fr\/wp-content\/uploads\/sites\/18\/2016\/08\/Ninja-Chibi-etape-4-e1470154233589-1.jpg\" alt=\"Ninja Chibi etape 4\" width=\"313\" height=\"514\">Coloriez votre personnage avec les couleurs de votre choix. Ici j\u2019ai d\u00e9cid\u00e9 de le colorier en gris fonc\u00e9 pour que cela corresponde \u00e0 l\u2019habit traditionnel des ninjas.<\/span><\/p>\n<p><span style=\"font-weight: 400;\">Vous pouvez r\u00e9aliser cette tape avec des feutres, des crayons de couleurs ou bien encore un logiciel de retouche photo.<\/span><\/p>\n<div style=\"clear: left;\">&nbsp;<\/div>\n<h2>&nbsp;<\/h2>\n<h2>Etape 5<\/h2>\n<p><span style=\"font-weight: 400;\"><img loading=\"lazy\" decoding=\"async\" class=\"grayborder alignleft wp-image-755\" src=\"https:\/\/www.justcolor.net\/fr\/wp-content\/uploads\/sites\/18\/2016\/08\/Ninja-Chibi-etape-5-e1470154098383-1.jpg\" alt=\"Ninja Chibi etape 5\" width=\"353\" height=\"565\">Pour finir, ajoutez des effets d\u2019ombre et de lumi\u00e8re pour que votre dessin paraisse plus r\u00e9aliste.<\/span><\/p>\n<h2>&nbsp;<\/h2>\n","protected":false},"excerpt":{"rendered":"<p>Voici un tutoriel pour dessiner un personnage Manga \/ Anime : Le ninja&nbsp;Chibi&nbsp;! Le ninja est un v\u00e9ritable embl\u00e8me du Japon Traditionnel. De par leur c\u00f4t\u00e9 myst\u00e9rieux, de nombreux mangas s\u2019en sont inspir\u00e9s\u2026 Tout comme moi !&nbsp; Aujourd\u2019hui au programme, un ninja traditionnel dans le style Chibi, c\u2019est parti ! &nbsp; &nbsp; &nbsp; &nbsp; &nbsp; &#8230; <br \/><a title=\"Chibi (ninja)\" class=\"read-more\" href=\"https:\/\/www.justcolor.net\/fr\/diy\/tutoriels-mangas-anime\/chibi-ninja\/\">Lire la suite<\/a><\/p>\n","protected":false},"author":1,"featured_media":9116,"parent":8814,"menu_order":0,"comment_status":"closed","ping_status":"closed","template":"","meta":{"ngg_post_thumbnail":0,"footnotes":""},"tags":[825],"class_list":{"0":"post-8830","1":"page","2":"type-page","3":"status-publish","4":"has-post-thumbnail","6":"tag-tutosmangapersos"},"_links":{"self":[{"href":"https:\/\/www.justcolor.net\/fr\/wp-json\/wp\/v2\/pages\/8830","targetHints":{"allow":["GET"]}}],"collection":[{"href":"https:\/\/www.justcolor.net\/fr\/wp-json\/wp\/v2\/pages"}],"about":[{"href":"https:\/\/www.justcolor.net\/fr\/wp-json\/wp\/v2\/types\/page"}],"author":[{"embeddable":true,"href":"https:\/\/www.justcolor.net\/fr\/wp-json\/wp\/v2\/users\/1"}],"replies":[{"embeddable":true,"href":"https:\/\/www.justcolor.net\/fr\/wp-json\/wp\/v2\/comments?post=8830"}],"version-history":[{"count":0,"href":"https:\/\/www.justcolor.net\/fr\/wp-json\/wp\/v2\/pages\/8830\/revisions"}],"up":[{"embeddable":true,"href":"https:\/\/www.justcolor.net\/fr\/wp-json\/wp\/v2\/pages\/8814"}],"wp:featuredmedia":[{"embeddable":true,"href":"https:\/\/www.justcolor.net\/fr\/wp-json\/wp\/v2\/media\/9116"}],"wp:attachment":[{"href":"https:\/\/www.justcolor.net\/fr\/wp-json\/wp\/v2\/media?parent=8830"}],"wp:term":[{"taxonomy":"post_tag","embeddable":true,"href":"https:\/\/www.justcolor.net\/fr\/wp-json\/wp\/v2\/tags?post=8830"}],"curies":[{"name":"wp","href":"https:\/\/api.w.org\/{rel}","templated":true}]}}