{"id":8832,"date":"2017-05-24T11:01:34","date_gmt":"2017-05-24T09:01:34","guid":{"rendered":"https:\/\/www.justcolor.net\/fr\/?page_id=8832"},"modified":"2017-05-30T09:38:24","modified_gmt":"2017-05-30T07:38:24","slug":"chat","status":"publish","type":"page","link":"https:\/\/www.justcolor.net\/fr\/diy\/tutoriels-mangas-anime\/chat\/","title":{"rendered":"Chat"},"content":{"rendered":"<h3><img loading=\"lazy\" decoding=\"async\" class=\"wp-image-8954 alignleft\" src=\"https:\/\/www.justcolor.net\/fr\/wp-content\/uploads\/sites\/2\/2017\/05\/ladymangasolo-173x300.jpg\" alt=\"\" width=\"100\" height=\"173\" srcset=\"https:\/\/www.justcolor.net\/fr\/wp-content\/uploads\/sites\/2\/2017\/05\/ladymangasolo-173x300.jpg 173w, https:\/\/www.justcolor.net\/fr\/wp-content\/uploads\/sites\/2\/2017\/05\/ladymangasolo-591x1024.jpg 591w, https:\/\/www.justcolor.net\/fr\/wp-content\/uploads\/sites\/2\/2017\/05\/ladymangasolo.jpg 649w\" sizes=\"auto, (max-width: 100px) 100vw, 100px\" \/>Voici un tutoriel pour dessiner un personnage Manga \/ Anime : <strong>Le Chat<\/strong>&nbsp;!<\/h3>\n<p><img loading=\"lazy\" decoding=\"async\" class=\"grayborder alignright wp-image-10068\" src=\"https:\/\/www.justcolor.net\/wp-content\/uploads\/2017\/05\/screenshot-9.png\" alt=\"\" width=\"414\" height=\"432\">Regardez moi cette petite boule de poils ! N\u2019est-elle pas mignonne&nbsp;?<\/p>\n<p><strong>Apprends \u00e0&nbsp;dessiner des chats de fa\u00e7on manga gr\u00e2ce \u00e0 mon tutoriel &#8230;<\/strong><\/p>\n<p><strong>Amuse-toi \u00e0 en faire de&nbsp;couleurs diff\u00e9rentes&nbsp;!<\/strong><\/p>\n<div style=\"clear: left;\">&nbsp;<\/div>\n<div style=\"clear: left;\">&nbsp;<\/div>\n<div style=\"clear: left;\">&nbsp;<\/div>\n<div style=\"clear: left;\">&nbsp;<\/div>\n<div style=\"clear: left;\">&nbsp;<\/div>\n<div style=\"clear: left;\">&nbsp;<\/div>\n<div style=\"clear: left;\">&nbsp;<\/div>\n<div style=\"clear: left;\">&nbsp;<\/div>\n<div style=\"clear: left;\">&nbsp;<\/div>\n<div style=\"clear: left;\">&nbsp;<\/div>\n<div style=\"clear: left;\">&nbsp;<\/div>\n<div style=\"clear: left;\">&nbsp;<\/div>\n<h2>Etape 1<\/h2>\n<p><img loading=\"lazy\" decoding=\"async\" class=\"grayborder alignleft wp-image-425 \" src=\"https:\/\/www.justcolor.net\/fr\/wp-content\/uploads\/sites\/18\/2016\/07\/tape1-chat-1.jpg\" alt=\"tape1-chat\" width=\"320\" height=\"453\"><\/p>\n<p>R\u00e9alisez le croquis pr\u00e9paratoire en dessinant les contours en commen\u00e7ant par la t\u00eate&nbsp;ainsi que du cou et des oreilles, au crayon gris sans appuyer trop fort.<\/p>\n<div style=\"clear: left;\">&nbsp;<\/div>\n<h2>&nbsp;<\/h2>\n<h2>Etape 2<\/h2>\n<p><img loading=\"lazy\" decoding=\"async\" class=\"grayborder alignleft wp-image-426\" src=\"https:\/\/www.justcolor.net\/fr\/wp-content\/uploads\/sites\/18\/2016\/07\/tape2-chat-212x300.jpg\" alt=\"tape2-chat\" width=\"315\" height=\"446\"><\/p>\n<p>En vous aidant du croquis, ajouter le corps de l&rsquo;animal ainsi que la queue, puis&nbsp;l&rsquo;int\u00e9rieur des oreilles en appuyant un peu plus fort sur votre crayon gris.<\/p>\n<div style=\"clear: left;\">&nbsp;<\/div>\n<h2>&nbsp;<\/h2>\n<h2>Etape 3<\/h2>\n<p><img loading=\"lazy\" decoding=\"async\" class=\"grayborder alignleft wp-image-427\" src=\"https:\/\/www.justcolor.net\/fr\/wp-content\/uploads\/sites\/18\/2016\/07\/tape3-chat-1.jpg\" alt=\"tape3-chat\" width=\"320\" height=\"453\"><\/p>\n<p>Repassez plus fort au crayon puis ajoutez les yeux au centre de la t\u00eate avec les d\u00e9tails&nbsp;\u00e0 l&rsquo;int\u00e9rieur, le nez, la bouche juste en dessous et sans oublier le petit d\u00e9tail des joues.<\/p>\n<div style=\"clear: left;\">&nbsp;<\/div>\n<h2>&nbsp;<\/h2>\n<h2>Etape 4<\/h2>\n<p><img loading=\"lazy\" decoding=\"async\" class=\"grayborder alignleft wp-image-428\" src=\"https:\/\/www.justcolor.net\/fr\/wp-content\/uploads\/sites\/18\/2016\/07\/tape4-chat-1.jpg\" alt=\"tape4-chat\" width=\"361\" height=\"511\"><\/p>\n<p>Repassez maintenant au feutre noir avec une pointe fine et enlevez les traces de&nbsp;crayons qui restent avec une gomme ( v\u00e9rifiez que les traits au feutre noir soient bien secs ).<\/p>\n<div style=\"clear: left;\">&nbsp;<\/div>\n<h2>Etape 5<\/h2>\n<p><img loading=\"lazy\" decoding=\"async\" class=\"grayborder alignleft wp-image-10068\" src=\"https:\/\/www.justcolor.net\/wp-content\/uploads\/2017\/05\/screenshot-9.png\" alt=\"\" width=\"414\" height=\"432\"><\/p>\n<p>Maintenant avec n&rsquo;importe quel logiciel de retouche sur ordinateur, au feutre ou m\u00eame&nbsp;au crayon de couleur, coloriez le personnage avec les couleurs principales de votre choix.<\/p>\n<p>Enfin si vous le souhaitez, ajoutez quelques retouches comme des ombres ou des&nbsp;lumi\u00e8res au niveau du poil et aussi dans les oreilles.&nbsp;<\/p>\n","protected":false},"excerpt":{"rendered":"<p>Voici un tutoriel pour dessiner un personnage Manga \/ Anime : Le Chat&nbsp;! Regardez moi cette petite boule de poils ! N\u2019est-elle pas mignonne&nbsp;? Apprends \u00e0&nbsp;dessiner des chats de fa\u00e7on manga gr\u00e2ce \u00e0 mon tutoriel &#8230; Amuse-toi \u00e0 en faire de&nbsp;couleurs diff\u00e9rentes&nbsp;! &nbsp; &nbsp; &nbsp; &nbsp; &nbsp; &nbsp; &nbsp; &nbsp; &nbsp; &nbsp; &nbsp; &nbsp; Etape &#8230; <br \/><a title=\"Chat\" class=\"read-more\" href=\"https:\/\/www.justcolor.net\/fr\/diy\/tutoriels-mangas-anime\/chat\/\">Lire la suite<\/a><\/p>\n","protected":false},"author":1,"featured_media":9113,"parent":8814,"menu_order":0,"comment_status":"closed","ping_status":"closed","template":"","meta":{"ngg_post_thumbnail":0,"footnotes":""},"tags":[825],"class_list":{"0":"post-8832","1":"page","2":"type-page","3":"status-publish","4":"has-post-thumbnail","6":"tag-tutosmangapersos"},"_links":{"self":[{"href":"https:\/\/www.justcolor.net\/fr\/wp-json\/wp\/v2\/pages\/8832","targetHints":{"allow":["GET"]}}],"collection":[{"href":"https:\/\/www.justcolor.net\/fr\/wp-json\/wp\/v2\/pages"}],"about":[{"href":"https:\/\/www.justcolor.net\/fr\/wp-json\/wp\/v2\/types\/page"}],"author":[{"embeddable":true,"href":"https:\/\/www.justcolor.net\/fr\/wp-json\/wp\/v2\/users\/1"}],"replies":[{"embeddable":true,"href":"https:\/\/www.justcolor.net\/fr\/wp-json\/wp\/v2\/comments?post=8832"}],"version-history":[{"count":0,"href":"https:\/\/www.justcolor.net\/fr\/wp-json\/wp\/v2\/pages\/8832\/revisions"}],"up":[{"embeddable":true,"href":"https:\/\/www.justcolor.net\/fr\/wp-json\/wp\/v2\/pages\/8814"}],"wp:featuredmedia":[{"embeddable":true,"href":"https:\/\/www.justcolor.net\/fr\/wp-json\/wp\/v2\/media\/9113"}],"wp:attachment":[{"href":"https:\/\/www.justcolor.net\/fr\/wp-json\/wp\/v2\/media?parent=8832"}],"wp:term":[{"taxonomy":"post_tag","embeddable":true,"href":"https:\/\/www.justcolor.net\/fr\/wp-json\/wp\/v2\/tags?post=8832"}],"curies":[{"name":"wp","href":"https:\/\/api.w.org\/{rel}","templated":true}]}}