{"id":8833,"date":"2017-05-24T10:44:53","date_gmt":"2017-05-24T08:44:53","guid":{"rendered":"https:\/\/www.justcolor.net\/fr\/?page_id=8833"},"modified":"2017-05-29T21:05:29","modified_gmt":"2017-05-29T19:05:29","slug":"chibi-garcon","status":"publish","type":"page","link":"https:\/\/www.justcolor.net\/fr\/diy\/tutoriels-mangas-anime\/chibi-garcon\/","title":{"rendered":"Chibi (gar\u00e7on)"},"content":{"rendered":"<p><img loading=\"lazy\" decoding=\"async\" class=\"grayborder alignright wp-image-419\" src=\"https:\/\/www.justcolor.net\/fr\/wp-content\/uploads\/sites\/18\/2016\/07\/tape5-chibi-garcon-1.jpg\" alt=\"tape5-chibi-garcon\" width=\"354\" height=\"501\"><\/p>\n<h3><img loading=\"lazy\" decoding=\"async\" class=\"wp-image-8954 alignleft\" src=\"https:\/\/www.justcolor.net\/fr\/wp-content\/uploads\/sites\/2\/2017\/05\/ladymangasolo-173x300.jpg\" alt=\"\" width=\"100\" height=\"173\" srcset=\"https:\/\/www.justcolor.net\/fr\/wp-content\/uploads\/sites\/2\/2017\/05\/ladymangasolo-173x300.jpg 173w, https:\/\/www.justcolor.net\/fr\/wp-content\/uploads\/sites\/2\/2017\/05\/ladymangasolo-591x1024.jpg 591w, https:\/\/www.justcolor.net\/fr\/wp-content\/uploads\/sites\/2\/2017\/05\/ladymangasolo.jpg 649w\" sizes=\"auto, (max-width: 100px) 100vw, 100px\" \/>Voici un tutoriel pour dessiner un personnage Manga \/ Anime : <strong>Le gar\u00e7on Chibi<\/strong><\/h3>\n<p>Dites les filles, il est plut\u00f4t mignon ce gar\u00e7on non&nbsp;?<\/p>\n<p>Je vais te montrer les <strong>\u00e9tapes \u00e0&nbsp;suivre afin de dessiner un gar\u00e7on en version \u00ab&nbsp;Chibi&nbsp;\u00bb.<\/strong><\/p>\n<p>Parfait pour faire des dessins&nbsp;rigolos de tes amis ou de ton petit ami !<\/p>\n<p><span style=\"color: #ff6600;\"><strong>Attention<\/strong> : Les proportions d&rsquo;un chibi sont divis\u00e9es en trois parties, contrairement aux proportions r\u00e9elles&nbsp;d&rsquo;un humain qui sont en 7 parties, le corps d&rsquo;un chibi ne fait habituellement que deux fois la taille&nbsp;de la t\u00eate, donc en tout seulement 3 t\u00eates.<\/span><\/p>\n<div style=\"clear: left;\">&nbsp;<\/div>\n<div style=\"clear: left;\">&nbsp;<\/div>\n<div style=\"clear: left;\">&nbsp;<\/div>\n<h2>Etape 1<\/h2>\n<p><img loading=\"lazy\" decoding=\"async\" class=\"grayborder alignleft wp-image-415\" src=\"https:\/\/www.justcolor.net\/fr\/wp-content\/uploads\/sites\/18\/2016\/07\/tape1-chibi-garcon-1.jpg\" alt=\"tape1-chibi-garcon\" width=\"344\" height=\"486\">R\u00e9alisez un croquis pr\u00e9paratoire en dessinant les contours du personnage au crayon&nbsp;gris sans appuyer trop fort, pour se faire une id\u00e9e de ce que va repr\u00e9senter le personnage.<\/p>\n<p>Commencez par la forme de la t\u00eate, le haut du corps, puis le bas.<\/p>\n<div style=\"clear: left;\">&nbsp;<\/div>\n<h2>&nbsp;<\/h2>\n<h2>Etape 2<\/h2>\n<p><img loading=\"lazy\" decoding=\"async\" class=\"grayborder alignleft wp-image-416\" src=\"https:\/\/www.justcolor.net\/fr\/wp-content\/uploads\/sites\/18\/2016\/07\/tape2-chibi-garcon-1.jpg\" alt=\"tape2-chibi-garcon\" width=\"342\" height=\"484\">En vous aidant du croquis, faites les lignes principales du personnage en appuyant un&nbsp;peu plus fort sur votre crayon gris.<\/p>\n<p>Placez les yeux au dessus de la ligne horizontale, faites les chaussures, la cravate et les plis sur&nbsp;le chemise.<\/p>\n<p>Pour les cheveux, faites des m\u00e8ches partant vers la droite puis aussi vers la gauche, ou comme&nbsp;bon vous semble.<\/p>\n<div style=\"clear: left;\">&nbsp;<\/div>\n<h2>&nbsp;<\/h2>\n<h2>Etape 3<\/h2>\n<p><img loading=\"lazy\" decoding=\"async\" class=\"grayborder alignleft wp-image-417\" src=\"https:\/\/www.justcolor.net\/fr\/wp-content\/uploads\/sites\/18\/2016\/07\/tape3-chibi-garcon-1.jpg\" alt=\"tape3-chibi-garcon\" width=\"340\" height=\"481\">Repassez maintenant au feutre noir avec une pointe fine et enlevez les traces de&nbsp;crayons qui restent avec une gomme ( v\u00e9rifiez que les traits au feutre noir soient bien secs ).<\/p>\n<p>N&rsquo;oubliez pas d&rsquo;ajouter les d\u00e9tails comme l&rsquo;int\u00e9rieur des yeux et les traits au niveau des joues.<\/p>\n<div style=\"clear: left;\">&nbsp;<\/div>\n<h2>&nbsp;<\/h2>\n<h2>Etape 4<\/h2>\n<p><img loading=\"lazy\" decoding=\"async\" class=\"grayborder alignleft wp-image-418\" src=\"https:\/\/www.justcolor.net\/fr\/wp-content\/uploads\/sites\/18\/2016\/07\/tape4-chibi-garcon-1.jpg\" alt=\"tape4-chibi-garcon\" width=\"345\" height=\"488\">Maintenant avec n&rsquo;importe quel logiciel de retouche sur ordinateur, au feutre ou m\u00eame&nbsp;au crayon de couleur, coloriez le personnage avec les couleurs principales de votre choix.<\/p>\n<div style=\"clear: left;\">&nbsp;<\/div>\n<h2>&nbsp;<\/h2>\n<h2>Etape 5<\/h2>\n<p><img loading=\"lazy\" decoding=\"async\" class=\"grayborder alignleft wp-image-419 \" src=\"https:\/\/www.justcolor.net\/fr\/wp-content\/uploads\/sites\/18\/2016\/07\/tape5-chibi-garcon-1.jpg\" alt=\"tape5-chibi-garcon\" width=\"347\" height=\"491\">Et enfin si vous le souhaitez, ajoutez des ombres et lumi\u00e8res sur les cheveux, la peau&nbsp;et les v\u00eatements de votre personnage pour le rendre plus r\u00e9aliste.<\/p>\n<h2>&nbsp;<\/h2>\n","protected":false},"excerpt":{"rendered":"<p>Voici un tutoriel pour dessiner un personnage Manga \/ Anime : Le gar\u00e7on Chibi Dites les filles, il est plut\u00f4t mignon ce gar\u00e7on non&nbsp;? Je vais te montrer les \u00e9tapes \u00e0&nbsp;suivre afin de dessiner un gar\u00e7on en version \u00ab&nbsp;Chibi&nbsp;\u00bb. Parfait pour faire des dessins&nbsp;rigolos de tes amis ou de ton petit ami ! Attention : &#8230; <br \/><a title=\"Chibi (gar\u00e7on)\" class=\"read-more\" href=\"https:\/\/www.justcolor.net\/fr\/diy\/tutoriels-mangas-anime\/chibi-garcon\/\">Lire la suite<\/a><\/p>\n","protected":false},"author":1,"featured_media":9114,"parent":8814,"menu_order":0,"comment_status":"closed","ping_status":"closed","template":"","meta":{"ngg_post_thumbnail":0,"footnotes":""},"tags":[825],"class_list":{"0":"post-8833","1":"page","2":"type-page","3":"status-publish","4":"has-post-thumbnail","6":"tag-tutosmangapersos"},"_links":{"self":[{"href":"https:\/\/www.justcolor.net\/fr\/wp-json\/wp\/v2\/pages\/8833","targetHints":{"allow":["GET"]}}],"collection":[{"href":"https:\/\/www.justcolor.net\/fr\/wp-json\/wp\/v2\/pages"}],"about":[{"href":"https:\/\/www.justcolor.net\/fr\/wp-json\/wp\/v2\/types\/page"}],"author":[{"embeddable":true,"href":"https:\/\/www.justcolor.net\/fr\/wp-json\/wp\/v2\/users\/1"}],"replies":[{"embeddable":true,"href":"https:\/\/www.justcolor.net\/fr\/wp-json\/wp\/v2\/comments?post=8833"}],"version-history":[{"count":0,"href":"https:\/\/www.justcolor.net\/fr\/wp-json\/wp\/v2\/pages\/8833\/revisions"}],"up":[{"embeddable":true,"href":"https:\/\/www.justcolor.net\/fr\/wp-json\/wp\/v2\/pages\/8814"}],"wp:featuredmedia":[{"embeddable":true,"href":"https:\/\/www.justcolor.net\/fr\/wp-json\/wp\/v2\/media\/9114"}],"wp:attachment":[{"href":"https:\/\/www.justcolor.net\/fr\/wp-json\/wp\/v2\/media?parent=8833"}],"wp:term":[{"taxonomy":"post_tag","embeddable":true,"href":"https:\/\/www.justcolor.net\/fr\/wp-json\/wp\/v2\/tags?post=8833"}],"curies":[{"name":"wp","href":"https:\/\/api.w.org\/{rel}","templated":true}]}}