{"id":8834,"date":"2017-05-24T10:37:48","date_gmt":"2017-05-24T08:37:48","guid":{"rendered":"https:\/\/www.justcolor.net\/fr\/?page_id=8834"},"modified":"2017-05-29T21:07:13","modified_gmt":"2017-05-29T19:07:13","slug":"chibi-fille","status":"publish","type":"page","link":"https:\/\/www.justcolor.net\/fr\/diy\/tutoriels-mangas-anime\/chibi-fille\/","title":{"rendered":"Chibi (fille)"},"content":{"rendered":"<p><strong><img loading=\"lazy\" decoding=\"async\" class=\"grayborder alignright wp-image-408\" src=\"https:\/\/www.justcolor.net\/fr\/wp-content\/uploads\/sites\/18\/2016\/07\/tape6-chibi-fille-1.jpg\" alt=\"tape6-chibi-fille\" width=\"379\" height=\"536\"><img loading=\"lazy\" decoding=\"async\" class=\"wp-image-8954 alignleft\" src=\"https:\/\/www.justcolor.net\/fr\/wp-content\/uploads\/sites\/2\/2017\/05\/ladymangasolo-173x300.jpg\" alt=\"\" width=\"100\" height=\"173\" srcset=\"https:\/\/www.justcolor.net\/fr\/wp-content\/uploads\/sites\/2\/2017\/05\/ladymangasolo-173x300.jpg 173w, https:\/\/www.justcolor.net\/fr\/wp-content\/uploads\/sites\/2\/2017\/05\/ladymangasolo-591x1024.jpg 591w, https:\/\/www.justcolor.net\/fr\/wp-content\/uploads\/sites\/2\/2017\/05\/ladymangasolo.jpg 649w\" sizes=\"auto, (max-width: 100px) 100vw, 100px\" \/><\/strong><\/p>\n<h3>Voici un tutoriel pour dessiner un personnage Manga \/ Anime : <strong>La fille Chibi<\/strong>&nbsp;!<\/h3>\n<p><strong>Savais-tu que dans les Mangas japonais, \u00ab&nbsp;Chibi&nbsp;\u00bb d\u00e9signe la version enfantine d\u2019un&nbsp;personnage&nbsp;?<\/strong><\/p>\n<p>Je vais donc t\u2019apprendre \u00e0 dessiner un personnage&nbsp;\u00ab&nbsp;Chibi&nbsp;\u00bb \u00e0 mon effigie (Lady Manga).<\/p>\n<p><span style=\"color: #ff6600;\"><strong>Attention<\/strong> : Les proportions d&rsquo;un chibi sont divis\u00e9es en trois parties, contrairement aux proportions r\u00e9elles&nbsp;d&rsquo;un humain qui sont en 7 parties, le corps d&rsquo;un chibi ne fait habituellement que deux fois la taille&nbsp;de la t\u00eate, donc en tout seulement 3 t\u00eates.<\/span><\/p>\n<p>&nbsp;<\/p>\n<h2>Etape 1<\/h2>\n<p><img loading=\"lazy\" decoding=\"async\" class=\"grayborder alignleft wp-image-403\" src=\"https:\/\/www.justcolor.net\/fr\/wp-content\/uploads\/sites\/18\/2016\/07\/tape1-chibi-fille-1.jpg\" alt=\"tape1-chibi-fille\" width=\"345\" height=\"488\">R\u00e9alisez un <strong>croquis pr\u00e9paratoire<\/strong> en dessinant les contours du personnage au crayon&nbsp;gris sans appuyer trop fort, pour se faire une id\u00e9e de ce que va repr\u00e9senter le personnage.<\/p>\n<p>Commencez par la forme de <strong>la t\u00eate, le haut du corps, puis le bas du corps.<\/strong><\/p>\n<div style=\"clear: left;\">&nbsp;<\/div>\n<h2>Etape 2<\/h2>\n<p><img loading=\"lazy\" decoding=\"async\" class=\"grayborder alignleft wp-image-404\" src=\"https:\/\/www.justcolor.net\/fr\/wp-content\/uploads\/sites\/18\/2016\/07\/tape2-chibi-fille-1.jpg\" alt=\"tape2-chibi-fille\" width=\"384\" height=\"543\">En vous aidant du croquis, faites les <strong>lignes principales du personnage<\/strong> en appuyant un<\/p>\n<p>peu plus fort sur votre crayon gris.<\/p>\n<p>Placez <strong>les yeux<\/strong> au dessus de la ligne horizontale, les mains aux niveau des manches puis les jambes.<\/p>\n<p>Pour <strong>les cheveux<\/strong>, ajoutez des m\u00e8ches partant vers la droite ou comme bon vous semble au&nbsp;niveau du front puis faites la forme du bonnet.<\/p>\n<div style=\"clear: left;\">&nbsp;<\/div>\n<h2>Etape 3<\/h2>\n<p><img loading=\"lazy\" decoding=\"async\" class=\"grayborder alignleft wp-image-405\" src=\"https:\/\/www.justcolor.net\/fr\/wp-content\/uploads\/sites\/18\/2016\/07\/tape3-chibi-fille-1.jpg\" alt=\"tape3-chibi-fille\" width=\"339\" height=\"480\">Repassez un peu plus fort au crayon et ajoutez <strong>les d\u00e9tails comme les sourcils,&nbsp;l&rsquo;int\u00e9rieur des yeux, quelques m\u00e8ches de cheveux, les plis sur le pull et la jupe et les yeux et le&nbsp;nez du bonnet.<\/strong><\/p>\n<div style=\"clear: left;\">&nbsp;<\/div>\n<h2>Etape 4<\/h2>\n<p><img loading=\"lazy\" decoding=\"async\" class=\"grayborder alignleft wp-image-406\" src=\"https:\/\/www.justcolor.net\/fr\/wp-content\/uploads\/sites\/18\/2016\/07\/tape4-chibi-fille-1.jpg\" alt=\"tape4-chibi-fille\" width=\"341\" height=\"482\">Repassez maintenant au <strong>feutre noir avec une pointe fine<\/strong> et enlevez les traces de&nbsp;crayons qui restent avec une gomme ( v\u00e9rifiez que les traits au feutre noir soient bien secs ).<\/p>\n<div style=\"clear: left;\">&nbsp;<\/div>\n<h2>Etape 5<\/h2>\n<p><img loading=\"lazy\" decoding=\"async\" class=\"grayborder alignleft wp-image-407\" src=\"https:\/\/www.justcolor.net\/fr\/wp-content\/uploads\/sites\/18\/2016\/07\/tape5-chibi-fille-1.jpg\" alt=\"tape5-chibi-fille\" width=\"329\" height=\"465\">Maintenant avec n&rsquo;importe quel logiciel de retouche sur ordinateur, au feutre ou m\u00eame&nbsp;au crayon de couleur, <strong>coloriez le personnage avec les couleurs principales de votre choix<\/strong>.<\/p>\n<div style=\"clear: left;\">&nbsp;<\/div>\n<h2>Etape 6<\/h2>\n<p><img loading=\"lazy\" decoding=\"async\" class=\"grayborder alignleft wp-image-408\" src=\"https:\/\/www.justcolor.net\/fr\/wp-content\/uploads\/sites\/18\/2016\/07\/tape6-chibi-fille-1.jpg\" alt=\"tape6-chibi-fille\" width=\"336\" height=\"475\">Et enfin si vous le souhaitez, ajoutez des ombres et lumi\u00e8res sur les cheveux, la peau&nbsp;et les v\u00eatements de votre personnage pour la rendre plus r\u00e9aliste.<\/p>\n","protected":false},"excerpt":{"rendered":"<p>Voici un tutoriel pour dessiner un personnage Manga \/ Anime : La fille Chibi&nbsp;! Savais-tu que dans les Mangas japonais, \u00ab&nbsp;Chibi&nbsp;\u00bb d\u00e9signe la version enfantine d\u2019un&nbsp;personnage&nbsp;? Je vais donc t\u2019apprendre \u00e0 dessiner un personnage&nbsp;\u00ab&nbsp;Chibi&nbsp;\u00bb \u00e0 mon effigie (Lady Manga). Attention : Les proportions d&rsquo;un chibi sont divis\u00e9es en trois parties, contrairement aux proportions r\u00e9elles&nbsp;d&rsquo;un humain &#8230; <br \/><a title=\"Chibi (fille)\" class=\"read-more\" href=\"https:\/\/www.justcolor.net\/fr\/diy\/tutoriels-mangas-anime\/chibi-fille\/\">Lire la suite<\/a><\/p>\n","protected":false},"author":1,"featured_media":9115,"parent":8814,"menu_order":0,"comment_status":"closed","ping_status":"closed","template":"","meta":{"ngg_post_thumbnail":0,"footnotes":""},"tags":[825],"class_list":{"0":"post-8834","1":"page","2":"type-page","3":"status-publish","4":"has-post-thumbnail","6":"tag-tutosmangapersos"},"_links":{"self":[{"href":"https:\/\/www.justcolor.net\/fr\/wp-json\/wp\/v2\/pages\/8834","targetHints":{"allow":["GET"]}}],"collection":[{"href":"https:\/\/www.justcolor.net\/fr\/wp-json\/wp\/v2\/pages"}],"about":[{"href":"https:\/\/www.justcolor.net\/fr\/wp-json\/wp\/v2\/types\/page"}],"author":[{"embeddable":true,"href":"https:\/\/www.justcolor.net\/fr\/wp-json\/wp\/v2\/users\/1"}],"replies":[{"embeddable":true,"href":"https:\/\/www.justcolor.net\/fr\/wp-json\/wp\/v2\/comments?post=8834"}],"version-history":[{"count":0,"href":"https:\/\/www.justcolor.net\/fr\/wp-json\/wp\/v2\/pages\/8834\/revisions"}],"up":[{"embeddable":true,"href":"https:\/\/www.justcolor.net\/fr\/wp-json\/wp\/v2\/pages\/8814"}],"wp:featuredmedia":[{"embeddable":true,"href":"https:\/\/www.justcolor.net\/fr\/wp-json\/wp\/v2\/media\/9115"}],"wp:attachment":[{"href":"https:\/\/www.justcolor.net\/fr\/wp-json\/wp\/v2\/media?parent=8834"}],"wp:term":[{"taxonomy":"post_tag","embeddable":true,"href":"https:\/\/www.justcolor.net\/fr\/wp-json\/wp\/v2\/tags?post=8834"}],"curies":[{"name":"wp","href":"https:\/\/api.w.org\/{rel}","templated":true}]}}