{"id":8843,"date":"2017-05-24T10:47:31","date_gmt":"2017-05-24T08:47:31","guid":{"rendered":"https:\/\/www.justcolor.net\/fr\/?page_id=8843"},"modified":"2017-05-29T21:03:54","modified_gmt":"2017-05-29T19:03:54","slug":"kimono-girl","status":"publish","type":"page","link":"https:\/\/www.justcolor.net\/fr\/diy\/tutoriels-mangas-anime\/kimono-girl\/","title":{"rendered":"Kimono girl"},"content":{"rendered":"<p><img loading=\"lazy\" decoding=\"async\" class=\"grayborder alignright wp-image-439\" src=\"https:\/\/www.justcolor.net\/fr\/wp-content\/uploads\/sites\/18\/2016\/07\/tape6-fille-kimono-1.jpg\" alt=\"tape6-fille-kimono\" width=\"346\" height=\"489\"><\/p>\n<p><img loading=\"lazy\" decoding=\"async\" class=\"wp-image-8954 alignleft\" src=\"https:\/\/www.justcolor.net\/fr\/wp-content\/uploads\/sites\/2\/2017\/05\/ladymangasolo-173x300.jpg\" alt=\"\" width=\"100\" height=\"173\" srcset=\"https:\/\/www.justcolor.net\/fr\/wp-content\/uploads\/sites\/2\/2017\/05\/ladymangasolo-173x300.jpg 173w, https:\/\/www.justcolor.net\/fr\/wp-content\/uploads\/sites\/2\/2017\/05\/ladymangasolo-591x1024.jpg 591w, https:\/\/www.justcolor.net\/fr\/wp-content\/uploads\/sites\/2\/2017\/05\/ladymangasolo.jpg 649w\" sizes=\"auto, (max-width: 100px) 100vw, 100px\" \/><\/p>\n<h3>Voici un tutoriel pour dessiner un personnage Manga \/ Anime :&nbsp;La Kimono Girl<\/h3>\n<p>Au Japon, le Kimono est le v\u00eatement traditionnel port\u00e9 aussi bien par les hommes&nbsp;que par les femmes.<\/p>\n<p>Autrefois utilis\u00e9 comme v\u00eatement habituel, il est de nos jours&nbsp;port\u00e9 lors de grandes occasions et f\u00eates.<\/p>\n<p><strong>Avec ce tutoriel, tu vas pouvoir apprendre \u00e0&nbsp;dessiner des personnages mangas dans leurs habits traditionnels&nbsp;!<\/strong><\/p>\n<p>&nbsp;<\/p>\n<p>&nbsp;<\/p>\n<p><!--more--><\/p>\n<h2>Etape 1<\/h2>\n<p><img loading=\"lazy\" decoding=\"async\" class=\"grayborder alignleft wp-image-434 \" src=\"https:\/\/www.justcolor.net\/fr\/wp-content\/uploads\/sites\/18\/2016\/07\/tape1-fille-kimono-1.jpg\" alt=\"tape1-fille-kimono\" width=\"353\" height=\"499\">R\u00e9alisez un croquis pr\u00e9paratoire en dessinant les contours du personnage au crayon&nbsp;gris sans appuyer trop fort, pour se faire une id\u00e9e de ce que va repr\u00e9senter l&rsquo;\u00e9coli\u00e8re.<\/p>\n<p>Commencez par les v\u00eatements puis ajoutez la t\u00eate et les bras.<\/p>\n<div style=\"clear: left;\">&nbsp;<\/div>\n<h2>&nbsp;<\/h2>\n<h2>Etape 2<\/h2>\n<p><img loading=\"lazy\" decoding=\"async\" class=\"grayborder alignleft wp-image-435\" src=\"https:\/\/www.justcolor.net\/fr\/wp-content\/uploads\/sites\/18\/2016\/07\/tape2-fille-kimono-1.jpg\" alt=\"tape2-fille-kimono\" width=\"356\" height=\"503\">En vous aidant de votre croquis, faites les lignes principales du personnage en&nbsp;appuyant un peu plus fort sur votre crayon gris.<\/p>\n<p>Commencez par dessiner les cheveux, les fleurs au niveau des couettes et la noeud \u00e0 la ceinture.<\/p>\n<div style=\"clear: left;\">&nbsp;<\/div>\n<h2>&nbsp;<\/h2>\n<h2>Etape 3<\/h2>\n<p><img loading=\"lazy\" decoding=\"async\" class=\"grayborder alignleft wp-image-436\" src=\"https:\/\/www.justcolor.net\/fr\/wp-content\/uploads\/sites\/18\/2016\/07\/tape3-fille-kimono-1.jpg\" alt=\"tape3-fille-kimono\" width=\"346\" height=\"489\">Repassez un peu plus fort au crayon et ajoutez les d\u00e9tails comme les sourcils, les&nbsp;yeux ( puis l&rsquo;int\u00e9rieur des yeux ), les motifs de fleurs sur le kimono ainsi que les plis.<\/p>\n<div style=\"clear: left;\">&nbsp;<\/div>\n<h2>&nbsp;<\/h2>\n<h2>Etape 4<\/h2>\n<p><img loading=\"lazy\" decoding=\"async\" class=\"grayborder alignleft wp-image-437\" src=\"https:\/\/www.justcolor.net\/fr\/wp-content\/uploads\/sites\/18\/2016\/07\/tape4-fille-kimono-1.jpg\" alt=\"tape4-fille-kimono\" width=\"344\" height=\"487\">Repassez maintenant au feutre noir avec une pointe fine et enlevez les traces de&nbsp;crayons qui restent avec une gomme ( v\u00e9rifiez que les traits au feutre noir soient bien secs ).<\/p>\n<div style=\"clear: left;\">&nbsp;<\/div>\n<h2>&nbsp;<\/h2>\n<h2>Etape 5<\/h2>\n<p><img loading=\"lazy\" decoding=\"async\" class=\"grayborder alignleft wp-image-438\" src=\"https:\/\/www.justcolor.net\/fr\/wp-content\/uploads\/sites\/18\/2016\/07\/tape5-fille-kimono-1.jpg\" alt=\"tape5-fille-kimono\" width=\"345\" height=\"488\">Maintenant avec n&rsquo;importe quel logiciel de retouche sur ordinateur, au feutre ou m\u00eame&nbsp;au crayon de couleur, coloriez le personnage avec les couleurs principales de votre choix.<\/p>\n<div style=\"clear: left;\">&nbsp;<\/div>\n<h2>&nbsp;<\/h2>\n<h2>Etape 6<\/h2>\n<p><img loading=\"lazy\" decoding=\"async\" class=\"grayborder alignleft wp-image-439\" src=\"https:\/\/www.justcolor.net\/fr\/wp-content\/uploads\/sites\/18\/2016\/07\/tape6-fille-kimono-1.jpg\" alt=\"tape6-fille-kimono\" width=\"378\" height=\"535\">Et enfin si vous le souhaitez, ajoutez des ombres et lumi\u00e8res sur les cheveux, la peau&nbsp;et les v\u00eatements de votre personnage pour la rendre plus r\u00e9aliste.<\/p>\n","protected":false},"excerpt":{"rendered":"<p>Voici un tutoriel pour dessiner un personnage Manga \/ Anime :&nbsp;La Kimono Girl Au Japon, le Kimono est le v\u00eatement traditionnel port\u00e9 aussi bien par les hommes&nbsp;que par les femmes. Autrefois utilis\u00e9 comme v\u00eatement habituel, il est de nos jours&nbsp;port\u00e9 lors de grandes occasions et f\u00eates. Avec ce tutoriel, tu vas pouvoir apprendre \u00e0&nbsp;dessiner des &#8230; <br \/><a title=\"Kimono girl\" class=\"read-more\" href=\"https:\/\/www.justcolor.net\/fr\/diy\/tutoriels-mangas-anime\/kimono-girl\/\">Lire la suite<\/a><\/p>\n","protected":false},"author":1,"featured_media":9118,"parent":8814,"menu_order":0,"comment_status":"closed","ping_status":"closed","template":"","meta":{"ngg_post_thumbnail":0,"footnotes":""},"tags":[825],"class_list":{"0":"post-8843","1":"page","2":"type-page","3":"status-publish","4":"has-post-thumbnail","6":"tag-tutosmangapersos"},"_links":{"self":[{"href":"https:\/\/www.justcolor.net\/fr\/wp-json\/wp\/v2\/pages\/8843","targetHints":{"allow":["GET"]}}],"collection":[{"href":"https:\/\/www.justcolor.net\/fr\/wp-json\/wp\/v2\/pages"}],"about":[{"href":"https:\/\/www.justcolor.net\/fr\/wp-json\/wp\/v2\/types\/page"}],"author":[{"embeddable":true,"href":"https:\/\/www.justcolor.net\/fr\/wp-json\/wp\/v2\/users\/1"}],"replies":[{"embeddable":true,"href":"https:\/\/www.justcolor.net\/fr\/wp-json\/wp\/v2\/comments?post=8843"}],"version-history":[{"count":0,"href":"https:\/\/www.justcolor.net\/fr\/wp-json\/wp\/v2\/pages\/8843\/revisions"}],"up":[{"embeddable":true,"href":"https:\/\/www.justcolor.net\/fr\/wp-json\/wp\/v2\/pages\/8814"}],"wp:featuredmedia":[{"embeddable":true,"href":"https:\/\/www.justcolor.net\/fr\/wp-json\/wp\/v2\/media\/9118"}],"wp:attachment":[{"href":"https:\/\/www.justcolor.net\/fr\/wp-json\/wp\/v2\/media?parent=8843"}],"wp:term":[{"taxonomy":"post_tag","embeddable":true,"href":"https:\/\/www.justcolor.net\/fr\/wp-json\/wp\/v2\/tags?post=8843"}],"curies":[{"name":"wp","href":"https:\/\/api.w.org\/{rel}","templated":true}]}}