{"id":8848,"date":"2017-05-24T10:29:18","date_gmt":"2017-05-24T08:29:18","guid":{"rendered":"https:\/\/www.justcolor.net\/fr\/?page_id=8848"},"modified":"2017-05-29T21:09:21","modified_gmt":"2017-05-29T19:09:21","slug":"ecoliere","status":"publish","type":"page","link":"https:\/\/www.justcolor.net\/fr\/diy\/tutoriels-mangas-anime\/ecoliere\/","title":{"rendered":"Ecoli\u00e8re"},"content":{"rendered":"<h3><img loading=\"lazy\" decoding=\"async\" class=\"wp-image-8954 alignleft\" src=\"https:\/\/www.justcolor.net\/fr\/wp-content\/uploads\/sites\/2\/2017\/05\/ladymangasolo-173x300.jpg\" alt=\"\" width=\"100\" height=\"173\" srcset=\"https:\/\/www.justcolor.net\/fr\/wp-content\/uploads\/sites\/2\/2017\/05\/ladymangasolo-173x300.jpg 173w, https:\/\/www.justcolor.net\/fr\/wp-content\/uploads\/sites\/2\/2017\/05\/ladymangasolo-591x1024.jpg 591w, https:\/\/www.justcolor.net\/fr\/wp-content\/uploads\/sites\/2\/2017\/05\/ladymangasolo.jpg 649w\" sizes=\"auto, (max-width: 100px) 100vw, 100px\" \/>Voici un tutoriel pour dessiner un personnage Manga \/ Anime : l&rsquo;\u00e9coli\u00e8re<\/h3>\n<p><img loading=\"lazy\" decoding=\"async\" class=\"grayborder alignright wp-image-10162\" src=\"https:\/\/www.justcolor.net\/wp-content\/uploads\/2017\/05\/school-girl-649x1024.png\" alt=\"\" width=\"332\" height=\"523\">Les personnages f\u00e9minins habill\u00e9s en \u00e9coli\u00e8res sont tr\u00e8s r\u00e9pandus dans l\u2019univers&nbsp;manga, puisque de nombreuses histoires destin\u00e9es aux jeunes filles se d\u00e9roulent au&nbsp;coll\u00e8ge ou lyc\u00e9e.<\/p>\n<p>Ce type de manga, appel\u00e9 <strong>Sh\u00f5jo<\/strong> (signifiant \u00ab&nbsp;petite fille&nbsp;\u00bb en&nbsp;japonais), met souvent en sc\u00e8ne les histoires d\u2019amour de ces \u00e9l\u00e8ves en uniforme.<\/p>\n<p>&nbsp;<\/p>\n<p>Tu&nbsp;veux apprendre \u00e0 les dessiner&nbsp;? En avant&nbsp;!<\/p>\n<p>&nbsp;<\/p>\n<p>&nbsp;<\/p>\n<p>&nbsp;<\/p>\n<p><!--more--><\/p>\n<h2>Etape 1<\/h2>\n<p><img loading=\"lazy\" decoding=\"async\" class=\"grayborder alignleft wp-image-347 \" src=\"https:\/\/www.justcolor.net\/fr\/wp-content\/uploads\/sites\/18\/2016\/07\/tape1-\u00e9coli\u00e8re-1.jpg\" alt=\"tape1-\u00e9coli\u00e8re\" width=\"343\" height=\"485\">R\u00e9alisez un croquis pr\u00e9paratoire en dessinant les contours du personnage au crayon&nbsp;gris sans appuyer trop fort, pour se faire une id\u00e9e de ce que va repr\u00e9senter l&rsquo;\u00e9coli\u00e8re.<\/p>\n<p>Commencez d&rsquo;abord par la t\u00eate, ensuite les v\u00eatements puis ajoutez les bras et les jambes.<\/p>\n<div style=\"clear: left;\">&nbsp;<\/div>\n<h2>&nbsp;<\/h2>\n<h2>Etape 2<\/h2>\n<p><img loading=\"lazy\" decoding=\"async\" class=\"grayborder alignleft wp-image-348 \" src=\"https:\/\/www.justcolor.net\/fr\/wp-content\/uploads\/sites\/18\/2016\/07\/tape2-\u00e9coli\u00e8re-1.jpg\" alt=\"tape2-\u00e9coli\u00e8re\" width=\"346\" height=\"489\">En vous aidant de votre croquis, faites les lignes principales du personnage en&nbsp;appuyant un peu plus fort sur votre crayon gris.<\/p>\n<p>Placez les yeux \u00e0 environs 1mm au dessus de la ligne horizontale, le nez \u00e0 l&rsquo;intersection des deux&nbsp;lignes puis la bouche \u00e0 3 ou 4mm en dessous du nez, n&rsquo;oubliez pas de faire les mains.<\/p>\n<p>Pour les cheveux, finissez la forme de la t\u00eate par un petit demi\u00ad-cercle, ajoutez des m\u00e8ches&nbsp;partant vers la droite ou comme bon vous semble au niveau du front puis faites des couettes de&nbsp;chaque c\u00f4t\u00e9 de la t\u00eate.<\/p>\n<p>Et pour les v\u00eatements, dessinez un col qui va jusqu&rsquo;\u00e0 3 ou 4cm en dessous du menton, suivi d&rsquo;un&nbsp;noeud papillon, puis d&rsquo;une ligne pour s\u00e9parer la chemise en deux. Faites enfin des petits carreaux&nbsp;sur la jupe.<\/p>\n<div style=\"clear: left;\">&nbsp;<\/div>\n<h2>&nbsp;<\/h2>\n<h2>Etape 3<\/h2>\n<p><img loading=\"lazy\" decoding=\"async\" class=\"grayborder alignleft wp-image-349 \" src=\"https:\/\/www.justcolor.net\/fr\/wp-content\/uploads\/sites\/18\/2016\/07\/tape3-\u00e9coli\u00e8re-1.jpg\" alt=\"tape3-\u00e9coli\u00e8re\" width=\"343\" height=\"485\">Repassez le tout au feutre fin noir, ajoutez des d\u00e9tails comme les sourcils, les m\u00e8ches&nbsp;de cheveux, l&rsquo;int\u00e9rieur des yeux, ajoutez de fines lignes en dessous, au dessus, \u00e0 gauche et \u00e0&nbsp;droite de chaque ligne sur la jupe, les ombres dans le noeud&#8230;<\/p>\n<p>Sur le col, sur le noeud papillon et&nbsp;aux extr\u00e9mit\u00e9s des manches, ajoutez des bandes noires, puis enlevez les traces de crayon qui&nbsp;restent avec une gomme et n&rsquo;oubliez pas de colorier l&rsquo;\u00e9lastique dans les cheveux puis les d\u00e9tails&nbsp;au bas de la chemise.<\/p>\n<div style=\"clear: left;\">&nbsp;<\/div>\n<h2>&nbsp;<\/h2>\n<h2>Etape 4<\/h2>\n<p><img loading=\"lazy\" decoding=\"async\" class=\"grayborder alignleft wp-image-350 \" src=\"https:\/\/www.justcolor.net\/fr\/wp-content\/uploads\/sites\/18\/2016\/07\/tape4-\u00e9coli\u00e8re-1.jpg\" alt=\"tape4-\u00e9coli\u00e8re\" width=\"341\" height=\"482\">Maintenant avec n&rsquo;importe quel logiciel de retouche sur ordinateur, au feutre ou m\u00eame&nbsp;au crayon de couleur, coloriez le personnage avec les couleurs principales de votre choix.<\/p>\n<div style=\"clear: left;\">&nbsp;<\/div>\n<h2>&nbsp;<\/h2>\n<h2>Etape 5<\/h2>\n<p><img loading=\"lazy\" decoding=\"async\" class=\"grayborder wp-image-10162 alignleft\" src=\"https:\/\/www.justcolor.net\/wp-content\/uploads\/2017\/05\/school-girl-649x1024.png\" alt=\"\" width=\"332\" height=\"523\">Et enfin si vous le souhaitez, ajoutez des ombres et lumi\u00e8res sur les cheveux, la peau&nbsp;et la chemise de votre personnage pour la rendre plus r\u00e9aliste.<\/p>\n<h2>&nbsp;<\/h2>\n","protected":false},"excerpt":{"rendered":"<p>Voici un tutoriel pour dessiner un personnage Manga \/ Anime : l&rsquo;\u00e9coli\u00e8re Les personnages f\u00e9minins habill\u00e9s en \u00e9coli\u00e8res sont tr\u00e8s r\u00e9pandus dans l\u2019univers&nbsp;manga, puisque de nombreuses histoires destin\u00e9es aux jeunes filles se d\u00e9roulent au&nbsp;coll\u00e8ge ou lyc\u00e9e. Ce type de manga, appel\u00e9 Sh\u00f5jo (signifiant \u00ab&nbsp;petite fille&nbsp;\u00bb en&nbsp;japonais), met souvent en sc\u00e8ne les histoires d\u2019amour de ces &#8230; <br \/><a title=\"Ecoli\u00e8re\" class=\"read-more\" href=\"https:\/\/www.justcolor.net\/fr\/diy\/tutoriels-mangas-anime\/ecoliere\/\">Lire la suite<\/a><\/p>\n","protected":false},"author":1,"featured_media":9123,"parent":8814,"menu_order":0,"comment_status":"closed","ping_status":"closed","template":"","meta":{"ngg_post_thumbnail":0,"footnotes":""},"tags":[825],"class_list":{"0":"post-8848","1":"page","2":"type-page","3":"status-publish","4":"has-post-thumbnail","6":"tag-tutosmangapersos"},"_links":{"self":[{"href":"https:\/\/www.justcolor.net\/fr\/wp-json\/wp\/v2\/pages\/8848","targetHints":{"allow":["GET"]}}],"collection":[{"href":"https:\/\/www.justcolor.net\/fr\/wp-json\/wp\/v2\/pages"}],"about":[{"href":"https:\/\/www.justcolor.net\/fr\/wp-json\/wp\/v2\/types\/page"}],"author":[{"embeddable":true,"href":"https:\/\/www.justcolor.net\/fr\/wp-json\/wp\/v2\/users\/1"}],"replies":[{"embeddable":true,"href":"https:\/\/www.justcolor.net\/fr\/wp-json\/wp\/v2\/comments?post=8848"}],"version-history":[{"count":0,"href":"https:\/\/www.justcolor.net\/fr\/wp-json\/wp\/v2\/pages\/8848\/revisions"}],"up":[{"embeddable":true,"href":"https:\/\/www.justcolor.net\/fr\/wp-json\/wp\/v2\/pages\/8814"}],"wp:featuredmedia":[{"embeddable":true,"href":"https:\/\/www.justcolor.net\/fr\/wp-json\/wp\/v2\/media\/9123"}],"wp:attachment":[{"href":"https:\/\/www.justcolor.net\/fr\/wp-json\/wp\/v2\/media?parent=8848"}],"wp:term":[{"taxonomy":"post_tag","embeddable":true,"href":"https:\/\/www.justcolor.net\/fr\/wp-json\/wp\/v2\/tags?post=8848"}],"curies":[{"name":"wp","href":"https:\/\/api.w.org\/{rel}","templated":true}]}}