{"id":8851,"date":"2017-05-24T10:19:28","date_gmt":"2017-05-24T08:19:28","guid":{"rendered":"https:\/\/www.justcolor.net\/fr\/?page_id=8851"},"modified":"2017-05-29T20:56:46","modified_gmt":"2017-05-29T18:56:46","slug":"trasher-girl","status":"publish","type":"page","link":"https:\/\/www.justcolor.net\/fr\/diy\/tutoriels-mangas-anime\/trasher-girl\/","title":{"rendered":"Trasher girl"},"content":{"rendered":"<h3 style=\"text-align: justify;\"><img loading=\"lazy\" decoding=\"async\" class=\"grayborder alignright wp-image-1149\" src=\"https:\/\/www.justcolor.net\/fr\/wp-content\/uploads\/sites\/18\/2016\/11\/Girl-c-724x1024.jpg\" alt=\"girl-c\" width=\"356\" height=\"504\"><img loading=\"lazy\" decoding=\"async\" class=\"wp-image-8954 alignleft\" src=\"https:\/\/www.justcolor.net\/fr\/wp-content\/uploads\/sites\/2\/2017\/05\/ladymangasolo-173x300.jpg\" alt=\"\" width=\"100\" height=\"173\" srcset=\"https:\/\/www.justcolor.net\/fr\/wp-content\/uploads\/sites\/2\/2017\/05\/ladymangasolo-173x300.jpg 173w, https:\/\/www.justcolor.net\/fr\/wp-content\/uploads\/sites\/2\/2017\/05\/ladymangasolo-591x1024.jpg 591w, https:\/\/www.justcolor.net\/fr\/wp-content\/uploads\/sites\/2\/2017\/05\/ladymangasolo.jpg 649w\" sizes=\"auto, (max-width: 100px) 100vw, 100px\" \/>Voici un tutoriel pour dessiner un personnage Manga \/ Anime :&nbsp;Trasher girl<\/h3>\n<p style=\"text-align: justify;\">Cette fois-ci, je souhaite vous apprendre \u00e0 dessiner une<strong> jeune fille<\/strong>&nbsp;que j&rsquo;ai imagin\u00e9e &#8230; Vous ne la trouverez dans aucun livre ou s\u00e9rie &#8230;&nbsp;<\/p>\n<p style=\"text-align: justify;\">Je vous pr\u00e9sente la <strong>Trasher girl<\/strong>, une jeune fille toujours habill\u00e9e avec un large sweet rose, et toujours accompagn\u00e9e de son ami <strong>le lapin vert<\/strong> !<\/p>\n<p style=\"text-align: justify;\">&nbsp;<\/p>\n<p style=\"text-align: justify;\"><span style=\"color: #000080;\">Suivez mes instructions pour apprendre \u00e0 la dessiner.<\/span><\/p>\n<p style=\"text-align: justify;\">&nbsp;&nbsp;<\/p>\n<p style=\"text-align: justify;\">&nbsp;<\/p>\n<p style=\"text-align: justify;\">&nbsp;<\/p>\n<h2>Etape&nbsp;1<\/h2>\n<p style=\"text-align: justify;\"><span style=\"font-weight: 400;\"><img loading=\"lazy\" decoding=\"async\" class=\"grayborder alignleft wp-image-863 size-medium\" src=\"https:\/\/www.justcolor.net\/fr\/wp-content\/uploads\/sites\/18\/2016\/11\/coloring-page-adult-thrasher-girl-207x300.jpg\" alt=\"coloring-page-adult-thrasher-girl\" width=\"207\" height=\"300\">Commen\u00e7ons par dessiner <strong>les contours<\/strong>&#8230; Je vous conseille de <strong>ne pas les tracer trop \u00e9pais<\/strong>&nbsp;afin de ne pas rendre votre dessin grotesque!&nbsp;<\/span><\/p>\n<div style=\"clear: left;\">&nbsp;<\/div>\n<h2>&nbsp;<\/h2>\n<h2>Etape 2<\/h2>\n<p style=\"text-align: justify;\"><span style=\"color: #ff0000;\"><img loading=\"lazy\" decoding=\"async\" class=\"grayborder alignleft wp-image-863 size-medium\" src=\"https:\/\/www.justcolor.net\/fr\/wp-content\/uploads\/sites\/18\/2016\/11\/Girl-b-212x300.jpg\" alt=\"girl-b\" width=\"212\" height=\"300\"><\/span>Dans cette deuxi\u00e8me phase, <strong>je colore<\/strong> mon dessin. J&rsquo;ai s\u00e9lectionn\u00e9 des <strong>couleurs p\u00e2les<\/strong> mais vous \u00eates libres d&rsquo;en choisir d&rsquo;autres bien entendu!<\/p>\n<p style=\"text-align: justify;\">Le dessin prend forme mais il n&rsquo;est pas tout \u00e0 fait termin\u00e9&#8230;<\/p>\n<div style=\"clear: left;\">&nbsp;<\/div>\n<h2>&nbsp;<\/h2>\n<h2>Etape 3<\/h2>\n<p style=\"text-align: justify;\">&nbsp;<img loading=\"lazy\" decoding=\"async\" class=\"grayborder alignleft wp-image-10157\" src=\"https:\/\/www.justcolor.net\/wp-content\/uploads\/2017\/05\/TrasherGirl-724x1024.jpg\" alt=\"\" width=\"378\" height=\"534\">Pour finir, je rajoute des <strong>ombres<\/strong> au personnage afin de cr\u00e9er un <strong>effet de volume<\/strong>.&nbsp;<\/p>\n<p style=\"text-align: justify;\">Que pensez-vous du r\u00e9sultat? N&rsquo;h\u00e9sitez pas \u00e0 publier votre oeuvre dans la rubrique \u00ab\u00a0Vos cr\u00e9ations\u00a0\u00bb \ud83d\ude42<\/p>\n","protected":false},"excerpt":{"rendered":"<p>Voici un tutoriel pour dessiner un personnage Manga \/ Anime :&nbsp;Trasher girl Cette fois-ci, je souhaite vous apprendre \u00e0 dessiner une jeune fille&nbsp;que j&rsquo;ai imagin\u00e9e &#8230; Vous ne la trouverez dans aucun livre ou s\u00e9rie &#8230;&nbsp; Je vous pr\u00e9sente la Trasher girl, une jeune fille toujours habill\u00e9e avec un large sweet rose, et toujours accompagn\u00e9e &#8230; <br \/><a title=\"Trasher girl\" class=\"read-more\" href=\"https:\/\/www.justcolor.net\/fr\/diy\/tutoriels-mangas-anime\/trasher-girl\/\">Lire la suite<\/a><\/p>\n","protected":false},"author":1,"featured_media":9125,"parent":8814,"menu_order":0,"comment_status":"closed","ping_status":"closed","template":"","meta":{"ngg_post_thumbnail":0,"footnotes":""},"tags":[825],"class_list":{"0":"post-8851","1":"page","2":"type-page","3":"status-publish","4":"has-post-thumbnail","6":"tag-tutosmangapersos"},"_links":{"self":[{"href":"https:\/\/www.justcolor.net\/fr\/wp-json\/wp\/v2\/pages\/8851","targetHints":{"allow":["GET"]}}],"collection":[{"href":"https:\/\/www.justcolor.net\/fr\/wp-json\/wp\/v2\/pages"}],"about":[{"href":"https:\/\/www.justcolor.net\/fr\/wp-json\/wp\/v2\/types\/page"}],"author":[{"embeddable":true,"href":"https:\/\/www.justcolor.net\/fr\/wp-json\/wp\/v2\/users\/1"}],"replies":[{"embeddable":true,"href":"https:\/\/www.justcolor.net\/fr\/wp-json\/wp\/v2\/comments?post=8851"}],"version-history":[{"count":0,"href":"https:\/\/www.justcolor.net\/fr\/wp-json\/wp\/v2\/pages\/8851\/revisions"}],"up":[{"embeddable":true,"href":"https:\/\/www.justcolor.net\/fr\/wp-json\/wp\/v2\/pages\/8814"}],"wp:featuredmedia":[{"embeddable":true,"href":"https:\/\/www.justcolor.net\/fr\/wp-json\/wp\/v2\/media\/9125"}],"wp:attachment":[{"href":"https:\/\/www.justcolor.net\/fr\/wp-json\/wp\/v2\/media?parent=8851"}],"wp:term":[{"taxonomy":"post_tag","embeddable":true,"href":"https:\/\/www.justcolor.net\/fr\/wp-json\/wp\/v2\/tags?post=8851"}],"curies":[{"name":"wp","href":"https:\/\/api.w.org\/{rel}","templated":true}]}}