{"id":8853,"date":"2017-05-24T11:24:21","date_gmt":"2017-05-24T09:24:21","guid":{"rendered":"https:\/\/www.justcolor.net\/fr\/?page_id=8853"},"modified":"2017-05-29T21:24:12","modified_gmt":"2017-05-29T19:24:12","slug":"mecha","status":"publish","type":"page","link":"https:\/\/www.justcolor.net\/fr\/diy\/tutoriels-mangas-anime\/mecha\/","title":{"rendered":"Mecha"},"content":{"rendered":"<h3><span style=\"font-weight: 400;\"><strong><img loading=\"lazy\" decoding=\"async\" class=\"wp-image-8954 alignleft\" src=\"https:\/\/www.justcolor.net\/fr\/wp-content\/uploads\/sites\/2\/2017\/05\/ladymangasolo-173x300.jpg\" alt=\"\" width=\"100\" height=\"173\" srcset=\"https:\/\/www.justcolor.net\/fr\/wp-content\/uploads\/sites\/2\/2017\/05\/ladymangasolo-173x300.jpg 173w, https:\/\/www.justcolor.net\/fr\/wp-content\/uploads\/sites\/2\/2017\/05\/ladymangasolo-591x1024.jpg 591w, https:\/\/www.justcolor.net\/fr\/wp-content\/uploads\/sites\/2\/2017\/05\/ladymangasolo.jpg 649w\" sizes=\"auto, (max-width: 100px) 100vw, 100px\" \/>Voici un tutoriel pour dessiner un personnage Manga \/ Anime :&nbsp;le Mecha<\/strong><\/span><\/h3>\n<p><span style=\"font-weight: 400;\"><strong><img loading=\"lazy\" decoding=\"async\" class=\"grayborder alignright wp-image-10147 \" src=\"https:\/\/www.justcolor.net\/wp-content\/uploads\/2017\/05\/mecha-869x1024.png\" alt=\"\" width=\"395\" height=\"465\">Les robots sont tr\u00e8s pr\u00e9sents dans l\u2019univers manga, notamment dans les mangas style Mecha o\u00f9 ils ont une place tr\u00e8s importante.<\/strong><\/span><\/p>\n<p><span style=\"font-weight: 400;\">En effet, de nombreux mangas nous relatent des batailles \u00e9piques o\u00f9 les machines se battent entre elles !<\/span><\/p>\n<p>&nbsp;<\/p>\n<p><span style=\"font-weight: 400;\">Tu veux apprendre \u00e0 les dessiner ? Et bien, suis moi alors !<\/span><\/p>\n<p>&nbsp;<\/p>\n<p>&nbsp;<\/p>\n<p><!--more--><\/p>\n<h2>Etape 1<\/h2>\n<p><span style=\"font-weight: 400;\"><a href=\"https:\/\/www.justcolor.net\/fr\/wp-content\/uploads\/sites\/18\/2016\/08\/Mecha-etape-1-1.jpg\"><img loading=\"lazy\" decoding=\"async\" class=\"grayborder alignleft wp-image-764 \" src=\"https:\/\/www.justcolor.net\/fr\/wp-content\/uploads\/sites\/18\/2016\/08\/Mecha-etape-1-1-724x1024.jpg\" alt=\"Mecha etape 1\" width=\"344\" height=\"487\"><\/a>Pour commencer, tracez au crayon gris votre personnage, n\u2019appuyez pas trop fort car cette \u00e9tape fait office de brouillon, elle vous servira \u00e0 avoir une id\u00e9e de l\u2019aspect futur de votre personnage.<\/span><\/p>\n<p><span style=\"font-weight: 400;\">Commencez par le bouclier car celui-ci est au premier plan, ensuite enchainez sur le torse, continuez par le bras et les jambes et, pour finir, tracez la t\u00eate.<\/span><\/p>\n<div style=\"clear: left;\">&nbsp;<\/div>\n<h2>&nbsp;<\/h2>\n<h2>Etape 2<\/h2>\n<p><span style=\"font-weight: 400;\"><a href=\"https:\/\/www.justcolor.net\/fr\/wp-content\/uploads\/sites\/18\/2016\/08\/Mecha-etape-2-1.jpg\"><img loading=\"lazy\" decoding=\"async\" class=\"grayborder alignleft wp-image-765 \" src=\"https:\/\/www.justcolor.net\/fr\/wp-content\/uploads\/sites\/18\/2016\/08\/Mecha-etape-2-1-724x1024.jpg\" alt=\"Mecha etape 2\" width=\"345\" height=\"488\"><\/a>Gr\u00e2ce \u00e0 &nbsp;votre croquis, tracez les grosses lignes de votre mecha. Vous pouvez appuyer un peu plus fort sur votre crayon lors de cette tape.<\/span><\/p>\n<p><span style=\"font-weight: 400;\">Tout d\u2019abord, commencez par affiner le bouclier, vous pouvez, tout comme moi, lui mettre des contours, une grille et une petite plaquette pour paraitre plus d\u00e9taill\u00e9.<\/span><\/p>\n<p><span style=\"font-weight: 400;\">Attaquez ensuite le torse, mettez \u00e0 votre fier robot des plaques de protections puis dessinez un rond au milieu de ce torse, celui-ci nous permettra de rajouter des effets de lumi\u00e8res pas la suite.<\/span><\/p>\n<p><span style=\"font-weight: 400;\">Ajoutez ensuite des d\u00e9tails aux \u00e9paulettes et rendez les formes plus carr\u00e9es, pour lui permettre de paraitre plus agressif.<\/span><\/p>\n<p><span style=\"font-weight: 400;\">Ensuite, rajoutez des d\u00e9tails aux jambes comme des couches d\u2019armure, un \u00e9crou robotique \u00e0 la place de la rotule et des plaques de m\u00e9tal sur les pieds.<\/span><\/p>\n<p><span style=\"font-weight: 400;\">Pour finir, ajoutez une fente \u00e0 la place des yeux sur le casque et un embout au canon.<\/span><\/p>\n<div style=\"clear: left;\">&nbsp;<\/div>\n<h2>Etape 3<\/h2>\n<p><span style=\"font-weight: 400;\"><a href=\"https:\/\/www.justcolor.net\/fr\/wp-content\/uploads\/sites\/18\/2016\/08\/Mecha-etape-3-1.jpg\"><img loading=\"lazy\" decoding=\"async\" class=\"grayborder alignleft wp-image-766 \" src=\"https:\/\/www.justcolor.net\/fr\/wp-content\/uploads\/sites\/18\/2016\/08\/Mecha-etape-3-1-723x1024.jpg\" alt=\"Mecha etape 3\" width=\"345\" height=\"489\"><\/a>Cette tape vous servira \u00e0 d\u00e9tailler votre dessin, comme par exemple lui rajouter des marques d\u2019usure sur l\u2019armure et des d\u00e9tails sur le canon.<\/span><\/p>\n<div style=\"clear: left;\">&nbsp;<\/div>\n<h2>&nbsp;<\/h2>\n<h2>Etape 4<\/h2>\n<p><a href=\"https:\/\/www.justcolor.net\/fr\/wp-content\/uploads\/sites\/18\/2016\/08\/Mecha-etape-4-1.png\"><img loading=\"lazy\" decoding=\"async\" class=\"grayborder alignleft wp-image-767 \" src=\"https:\/\/www.justcolor.net\/fr\/wp-content\/uploads\/sites\/18\/2016\/08\/Mecha-etape-4-1-724x1024.png\" alt=\"Mecha etape 4\" width=\"345\" height=\"488\"><\/a><span style=\"font-weight: 400;\">Repassez maintenant votre dessin au fin feutre noir et gommez les lignes faites au crayon gris auparavant.<\/span><\/p>\n<p><span style=\"font-weight: 400;\">Vous avez fini la partie dessin, maintenant place au coloriage !<\/span><\/p>\n<div style=\"clear: left;\">&nbsp;<\/div>\n<h2>&nbsp;<\/h2>\n<h2>Etape 5<\/h2>\n<p><span style=\"font-weight: 400;\"><a href=\"https:\/\/www.justcolor.net\/fr\/wp-content\/uploads\/sites\/18\/2016\/08\/Mecha-etape-5-1.jpg\"><img loading=\"lazy\" decoding=\"async\" class=\"grayborder alignleft wp-image-768 \" src=\"https:\/\/www.justcolor.net\/fr\/wp-content\/uploads\/sites\/18\/2016\/08\/Mecha-etape-5-1-724x1024.jpg\" alt=\"Mecha etape 5\" width=\"338\" height=\"478\"><\/a>Gr\u00e2ce \u00e0 vos feutres, vos crayons de couleurs ou bien gr\u00e2ce \u00e0 un logiciel de retouche photo, coloriez votre personnage avec les couleurs de votre choix, je vous conseille de ne pas prendre trop de couleurs diff\u00e9rentes pour ne pas rendre le dessin surcharg\u00e9.<\/span><\/p>\n<div style=\"clear: left;\">&nbsp;<\/div>\n<h2>&nbsp;<\/h2>\n<h2>Etape 6<\/h2>\n<p><span style=\"font-weight: 400;\"><strong><img loading=\"lazy\" decoding=\"async\" class=\"grayborder wp-image-10147 alignleft\" src=\"https:\/\/www.justcolor.net\/wp-content\/uploads\/2017\/05\/mecha-869x1024.png\" alt=\"\" width=\"362\" height=\"426\"><\/strong>D\u00e9sormais il ne reste plus qu\u2019\u00e0 rajouter des effets d\u2019ombre et de lumi\u00e8re pour rendre votre personnage plus r\u00e9aliste et votre dessin sera fini.<\/span><\/p>\n","protected":false},"excerpt":{"rendered":"<p>Voici un tutoriel pour dessiner un personnage Manga \/ Anime :&nbsp;le Mecha Les robots sont tr\u00e8s pr\u00e9sents dans l\u2019univers manga, notamment dans les mangas style Mecha o\u00f9 ils ont une place tr\u00e8s importante. En effet, de nombreux mangas nous relatent des batailles \u00e9piques o\u00f9 les machines se battent entre elles ! &nbsp; Tu veux apprendre &#8230; <br \/><a title=\"Mecha\" class=\"read-more\" href=\"https:\/\/www.justcolor.net\/fr\/diy\/tutoriels-mangas-anime\/mecha\/\">Lire la suite<\/a><\/p>\n","protected":false},"author":1,"featured_media":9119,"parent":8814,"menu_order":0,"comment_status":"closed","ping_status":"closed","template":"","meta":{"ngg_post_thumbnail":0,"footnotes":""},"tags":[825],"class_list":{"0":"post-8853","1":"page","2":"type-page","3":"status-publish","4":"has-post-thumbnail","6":"tag-tutosmangapersos"},"_links":{"self":[{"href":"https:\/\/www.justcolor.net\/fr\/wp-json\/wp\/v2\/pages\/8853","targetHints":{"allow":["GET"]}}],"collection":[{"href":"https:\/\/www.justcolor.net\/fr\/wp-json\/wp\/v2\/pages"}],"about":[{"href":"https:\/\/www.justcolor.net\/fr\/wp-json\/wp\/v2\/types\/page"}],"author":[{"embeddable":true,"href":"https:\/\/www.justcolor.net\/fr\/wp-json\/wp\/v2\/users\/1"}],"replies":[{"embeddable":true,"href":"https:\/\/www.justcolor.net\/fr\/wp-json\/wp\/v2\/comments?post=8853"}],"version-history":[{"count":0,"href":"https:\/\/www.justcolor.net\/fr\/wp-json\/wp\/v2\/pages\/8853\/revisions"}],"up":[{"embeddable":true,"href":"https:\/\/www.justcolor.net\/fr\/wp-json\/wp\/v2\/pages\/8814"}],"wp:featuredmedia":[{"embeddable":true,"href":"https:\/\/www.justcolor.net\/fr\/wp-json\/wp\/v2\/media\/9119"}],"wp:attachment":[{"href":"https:\/\/www.justcolor.net\/fr\/wp-json\/wp\/v2\/media?parent=8853"}],"wp:term":[{"taxonomy":"post_tag","embeddable":true,"href":"https:\/\/www.justcolor.net\/fr\/wp-json\/wp\/v2\/tags?post=8853"}],"curies":[{"name":"wp","href":"https:\/\/api.w.org\/{rel}","templated":true}]}}