{"id":8857,"date":"2017-05-24T11:28:32","date_gmt":"2017-05-24T09:28:32","guid":{"rendered":"https:\/\/www.justcolor.net\/fr\/?page_id=8857"},"modified":"2017-05-29T21:13:16","modified_gmt":"2017-05-29T19:13:16","slug":"pikachu","status":"publish","type":"page","link":"https:\/\/www.justcolor.net\/fr\/diy\/tutoriels-mangas-anime\/pikachu\/","title":{"rendered":"Pikachu"},"content":{"rendered":"<h3><img loading=\"lazy\" decoding=\"async\" class=\"wp-image-8954 alignleft\" src=\"https:\/\/www.justcolor.net\/fr\/wp-content\/uploads\/sites\/2\/2017\/05\/ladymangasolo-173x300.jpg\" alt=\"\" width=\"100\" height=\"173\" srcset=\"https:\/\/www.justcolor.net\/fr\/wp-content\/uploads\/sites\/2\/2017\/05\/ladymangasolo-173x300.jpg 173w, https:\/\/www.justcolor.net\/fr\/wp-content\/uploads\/sites\/2\/2017\/05\/ladymangasolo-591x1024.jpg 591w, https:\/\/www.justcolor.net\/fr\/wp-content\/uploads\/sites\/2\/2017\/05\/ladymangasolo.jpg 649w\" sizes=\"auto, (max-width: 100px) 100vw, 100px\" \/>Voici un tutoriel pour dessiner un personnage Manga \/ Anime : Pikachu<\/h3>\n<p><strong><img loading=\"lazy\" decoding=\"async\" class=\"grayborder alignright wp-image-10150\" src=\"https:\/\/www.justcolor.net\/wp-content\/uploads\/2017\/05\/screenshot-14-292x300.png\" alt=\"\" width=\"398\" height=\"409\"><\/strong>Apprenez \u00e0 dessiner la souris jaune la plus c\u00e9l\u00e8bre du monde !<\/p>\n<p>&nbsp;<\/p>\n<p>&nbsp;<\/p>\n<p>&nbsp;<\/p>\n<p>&nbsp;<\/p>\n<p>&nbsp;<\/p>\n<p>&nbsp;<\/p>\n<p>&nbsp;<\/p>\n<p><!--more--><\/p>\n<h2>Etape 1<\/h2>\n<p><img loading=\"lazy\" decoding=\"async\" class=\"grayborder alignleft wp-image-863\" src=\"https:\/\/www.justcolor.net\/fr\/wp-content\/uploads\/sites\/18\/2016\/08\/Pikachu-etape-1-1-724x1024.png\" alt=\"Pikachu etape 1\" width=\"335\" height=\"474\"><span style=\"font-weight: 400;\">Dessinez les contours de Pikachu.<\/span><\/p>\n<p><span style=\"font-weight: 400;\">N\u2019appuyez pas trop fort sur votre crayon car cette tape fait office de croquis.<\/span><span style=\"color: #ff0000;\"><br \/>\n<\/span><\/p>\n<div style=\"clear: left;\">&nbsp;<\/div>\n<h2>&nbsp;<\/h2>\n<h2>Etape 2<\/h2>\n<p><span style=\"color: #ff0000;\"><img loading=\"lazy\" decoding=\"async\" class=\"grayborder alignleft wp-image-864\" src=\"https:\/\/www.justcolor.net\/fr\/wp-content\/uploads\/sites\/18\/2016\/08\/Pikachu-etape-2-1-724x1024.png\" alt=\"Pikachu etape 2\" width=\"351\" height=\"497\"><\/span><span style=\"font-weight: 400;\">Dessinez le visage de Pikachu, ne lui faites pas des yeux trop \u00e9cart\u00e9s, laissez un \u00e9cart de la taille d\u2019environ 2 yeux.<\/span><\/p>\n<p><span style=\"font-weight: 400;\">Dessinez lui le bout des oreilles, les joues ainsi que sa bouche.<\/span><span style=\"color: #ff0000;\"><br \/>\n<\/span><\/p>\n<div style=\"clear: left;\">&nbsp;<\/div>\n<h2>&nbsp;<\/h2>\n<h2>Etape 3<\/h2>\n<p><span style=\"font-weight: 400;\"><span style=\"color: #ff0000;\"><img loading=\"lazy\" decoding=\"async\" class=\"grayborder alignleft wp-image-865\" src=\"https:\/\/www.justcolor.net\/fr\/wp-content\/uploads\/sites\/18\/2016\/08\/Pikachu-etape-3-1-724x1024.jpeg\" alt=\"Pikachu etape 3\" width=\"319\" height=\"451\"><\/span>Repassez votre dessin au feutre fin noir et gommez vos traits de crayon gris.<\/span><span style=\"color: #ff0000;\"><br \/>\n<\/span><\/p>\n<div style=\"clear: left;\">&nbsp;<\/div>\n<h2>&nbsp;<\/h2>\n<h2>Etape 4<\/h2>\n<p><img loading=\"lazy\" decoding=\"async\" class=\"grayborder alignleft wp-image-866\" src=\"https:\/\/www.justcolor.net\/fr\/wp-content\/uploads\/sites\/18\/2016\/08\/Pikachu-etape-4-1-724x1024.jpeg\" alt=\"Pikachu etape 4\" width=\"301\" height=\"426\"><span style=\"font-weight: 400;\">\u00c0 l\u2019aide de vos crayons de couleurs, feutres ou gr\u00e2ce \u00e0 votre logiciel de montage, colorez votre Pikachu.<\/span><\/p>\n<p><span style=\"font-weight: 400;\">N\u2019oubliez pas de lui colorer d\u2019une couleur diff\u00e9rente le d\u00e9but de sa queue.<\/span><span style=\"color: #ff0000;\"><br \/>\n<\/span><\/p>\n<div style=\"clear: left;\">&nbsp;<\/div>\n<h2>&nbsp;<\/h2>\n<h2>Etape 5<\/h2>\n<p><span style=\"font-weight: 400;\"><strong><img loading=\"lazy\" decoding=\"async\" class=\"grayborder alignleft wp-image-10150\" src=\"https:\/\/www.justcolor.net\/wp-content\/uploads\/2017\/05\/screenshot-14-292x300.png\" alt=\"\" width=\"315\" height=\"324\"><\/strong>Rajoutez les ombres \u00e0 votre Pikachu et votre dessin sera fini&nbsp;!<\/span><span style=\"color: #ff0000;\"><br \/>\n<\/span><\/p>\n<h2>&nbsp;<\/h2>\n","protected":false},"excerpt":{"rendered":"<p>Voici un tutoriel pour dessiner un personnage Manga \/ Anime : Pikachu Apprenez \u00e0 dessiner la souris jaune la plus c\u00e9l\u00e8bre du monde ! &nbsp; &nbsp; &nbsp; &nbsp; &nbsp; &nbsp; &nbsp;<\/p>\n","protected":false},"author":1,"featured_media":9121,"parent":8814,"menu_order":0,"comment_status":"closed","ping_status":"closed","template":"","meta":{"ngg_post_thumbnail":0,"footnotes":""},"tags":[825],"class_list":{"0":"post-8857","1":"page","2":"type-page","3":"status-publish","4":"has-post-thumbnail","6":"tag-tutosmangapersos"},"_links":{"self":[{"href":"https:\/\/www.justcolor.net\/fr\/wp-json\/wp\/v2\/pages\/8857","targetHints":{"allow":["GET"]}}],"collection":[{"href":"https:\/\/www.justcolor.net\/fr\/wp-json\/wp\/v2\/pages"}],"about":[{"href":"https:\/\/www.justcolor.net\/fr\/wp-json\/wp\/v2\/types\/page"}],"author":[{"embeddable":true,"href":"https:\/\/www.justcolor.net\/fr\/wp-json\/wp\/v2\/users\/1"}],"replies":[{"embeddable":true,"href":"https:\/\/www.justcolor.net\/fr\/wp-json\/wp\/v2\/comments?post=8857"}],"version-history":[{"count":0,"href":"https:\/\/www.justcolor.net\/fr\/wp-json\/wp\/v2\/pages\/8857\/revisions"}],"up":[{"embeddable":true,"href":"https:\/\/www.justcolor.net\/fr\/wp-json\/wp\/v2\/pages\/8814"}],"wp:featuredmedia":[{"embeddable":true,"href":"https:\/\/www.justcolor.net\/fr\/wp-json\/wp\/v2\/media\/9121"}],"wp:attachment":[{"href":"https:\/\/www.justcolor.net\/fr\/wp-json\/wp\/v2\/media?parent=8857"}],"wp:term":[{"taxonomy":"post_tag","embeddable":true,"href":"https:\/\/www.justcolor.net\/fr\/wp-json\/wp\/v2\/tags?post=8857"}],"curies":[{"name":"wp","href":"https:\/\/api.w.org\/{rel}","templated":true}]}}