{"id":8880,"date":"2017-05-24T10:23:14","date_gmt":"2017-05-24T08:23:14","guid":{"rendered":"https:\/\/www.justcolor.net\/fr\/?page_id=8880"},"modified":"2017-05-29T21:27:29","modified_gmt":"2017-05-29T19:27:29","slug":"soldat","status":"publish","type":"page","link":"https:\/\/www.justcolor.net\/fr\/diy\/tutoriels-mangas-anime\/soldat\/","title":{"rendered":"Soldat"},"content":{"rendered":"<h3><strong><img loading=\"lazy\" decoding=\"async\" class=\"wp-image-8954 alignleft\" src=\"https:\/\/www.justcolor.net\/fr\/wp-content\/uploads\/sites\/2\/2017\/05\/ladymangasolo-173x300.jpg\" alt=\"\" width=\"100\" height=\"173\" srcset=\"https:\/\/www.justcolor.net\/fr\/wp-content\/uploads\/sites\/2\/2017\/05\/ladymangasolo-173x300.jpg 173w, https:\/\/www.justcolor.net\/fr\/wp-content\/uploads\/sites\/2\/2017\/05\/ladymangasolo-591x1024.jpg 591w, https:\/\/www.justcolor.net\/fr\/wp-content\/uploads\/sites\/2\/2017\/05\/ladymangasolo.jpg 649w\" sizes=\"auto, (max-width: 100px) 100vw, 100px\" \/>Voici un tutoriel pour dessiner un personnage Manga \/ Anime :&nbsp;le Soldat<\/strong><\/h3>\n<p><strong><img loading=\"lazy\" decoding=\"async\" class=\"wp-image-9057 alignright\" src=\"https:\/\/www.justcolor.net\/fr\/wp-content\/uploads\/sites\/2\/2017\/05\/screenshot-2-619x1024.png\" alt=\"\" width=\"317\" height=\"524\" srcset=\"https:\/\/www.justcolor.net\/fr\/wp-content\/uploads\/sites\/2\/2017\/05\/screenshot-2-619x1024.png 619w, https:\/\/www.justcolor.net\/fr\/wp-content\/uploads\/sites\/2\/2017\/05\/screenshot-2-181x300.png 181w, https:\/\/www.justcolor.net\/fr\/wp-content\/uploads\/sites\/2\/2017\/05\/screenshot-2-768x1271.png 768w, https:\/\/www.justcolor.net\/fr\/wp-content\/uploads\/sites\/2\/2017\/05\/screenshot-2.png 864w\" sizes=\"auto, (max-width: 317px) 100vw, 317px\" \/>Les&nbsp;soldats et les guerriers sont fort pr\u00e9sents dans les Mangas, ils sont notamment fort pr\u00e9sents dans les Shonens et les Seinens. <\/strong><\/p>\n<p><span style=\"font-weight: 400;\">C\u2019est pourquoi aujourd\u2019hui au programme nous allons dessiner un soldat&nbsp;!<\/span><\/p>\n<p>&nbsp;<\/p>\n<p>&nbsp;<\/p>\n<p>&nbsp;<\/p>\n<p>&nbsp;<\/p>\n<p>&nbsp;<\/p>\n<p>&nbsp;<\/p>\n<p>&nbsp;<\/p>\n<p><!--more--><\/p>\n<h2>Etape 1<\/h2>\n<p><img loading=\"lazy\" decoding=\"async\" class=\"grayborder alignleft wp-image-886 \" src=\"https:\/\/www.justcolor.net\/fr\/wp-content\/uploads\/sites\/18\/2016\/08\/Soldat-etape-1-1-724x1024.jpg\" alt=\"Soldat etape 1\" width=\"348\" height=\"492\"><span style=\"font-weight: 400;\">Commencez par dessiner les formes approximatives de votre personnage.<\/span><\/p>\n<p><span style=\"font-weight: 400;\">N\u2019appuyez pas trop fort sur votre crayon car ces traits vont \u00eatre gomm\u00e9s par la suite.<\/span><span style=\"color: #ff0000;\"><br \/>\n<\/span><\/p>\n<div style=\"clear: left;\">&nbsp;<\/div>\n<h2>&nbsp;<\/h2>\n<h2>Etape 2<\/h2>\n<p><span style=\"color: #ff0000;\"><br \/>\n<img loading=\"lazy\" decoding=\"async\" class=\"grayborder alignleft wp-image-887 \" src=\"https:\/\/www.justcolor.net\/fr\/wp-content\/uploads\/sites\/18\/2016\/08\/Soldat-etape-2-1-724x1024.jpg\" alt=\"Soldat etape 2\" width=\"344\" height=\"487\"><\/span><span style=\"font-weight: 400;\">\u00c0 l\u2019aide de la premi\u00e8re tape, dessinez les contours de votre personnage.<\/span><\/p>\n<p><span style=\"font-weight: 400;\">Gommez les traits pr\u00e9c\u00e9dents pour vous permettre de mieux vous rep\u00e9rer dans votre dessin.<\/span><span style=\"color: #ff0000;\"><br \/>\n<\/span><\/p>\n<div style=\"clear: left;\">&nbsp;<\/div>\n<h2>&nbsp;<\/h2>\n<h2>Etape 3<\/h2>\n<p><span style=\"font-weight: 400;\"><span style=\"color: #ff0000;\"><img loading=\"lazy\" decoding=\"async\" class=\"grayborder alignleft wp-image-888 \" src=\"https:\/\/www.justcolor.net\/fr\/wp-content\/uploads\/sites\/18\/2016\/08\/Soldat-etape-3-1-724x1024.jpg\" alt=\"Soldat etape 3\" width=\"350\" height=\"495\"><\/span>En vous aidant de l\u2019tape pr\u00e9c\u00e9dente, dessinez les d\u00e9tails de votre personnage. <\/span><span style=\"color: #ff0000;\"><br \/>\n<\/span><\/p>\n<div style=\"clear: left;\">&nbsp;<\/div>\n<h2>&nbsp;<\/h2>\n<h2>Etape 4<\/h2>\n<p><span style=\"font-weight: 400;\"><span style=\"color: #ff0000;\"><img loading=\"lazy\" decoding=\"async\" class=\"grayborder alignleft wp-image-889 \" src=\"https:\/\/www.justcolor.net\/fr\/wp-content\/uploads\/sites\/18\/2016\/08\/Soldat-etape-4-1-724x1024.png\" alt=\"Soldat etape 4\" width=\"351\" height=\"496\"><\/span>\u00c0 l\u2019aide de votre feutre fin, repassez les lignes de votre personnage et gommez vos pr\u00e9c\u00e9dents traits.<\/span><span style=\"color: #ff0000;\"><br \/>\n<\/span><\/p>\n<div style=\"clear: left;\">&nbsp;<\/div>\n<h2>&nbsp;<\/h2>\n<h2>Etape 5<\/h2>\n<p><span style=\"font-weight: 400;\"><span style=\"color: #ff0000;\"><img loading=\"lazy\" decoding=\"async\" class=\"grayborder alignleft wp-image-890 \" src=\"https:\/\/www.justcolor.net\/fr\/wp-content\/uploads\/sites\/18\/2016\/08\/Soldat-etape-5-1-724x1024.jpeg\" alt=\"Soldat etape 5\" width=\"350\" height=\"495\"><\/span>Gr\u00e2ce \u00e0 vos feutres, vos crayons de couleurs ou bien gr\u00e2ce \u00e0 un logiciel de retouche photo, coloriez votre personnage avec les couleurs de votre choix.<\/span><span style=\"color: #ff0000;\"><br \/>\n<\/span><\/p>\n<div style=\"clear: left;\">&nbsp;<\/div>\n<h2>&nbsp;<\/h2>\n<h2>Etape 6<\/h2>\n<p><span style=\"font-weight: 400;\"><img loading=\"lazy\" decoding=\"async\" class=\"grayborder alignleft wp-image-885 \" src=\"https:\/\/www.justcolor.net\/fr\/wp-content\/uploads\/sites\/18\/2016\/08\/Soldat-etape-6-1-724x1024.jpeg\" alt=\"Soldat etape 6\" width=\"351\" height=\"496\">D\u00e9sormais il ne reste plus qu\u2019\u00e0 rajouter des d\u00e9tails sur son pantalon et sur son \u00e9p\u00e9e ainsi que des effets d\u2019ombre et de lumi\u00e8re afin de rendre votre personnage plus r\u00e9aliste. Voil\u00e0, c\u2019est termin\u00e9 !<\/span><\/p>\n<h2>&nbsp;<\/h2>\n","protected":false},"excerpt":{"rendered":"<p>Voici un tutoriel pour dessiner un personnage Manga \/ Anime :&nbsp;le Soldat Les&nbsp;soldats et les guerriers sont fort pr\u00e9sents dans les Mangas, ils sont notamment fort pr\u00e9sents dans les Shonens et les Seinens. C\u2019est pourquoi aujourd\u2019hui au programme nous allons dessiner un soldat&nbsp;! &nbsp; &nbsp; &nbsp; &nbsp; &nbsp; &nbsp; &nbsp;<\/p>\n","protected":false},"author":1,"featured_media":9124,"parent":8814,"menu_order":0,"comment_status":"closed","ping_status":"closed","template":"","meta":{"ngg_post_thumbnail":0,"footnotes":""},"tags":[825],"class_list":{"0":"post-8880","1":"page","2":"type-page","3":"status-publish","4":"has-post-thumbnail","6":"tag-tutosmangapersos"},"_links":{"self":[{"href":"https:\/\/www.justcolor.net\/fr\/wp-json\/wp\/v2\/pages\/8880","targetHints":{"allow":["GET"]}}],"collection":[{"href":"https:\/\/www.justcolor.net\/fr\/wp-json\/wp\/v2\/pages"}],"about":[{"href":"https:\/\/www.justcolor.net\/fr\/wp-json\/wp\/v2\/types\/page"}],"author":[{"embeddable":true,"href":"https:\/\/www.justcolor.net\/fr\/wp-json\/wp\/v2\/users\/1"}],"replies":[{"embeddable":true,"href":"https:\/\/www.justcolor.net\/fr\/wp-json\/wp\/v2\/comments?post=8880"}],"version-history":[{"count":0,"href":"https:\/\/www.justcolor.net\/fr\/wp-json\/wp\/v2\/pages\/8880\/revisions"}],"up":[{"embeddable":true,"href":"https:\/\/www.justcolor.net\/fr\/wp-json\/wp\/v2\/pages\/8814"}],"wp:featuredmedia":[{"embeddable":true,"href":"https:\/\/www.justcolor.net\/fr\/wp-json\/wp\/v2\/media\/9124"}],"wp:attachment":[{"href":"https:\/\/www.justcolor.net\/fr\/wp-json\/wp\/v2\/media?parent=8880"}],"wp:term":[{"taxonomy":"post_tag","embeddable":true,"href":"https:\/\/www.justcolor.net\/fr\/wp-json\/wp\/v2\/tags?post=8880"}],"curies":[{"name":"wp","href":"https:\/\/api.w.org\/{rel}","templated":true}]}}