{"id":9127,"date":"2017-05-26T14:40:19","date_gmt":"2017-05-26T12:40:19","guid":{"rendered":"https:\/\/www.justcolor.net\/fr\/?page_id=9127"},"modified":"2017-05-29T20:52:03","modified_gmt":"2017-05-29T18:52:03","slug":"guerriere","status":"publish","type":"page","link":"https:\/\/www.justcolor.net\/fr\/diy\/tutoriels-mangas-anime\/guerriere\/","title":{"rendered":"Guerri\u00e8re"},"content":{"rendered":"<p><img loading=\"lazy\" decoding=\"async\" class=\"wp-image-8954 alignleft\" src=\"https:\/\/www.justcolor.net\/fr\/wp-content\/uploads\/sites\/2\/2017\/05\/ladymangasolo-173x300.jpg\" alt=\"\" width=\"100\" height=\"173\" srcset=\"https:\/\/www.justcolor.net\/fr\/wp-content\/uploads\/sites\/2\/2017\/05\/ladymangasolo-173x300.jpg 173w, https:\/\/www.justcolor.net\/fr\/wp-content\/uploads\/sites\/2\/2017\/05\/ladymangasolo-591x1024.jpg 591w, https:\/\/www.justcolor.net\/fr\/wp-content\/uploads\/sites\/2\/2017\/05\/ladymangasolo.jpg 649w\" sizes=\"auto, (max-width: 100px) 100vw, 100px\" \/><img loading=\"lazy\" decoding=\"async\" class=\"grayborder alignright wp-image-397\" src=\"https:\/\/www.justcolor.net\/fr\/wp-content\/uploads\/sites\/18\/2016\/07\/SKM_C454e16051716230-page-001-1-1024x724.jpg\" alt=\"SKM_C454e16051716230-page-001\" width=\"473\" height=\"334\">A l\u2019attaque&nbsp;!<\/p>\n<p>Je te propose d\u2019apprendre \u00e0 <strong>dessiner une valeureuse guerri\u00e8re<\/strong>.&nbsp;Attention, sous ses airs gentils se cache une combattante sans piti\u00e9 \u2026 pr\u00eat(e) \u00e0 en&nbsp;d\u00e9coudre.<\/p>\n<p>Il s&rsquo;agit d&rsquo;un <strong>personnage en mouvement, avec des effets au niveau des cheveux et des v\u00eatements<\/strong>. Pour ce dessin je compte sur toi pour <strong>manier ton crayon avec assurance et fluidit\u00e9<\/strong>, c&rsquo;est la cl\u00e9 pour que cette guerri\u00e8re semble \u00eatre en pleine action, et non en train de se reposer !<\/p>\n<div style=\"clear: left;\">&nbsp;<\/div>\n<div style=\"clear: left;\">&nbsp;<\/div>\n<div style=\"clear: left;\">&nbsp;<\/div>\n<h2>Etape 1<\/h2>\n<p><img loading=\"lazy\" decoding=\"async\" class=\"grayborder alignleft wp-image-394\" src=\"https:\/\/www.justcolor.net\/fr\/wp-content\/uploads\/sites\/18\/2016\/07\/SKM_C454e16051713200-page-001-1-1024x724.jpg\" alt=\"SKM_C454e16051713200-page-001\" width=\"401\" height=\"284\"><span style=\"color: #000000;\">Dessinez le personnage sous forme de croquis.<\/span><\/p>\n<p>Le principal est de bien repr\u00e9senter l&#8217;emplacement du visage, composantes du visage, le positionnement des membres, l&rsquo;allure des cheveux, sans oublier le sabre de la guerri\u00e8re.<\/p>\n<p><span style=\"color: #000000;\">Attention \u00e0 bien placer et proportionner les membres&nbsp;pour&nbsp;que malgr\u00e9 sa posture complexe, le personnage reste r\u00e9aliste et coh\u00e9rent. Il faudra peut \u00eatre vous y reprendre \u00e0 plusieurs fois : dessiner, v\u00e9rifier l&rsquo;aspect global, gommer et corriger &#8230; jusqu&rsquo;\u00e0 ce que le croquis vous semble parfait.<\/span><\/p>\n<div style=\"clear: left;\">&nbsp;<\/div>\n<h2>Etape 2<\/h2>\n<p><img loading=\"lazy\" decoding=\"async\" class=\"grayborder alignleft wp-image-395\" src=\"https:\/\/www.justcolor.net\/fr\/wp-content\/uploads\/sites\/18\/2016\/07\/SKM_C454e16051714040-page-001-1-1024x724.jpg\" alt=\"SKM_C454e16051714040-page-001\" width=\"396\" height=\"280\"><span style=\"color: #000000;\">Une fois votre croquis termin\u00e9, d\u00e9taillez le visage, notamment les yeux.<\/span><\/p>\n<p>N&rsquo;h\u00e9sitez pas \u00e0 suivre <a href=\"https:\/\/www.justcolor.net\/fr\/diy\/tutoriels-mangas-anime\/yeux\/\">ce tutoriel sur les yeux dans les dessins Manga \/ Anime<\/a>, il pourra vous aider \u00e0 bien les repr\u00e9senter.<\/p>\n<div style=\"clear: left;\">&nbsp;<\/div>\n<h2>Etape 3<\/h2>\n<p><img loading=\"lazy\" decoding=\"async\" class=\"grayborder alignleft wp-image-396\" src=\"https:\/\/www.justcolor.net\/fr\/wp-content\/uploads\/sites\/18\/2016\/07\/SKM_C454e16051714270-1-1-page-001-1-1024x724.jpg\" alt=\"SKM_C454e16051714270 (1) (1)-page-001\" width=\"401\" height=\"284\"><span style=\"color: #000000;\">D\u00e9taillez maintenant les v\u00eatements de la guerri\u00e8re, en pr\u00e9parant les zones qui seront par la suite fonc\u00e9es pour repr\u00e9senter les plis et mouvements du tissus.<\/span><\/p>\n<div style=\"clear: left;\">&nbsp;<\/div>\n<h2>Etape 4<\/h2>\n<p><img loading=\"lazy\" decoding=\"async\" class=\"grayborder alignleft wp-image-393\" src=\"https:\/\/www.justcolor.net\/fr\/wp-content\/uploads\/sites\/18\/2016\/07\/coloriage-guerriere-manga-par-krissy-1.jpg\" alt=\"coloriage-guerriere-manga-par-krissy\" width=\"403\" height=\"294\"><span style=\"color: #000000;\">Pour cette \u00e9tape nous finalisons le dessin, avec un feutre noir \u00e0 pointe fine pour les contours, et \u00e0 pointe \u00e9paisse et souple pour les plis \/ ombrages des v\u00eatements.<\/span><\/p>\n<p><span style=\"color: #000000;\">Il vous faut donc repasser les traits du croquis, repr\u00e9senter les cheveux de mani\u00e8re souple, a\u00e9r\u00e9e, avec des lignes l\u00e9g\u00e8rement courb\u00e9es et fluide pour repr\u00e9senter le mouvement &#8230; Votre guerri\u00e8re dois avoir une chevelure l\u00e9g\u00e8rement mouvante, comme si elle venait de sauter et d&rsquo;atterrir dans cette position l\u00e9g\u00e8rement accroupie !<\/span><\/p>\n<p>Pour les plis \/ ombrages du v\u00eatement, coloriez les zones pr\u00e9par\u00e9es dans le croquis, avec feutre \u00e0 pointe \u00e9paisse et souple.<\/p>\n<div style=\"clear: left;\">&nbsp;<\/div>\n<h2>Etape 5<\/h2>\n<p><img loading=\"lazy\" decoding=\"async\" class=\"grayborder alignleft wp-image-397\" src=\"https:\/\/www.justcolor.net\/fr\/wp-content\/uploads\/sites\/18\/2016\/07\/SKM_C454e16051716230-page-001-1-1024x724.jpg\" alt=\"SKM_C454e16051716230-page-001\" width=\"401\" height=\"283\"><span style=\"color: #000000;\">L&rsquo;\u00e9tape finale consiste \u00e0 dessiner&nbsp;des ombres dans les cheveux et sur les v\u00eatements.<\/span><\/p>\n<p><span style=\"color: #000000;\">Pour&nbsp;cela, utilisez un ou plusieurs crayons gris, pour pouvoir jouer avec plusieurs nuances de gris.<\/span><\/p>\n<p>Ne pas oublier d&rsquo;utiliser cet effet de nuances de gris pour repr\u00e9senter l&rsquo;effet m\u00e9tallique de l&rsquo;\u00e9p\u00e9e.<\/p>\n","protected":false},"excerpt":{"rendered":"<p>A l\u2019attaque&nbsp;! Je te propose d\u2019apprendre \u00e0 dessiner une valeureuse guerri\u00e8re.&nbsp;Attention, sous ses airs gentils se cache une combattante sans piti\u00e9 \u2026 pr\u00eat(e) \u00e0 en&nbsp;d\u00e9coudre. Il s&rsquo;agit d&rsquo;un personnage en mouvement, avec des effets au niveau des cheveux et des v\u00eatements. Pour ce dessin je compte sur toi pour manier ton crayon avec assurance et &#8230; <br \/><a title=\"Guerri\u00e8re\" class=\"read-more\" href=\"https:\/\/www.justcolor.net\/fr\/diy\/tutoriels-mangas-anime\/guerriere\/\">Lire la suite<\/a><\/p>\n","protected":false},"author":1,"featured_media":9128,"parent":8814,"menu_order":0,"comment_status":"closed","ping_status":"closed","template":"","meta":{"ngg_post_thumbnail":0,"footnotes":""},"tags":[825],"class_list":{"0":"post-9127","1":"page","2":"type-page","3":"status-publish","4":"has-post-thumbnail","6":"tag-tutosmangapersos"},"_links":{"self":[{"href":"https:\/\/www.justcolor.net\/fr\/wp-json\/wp\/v2\/pages\/9127","targetHints":{"allow":["GET"]}}],"collection":[{"href":"https:\/\/www.justcolor.net\/fr\/wp-json\/wp\/v2\/pages"}],"about":[{"href":"https:\/\/www.justcolor.net\/fr\/wp-json\/wp\/v2\/types\/page"}],"author":[{"embeddable":true,"href":"https:\/\/www.justcolor.net\/fr\/wp-json\/wp\/v2\/users\/1"}],"replies":[{"embeddable":true,"href":"https:\/\/www.justcolor.net\/fr\/wp-json\/wp\/v2\/comments?post=9127"}],"version-history":[{"count":0,"href":"https:\/\/www.justcolor.net\/fr\/wp-json\/wp\/v2\/pages\/9127\/revisions"}],"up":[{"embeddable":true,"href":"https:\/\/www.justcolor.net\/fr\/wp-json\/wp\/v2\/pages\/8814"}],"wp:featuredmedia":[{"embeddable":true,"href":"https:\/\/www.justcolor.net\/fr\/wp-json\/wp\/v2\/media\/9128"}],"wp:attachment":[{"href":"https:\/\/www.justcolor.net\/fr\/wp-json\/wp\/v2\/media?parent=9127"}],"wp:term":[{"taxonomy":"post_tag","embeddable":true,"href":"https:\/\/www.justcolor.net\/fr\/wp-json\/wp\/v2\/tags?post=9127"}],"curies":[{"name":"wp","href":"https:\/\/api.w.org\/{rel}","templated":true}]}}