{"id":9217,"date":"2017-05-30T10:08:48","date_gmt":"2017-05-30T08:08:48","guid":{"rendered":"https:\/\/www.justcolor.net\/fr\/?page_id=9217"},"modified":"2019-06-08T10:29:49","modified_gmt":"2019-06-08T08:29:49","slug":"tutoriels-zentangle","status":"publish","type":"page","link":"https:\/\/www.justcolor.net\/fr\/diy\/tutoriels-zentangle\/","title":{"rendered":"Tutoriels Zentangle \u00ae"},"content":{"rendered":"<h3>Dans cette section, vous pourrez apprendre \u00e9tape par \u00e9tape \u00e0 dessiner des illustrations incroyables \u00e0 l&rsquo;aide de la m\u00e9thode Zentangle.<\/h3>\n<h4><a href=\"https:\/\/www.justcolor.net\/fr\/diy\/tutoriels-zentangle\/techniques-de-dessin-de-base\/\"><strong>Techniques de dessin de base<\/strong><\/a>&nbsp;: Avant toute chose : apprenez les bases !<\/h4>\n<h4><strong><a href=\"https:\/\/www.justcolor.net\/fr\/diy\/tutoriels-zentangle\/exercices-zentangle-debutants\/\">Exercices Zentangle pour d\u00e9butants<\/a>&nbsp;<\/strong>: Nous vous proposons quelques exercices, importants \u00e0 faire avant de r\u00e9aliser des motifs Zentangle<\/h4>\n<h4><a href=\"https:\/\/www.justcolor.net\/fr\/diy\/tutoriels-zentangle\/motifs-zentangle-tutoriels\/\"><strong>Motifs Zentangle et tutoriels<\/strong><\/a>&nbsp;: D\u00e9couvrez quelques incroyables motifs Zentangle&nbsp;: motifs officiels ou cr\u00e9\u00e9s par des fans<\/h4>\n<h4><a href=\"https:\/\/www.justcolor.net\/fr\/diy\/tutoriels-zentangle\/dessins-zentangle-pas-a-pas\/\"><strong>Dessins Zentangle (Pas \u00e0 pas)<\/strong><\/a>&nbsp;: Essayez de trouver de l&rsquo;inspiration avec nos dessins exclusifs Zentangle, d\u00e9taill\u00e9s \u00e9tape par \u00e9tape<\/h4>\n","protected":false},"excerpt":{"rendered":"<p><img loading=\"lazy\" decoding=\"async\" class=\"wp-image-10369 alignleft\" src=\"https:\/\/www.justcolor.net\/wp-content\/uploads\/2017\/05\/zentangle.jpg\" alt=\"\" width=\"296\" height=\"296\"><b>Zentangle \u00ae<\/b> est une m\u00e9thode cr\u00e9\u00e9e par deux artistes am\u00e9ricains en 2005.<\/p>\n<p>Cette technique de dessin est bas\u00e9e sur <b>des motifs simples et abstraits et r\u00e9p\u00e9t\u00e9s, parfois inspir\u00e9s par la nature<\/b>. <\/p>\n<p>En dessinant avec cette m\u00e9thode, on recherche <b>l&rsquo;harmonie globale<\/b> plut\u00f4t que la sym\u00e9trie.<br \/>\nPlus que tout, l&rsquo;importance est donn\u00e9e sur le processus cr\u00e9atif, plus que sur le r\u00e9sultat.<\/p>\n<p>Ces motifs doivent toujours \u00eatre int\u00e9gr\u00e9s dans des zones d\u00e9limit\u00e9es d&rsquo;un dessin (ex : animaux, fleurs, paysages \u2026). Plusieurs types de motifs peuvent \u00eatre utilis\u00e9s dans ces diff\u00e9rentes zones (un motif par zone).<br \/>\nSi vous vous mettez \u00e0 ce type de dessin, vous verrez qu&rsquo;il se caract\u00e9rise par une grande simplicit\u00e9 et une libert\u00e9 permettant une relaxation intense !<\/p>\n<p>En effet, le Zentangle est d\u00e9fini comme un <b>Art m\u00e9ditatif<\/b>. Ces b\u00e9n\u00e9fices sont avant tout <b>la d\u00e9tente, la relaxation, l&rsquo;am\u00e9lioration de l&rsquo;\u00e9tat d&rsquo;esprit (optimisme, bonne humeur &#8230;)<\/b>.<br \/>\nCette activit\u00e9 est diff\u00e9rente du coloriage car avec le Zentangle <b>VOUS cr\u00e9ez VOTRE propre illustration<\/b> &#8230; Vous faites plus que colorier un dessin d\u00e9j\u00e0 existant, cr\u00e9\u00e9 par quelqu&rsquo;un d&rsquo;autre.<\/p>\n<p>Si vous ne vous sentez pas pr\u00e8s \u00e0 dessiner par vous m\u00eame, dites vous que le Zentangle est <b>une technique de dessin accessible pour tout le monde !<\/b>, m\u00eame si vous n&rsquo;avez jamais suivi de cours de dessin.<\/p>\n","protected":false},"author":1,"featured_media":0,"parent":8813,"menu_order":0,"comment_status":"closed","ping_status":"closed","template":"","meta":{"ngg_post_thumbnail":0,"footnotes":""},"tags":[],"class_list":["post-9217","page","type-page","status-publish"],"_links":{"self":[{"href":"https:\/\/www.justcolor.net\/fr\/wp-json\/wp\/v2\/pages\/9217","targetHints":{"allow":["GET"]}}],"collection":[{"href":"https:\/\/www.justcolor.net\/fr\/wp-json\/wp\/v2\/pages"}],"about":[{"href":"https:\/\/www.justcolor.net\/fr\/wp-json\/wp\/v2\/types\/page"}],"author":[{"embeddable":true,"href":"https:\/\/www.justcolor.net\/fr\/wp-json\/wp\/v2\/users\/1"}],"replies":[{"embeddable":true,"href":"https:\/\/www.justcolor.net\/fr\/wp-json\/wp\/v2\/comments?post=9217"}],"version-history":[{"count":0,"href":"https:\/\/www.justcolor.net\/fr\/wp-json\/wp\/v2\/pages\/9217\/revisions"}],"up":[{"embeddable":true,"href":"https:\/\/www.justcolor.net\/fr\/wp-json\/wp\/v2\/pages\/8813"}],"wp:attachment":[{"href":"https:\/\/www.justcolor.net\/fr\/wp-json\/wp\/v2\/media?parent=9217"}],"wp:term":[{"taxonomy":"post_tag","embeddable":true,"href":"https:\/\/www.justcolor.net\/fr\/wp-json\/wp\/v2\/tags?post=9217"}],"curies":[{"name":"wp","href":"https:\/\/api.w.org\/{rel}","templated":true}]}}