{"id":9229,"date":"2017-05-30T10:29:34","date_gmt":"2017-05-30T08:29:34","guid":{"rendered":"https:\/\/www.justcolor.net\/fr\/?page_id=9229"},"modified":"2017-05-30T10:48:28","modified_gmt":"2017-05-30T08:48:28","slug":"techniques-de-dessin-de-base","status":"publish","type":"page","link":"https:\/\/www.justcolor.net\/fr\/diy\/tutoriels-zentangle\/techniques-de-dessin-de-base\/","title":{"rendered":"Techniques de dessin de base"},"content":{"rendered":"<h2>Introduction<\/h2>\n<p>Ce n&rsquo;est pas la main qui dessine&nbsp;mais le cerveau !<\/p>\n<p>Qu&rsquo;est-ce qui fait la diff\u00e9rence entre un d\u00e9butant et un v\u00e9ritable dessinateur ?<\/p>\n<ul>\n<li>Assurance dans le trac\u00e9, confiance en soi<\/li>\n<li>Rapidit\u00e9 d&rsquo;ex\u00e9cution<\/li>\n<li>Visualisation&nbsp;en trois dimension des formes, avec respect des proportions et de la perspective<\/li>\n<\/ul>\n<p>C&rsquo;est pour vous perfectionner sur ces trois comp\u00e9tences que beaucoup de professeurs de dessin en \u00e9cole d&rsquo;art ou autre aiment demander \u00e0 leurs \u00e9l\u00e8ves de dessiner des l\u00e9gumes ou des fruits &#8230; parfois pendant des mois !<\/p>\n<p>C&rsquo;est seulement quand ils observeront que vous pouvez reproduire ces mod\u00e8les avec les bonnes proportions, un aspect tridimensionnel&nbsp;correct (y compris ombre et reflets), assurance et rapidit\u00e9 qu&rsquo;ils vous permettront de dessiner &nbsp;des mod\u00e8les plus \u00ab\u00a0int\u00e9ressants\u00a0\u00bb, comme des&nbsp;paysages ou des&nbsp;personnages.<\/p>\n<p>&nbsp;<\/p>\n<h2>Programme d&rsquo;entrainement<\/h2>\n<p>Pour commencer \u00e0 dessiner, encore une fois, les fruits et l\u00e9gumes&nbsp;sont de&nbsp;parfaits mod\u00e8les &#8230; Allez au march\u00e9 et achetez des bananes, des pommes, des tomates &#8230; Mais pas des&nbsp;fruits ou l\u00e9gumes parfaits ! Choisissez-en&nbsp;avec de petites imperfections, comme par exemple&nbsp;des bananes avec quelques \u00ab\u00a0t\u00e2ches\u00a0\u00bb &#8230;<\/p>\n","protected":false},"excerpt":{"rendered":"<p>Introduction Ce n&rsquo;est pas la main qui dessine&nbsp;mais le cerveau ! Qu&rsquo;est-ce qui fait la diff\u00e9rence entre un d\u00e9butant et un v\u00e9ritable dessinateur ? Assurance dans le trac\u00e9, confiance en soi Rapidit\u00e9 d&rsquo;ex\u00e9cution Visualisation&nbsp;en trois dimension des formes, avec respect des proportions et de la perspective C&rsquo;est pour vous perfectionner sur ces trois comp\u00e9tences que &#8230; <br \/><a title=\"Techniques de dessin de base\" class=\"read-more\" href=\"https:\/\/www.justcolor.net\/fr\/diy\/tutoriels-zentangle\/techniques-de-dessin-de-base\/\">Lire la suite<\/a><\/p>\n","protected":false},"author":1,"featured_media":0,"parent":9217,"menu_order":0,"comment_status":"closed","ping_status":"closed","template":"","meta":{"ngg_post_thumbnail":0,"footnotes":""},"tags":[],"class_list":["post-9229","page","type-page","status-publish"],"_links":{"self":[{"href":"https:\/\/www.justcolor.net\/fr\/wp-json\/wp\/v2\/pages\/9229","targetHints":{"allow":["GET"]}}],"collection":[{"href":"https:\/\/www.justcolor.net\/fr\/wp-json\/wp\/v2\/pages"}],"about":[{"href":"https:\/\/www.justcolor.net\/fr\/wp-json\/wp\/v2\/types\/page"}],"author":[{"embeddable":true,"href":"https:\/\/www.justcolor.net\/fr\/wp-json\/wp\/v2\/users\/1"}],"replies":[{"embeddable":true,"href":"https:\/\/www.justcolor.net\/fr\/wp-json\/wp\/v2\/comments?post=9229"}],"version-history":[{"count":0,"href":"https:\/\/www.justcolor.net\/fr\/wp-json\/wp\/v2\/pages\/9229\/revisions"}],"up":[{"embeddable":true,"href":"https:\/\/www.justcolor.net\/fr\/wp-json\/wp\/v2\/pages\/9217"}],"wp:attachment":[{"href":"https:\/\/www.justcolor.net\/fr\/wp-json\/wp\/v2\/media?parent=9229"}],"wp:term":[{"taxonomy":"post_tag","embeddable":true,"href":"https:\/\/www.justcolor.net\/fr\/wp-json\/wp\/v2\/tags?post=9229"}],"curies":[{"name":"wp","href":"https:\/\/api.w.org\/{rel}","templated":true}]}}