{"id":9232,"date":"2017-05-30T10:32:20","date_gmt":"2017-05-30T08:32:20","guid":{"rendered":"https:\/\/www.justcolor.net\/fr\/?page_id=9232"},"modified":"2019-06-08T10:31:37","modified_gmt":"2019-06-08T08:31:37","slug":"dessins-zentangle-pas-a-pas","status":"publish","type":"page","link":"https:\/\/www.justcolor.net\/fr\/diy\/tutoriels-zentangle\/dessins-zentangle-pas-a-pas\/","title":{"rendered":"Dessins Zentangle (Pas \u00e0 pas)"},"content":{"rendered":"<p>Voici des dessins complets&nbsp;Zentangle, avec repr\u00e9sentation des diff\u00e9rentes \u00e9tapes.<\/p>\n<p>Vous pouvez essayer de les reproduire &#8230; ou juste vous en inspirer pour trouver votre propre style.<\/p>\n<h2>Fleurs Sauvages<\/h2>\n<p><a href=\"https:\/\/www.justcolor.net\/diy\/zentangle\/zentangle-drawings-step-by-step\/savage-flowers\/\"><img loading=\"lazy\" decoding=\"async\" class=\"alignnone wp-image-10418\" src=\"https:\/\/www.justcolor.net\/wp-content\/uploads\/2017\/05\/coloriage-zentangle-fleurs-sauvages-par-olivier-724x1024-724x1024.jpg\" alt=\"\" width=\"464\" height=\"656\"><\/a><\/p>\n","protected":false},"excerpt":{"rendered":"<p>Voici des dessins complets&nbsp;Zentangle, avec repr\u00e9sentation des diff\u00e9rentes \u00e9tapes. Vous pouvez essayer de les reproduire &#8230; ou juste vous en inspirer pour trouver votre propre style. Fleurs Sauvages<\/p>\n","protected":false},"author":1,"featured_media":0,"parent":9217,"menu_order":0,"comment_status":"closed","ping_status":"closed","template":"","meta":{"ngg_post_thumbnail":0,"footnotes":""},"tags":[],"class_list":["post-9232","page","type-page","status-publish"],"_links":{"self":[{"href":"https:\/\/www.justcolor.net\/fr\/wp-json\/wp\/v2\/pages\/9232","targetHints":{"allow":["GET"]}}],"collection":[{"href":"https:\/\/www.justcolor.net\/fr\/wp-json\/wp\/v2\/pages"}],"about":[{"href":"https:\/\/www.justcolor.net\/fr\/wp-json\/wp\/v2\/types\/page"}],"author":[{"embeddable":true,"href":"https:\/\/www.justcolor.net\/fr\/wp-json\/wp\/v2\/users\/1"}],"replies":[{"embeddable":true,"href":"https:\/\/www.justcolor.net\/fr\/wp-json\/wp\/v2\/comments?post=9232"}],"version-history":[{"count":0,"href":"https:\/\/www.justcolor.net\/fr\/wp-json\/wp\/v2\/pages\/9232\/revisions"}],"up":[{"embeddable":true,"href":"https:\/\/www.justcolor.net\/fr\/wp-json\/wp\/v2\/pages\/9217"}],"wp:attachment":[{"href":"https:\/\/www.justcolor.net\/fr\/wp-json\/wp\/v2\/media?parent=9232"}],"wp:term":[{"taxonomy":"post_tag","embeddable":true,"href":"https:\/\/www.justcolor.net\/fr\/wp-json\/wp\/v2\/tags?post=9232"}],"curies":[{"name":"wp","href":"https:\/\/api.w.org\/{rel}","templated":true}]}}