{"id":9286,"date":"2017-06-01T09:40:07","date_gmt":"2017-06-01T07:40:07","guid":{"rendered":"https:\/\/www.justcolor.net\/fr\/?page_id=9286"},"modified":"2018-05-28T16:09:10","modified_gmt":"2018-05-28T14:09:10","slug":"techniques-de-coloriage-adultes","status":"publish","type":"page","link":"https:\/\/www.justcolor.net\/fr\/diy\/techniques-de-coloriage-adultes\/","title":{"rendered":"Techniques de coloriage et tutoriels"},"content":{"rendered":"","protected":false},"excerpt":{"rendered":"<p><img loading=\"lazy\" decoding=\"async\" class=\"alignleft  wp-image-9285\" src=\"https:\/\/www.justcolor.net\/fr\/wp-content\/uploads\/sites\/2\/2017\/05\/coloring-techniques-300x300.jpg\" alt=\"\" width=\"336\" height=\"336\" srcset=\"https:\/\/www.justcolor.net\/fr\/wp-content\/uploads\/sites\/2\/2017\/05\/coloring-techniques-300x300.jpg 300w, https:\/\/www.justcolor.net\/fr\/wp-content\/uploads\/sites\/2\/2017\/05\/coloring-techniques-150x150.jpg 150w, https:\/\/www.justcolor.net\/fr\/wp-content\/uploads\/sites\/2\/2017\/05\/coloring-techniques-768x769.jpg 768w, https:\/\/www.justcolor.net\/fr\/wp-content\/uploads\/sites\/2\/2017\/05\/coloring-techniques-1022x1024.jpg 1022w, https:\/\/www.justcolor.net\/fr\/wp-content\/uploads\/sites\/2\/2017\/05\/coloring-techniques.jpg 1114w\" sizes=\"auto, (max-width: 336px) 100vw, 336px\" \/><b>Vous souhaitez ma\u00eetriser de nouvelles techniques de coloriage, d\u00e9couvrir les astuces des experts pour vous perfectionner ?<\/b><\/p>\n<p>Voici plusieurs tutoriels techniques, ainsi que des petits cours \u00ab\u00a0pas \u00e0 pas\u00a0\u00bb concoct\u00e9s par quelques uns des utilisateurs les plus assidus de notre site.<\/p>\n<p>Ils \/ Elles vous r\u00e9v\u00e8lent leurs secrets dans le but que vous puissiez vous am\u00e9liorer.<\/p>\n<p>Feutre, crayon de couleur, aquarelle &#8230; Quelque soit votre technique, vous trouverez ici les bonnes informations pour optimiser votre technique.<\/p>\n<div style=\"clear:left\"><\/div>\n","protected":false},"author":1,"featured_media":0,"parent":8813,"menu_order":0,"comment_status":"closed","ping_status":"closed","template":"page-tutoscolor.php","meta":{"ngg_post_thumbnail":0,"footnotes":""},"tags":[],"class_list":["post-9286","page","type-page","status-publish"],"_links":{"self":[{"href":"https:\/\/www.justcolor.net\/fr\/wp-json\/wp\/v2\/pages\/9286","targetHints":{"allow":["GET"]}}],"collection":[{"href":"https:\/\/www.justcolor.net\/fr\/wp-json\/wp\/v2\/pages"}],"about":[{"href":"https:\/\/www.justcolor.net\/fr\/wp-json\/wp\/v2\/types\/page"}],"author":[{"embeddable":true,"href":"https:\/\/www.justcolor.net\/fr\/wp-json\/wp\/v2\/users\/1"}],"replies":[{"embeddable":true,"href":"https:\/\/www.justcolor.net\/fr\/wp-json\/wp\/v2\/comments?post=9286"}],"version-history":[{"count":0,"href":"https:\/\/www.justcolor.net\/fr\/wp-json\/wp\/v2\/pages\/9286\/revisions"}],"up":[{"embeddable":true,"href":"https:\/\/www.justcolor.net\/fr\/wp-json\/wp\/v2\/pages\/8813"}],"wp:attachment":[{"href":"https:\/\/www.justcolor.net\/fr\/wp-json\/wp\/v2\/media?parent=9286"}],"wp:term":[{"taxonomy":"post_tag","embeddable":true,"href":"https:\/\/www.justcolor.net\/fr\/wp-json\/wp\/v2\/tags?post=9286"}],"curies":[{"name":"wp","href":"https:\/\/api.w.org\/{rel}","templated":true}]}}