{"id":9307,"date":"2017-06-01T11:31:31","date_gmt":"2017-06-01T09:31:31","guid":{"rendered":"https:\/\/www.justcolor.net\/fr\/?page_id=9307"},"modified":"2019-06-08T10:30:23","modified_gmt":"2019-06-08T08:30:23","slug":"techniques-simples-de-coloriage-crayons-couleur","status":"publish","type":"page","link":"https:\/\/www.justcolor.net\/fr\/diy\/techniques-de-coloriage-adultes\/techniques-simples-de-coloriage-crayons-couleur\/","title":{"rendered":"Techniques simples de coloriage aux crayons de couleur avec plusieurs couleurs"},"content":{"rendered":"<p>Voici quelques techniques simples permettant de travailler avec plusieurs couleurs, au crayon de couleur.<\/p>\n<h2>Couleurs intenses<\/h2>\n<p><img loading=\"lazy\" decoding=\"async\" class=\"grayborder alignleft wp-image-8731\" src=\"https:\/\/www.justcolor.net\/fr\/wp-content\/uploads\/sites\/2\/2017\/05\/1-300x264.jpg\" alt=\"\" width=\"250\" height=\"220\" srcset=\"https:\/\/www.justcolor.net\/fr\/wp-content\/uploads\/sites\/2\/2017\/05\/1-300x264.jpg 300w, https:\/\/www.justcolor.net\/fr\/wp-content\/uploads\/sites\/2\/2017\/05\/1.jpg 729w\" sizes=\"auto, (max-width: 250px) 100vw, 250px\" \/>Pour cr\u00e9er des blocs de couleur intense, tenez le crayon dans une position quasi verticale, et coloriez en pressant de mani\u00e8re tr\u00e8s appuy\u00e9e.<\/p>\n<p>Si vous coloriez plusieurs zones, il est important de maintenir une pression constante pour chacune des&nbsp;diff\u00e9rentes zones.<\/p>\n<p>&nbsp;<\/p>\n<p>&nbsp;<\/p>\n<h2>Superposition entre diff\u00e9rentes couleurs estomp\u00e9es<\/h2>\n<p><img loading=\"lazy\" decoding=\"async\" class=\"grayborder alignleft wp-image-8732\" src=\"https:\/\/www.justcolor.net\/fr\/wp-content\/uploads\/sites\/2\/2017\/05\/2-300x208.jpg\" alt=\"\" width=\"250\" height=\"173\" srcset=\"https:\/\/www.justcolor.net\/fr\/wp-content\/uploads\/sites\/2\/2017\/05\/2-300x208.jpg 300w, https:\/\/www.justcolor.net\/fr\/wp-content\/uploads\/sites\/2\/2017\/05\/2-768x531.jpg 768w, https:\/\/www.justcolor.net\/fr\/wp-content\/uploads\/sites\/2\/2017\/05\/2.jpg 909w\" sizes=\"auto, (max-width: 250px) 100vw, 250px\" \/>Pour colorier une zone uniform\u00e9ment et assez l\u00e9g\u00e8rement pour permettre d&rsquo;effectuer des superpositions entre diff\u00e9rentes couleurs, tenez le crayon avec un angle l\u00e9ger (quasi parall\u00e8lement au papier).<\/p>\n<p>Pressez de mani\u00e8re l\u00e9g\u00e8re le crayon de couleur.<\/p>\n<p>Effectuez la m\u00eame op\u00e9ration sur les diff\u00e9rentes zones de couleur, en en superposant \u00e0 chaque fois une partie. Vous obtiendrez ainsi des effets de d\u00e9grad\u00e9s entre plusieurs couleurs, et l&rsquo;apparition de couleurs obtenues par m\u00e9lange (ex : du vert si vous superposez une zone jaune avec une zone bleue).<\/p>\n<p>&nbsp;<\/p>\n<h2>Traits crois\u00e9s<\/h2>\n<p><img loading=\"lazy\" decoding=\"async\" class=\"grayborder alignleft wp-image-8733\" src=\"https:\/\/www.justcolor.net\/fr\/wp-content\/uploads\/sites\/2\/2017\/05\/3-300x209.jpg\" alt=\"\" width=\"248\" height=\"173\" srcset=\"https:\/\/www.justcolor.net\/fr\/wp-content\/uploads\/sites\/2\/2017\/05\/3-300x209.jpg 300w, https:\/\/www.justcolor.net\/fr\/wp-content\/uploads\/sites\/2\/2017\/05\/3-768x535.jpg 768w, https:\/\/www.justcolor.net\/fr\/wp-content\/uploads\/sites\/2\/2017\/05\/3.jpg 1013w\" sizes=\"auto, (max-width: 248px) 100vw, 248px\" \/>Le but est ici de ne pas colorier uniform\u00e9ment les zones de couleur, mais de tracer des traits rapproch\u00e9s, parall\u00e8les et r\u00e9guliers. Ceux-ci sont \u00e0 effectuer dans deux&nbsp;sens diff\u00e9rents, ces deux sens se croisant \u00e0 un angle de 90\u00b0.<\/p>\n<p>Il est possible de cr\u00e9er un effet de transparence \/ d\u00e9grad\u00e9 entre deux couleurs en superposant une partie des diff\u00e9rentes zones.<\/p>\n<p>Comme dans la technique pr\u00e9c\u00e9dente, vous obtiendrez ainsi de nouvelles couleurs, m\u00eame s&rsquo;il n&rsquo;y a pas de superposition entre les traits de ces diff\u00e9rentes zones. Il s&rsquo;agit d&rsquo;un effet d&rsquo;optique.<\/p>\n<p>&nbsp;<\/p>\n<h2>Juxtaposition de couleurs claires et sombres<\/h2>\n<p><img loading=\"lazy\" decoding=\"async\" class=\"grayborder alignleft wp-image-8734\" src=\"https:\/\/www.justcolor.net\/fr\/wp-content\/uploads\/sites\/2\/2017\/05\/4-300x237.jpg\" alt=\"\" width=\"250\" height=\"197\" srcset=\"https:\/\/www.justcolor.net\/fr\/wp-content\/uploads\/sites\/2\/2017\/05\/4-300x237.jpg 300w, https:\/\/www.justcolor.net\/fr\/wp-content\/uploads\/sites\/2\/2017\/05\/4-768x607.jpg 768w, https:\/\/www.justcolor.net\/fr\/wp-content\/uploads\/sites\/2\/2017\/05\/4.jpg 1000w\" sizes=\"auto, (max-width: 250px) 100vw, 250px\" \/>Les couleurs claires sont transparentes, tandis que les couleurs fonc\u00e9es ont un pouvoir couvrant quasi total.<\/p>\n<p>Juxtaposer, avec superposition partielle, des zones de couleurs claires avec des zones de couleur fonc\u00e9es, permet par effet d&rsquo;optique d&rsquo;augmenter l&rsquo;impression de brillance et d&rsquo;intensit\u00e9 des couleurs.<\/p>\n<p>Cette technique peut \u00eatre r\u00e9alis\u00e9e avec des traits courts et l\u00e9g\u00e8rement courb\u00e9s, ex\u00e9cut\u00e9s de mani\u00e8re rapide et spontan\u00e9e, comme on le voit dans cette image.<\/p>\n<p>&nbsp;<\/p>\n<h2>Points<\/h2>\n<p><img loading=\"lazy\" decoding=\"async\" class=\"grayborder alignleft wp-image-8735\" src=\"https:\/\/www.justcolor.net\/fr\/wp-content\/uploads\/sites\/2\/2017\/05\/5-300x212.jpg\" alt=\"\" width=\"250\" height=\"177\" srcset=\"https:\/\/www.justcolor.net\/fr\/wp-content\/uploads\/sites\/2\/2017\/05\/5-300x212.jpg 300w, https:\/\/www.justcolor.net\/fr\/wp-content\/uploads\/sites\/2\/2017\/05\/5-768x542.jpg 768w, https:\/\/www.justcolor.net\/fr\/wp-content\/uploads\/sites\/2\/2017\/05\/5.jpg 903w\" sizes=\"auto, (max-width: 250px) 100vw, 250px\" \/>Il est \u00e9galement possible de colorier les diff\u00e9rentes zones en utilisant des points.<\/p>\n<p>Les techniques de juxtaposition de couleurs claires et sombres, de superposition partielles, vues pr\u00e9c\u00e9demment peuvent \u00eatre \u00e9ventuellement appliqu\u00e9es.<\/p>\n<p>Attention \u00e0 conserver tout au cours du coloriage, pour l&rsquo;ensemble des zones, une uniformit\u00e9 \u00e0 la fois dans la taille des points, l&rsquo;intensit\u00e9 de leur ex\u00e9cution, et surtout leur densit\u00e9.<\/p>\n<h2>&nbsp;<\/h2>\n","protected":false},"excerpt":{"rendered":"<p>Voici quelques techniques simples permettant de travailler avec plusieurs couleurs, au crayon de couleur. Couleurs intenses Pour cr\u00e9er des blocs de couleur intense, tenez le crayon dans une position quasi verticale, et coloriez en pressant de mani\u00e8re tr\u00e8s appuy\u00e9e. Si vous coloriez plusieurs zones, il est important de maintenir une pression constante pour chacune des&nbsp;diff\u00e9rentes &#8230; <br \/><a title=\"Techniques simples de coloriage aux crayons de couleur avec plusieurs couleurs\" class=\"read-more\" href=\"https:\/\/www.justcolor.net\/fr\/diy\/techniques-de-coloriage-adultes\/techniques-simples-de-coloriage-crayons-couleur\/\">Lire la suite<\/a><\/p>\n","protected":false},"author":1,"featured_media":9308,"parent":9286,"menu_order":0,"comment_status":"closed","ping_status":"closed","template":"","meta":{"ngg_post_thumbnail":0,"footnotes":""},"tags":[1604],"class_list":{"0":"post-9307","1":"page","2":"type-page","3":"status-publish","4":"has-post-thumbnail","6":"tag-tutoscolortech"},"_links":{"self":[{"href":"https:\/\/www.justcolor.net\/fr\/wp-json\/wp\/v2\/pages\/9307","targetHints":{"allow":["GET"]}}],"collection":[{"href":"https:\/\/www.justcolor.net\/fr\/wp-json\/wp\/v2\/pages"}],"about":[{"href":"https:\/\/www.justcolor.net\/fr\/wp-json\/wp\/v2\/types\/page"}],"author":[{"embeddable":true,"href":"https:\/\/www.justcolor.net\/fr\/wp-json\/wp\/v2\/users\/1"}],"replies":[{"embeddable":true,"href":"https:\/\/www.justcolor.net\/fr\/wp-json\/wp\/v2\/comments?post=9307"}],"version-history":[{"count":0,"href":"https:\/\/www.justcolor.net\/fr\/wp-json\/wp\/v2\/pages\/9307\/revisions"}],"up":[{"embeddable":true,"href":"https:\/\/www.justcolor.net\/fr\/wp-json\/wp\/v2\/pages\/9286"}],"wp:featuredmedia":[{"embeddable":true,"href":"https:\/\/www.justcolor.net\/fr\/wp-json\/wp\/v2\/media\/9308"}],"wp:attachment":[{"href":"https:\/\/www.justcolor.net\/fr\/wp-json\/wp\/v2\/media?parent=9307"}],"wp:term":[{"taxonomy":"post_tag","embeddable":true,"href":"https:\/\/www.justcolor.net\/fr\/wp-json\/wp\/v2\/tags?post=9307"}],"curies":[{"name":"wp","href":"https:\/\/api.w.org\/{rel}","templated":true}]}}