{"id":9339,"date":"2017-06-06T14:47:43","date_gmt":"2017-06-06T12:47:43","guid":{"rendered":"https:\/\/www.justcolor.net\/fr\/?page_id=9339"},"modified":"2018-05-31T10:47:53","modified_gmt":"2018-05-31T08:47:53","slug":"tuto-coloriage-mandala-aux-couleurs-fluos-domandalas","status":"publish","type":"page","link":"https:\/\/www.justcolor.net\/fr\/diy\/techniques-de-coloriage-adultes\/tuto-coloriage-mandala-aux-couleurs-fluos-domandalas\/","title":{"rendered":"Mandala aux couleurs Fluos par Domandalas"},"content":{"rendered":"<h3 class=\"p1\"><span class=\"s1\"><img loading=\"lazy\" decoding=\"async\" class=\"grayborder alignright wp-image-9397 size-medium\" src=\"https:\/\/www.justcolor.net\/fr\/wp-content\/uploads\/sites\/2\/2017\/06\/tuto-mandala-domandalas-15-400x300.jpg\" alt=\"\" width=\"400\" height=\"300\" srcset=\"https:\/\/www.justcolor.net\/fr\/wp-content\/uploads\/sites\/2\/2017\/06\/tuto-mandala-domandalas-15-400x300.jpg 400w, https:\/\/www.justcolor.net\/fr\/wp-content\/uploads\/sites\/2\/2017\/06\/tuto-mandala-domandalas-15-768x576.jpg 768w, https:\/\/www.justcolor.net\/fr\/wp-content\/uploads\/sites\/2\/2017\/06\/tuto-mandala-domandalas-15-1024x768.jpg 1024w, https:\/\/www.justcolor.net\/fr\/wp-content\/uploads\/sites\/2\/2017\/06\/tuto-mandala-domandalas-15.jpg 1600w\" sizes=\"auto, (max-width: 400px) 100vw, 400px\" \/><a href=\"https:\/\/www.justcolor.net\/fr\/artistes\/domandalas\/\">Domandalas<\/a>&nbsp;est une&nbsp;fervente utilisatrice de notre site depuis ses d\u00e9buts, et depuis Mai 2017 Artiste partenaire.<\/span><\/h3>\n<h3 class=\"p1\"><span class=\"s1\">Elle nous livre ses secrets pour r\u00e9aliser des coloriages de mandalas aux couleurs pleines de vie et d&rsquo;harmonie.<\/span><\/h3>\n<p class=\"p1\">Si vous aimez les couleurs \u00ab\u00a0fluo\u00a0\u00bb, suiviez ce tutoriel pour r\u00e9ussir bien les choisir, et \u00e0 les ma\u00eetriser.<\/p>\n<p class=\"p1\">&nbsp;<\/p>\n<p class=\"p1\">&nbsp;<\/p>\n<p class=\"p1\"><img loading=\"lazy\" decoding=\"async\" class=\"grayborder alignleft wp-image-9382 size-medium\" src=\"https:\/\/www.justcolor.net\/fr\/wp-content\/uploads\/sites\/2\/2017\/06\/tuto-mandala-domandalas-1-400x300.jpg\" alt=\"\" width=\"400\" height=\"300\" srcset=\"https:\/\/www.justcolor.net\/fr\/wp-content\/uploads\/sites\/2\/2017\/06\/tuto-mandala-domandalas-1-400x300.jpg 400w, https:\/\/www.justcolor.net\/fr\/wp-content\/uploads\/sites\/2\/2017\/06\/tuto-mandala-domandalas-1-768x576.jpg 768w, https:\/\/www.justcolor.net\/fr\/wp-content\/uploads\/sites\/2\/2017\/06\/tuto-mandala-domandalas-1-1024x768.jpg 1024w, https:\/\/www.justcolor.net\/fr\/wp-content\/uploads\/sites\/2\/2017\/06\/tuto-mandala-domandalas-1.jpg 1600w\" sizes=\"auto, (max-width: 400px) 100vw, 400px\" \/>Pour colorier, il faut bien s&rsquo;installer, choisir son coloriage abstrait ou non.<\/p>\n<p class=\"p1\">Mettre (ou non) de la musique \u00e0 son go\u00fbt.<\/p>\n<p class=\"p1\">Pr\u00e9parer son mat\u00e9riel de coloriages pr\u00e9f\u00e9r\u00e9 (feutres fins ou gros, crayons de couleurs, stylos, ou tout autre support).<\/p>\n<p>Je choisis un <a href=\"https:\/\/www.justcolor.net\/fr\/coloriage-mandalas\/\">Mandala<\/a> plus ou moins abstrait.<\/p>\n<p>&nbsp;<\/p>\n<p>&nbsp;<\/p>\n<p>&nbsp;<\/p>\n<p><img loading=\"lazy\" decoding=\"async\" class=\"grayborder alignleft wp-image-9384 size-medium\" src=\"https:\/\/www.justcolor.net\/fr\/wp-content\/uploads\/sites\/2\/2017\/06\/tuto-mandala-domandalas-2-400x300.jpg\" alt=\"\" width=\"400\" height=\"300\" srcset=\"https:\/\/www.justcolor.net\/fr\/wp-content\/uploads\/sites\/2\/2017\/06\/tuto-mandala-domandalas-2-400x300.jpg 400w, https:\/\/www.justcolor.net\/fr\/wp-content\/uploads\/sites\/2\/2017\/06\/tuto-mandala-domandalas-2-768x576.jpg 768w, https:\/\/www.justcolor.net\/fr\/wp-content\/uploads\/sites\/2\/2017\/06\/tuto-mandala-domandalas-2-1024x768.jpg 1024w, https:\/\/www.justcolor.net\/fr\/wp-content\/uploads\/sites\/2\/2017\/06\/tuto-mandala-domandalas-2.jpg 1600w\" sizes=\"auto, (max-width: 400px) 100vw, 400px\" \/><\/p>\n<p>J&rsquo;essaie de lui donner une interpr\u00e9tation qui peut influencer la pose des couleurs.<\/p>\n<p class=\"p1\"><span class=\"s1\">A l&rsquo;int\u00e9rieur, j&rsquo;y vois un soleil et des fleurs. Il y aura une dominante de tons chauds : rouge, orange, jaune.<\/span><\/p>\n<p class=\"p1\"><span class=\"s1\">A l&rsquo;ext\u00e9rieur, les motifs g\u00e9om\u00e9triques m&rsquo;\u00e9voquent des couleurs am\u00e9rindiennes : bleu et rouge.<\/span><\/p>\n<p class=\"p1\">&nbsp;<\/p>\n<p class=\"p1\">&nbsp;<\/p>\n<p class=\"p1\">&nbsp;<\/p>\n<p class=\"p1\">&nbsp;<\/p>\n<p class=\"p1\"><img loading=\"lazy\" decoding=\"async\" class=\"grayborder alignleft wp-image-9385 size-medium\" src=\"https:\/\/www.justcolor.net\/fr\/wp-content\/uploads\/sites\/2\/2017\/06\/tuto-mandala-domandalas-3-400x300.jpg\" alt=\"\" width=\"400\" height=\"300\" srcset=\"https:\/\/www.justcolor.net\/fr\/wp-content\/uploads\/sites\/2\/2017\/06\/tuto-mandala-domandalas-3-400x300.jpg 400w, https:\/\/www.justcolor.net\/fr\/wp-content\/uploads\/sites\/2\/2017\/06\/tuto-mandala-domandalas-3-768x576.jpg 768w, https:\/\/www.justcolor.net\/fr\/wp-content\/uploads\/sites\/2\/2017\/06\/tuto-mandala-domandalas-3-1024x768.jpg 1024w, https:\/\/www.justcolor.net\/fr\/wp-content\/uploads\/sites\/2\/2017\/06\/tuto-mandala-domandalas-3.jpg 1600w\" sizes=\"auto, (max-width: 400px) 100vw, 400px\" \/><\/p>\n<p class=\"p1\"><span class=\"s1\">Je commence par les rayons de soleil. vous pouvez commencer n&rsquo;importe o\u00f9 sur la feuille. Vous \u00eates <span class=\"Apple-converted-space\">&nbsp; <\/span>libre de votre choix et de votre espace. <\/span><\/p>\n<p class=\"p1\"><span class=\"s1\">Je passe \u00e0 l&rsquo;ext\u00e9rieur. J&rsquo;alterne le rouge et le bleu pour les triangles. Pour les losanges, je vais y mettre les couleurs du soleil et des triangles.<\/span><\/p>\n<p class=\"p1\">&nbsp;<\/p>\n<p class=\"p1\">&nbsp;<\/p>\n<p>&nbsp;<\/p>\n<p>&nbsp;<\/p>\n<p class=\"p1\"><img loading=\"lazy\" decoding=\"async\" class=\"grayborder alignleft wp-image-9387 size-medium\" src=\"https:\/\/www.justcolor.net\/fr\/wp-content\/uploads\/sites\/2\/2017\/06\/tuto-mandala-domandalas-5-400x300.jpg\" alt=\"\" width=\"400\" height=\"300\" srcset=\"https:\/\/www.justcolor.net\/fr\/wp-content\/uploads\/sites\/2\/2017\/06\/tuto-mandala-domandalas-5-400x300.jpg 400w, https:\/\/www.justcolor.net\/fr\/wp-content\/uploads\/sites\/2\/2017\/06\/tuto-mandala-domandalas-5-768x576.jpg 768w, https:\/\/www.justcolor.net\/fr\/wp-content\/uploads\/sites\/2\/2017\/06\/tuto-mandala-domandalas-5-1024x768.jpg 1024w, https:\/\/www.justcolor.net\/fr\/wp-content\/uploads\/sites\/2\/2017\/06\/tuto-mandala-domandalas-5.jpg 1600w\" sizes=\"auto, (max-width: 400px) 100vw, 400px\" \/>Je pose 5 couleurs, juste pour voir ce que cela donne. satisfaite du r\u00e9sultat, je compl\u00e8te les autres losanges.<\/p>\n<p class=\"p1\">&nbsp;<\/p>\n<p>&nbsp;<\/p>\n<p>&nbsp;<\/p>\n<p>&nbsp;<\/p>\n<p>&nbsp;<\/p>\n<p>&nbsp;<\/p>\n<p>&nbsp;<\/p>\n<p><img loading=\"lazy\" decoding=\"async\" class=\"grayborder alignleft wp-image-9389 size-medium\" src=\"https:\/\/www.justcolor.net\/fr\/wp-content\/uploads\/sites\/2\/2017\/06\/tuto-mandala-domandalas-7-400x300.jpg\" alt=\"\" width=\"400\" height=\"300\" srcset=\"https:\/\/www.justcolor.net\/fr\/wp-content\/uploads\/sites\/2\/2017\/06\/tuto-mandala-domandalas-7-400x300.jpg 400w, https:\/\/www.justcolor.net\/fr\/wp-content\/uploads\/sites\/2\/2017\/06\/tuto-mandala-domandalas-7-768x576.jpg 768w, https:\/\/www.justcolor.net\/fr\/wp-content\/uploads\/sites\/2\/2017\/06\/tuto-mandala-domandalas-7-1024x768.jpg 1024w, https:\/\/www.justcolor.net\/fr\/wp-content\/uploads\/sites\/2\/2017\/06\/tuto-mandala-domandalas-7.jpg 1600w\" sizes=\"auto, (max-width: 400px) 100vw, 400px\" \/><\/p>\n<p>Ensuite, j&rsquo;alterne du vert et de l&rsquo;orange.<\/p>\n<p class=\"p1\"><span class=\"s1\">Je pose le jaune dans les carr\u00e9s et les ovales.<\/span><\/p>\n<p>&nbsp;<\/p>\n<p>&nbsp;<\/p>\n<p>&nbsp;<\/p>\n<p>&nbsp;<\/p>\n<p>&nbsp;<\/p>\n<p>&nbsp;<\/p>\n<p><img loading=\"lazy\" decoding=\"async\" class=\"grayborder alignleft wp-image-9392 size-medium\" src=\"https:\/\/www.justcolor.net\/fr\/wp-content\/uploads\/sites\/2\/2017\/06\/tuto-mandala-domandalas-10-400x300.jpg\" alt=\"\" width=\"400\" height=\"300\" srcset=\"https:\/\/www.justcolor.net\/fr\/wp-content\/uploads\/sites\/2\/2017\/06\/tuto-mandala-domandalas-10-400x300.jpg 400w, https:\/\/www.justcolor.net\/fr\/wp-content\/uploads\/sites\/2\/2017\/06\/tuto-mandala-domandalas-10-768x576.jpg 768w, https:\/\/www.justcolor.net\/fr\/wp-content\/uploads\/sites\/2\/2017\/06\/tuto-mandala-domandalas-10-1024x768.jpg 1024w, https:\/\/www.justcolor.net\/fr\/wp-content\/uploads\/sites\/2\/2017\/06\/tuto-mandala-domandalas-10.jpg 1600w\" sizes=\"auto, (max-width: 400px) 100vw, 400px\" \/><\/p>\n<p class=\"p1\"><span class=\"s1\">Je colorie les fleurs en bicolore car elles ne sont jamais de couleur unie dans la r\u00e9alit\u00e9.<\/span><\/p>\n<p class=\"p1\">&nbsp;<\/p>\n<p class=\"p1\">&nbsp;<\/p>\n<p class=\"p1\">&nbsp;<\/p>\n<p class=\"p1\">&nbsp;<\/p>\n<p class=\"p1\">&nbsp;<\/p>\n<p class=\"p1\">&nbsp;<\/p>\n<p>&nbsp;<\/p>\n<p><img loading=\"lazy\" decoding=\"async\" class=\"grayborder alignleft wp-image-9393 size-medium\" src=\"https:\/\/www.justcolor.net\/fr\/wp-content\/uploads\/sites\/2\/2017\/06\/tuto-mandala-domandalas-11-400x300.jpg\" alt=\"\" width=\"400\" height=\"300\" srcset=\"https:\/\/www.justcolor.net\/fr\/wp-content\/uploads\/sites\/2\/2017\/06\/tuto-mandala-domandalas-11-400x300.jpg 400w, https:\/\/www.justcolor.net\/fr\/wp-content\/uploads\/sites\/2\/2017\/06\/tuto-mandala-domandalas-11-768x576.jpg 768w, https:\/\/www.justcolor.net\/fr\/wp-content\/uploads\/sites\/2\/2017\/06\/tuto-mandala-domandalas-11-1024x768.jpg 1024w, https:\/\/www.justcolor.net\/fr\/wp-content\/uploads\/sites\/2\/2017\/06\/tuto-mandala-domandalas-11.jpg 1600w\" sizes=\"auto, (max-width: 400px) 100vw, 400px\" \/><\/p>\n<p class=\"p1\"><span class=\"s1\">Je pose du bleu dans les carr\u00e9s restants.<\/span><\/p>\n<p class=\"p1\"><span class=\"s1\">Je vais alterner du bleu et du violet autour du soleil. en \u00e9vitant que le bleu juxtapose trop l&rsquo;orange, qui risque de donner une r\u00e9action visuelle agressive.<\/span><\/p>\n<p class=\"p1\"><span class=\"s1\">Pour rendre le fond un peu plus harmonieux, j&rsquo;ai un peu trich\u00e9 \ud83d\ude42 en rajoutant du vert, pour ne pas d\u00e9s\u00e9quilibrer le coloriage.<\/span><\/p>\n<p class=\"p1\">&nbsp;<\/p>\n<p>&nbsp;<\/p>\n<p>&nbsp;<\/p>\n<p>&nbsp;<\/p>\n<p><img loading=\"lazy\" decoding=\"async\" class=\"grayborder alignleft wp-image-9395 size-medium\" src=\"https:\/\/www.justcolor.net\/fr\/wp-content\/uploads\/sites\/2\/2017\/06\/tuto-mandala-domandalas-13-400x300.jpg\" alt=\"\" width=\"400\" height=\"300\" srcset=\"https:\/\/www.justcolor.net\/fr\/wp-content\/uploads\/sites\/2\/2017\/06\/tuto-mandala-domandalas-13-400x300.jpg 400w, https:\/\/www.justcolor.net\/fr\/wp-content\/uploads\/sites\/2\/2017\/06\/tuto-mandala-domandalas-13-768x576.jpg 768w, https:\/\/www.justcolor.net\/fr\/wp-content\/uploads\/sites\/2\/2017\/06\/tuto-mandala-domandalas-13-1024x768.jpg 1024w, https:\/\/www.justcolor.net\/fr\/wp-content\/uploads\/sites\/2\/2017\/06\/tuto-mandala-domandalas-13.jpg 1600w\" sizes=\"auto, (max-width: 400px) 100vw, 400px\" \/><\/p>\n<p>J&rsquo;alterne jaune et vert pour terminer.<\/p>\n<p class=\"p1\">&nbsp;<\/p>\n<p>&nbsp;<\/p>\n<p>&nbsp;<\/p>\n<p>&nbsp;<\/p>\n<p>&nbsp;<\/p>\n<p>&nbsp;<\/p>\n<p>&nbsp;<\/p>\n<p><img loading=\"lazy\" decoding=\"async\" class=\"grayborder alignleft wp-image-9397 size-medium\" src=\"https:\/\/www.justcolor.net\/fr\/wp-content\/uploads\/sites\/2\/2017\/06\/tuto-mandala-domandalas-15-400x300.jpg\" alt=\"\" width=\"400\" height=\"300\" srcset=\"https:\/\/www.justcolor.net\/fr\/wp-content\/uploads\/sites\/2\/2017\/06\/tuto-mandala-domandalas-15-400x300.jpg 400w, https:\/\/www.justcolor.net\/fr\/wp-content\/uploads\/sites\/2\/2017\/06\/tuto-mandala-domandalas-15-768x576.jpg 768w, https:\/\/www.justcolor.net\/fr\/wp-content\/uploads\/sites\/2\/2017\/06\/tuto-mandala-domandalas-15-1024x768.jpg 1024w, https:\/\/www.justcolor.net\/fr\/wp-content\/uploads\/sites\/2\/2017\/06\/tuto-mandala-domandalas-15.jpg 1600w\" sizes=\"auto, (max-width: 400px) 100vw, 400px\" \/><\/p>\n<p>Et voil\u00e0, c&rsquo;est fini.<\/p>\n<p class=\"p1\"><span class=\"s1\">J&rsquo;ai pass\u00e9 une heure de pur bonheur !<\/span><\/p>\n","protected":false},"excerpt":{"rendered":"<p>Domandalas&nbsp;est une&nbsp;fervente utilisatrice de notre site depuis ses d\u00e9buts, et depuis Mai 2017 Artiste partenaire. Elle nous livre ses secrets pour r\u00e9aliser des coloriages de mandalas aux couleurs pleines de vie et d&rsquo;harmonie. Si vous aimez les couleurs \u00ab\u00a0fluo\u00a0\u00bb, suiviez ce tutoriel pour r\u00e9ussir bien les choisir, et \u00e0 les ma\u00eetriser. &nbsp; &nbsp; Pour colorier, &#8230; <br \/><a title=\"Mandala aux couleurs Fluos par Domandalas\" class=\"read-more\" href=\"https:\/\/www.justcolor.net\/fr\/diy\/techniques-de-coloriage-adultes\/tuto-coloriage-mandala-aux-couleurs-fluos-domandalas\/\">Lire la suite<\/a><\/p>\n","protected":false},"author":1,"featured_media":9397,"parent":9286,"menu_order":0,"comment_status":"closed","ping_status":"closed","template":"","meta":{"ngg_post_thumbnail":0,"footnotes":""},"tags":[836],"class_list":{"0":"post-9339","1":"page","2":"type-page","3":"status-publish","4":"has-post-thumbnail","6":"tag-tutoscolorexperts"},"_links":{"self":[{"href":"https:\/\/www.justcolor.net\/fr\/wp-json\/wp\/v2\/pages\/9339","targetHints":{"allow":["GET"]}}],"collection":[{"href":"https:\/\/www.justcolor.net\/fr\/wp-json\/wp\/v2\/pages"}],"about":[{"href":"https:\/\/www.justcolor.net\/fr\/wp-json\/wp\/v2\/types\/page"}],"author":[{"embeddable":true,"href":"https:\/\/www.justcolor.net\/fr\/wp-json\/wp\/v2\/users\/1"}],"replies":[{"embeddable":true,"href":"https:\/\/www.justcolor.net\/fr\/wp-json\/wp\/v2\/comments?post=9339"}],"version-history":[{"count":0,"href":"https:\/\/www.justcolor.net\/fr\/wp-json\/wp\/v2\/pages\/9339\/revisions"}],"up":[{"embeddable":true,"href":"https:\/\/www.justcolor.net\/fr\/wp-json\/wp\/v2\/pages\/9286"}],"wp:featuredmedia":[{"embeddable":true,"href":"https:\/\/www.justcolor.net\/fr\/wp-json\/wp\/v2\/media\/9397"}],"wp:attachment":[{"href":"https:\/\/www.justcolor.net\/fr\/wp-json\/wp\/v2\/media?parent=9339"}],"wp:term":[{"taxonomy":"post_tag","embeddable":true,"href":"https:\/\/www.justcolor.net\/fr\/wp-json\/wp\/v2\/tags?post=9339"}],"curies":[{"name":"wp","href":"https:\/\/api.w.org\/{rel}","templated":true}]}}