{"id":9340,"date":"2017-06-06T15:11:09","date_gmt":"2017-06-06T13:11:09","guid":{"rendered":"https:\/\/www.justcolor.net\/fr\/?page_id=9340"},"modified":"2018-05-31T10:47:49","modified_gmt":"2018-05-31T08:47:49","slug":"tuto-coloriage-ange-aux-couleurs-fluos-domandalas","status":"publish","type":"page","link":"https:\/\/www.justcolor.net\/fr\/diy\/techniques-de-coloriage-adultes\/tuto-coloriage-ange-aux-couleurs-fluos-domandalas\/","title":{"rendered":"Ange aux couleurs Fluos par Domandalas"},"content":{"rendered":"<h3 class=\"p1\"><span class=\"s1\"><img loading=\"lazy\" decoding=\"async\" class=\"grayborder alignright wp-image-9405 size-medium\" src=\"https:\/\/www.justcolor.net\/fr\/wp-content\/uploads\/sites\/2\/2017\/06\/tuto-ange-8-300x400.jpg\" alt=\"\" width=\"300\" height=\"400\" srcset=\"https:\/\/www.justcolor.net\/fr\/wp-content\/uploads\/sites\/2\/2017\/06\/tuto-ange-8-300x400.jpg 300w, https:\/\/www.justcolor.net\/fr\/wp-content\/uploads\/sites\/2\/2017\/06\/tuto-ange-8-768x1024.jpg 768w, https:\/\/www.justcolor.net\/fr\/wp-content\/uploads\/sites\/2\/2017\/06\/tuto-ange-8.jpg 1200w\" sizes=\"auto, (max-width: 300px) 100vw, 300px\" \/><a href=\"https:\/\/www.justcolor.net\/fr\/artistes\/domandalas\/\">Domandalas<\/a>&nbsp;est une&nbsp;fervente utilisatrice de notre site depuis ses d\u00e9buts, et depuis Mai 2017 Artiste partenaire.<\/span><\/h3>\n<h3 class=\"p1\"><span class=\"s1\">Elle nous propose ici un tutorial pour colorier un ange (disponible sur le site) avec des couleurs fluo !<\/span><\/h3>\n<p class=\"p1\">Suivez ce tutoriel pour apprendre \u00e0 bien ma\u00eetriser et choisir ces couleurs.<\/p>\n<p class=\"p1\">&nbsp;<\/p>\n<p class=\"p1\">&nbsp;<\/p>\n<p class=\"p1\">&nbsp;<\/p>\n<p class=\"p1\">&nbsp;<\/p>\n<p class=\"p1\">&nbsp;<\/p>\n<p class=\"p1\">&nbsp;<\/p>\n<p><img loading=\"lazy\" decoding=\"async\" class=\"grayborder alignleft wp-image-9399 size-medium\" src=\"https:\/\/www.justcolor.net\/fr\/wp-content\/uploads\/sites\/2\/2017\/06\/tuto-ange-1-300x400.jpg\" alt=\"\" width=\"300\" height=\"400\" srcset=\"https:\/\/www.justcolor.net\/fr\/wp-content\/uploads\/sites\/2\/2017\/06\/tuto-ange-1-300x400.jpg 300w, https:\/\/www.justcolor.net\/fr\/wp-content\/uploads\/sites\/2\/2017\/06\/tuto-ange-1-768x1024.jpg 768w, https:\/\/www.justcolor.net\/fr\/wp-content\/uploads\/sites\/2\/2017\/06\/tuto-ange-1.jpg 1200w\" sizes=\"auto, (max-width: 300px) 100vw, 300px\" \/><\/p>\n<p class=\"p1\"><span class=\"s1\">Pour colorier, il faut bien s&rsquo;installer, choisir son coloriage abstrait ou non. Mettre<span class=\"Apple-converted-space\">&nbsp; <\/span>(ou non) de la musique \u00e0 son go\u00fbt. Pr\u00e9parer son mat\u00e9riel de coloriages<span class=\"Apple-converted-space\">&nbsp; <\/span>pr\u00e9f\u00e9r\u00e9 (feutres fins ou gros, crayons de couleurs, stylos, ou tout autre support). <\/span><\/p>\n<p class=\"p1\"><span class=\"s1\">J&rsquo;ai choisi cet ange. <\/span><\/p>\n<p class=\"p1\"><span class=\"s1\">Je vais poser des couleurs vives.<\/span><\/p>\n<p class=\"p1\"><span class=\"s1\">Je le veux diff\u00e9rent de la repr\u00e9sentation traditionnelle.<\/span><\/p>\n<p class=\"p1\">&nbsp;<\/p>\n<p>&nbsp;<\/p>\n<p>&nbsp;<\/p>\n<p>&nbsp;<\/p>\n<p>&nbsp;<\/p>\n<p>&nbsp;<\/p>\n<p><img loading=\"lazy\" decoding=\"async\" class=\"grayborder alignleft wp-image-9400 size-medium\" src=\"https:\/\/www.justcolor.net\/fr\/wp-content\/uploads\/sites\/2\/2017\/06\/tuto-ange-2-300x400.jpg\" alt=\"\" width=\"300\" height=\"400\" srcset=\"https:\/\/www.justcolor.net\/fr\/wp-content\/uploads\/sites\/2\/2017\/06\/tuto-ange-2-300x400.jpg 300w, https:\/\/www.justcolor.net\/fr\/wp-content\/uploads\/sites\/2\/2017\/06\/tuto-ange-2-768x1024.jpg 768w, https:\/\/www.justcolor.net\/fr\/wp-content\/uploads\/sites\/2\/2017\/06\/tuto-ange-2.jpg 1200w\" sizes=\"auto, (max-width: 300px) 100vw, 300px\" \/><\/p>\n<p class=\"p1\"><span class=\"s1\">Je commence par les ailes. Je mets du rose un peu au hasard et du bleu, sans sch\u00e9ma particulier. <\/span><\/p>\n<p class=\"p1\"><span class=\"s1\">Vous pouvez commencer n&rsquo;importe o\u00f9 sur la feuille. Vous \u00eates libre de votre choix et de votre espace.<\/span><\/p>\n<p class=\"p1\">&nbsp;<\/p>\n<p>&nbsp;<\/p>\n<p>&nbsp;<\/p>\n<p>&nbsp;<\/p>\n<p>&nbsp;<\/p>\n<p>&nbsp;<\/p>\n<p>&nbsp;<\/p>\n<p>&nbsp;<\/p>\n<p>&nbsp;<\/p>\n<p><img loading=\"lazy\" decoding=\"async\" class=\"grayborder alignleft wp-image-9401 size-medium\" src=\"https:\/\/www.justcolor.net\/fr\/wp-content\/uploads\/sites\/2\/2017\/06\/tuto-ange-3-300x400.jpg\" alt=\"\" width=\"300\" height=\"400\" srcset=\"https:\/\/www.justcolor.net\/fr\/wp-content\/uploads\/sites\/2\/2017\/06\/tuto-ange-3-300x400.jpg 300w, https:\/\/www.justcolor.net\/fr\/wp-content\/uploads\/sites\/2\/2017\/06\/tuto-ange-3-768x1024.jpg 768w, https:\/\/www.justcolor.net\/fr\/wp-content\/uploads\/sites\/2\/2017\/06\/tuto-ange-3.jpg 1200w\" sizes=\"auto, (max-width: 300px) 100vw, 300px\" \/><\/p>\n<p class=\"p1\"><span class=\"s1\">Je passe aux cheveux qui seront roux avec du sur lignage au feutre rouge pour donner de l&rsquo;\u00e9paisseur. <\/span><\/p>\n<p class=\"p1\">&nbsp;<\/p>\n<p>&nbsp;<\/p>\n<p>&nbsp;<\/p>\n<p>&nbsp;<\/p>\n<p>&nbsp;<\/p>\n<p>&nbsp;<\/p>\n<p>&nbsp;<\/p>\n<p>&nbsp;<\/p>\n<p>&nbsp;<\/p>\n<p>&nbsp;<\/p>\n<p><img loading=\"lazy\" decoding=\"async\" class=\"grayborder alignleft wp-image-9402 size-medium\" src=\"https:\/\/www.justcolor.net\/fr\/wp-content\/uploads\/sites\/2\/2017\/06\/tuto-ange-4-300x400.jpg\" alt=\"\" width=\"300\" height=\"400\" srcset=\"https:\/\/www.justcolor.net\/fr\/wp-content\/uploads\/sites\/2\/2017\/06\/tuto-ange-4-300x400.jpg 300w, https:\/\/www.justcolor.net\/fr\/wp-content\/uploads\/sites\/2\/2017\/06\/tuto-ange-4-768x1024.jpg 768w, https:\/\/www.justcolor.net\/fr\/wp-content\/uploads\/sites\/2\/2017\/06\/tuto-ange-4.jpg 1200w\" sizes=\"auto, (max-width: 300px) 100vw, 300px\" \/><\/p>\n<p class=\"p1\"><span class=\"s1\">La robe de l&rsquo;ange va \u00eatre blanche bord\u00e9e de bleue pour donner de la lumi\u00e8re au dessin.<\/span><\/p>\n<p class=\"p1\"><span class=\"s1\">Les plis seront surlign\u00e9s en bleu.<\/span><\/p>\n<p class=\"p1\"><span class=\"s1\">Je colorie la couronne de fleurs puis l&rsquo;instrument.<\/span><\/p>\n<p class=\"p1\"><span class=\"s1\">Je rajoute du rose<span class=\"Apple-converted-space\">&nbsp; <\/span>et du bleu dans les plumes que je m\u00e9lange entre eux pour obtenir du violet.<\/span><\/p>\n<p class=\"p1\">&nbsp;<\/p>\n<p>&nbsp;<\/p>\n<p>&nbsp;<\/p>\n<p>&nbsp;<\/p>\n<p>&nbsp;<\/p>\n<p>&nbsp;<\/p>\n<p>&nbsp;<\/p>\n<p><img loading=\"lazy\" decoding=\"async\" class=\"grayborder alignleft wp-image-9403 size-medium\" src=\"https:\/\/www.justcolor.net\/fr\/wp-content\/uploads\/sites\/2\/2017\/06\/tuto-ange-5-300x400.jpg\" alt=\"\" width=\"300\" height=\"400\" srcset=\"https:\/\/www.justcolor.net\/fr\/wp-content\/uploads\/sites\/2\/2017\/06\/tuto-ange-5-300x400.jpg 300w, https:\/\/www.justcolor.net\/fr\/wp-content\/uploads\/sites\/2\/2017\/06\/tuto-ange-5-768x1024.jpg 768w, https:\/\/www.justcolor.net\/fr\/wp-content\/uploads\/sites\/2\/2017\/06\/tuto-ange-5.jpg 1200w\" sizes=\"auto, (max-width: 300px) 100vw, 300px\" \/><\/p>\n<p class=\"p1\"><span class=\"s1\">Je fais un essai jaune-vert dans le fond, dans un petit coin., avant de le faire dans la totalit\u00e9. <\/span><\/p>\n<p class=\"p1\"><span class=\"s1\">comme \u00e7 a me pla\u00eet, \u00e7a rend bien, je continue tout le fond. <\/span><\/p>\n<p class=\"p1\">&nbsp;<\/p>\n<p>&nbsp;<\/p>\n<p>&nbsp;<\/p>\n<p>&nbsp;<\/p>\n<p>&nbsp;<\/p>\n<p>&nbsp;<\/p>\n<p>&nbsp;<\/p>\n<p>&nbsp;<\/p>\n<p>&nbsp;<\/p>\n<p><img loading=\"lazy\" decoding=\"async\" class=\"grayborder alignleft wp-image-9404 size-medium\" src=\"https:\/\/www.justcolor.net\/fr\/wp-content\/uploads\/sites\/2\/2017\/06\/tuto-ange-6-300x400.jpg\" alt=\"\" width=\"300\" height=\"400\" srcset=\"https:\/\/www.justcolor.net\/fr\/wp-content\/uploads\/sites\/2\/2017\/06\/tuto-ange-6-300x400.jpg 300w, https:\/\/www.justcolor.net\/fr\/wp-content\/uploads\/sites\/2\/2017\/06\/tuto-ange-6-768x1024.jpg 768w, https:\/\/www.justcolor.net\/fr\/wp-content\/uploads\/sites\/2\/2017\/06\/tuto-ange-6.jpg 1200w\" sizes=\"auto, (max-width: 300px) 100vw, 300px\" \/><\/p>\n<p class=\"p1\"><span class=\"s1\">J&rsquo;assortis les sourcils et les l\u00e8vres \u00e0 la chevelure.<\/span><\/p>\n<p class=\"p1\"><span class=\"s1\">Je colorie&nbsp;le bois avec un orange plus soutenu que le premier utilis\u00e9 avec les nervures pass\u00e9es au feutre rouge. <\/span><\/p>\n<p class=\"p1\">&nbsp;<\/p>\n<p>&nbsp;<\/p>\n<p>&nbsp;<\/p>\n<p>&nbsp;<\/p>\n<p>&nbsp;<\/p>\n<p>&nbsp;<\/p>\n<p>&nbsp;<\/p>\n<p>&nbsp;<\/p>\n<p>&nbsp;<\/p>\n<p><img loading=\"lazy\" decoding=\"async\" class=\"grayborder alignleft wp-image-9405 size-medium\" src=\"https:\/\/www.justcolor.net\/fr\/wp-content\/uploads\/sites\/2\/2017\/06\/tuto-ange-8-300x400.jpg\" alt=\"\" width=\"300\" height=\"400\" srcset=\"https:\/\/www.justcolor.net\/fr\/wp-content\/uploads\/sites\/2\/2017\/06\/tuto-ange-8-300x400.jpg 300w, https:\/\/www.justcolor.net\/fr\/wp-content\/uploads\/sites\/2\/2017\/06\/tuto-ange-8-768x1024.jpg 768w, https:\/\/www.justcolor.net\/fr\/wp-content\/uploads\/sites\/2\/2017\/06\/tuto-ange-8.jpg 1200w\" sizes=\"auto, (max-width: 300px) 100vw, 300px\" \/><\/p>\n<p class=\"p1\"><span class=\"s1\">Je mets un l\u00e9ger rose sur la peau (aux crayons de couleurs), tout est possible en coloriage.<\/span><\/p>\n<p class=\"p1\"><span class=\"s1\">Je fais les contours du visage et des mains avec un feutre rose plus soutenu.<\/span><\/p>\n<p class=\"p1\"><span class=\"s1\">Je colorie le bracelet et l&rsquo;\u00e9charpe, que j&rsquo;ai gard\u00e9e pour la fin, car le choix de la derni\u00e8re couleur est souvent la plus moins \u00e9vidente. <\/span><\/p>\n<p class=\"p1\"><span class=\"s1\">Voil\u00e0, le coloriage est termin\u00e9. J&rsquo;ai pass\u00e9 encore une fois un excellent moment.<\/span><\/p>\n","protected":false},"excerpt":{"rendered":"<p>Domandalas&nbsp;est une&nbsp;fervente utilisatrice de notre site depuis ses d\u00e9buts, et depuis Mai 2017 Artiste partenaire. Elle nous propose ici un tutorial pour colorier un ange (disponible sur le site) avec des couleurs fluo ! Suivez ce tutoriel pour apprendre \u00e0 bien ma\u00eetriser et choisir ces couleurs. &nbsp; &nbsp; &nbsp; &nbsp; &nbsp; &nbsp; Pour colorier, il &#8230; <br \/><a title=\"Ange aux couleurs Fluos par Domandalas\" class=\"read-more\" href=\"https:\/\/www.justcolor.net\/fr\/diy\/techniques-de-coloriage-adultes\/tuto-coloriage-ange-aux-couleurs-fluos-domandalas\/\">Lire la suite<\/a><\/p>\n","protected":false},"author":1,"featured_media":9405,"parent":9286,"menu_order":0,"comment_status":"closed","ping_status":"closed","template":"","meta":{"ngg_post_thumbnail":0,"footnotes":""},"tags":[836],"class_list":{"0":"post-9340","1":"page","2":"type-page","3":"status-publish","4":"has-post-thumbnail","6":"tag-tutoscolorexperts"},"_links":{"self":[{"href":"https:\/\/www.justcolor.net\/fr\/wp-json\/wp\/v2\/pages\/9340","targetHints":{"allow":["GET"]}}],"collection":[{"href":"https:\/\/www.justcolor.net\/fr\/wp-json\/wp\/v2\/pages"}],"about":[{"href":"https:\/\/www.justcolor.net\/fr\/wp-json\/wp\/v2\/types\/page"}],"author":[{"embeddable":true,"href":"https:\/\/www.justcolor.net\/fr\/wp-json\/wp\/v2\/users\/1"}],"replies":[{"embeddable":true,"href":"https:\/\/www.justcolor.net\/fr\/wp-json\/wp\/v2\/comments?post=9340"}],"version-history":[{"count":0,"href":"https:\/\/www.justcolor.net\/fr\/wp-json\/wp\/v2\/pages\/9340\/revisions"}],"up":[{"embeddable":true,"href":"https:\/\/www.justcolor.net\/fr\/wp-json\/wp\/v2\/pages\/9286"}],"wp:featuredmedia":[{"embeddable":true,"href":"https:\/\/www.justcolor.net\/fr\/wp-json\/wp\/v2\/media\/9405"}],"wp:attachment":[{"href":"https:\/\/www.justcolor.net\/fr\/wp-json\/wp\/v2\/media?parent=9340"}],"wp:term":[{"taxonomy":"post_tag","embeddable":true,"href":"https:\/\/www.justcolor.net\/fr\/wp-json\/wp\/v2\/tags?post=9340"}],"curies":[{"name":"wp","href":"https:\/\/api.w.org\/{rel}","templated":true}]}}