{"id":9429,"date":"2017-06-07T10:27:16","date_gmt":"2017-06-07T08:27:16","guid":{"rendered":"https:\/\/www.justcolor.net\/fr\/?page_id=9429"},"modified":"2018-05-31T10:48:20","modified_gmt":"2018-05-31T08:48:20","slug":"video-coloriage-de-mandala-fleuri-accelere","status":"publish","type":"page","link":"https:\/\/www.justcolor.net\/fr\/diy\/techniques-de-coloriage-adultes\/video-coloriage-de-mandala-fleuri-accelere\/","title":{"rendered":"Coloriage de Mandala fleuri : vid\u00e9o acc\u00e9l\u00e9r\u00e9e"},"content":{"rendered":"<p>D\u00e9couvrez comment Marc a colori\u00e9 ce <strong>Mandala fleuri<\/strong>, avec cette vid\u00e9o acc\u00e9l\u00e9r\u00e9e.<\/p>\n<p>Utiliserez-vous les m\u00eames couleurs ? Le coloriage original de ce Mandala est <a href=\"https:\/\/www.justcolor.net\/fr\/coloriage-fleurs-et-vegetation\/nggallery\/page\/4?image=fleurs-et-vegetation__coloriage-adulte-fleurs-vegatation-mandala__1\">disponible ici<\/a>.<\/p>\n<p><iframe loading=\"lazy\" width=\"1200\" height=\"675\" src=\"https:\/\/www.youtube.com\/embed\/kb4U6rdhoxk?start=9&#038;feature=oembed\" frameborder=\"0\" allow=\"autoplay; encrypted-media\" allowfullscreen><\/iframe><\/p>\n","protected":false},"excerpt":{"rendered":"<p>D\u00e9couvrez comment Marc a colori\u00e9 ce Mandala fleuri, avec cette vid\u00e9o acc\u00e9l\u00e9r\u00e9e. Utiliserez-vous les m\u00eames couleurs ? Le coloriage original de ce Mandala est disponible ici.<\/p>\n","protected":false},"author":1,"featured_media":9430,"parent":9286,"menu_order":0,"comment_status":"closed","ping_status":"closed","template":"","meta":{"ngg_post_thumbnail":0,"footnotes":""},"tags":[1172],"class_list":{"0":"post-9429","1":"page","2":"type-page","3":"status-publish","4":"has-post-thumbnail","6":"tag-tutoscolorvideo"},"_links":{"self":[{"href":"https:\/\/www.justcolor.net\/fr\/wp-json\/wp\/v2\/pages\/9429","targetHints":{"allow":["GET"]}}],"collection":[{"href":"https:\/\/www.justcolor.net\/fr\/wp-json\/wp\/v2\/pages"}],"about":[{"href":"https:\/\/www.justcolor.net\/fr\/wp-json\/wp\/v2\/types\/page"}],"author":[{"embeddable":true,"href":"https:\/\/www.justcolor.net\/fr\/wp-json\/wp\/v2\/users\/1"}],"replies":[{"embeddable":true,"href":"https:\/\/www.justcolor.net\/fr\/wp-json\/wp\/v2\/comments?post=9429"}],"version-history":[{"count":0,"href":"https:\/\/www.justcolor.net\/fr\/wp-json\/wp\/v2\/pages\/9429\/revisions"}],"up":[{"embeddable":true,"href":"https:\/\/www.justcolor.net\/fr\/wp-json\/wp\/v2\/pages\/9286"}],"wp:featuredmedia":[{"embeddable":true,"href":"https:\/\/www.justcolor.net\/fr\/wp-json\/wp\/v2\/media\/9430"}],"wp:attachment":[{"href":"https:\/\/www.justcolor.net\/fr\/wp-json\/wp\/v2\/media?parent=9429"}],"wp:term":[{"taxonomy":"post_tag","embeddable":true,"href":"https:\/\/www.justcolor.net\/fr\/wp-json\/wp\/v2\/tags?post=9429"}],"curies":[{"name":"wp","href":"https:\/\/api.w.org\/{rel}","templated":true}]}}