{"id":9433,"date":"2017-06-07T12:03:14","date_gmt":"2017-06-07T10:03:14","guid":{"rendered":"https:\/\/www.justcolor.net\/fr\/?page_id=9433"},"modified":"2018-05-31T10:47:45","modified_gmt":"2018-05-31T08:47:45","slug":"tuto-coloriage-mandala-poisson-sophie","status":"publish","type":"page","link":"https:\/\/www.justcolor.net\/fr\/diy\/techniques-de-coloriage-adultes\/tuto-coloriage-mandala-poisson-sophie\/","title":{"rendered":"Mandala carpe ko\u00ef aux crayons de couleur par Sophie"},"content":{"rendered":"<h3><img loading=\"lazy\" decoding=\"async\" class=\"grayborder alignright wp-image-9441\" src=\"https:\/\/www.justcolor.net\/fr\/wp-content\/uploads\/sites\/2\/2017\/06\/fish-coloring-page-tutorial-8-1024x630.jpg\" alt=\"\" width=\"630\" height=\"388\" srcset=\"https:\/\/www.justcolor.net\/fr\/wp-content\/uploads\/sites\/2\/2017\/06\/fish-coloring-page-tutorial-8-1024x630.jpg 1024w, https:\/\/www.justcolor.net\/fr\/wp-content\/uploads\/sites\/2\/2017\/06\/fish-coloring-page-tutorial-8-400x246.jpg 400w, https:\/\/www.justcolor.net\/fr\/wp-content\/uploads\/sites\/2\/2017\/06\/fish-coloring-page-tutorial-8-768x472.jpg 768w, https:\/\/www.justcolor.net\/fr\/wp-content\/uploads\/sites\/2\/2017\/06\/fish-coloring-page-tutorial-8.jpg 1280w\" sizes=\"auto, (max-width: 630px) 100vw, 630px\" \/>D\u00e9couvrez la g\u00e9n\u00e8se de cette magnifique r\u00e9alisation, par Sophie.<\/h3>\n<p>Ce coloriage original provient de notre galeries <a href=\"https:\/\/www.justcolor.net\/fr\/coloriage-mandalas\/\">Mandalas<\/a>, il est <a href=\"https:\/\/www.justcolor.net\/fr\/coloriage-mandalas\/nggallery\/page\/2?image=mandalas__coloriage-mandala-poisson-carpe__1\">disponible ici<\/a>.<\/p>\n<p>Il s&rsquo;agit d&rsquo;un&nbsp;sujet relativement simple : une magnifique carpe ko\u00ef japonaise sur fond de Mandala, mais magnifi\u00e9 par l&rsquo;utilisation bien inspir\u00e9e de quelques couleurs, et une technique tout en finesse &#8230;<\/p>\n<p>Sophie nous explique comment elle est arriv\u00e9e \u00e0 ce r\u00e9sultat si harmonieux et l\u00e9ger.<\/p>\n<p>&nbsp;<\/p>\n<p><img loading=\"lazy\" decoding=\"async\" class=\"grayborder alignleft wp-image-9434 size-medium\" src=\"https:\/\/www.justcolor.net\/fr\/wp-content\/uploads\/sites\/2\/2017\/06\/fish-coloring-page-tutorial-1-400x238.jpg\" alt=\"\" width=\"400\" height=\"238\" srcset=\"https:\/\/www.justcolor.net\/fr\/wp-content\/uploads\/sites\/2\/2017\/06\/fish-coloring-page-tutorial-1-400x238.jpg 400w, https:\/\/www.justcolor.net\/fr\/wp-content\/uploads\/sites\/2\/2017\/06\/fish-coloring-page-tutorial-1-768x458.jpg 768w, https:\/\/www.justcolor.net\/fr\/wp-content\/uploads\/sites\/2\/2017\/06\/fish-coloring-page-tutorial-1-1024x610.jpg 1024w, https:\/\/www.justcolor.net\/fr\/wp-content\/uploads\/sites\/2\/2017\/06\/fish-coloring-page-tutorial-1.jpg 1280w\" sizes=\"auto, (max-width: 400px) 100vw, 400px\" \/>1. C&rsquo;est parti, j&rsquo;ai choisi de&nbsp;colorier le &lsquo;Mandala Carpe&rsquo;, un joli coloriage \u00e0 l&rsquo;esprit japonisant. Je commence par poser mes couleurs sur toute la surface \u00e0 colorier de mani\u00e8re uniforme.<\/p>\n<p>Veillez \u00e0 bien tailler vos crayons de couleur et \u00e0 toujours colorier en rond.<\/p>\n<p><span style=\"color: #008000\"><strong>Mon conseil<\/strong> : Cherchez une harmonie g\u00e9n\u00e9rale dans le choix de vos couleurs.<\/span><\/p>\n<p>&nbsp;<\/p>\n<p><img loading=\"lazy\" decoding=\"async\" class=\"grayborder alignleft wp-image-9435 size-medium\" src=\"https:\/\/www.justcolor.net\/fr\/wp-content\/uploads\/sites\/2\/2017\/06\/fish-coloring-page-tutorial-2-400x228.jpg\" alt=\"\" width=\"400\" height=\"228\" srcset=\"https:\/\/www.justcolor.net\/fr\/wp-content\/uploads\/sites\/2\/2017\/06\/fish-coloring-page-tutorial-2-400x228.jpg 400w, https:\/\/www.justcolor.net\/fr\/wp-content\/uploads\/sites\/2\/2017\/06\/fish-coloring-page-tutorial-2-768x437.jpg 768w, https:\/\/www.justcolor.net\/fr\/wp-content\/uploads\/sites\/2\/2017\/06\/fish-coloring-page-tutorial-2-1024x582.jpg 1024w, https:\/\/www.justcolor.net\/fr\/wp-content\/uploads\/sites\/2\/2017\/06\/fish-coloring-page-tutorial-2.jpg 1280w\" sizes=\"auto, (max-width: 400px) 100vw, 400px\" \/><\/p>\n<p>2. Je pose les ombres du coloriage du poisson, en accentuant la pression sur le crayon de couleur pour cr\u00e9er du contraste et du relief.<\/p>\n<p>Pour cette \u00e9tape, j&rsquo;utilise \u00e0 la fois mon crayon orange et crayon rouge.<\/p>\n<p>&nbsp;<\/p>\n<p>&nbsp;<\/p>\n<p>&nbsp;<\/p>\n<p>&nbsp;<\/p>\n<p><img loading=\"lazy\" decoding=\"async\" class=\"grayborder alignleft wp-image-9436 size-medium\" src=\"https:\/\/www.justcolor.net\/fr\/wp-content\/uploads\/sites\/2\/2017\/06\/fish-coloring-page-tutorial-3-400x254.jpg\" alt=\"\" width=\"400\" height=\"254\" srcset=\"https:\/\/www.justcolor.net\/fr\/wp-content\/uploads\/sites\/2\/2017\/06\/fish-coloring-page-tutorial-3-400x254.jpg 400w, https:\/\/www.justcolor.net\/fr\/wp-content\/uploads\/sites\/2\/2017\/06\/fish-coloring-page-tutorial-3-768x487.jpg 768w, https:\/\/www.justcolor.net\/fr\/wp-content\/uploads\/sites\/2\/2017\/06\/fish-coloring-page-tutorial-3-1024x650.jpg 1024w, https:\/\/www.justcolor.net\/fr\/wp-content\/uploads\/sites\/2\/2017\/06\/fish-coloring-page-tutorial-3.jpg 1280w\" sizes=\"auto, (max-width: 400px) 100vw, 400px\" \/><\/p>\n<p>3. Je continue en coloriant les \u00e9cailles du poisson et en r\u00e9servant des espaces de blanc.<\/p>\n<p>Je proc\u00e8de souvent de la sorte, car je trouve que cela permet de structurer davantage mes coloriages.<\/p>\n<p>&nbsp;<\/p>\n<p>&nbsp;<\/p>\n<p>&nbsp;<\/p>\n<p>&nbsp;<\/p>\n<p><img loading=\"lazy\" decoding=\"async\" class=\"grayborder alignleft wp-image-9437 size-medium\" src=\"https:\/\/www.justcolor.net\/fr\/wp-content\/uploads\/sites\/2\/2017\/06\/fish-coloring-page-tutorial-4-400x237.jpg\" alt=\"\" width=\"400\" height=\"237\" srcset=\"https:\/\/www.justcolor.net\/fr\/wp-content\/uploads\/sites\/2\/2017\/06\/fish-coloring-page-tutorial-4-400x237.jpg 400w, https:\/\/www.justcolor.net\/fr\/wp-content\/uploads\/sites\/2\/2017\/06\/fish-coloring-page-tutorial-4-768x455.jpg 768w, https:\/\/www.justcolor.net\/fr\/wp-content\/uploads\/sites\/2\/2017\/06\/fish-coloring-page-tutorial-4-1024x607.jpg 1024w, https:\/\/www.justcolor.net\/fr\/wp-content\/uploads\/sites\/2\/2017\/06\/fish-coloring-page-tutorial-4.jpg 1280w\" sizes=\"auto, (max-width: 400px) 100vw, 400px\" \/><\/p>\n<p>4. Je continue en coloriant les pivoines de mani\u00e8re uniforme.&nbsp;<\/p>\n<p>Juste apr\u00e8s, je construis les ombres sur les pivoines.<\/p>\n<p>&nbsp;<\/p>\n<p>&nbsp;<\/p>\n<p>&nbsp;<\/p>\n<p>&nbsp;<\/p>\n<p>&nbsp;<\/p>\n<p><img loading=\"lazy\" decoding=\"async\" class=\"grayborder alignleft wp-image-9438 size-medium\" src=\"https:\/\/www.justcolor.net\/fr\/wp-content\/uploads\/sites\/2\/2017\/06\/fish-coloring-page-tutorial-5-400x251.jpg\" alt=\"\" width=\"400\" height=\"251\" srcset=\"https:\/\/www.justcolor.net\/fr\/wp-content\/uploads\/sites\/2\/2017\/06\/fish-coloring-page-tutorial-5-400x251.jpg 400w, https:\/\/www.justcolor.net\/fr\/wp-content\/uploads\/sites\/2\/2017\/06\/fish-coloring-page-tutorial-5-768x481.jpg 768w, https:\/\/www.justcolor.net\/fr\/wp-content\/uploads\/sites\/2\/2017\/06\/fish-coloring-page-tutorial-5-1024x642.jpg 1024w, https:\/\/www.justcolor.net\/fr\/wp-content\/uploads\/sites\/2\/2017\/06\/fish-coloring-page-tutorial-5.jpg 1280w\" sizes=\"auto, (max-width: 400px) 100vw, 400px\" \/><\/p>\n<p>5. Je passe au coloriage des petites vagues de mani\u00e8re uniforme.<\/p>\n<p>&nbsp;<\/p>\n<p>&nbsp;<\/p>\n<p>&nbsp;<\/p>\n<p>&nbsp;<\/p>\n<p>&nbsp;<\/p>\n<p>&nbsp;<\/p>\n<p><img loading=\"lazy\" decoding=\"async\" class=\"grayborder alignleft wp-image-9439 size-medium\" src=\"https:\/\/www.justcolor.net\/fr\/wp-content\/uploads\/sites\/2\/2017\/06\/fish-coloring-page-tutorial-6-400x238.jpg\" alt=\"\" width=\"400\" height=\"238\" srcset=\"https:\/\/www.justcolor.net\/fr\/wp-content\/uploads\/sites\/2\/2017\/06\/fish-coloring-page-tutorial-6-400x238.jpg 400w, https:\/\/www.justcolor.net\/fr\/wp-content\/uploads\/sites\/2\/2017\/06\/fish-coloring-page-tutorial-6-768x457.jpg 768w, https:\/\/www.justcolor.net\/fr\/wp-content\/uploads\/sites\/2\/2017\/06\/fish-coloring-page-tutorial-6-1024x610.jpg 1024w, https:\/\/www.justcolor.net\/fr\/wp-content\/uploads\/sites\/2\/2017\/06\/fish-coloring-page-tutorial-6.jpg 1280w\" sizes=\"auto, (max-width: 400px) 100vw, 400px\" \/><\/p>\n<p>6. Je pose les ombres sur ces vagues.<\/p>\n<p>&nbsp;<\/p>\n<p>&nbsp;<\/p>\n<p>&nbsp;<\/p>\n<p>&nbsp;<\/p>\n<p>&nbsp;<\/p>\n<p>&nbsp;<\/p>\n<p><img loading=\"lazy\" decoding=\"async\" class=\"grayborder alignleft wp-image-9440 size-medium\" src=\"https:\/\/www.justcolor.net\/fr\/wp-content\/uploads\/sites\/2\/2017\/06\/fish-coloring-page-tutorial-7-400x381.jpg\" alt=\"\" width=\"400\" height=\"381\" srcset=\"https:\/\/www.justcolor.net\/fr\/wp-content\/uploads\/sites\/2\/2017\/06\/fish-coloring-page-tutorial-7-400x381.jpg 400w, https:\/\/www.justcolor.net\/fr\/wp-content\/uploads\/sites\/2\/2017\/06\/fish-coloring-page-tutorial-7-768x731.jpg 768w, https:\/\/www.justcolor.net\/fr\/wp-content\/uploads\/sites\/2\/2017\/06\/fish-coloring-page-tutorial-7-1024x974.jpg 1024w, https:\/\/www.justcolor.net\/fr\/wp-content\/uploads\/sites\/2\/2017\/06\/fish-coloring-page-tutorial-7.jpg 1280w\" sizes=\"auto, (max-width: 400px) 100vw, 400px\" \/><\/p>\n<p>7. Enfin, je termine mon coloriage en coloriant les entrelacs qui forment le fond du mandala.<\/p>\n<p>&nbsp;<\/p>\n<p>&nbsp;<\/p>\n<p>&nbsp;<\/p>\n<p>&nbsp;<\/p>\n<p>&nbsp;<\/p>\n<p>&nbsp;<\/p>\n<p>&nbsp;<\/p>\n<p>&nbsp;<\/p>\n<p>&nbsp;<\/p>\n<p>Et voil\u00e0 &#8230; Un joli poisson qu&rsquo;on n&rsquo;a pas envie de p\u00eacher mais juste d&rsquo;admirer.<\/p>\n<p><img loading=\"lazy\" decoding=\"async\" class=\"grayborder alignleft wp-image-9441 size-large\" src=\"https:\/\/www.justcolor.net\/fr\/wp-content\/uploads\/sites\/2\/2017\/06\/fish-coloring-page-tutorial-8-1024x630.jpg\" alt=\"\" width=\"1024\" height=\"630\" srcset=\"https:\/\/www.justcolor.net\/fr\/wp-content\/uploads\/sites\/2\/2017\/06\/fish-coloring-page-tutorial-8-1024x630.jpg 1024w, https:\/\/www.justcolor.net\/fr\/wp-content\/uploads\/sites\/2\/2017\/06\/fish-coloring-page-tutorial-8-400x246.jpg 400w, https:\/\/www.justcolor.net\/fr\/wp-content\/uploads\/sites\/2\/2017\/06\/fish-coloring-page-tutorial-8-768x472.jpg 768w, https:\/\/www.justcolor.net\/fr\/wp-content\/uploads\/sites\/2\/2017\/06\/fish-coloring-page-tutorial-8.jpg 1280w\" sizes=\"auto, (max-width: 1024px) 100vw, 1024px\" \/><\/p>\n<p>&nbsp;<\/p>\n<p>&nbsp;<\/p>\n<p>&nbsp;<\/p>\n<p>&nbsp;<\/p>\n","protected":false},"excerpt":{"rendered":"<p>D\u00e9couvrez la g\u00e9n\u00e8se de cette magnifique r\u00e9alisation, par Sophie. Ce coloriage original provient de notre galeries Mandalas, il est disponible ici. Il s&rsquo;agit d&rsquo;un&nbsp;sujet relativement simple : une magnifique carpe ko\u00ef japonaise sur fond de Mandala, mais magnifi\u00e9 par l&rsquo;utilisation bien inspir\u00e9e de quelques couleurs, et une technique tout en finesse &#8230; Sophie nous explique &#8230; <br \/><a title=\"Mandala carpe ko\u00ef aux crayons de couleur par Sophie\" class=\"read-more\" href=\"https:\/\/www.justcolor.net\/fr\/diy\/techniques-de-coloriage-adultes\/tuto-coloriage-mandala-poisson-sophie\/\">Lire la suite<\/a><\/p>\n","protected":false},"author":1,"featured_media":9440,"parent":9286,"menu_order":0,"comment_status":"closed","ping_status":"closed","template":"","meta":{"ngg_post_thumbnail":0,"footnotes":""},"tags":[836],"class_list":{"0":"post-9433","1":"page","2":"type-page","3":"status-publish","4":"has-post-thumbnail","6":"tag-tutoscolorexperts"},"_links":{"self":[{"href":"https:\/\/www.justcolor.net\/fr\/wp-json\/wp\/v2\/pages\/9433","targetHints":{"allow":["GET"]}}],"collection":[{"href":"https:\/\/www.justcolor.net\/fr\/wp-json\/wp\/v2\/pages"}],"about":[{"href":"https:\/\/www.justcolor.net\/fr\/wp-json\/wp\/v2\/types\/page"}],"author":[{"embeddable":true,"href":"https:\/\/www.justcolor.net\/fr\/wp-json\/wp\/v2\/users\/1"}],"replies":[{"embeddable":true,"href":"https:\/\/www.justcolor.net\/fr\/wp-json\/wp\/v2\/comments?post=9433"}],"version-history":[{"count":0,"href":"https:\/\/www.justcolor.net\/fr\/wp-json\/wp\/v2\/pages\/9433\/revisions"}],"up":[{"embeddable":true,"href":"https:\/\/www.justcolor.net\/fr\/wp-json\/wp\/v2\/pages\/9286"}],"wp:featuredmedia":[{"embeddable":true,"href":"https:\/\/www.justcolor.net\/fr\/wp-json\/wp\/v2\/media\/9440"}],"wp:attachment":[{"href":"https:\/\/www.justcolor.net\/fr\/wp-json\/wp\/v2\/media?parent=9433"}],"wp:term":[{"taxonomy":"post_tag","embeddable":true,"href":"https:\/\/www.justcolor.net\/fr\/wp-json\/wp\/v2\/tags?post=9433"}],"curies":[{"name":"wp","href":"https:\/\/api.w.org\/{rel}","templated":true}]}}