{"id":9484,"date":"2017-06-08T14:31:43","date_gmt":"2017-06-08T12:31:43","guid":{"rendered":"https:\/\/www.justcolor.net\/fr\/?page_id=9484"},"modified":"2017-06-09T10:40:11","modified_gmt":"2017-06-09T08:40:11","slug":"demon-ryuk","status":"publish","type":"page","link":"https:\/\/www.justcolor.net\/fr\/diy\/tutoriels-mangas-anime\/demon-ryuk\/","title":{"rendered":"D\u00e9mon Ry\u00fbk"},"content":{"rendered":"<h3><strong>Voici un tutoriel pour apprendre \u00e0 dessiner cet horrible d\u00e9mon.<\/strong><\/h3>\n<p><strong><img loading=\"lazy\" decoding=\"async\" class=\" wp-image-8954 alignleft\" src=\"https:\/\/www.justcolor.net\/fr\/wp-content\/uploads\/sites\/2\/2017\/05\/ladymangasolo-173x300.jpg\" alt=\"\" width=\"87\" height=\"151\" srcset=\"https:\/\/www.justcolor.net\/fr\/wp-content\/uploads\/sites\/2\/2017\/05\/ladymangasolo-173x300.jpg 173w, https:\/\/www.justcolor.net\/fr\/wp-content\/uploads\/sites\/2\/2017\/05\/ladymangasolo-591x1024.jpg 591w, https:\/\/www.justcolor.net\/fr\/wp-content\/uploads\/sites\/2\/2017\/05\/ladymangasolo.jpg 649w\" sizes=\"auto, (max-width: 87px) 100vw, 87px\" \/><\/strong><\/p>\n<p><img loading=\"lazy\" decoding=\"async\" class=\"grayborder alignright wp-image-9485\" src=\"https:\/\/www.justcolor.net\/fr\/wp-content\/uploads\/sites\/2\/2017\/06\/tutoriel-manga-demon-krissy-5-724x1024.jpg\" alt=\"\" width=\"331\" height=\"468\" srcset=\"https:\/\/www.justcolor.net\/fr\/wp-content\/uploads\/sites\/2\/2017\/06\/tutoriel-manga-demon-krissy-5-724x1024.jpg 724w, https:\/\/www.justcolor.net\/fr\/wp-content\/uploads\/sites\/2\/2017\/06\/tutoriel-manga-demon-krissy-5-283x400.jpg 283w, https:\/\/www.justcolor.net\/fr\/wp-content\/uploads\/sites\/2\/2017\/06\/tutoriel-manga-demon-krissy-5-768x1086.jpg 768w, https:\/\/www.justcolor.net\/fr\/wp-content\/uploads\/sites\/2\/2017\/06\/tutoriel-manga-demon-krissy-5.jpg 1500w\" sizes=\"auto, (max-width: 331px) 100vw, 331px\" \/><\/p>\n<h4><strong>Notre premier d\u00e9mon de manga est arriv\u00e9 ! <\/strong><strong>Ry\u00fbk&nbsp;est un d\u00e9mon provenant du manga&nbsp;<\/strong><strong>Death Note.<\/strong><\/h4>\n<p>Ry\u00fbk est un dieu de la mort tr\u00e8s grand, il est particuli\u00e8rement curieux et d\u00e9teste s&rsquo;ennuyer, ce qui l&rsquo;am\u00e8ne souvent \u00e0 rendre visite aux humains. Il est assez perspicace et&nbsp;tr\u00e8s farceur.<\/p>\n<p>Avec ce tutoriel, tu seras capables de dessiner cet horrible d\u00e9mon pour faire peur \u00e0 tes amis !<\/p>\n<p>Je vais t&rsquo;apprendre \u00e0 utiliser un maximum de types de crayons gris, pour obtenir des nuances de gris faisant litt\u00e9ralement sortir le personnage hors de sa feuille de papier !<\/p>\n<p>&nbsp;<\/p>\n<h2>Etape 1<\/h2>\n<p><img loading=\"lazy\" decoding=\"async\" class=\"grayborder alignleft wp-image-9476 size-medium\" src=\"https:\/\/www.justcolor.net\/fr\/wp-content\/uploads\/sites\/2\/2017\/06\/tutoriel-manga-demon-krissy-1-283x400.jpg\" alt=\"\" width=\"283\" height=\"400\" srcset=\"https:\/\/www.justcolor.net\/fr\/wp-content\/uploads\/sites\/2\/2017\/06\/tutoriel-manga-demon-krissy-1-283x400.jpg 283w, https:\/\/www.justcolor.net\/fr\/wp-content\/uploads\/sites\/2\/2017\/06\/tutoriel-manga-demon-krissy-1-768x1086.jpg 768w, https:\/\/www.justcolor.net\/fr\/wp-content\/uploads\/sites\/2\/2017\/06\/tutoriel-manga-demon-krissy-1-724x1024.jpg 724w, https:\/\/www.justcolor.net\/fr\/wp-content\/uploads\/sites\/2\/2017\/06\/tutoriel-manga-demon-krissy-1.jpg 2000w\" sizes=\"auto, (max-width: 283px) 100vw, 283px\" \/><\/p>\n<p>Tout d&rsquo;abord tu dois r\u00e9aliser un&nbsp;croquis pr\u00e9paratoire avec seulement les ligne principales du personnage.<\/p>\n<p>Utilise un&nbsp;crayon de bois si possible avec la teinte 2H, sinon avec un crayon HB (cela ne changera en rien ton dessin final).<\/p>\n<p><span style=\"color: #ff6600;\"><strong>Attention<\/strong> : Il faut que ton crayon soit bien taill\u00e9. Au moment de dessiner les lignes, attention n\u2019appuie pas trop fort ! Sinon tu risque d&rsquo;avoir du mal \u00e0 les gommer par la suite.<\/span><\/p>\n<p>Commence les ligne \u00e0 partir des extr\u00e9mit\u00e9s de ta feuille et termine par le contour du visage, cela sera beaucoup plus simple si tu a des difficult\u00e9s.<\/p>\n<p>&nbsp;<\/p>\n<p>&nbsp;<\/p>\n<h2>Etape 2<\/h2>\n<p><img loading=\"lazy\" decoding=\"async\" class=\"grayborder alignleft wp-image-9477 size-medium\" src=\"https:\/\/www.justcolor.net\/fr\/wp-content\/uploads\/sites\/2\/2017\/06\/tutoriel-manga-demon-krissy-2-283x400.jpg\" alt=\"\" width=\"283\" height=\"400\" srcset=\"https:\/\/www.justcolor.net\/fr\/wp-content\/uploads\/sites\/2\/2017\/06\/tutoriel-manga-demon-krissy-2-283x400.jpg 283w, https:\/\/www.justcolor.net\/fr\/wp-content\/uploads\/sites\/2\/2017\/06\/tutoriel-manga-demon-krissy-2-768x1086.jpg 768w, https:\/\/www.justcolor.net\/fr\/wp-content\/uploads\/sites\/2\/2017\/06\/tutoriel-manga-demon-krissy-2-724x1024.jpg 724w, https:\/\/www.justcolor.net\/fr\/wp-content\/uploads\/sites\/2\/2017\/06\/tutoriel-manga-demon-krissy-2.jpg 2000w\" sizes=\"auto, (max-width: 283px) 100vw, 283px\" \/><\/p>\n<p>Apr\u00e8s avoir trac\u00e9 les lignes principales du dessin, tu peux commencer \u00e0 rentrer dans les d\u00e9tails.<\/p>\n<p>Je te conseille de dessiner les oreilles, ensuite la main qui tient la pomme.<\/p>\n<p>Gr\u00e2ce \u00e0 ces premiers \u00e9l\u00e9ments, tu auras des rep\u00e8res qui te permettront de&nbsp;dessiner les v\u00eatements avec les bonnes proportions.<\/p>\n<p>&nbsp;<\/p>\n<p>&nbsp;<\/p>\n<p>&nbsp;<\/p>\n<p>&nbsp;<\/p>\n<p>&nbsp;<\/p>\n<p>&nbsp;<\/p>\n<h2>Etape 3<\/h2>\n<p><img loading=\"lazy\" decoding=\"async\" class=\"grayborder alignleft wp-image-9478 size-medium\" src=\"https:\/\/www.justcolor.net\/fr\/wp-content\/uploads\/sites\/2\/2017\/06\/tutoriel-manga-demon-krissy-3-283x400.jpg\" alt=\"\" width=\"283\" height=\"400\" srcset=\"https:\/\/www.justcolor.net\/fr\/wp-content\/uploads\/sites\/2\/2017\/06\/tutoriel-manga-demon-krissy-3-283x400.jpg 283w, https:\/\/www.justcolor.net\/fr\/wp-content\/uploads\/sites\/2\/2017\/06\/tutoriel-manga-demon-krissy-3-768x1086.jpg 768w, https:\/\/www.justcolor.net\/fr\/wp-content\/uploads\/sites\/2\/2017\/06\/tutoriel-manga-demon-krissy-3-724x1024.jpg 724w, https:\/\/www.justcolor.net\/fr\/wp-content\/uploads\/sites\/2\/2017\/06\/tutoriel-manga-demon-krissy-3.jpg 2000w\" sizes=\"auto, (max-width: 283px) 100vw, 283px\" \/><\/p>\n<p>Tu es sur la bonne voie, continue et ne te d\u00e9courage pas !<\/p>\n<p>Maintenant cela se complique un peu si tu n&rsquo;est pas sp\u00e9cialement \u00e0 l&rsquo;aise avec les visages. Tu dois r\u00e9aliser les yeux, le nez, la bouche ainsi que la petite boucle d&rsquo;oreille qu&rsquo;il porte.<\/p>\n<p>Commence par la boucle d&rsquo;oreille c&rsquo;est le plus simple. Ensuite encha\u00eene avec les yeux, pour t&rsquo;aider dis toi qu&rsquo;entre les deux yeux, tu devrais avoir assez de place pour faire une troisi\u00e8me pupille, tu peux la dessiner pour t&rsquo;aider mais n&rsquo;appuie surtout pas sur ton crayon c&rsquo;est juste un simple repaire, tu devras l&rsquo;effacer ensuite.<\/p>\n<p>Tu as d\u00e9j\u00e0 fait le plus difficile bravo ! Il ne te reste plus que le nez et la bouche. Le nez et facile a r\u00e9aliser par contre la bouche un tout petit peu moins.<\/p>\n<p>Sers toi des contours du visage et des yeux pour la dessiner.<\/p>\n<p>&nbsp;<\/p>\n<p>&nbsp;<\/p>\n<h2>Etape 4<\/h2>\n<p><img loading=\"lazy\" decoding=\"async\" class=\"grayborder alignleft wp-image-9479 size-medium\" src=\"https:\/\/www.justcolor.net\/fr\/wp-content\/uploads\/sites\/2\/2017\/06\/tutoriel-manga-demon-krissy-4-283x400.jpg\" alt=\"\" width=\"283\" height=\"400\" srcset=\"https:\/\/www.justcolor.net\/fr\/wp-content\/uploads\/sites\/2\/2017\/06\/tutoriel-manga-demon-krissy-4-283x400.jpg 283w, https:\/\/www.justcolor.net\/fr\/wp-content\/uploads\/sites\/2\/2017\/06\/tutoriel-manga-demon-krissy-4-768x1086.jpg 768w, https:\/\/www.justcolor.net\/fr\/wp-content\/uploads\/sites\/2\/2017\/06\/tutoriel-manga-demon-krissy-4-724x1024.jpg 724w, https:\/\/www.justcolor.net\/fr\/wp-content\/uploads\/sites\/2\/2017\/06\/tutoriel-manga-demon-krissy-4.jpg 2000w\" sizes=\"auto, (max-width: 283px) 100vw, 283px\" \/><\/p>\n<p>Cette \u00e9tape est relativement simple, tu peux souffler un peu.<\/p>\n<p>Il te faudra pour celle-ci te munir d&rsquo;un stylo noir \u00e0 pointe fine pour repasser au dessus des trait de crayon de bois.<\/p>\n<p>Apr\u00e8s avoir fait \u00e7a, il ne te reste plus qu&rsquo;\u00e0 effacer les traits de crayon en dessous, avec une gomme de qualit\u00e9.<\/p>\n<p>&nbsp;<\/p>\n<p>&nbsp;<\/p>\n<p>&nbsp;<\/p>\n<p>&nbsp;<\/p>\n<p>&nbsp;<\/p>\n<p>&nbsp;<\/p>\n<h2>Etape 5<\/h2>\n<p><img loading=\"lazy\" decoding=\"async\" class=\"grayborder alignleft wp-image-9485\" src=\"https:\/\/www.justcolor.net\/fr\/wp-content\/uploads\/sites\/2\/2017\/06\/tutoriel-manga-demon-krissy-5-724x1024.jpg\" alt=\"\" width=\"470\" height=\"665\" srcset=\"https:\/\/www.justcolor.net\/fr\/wp-content\/uploads\/sites\/2\/2017\/06\/tutoriel-manga-demon-krissy-5-724x1024.jpg 724w, https:\/\/www.justcolor.net\/fr\/wp-content\/uploads\/sites\/2\/2017\/06\/tutoriel-manga-demon-krissy-5-283x400.jpg 283w, https:\/\/www.justcolor.net\/fr\/wp-content\/uploads\/sites\/2\/2017\/06\/tutoriel-manga-demon-krissy-5-768x1086.jpg 768w, https:\/\/www.justcolor.net\/fr\/wp-content\/uploads\/sites\/2\/2017\/06\/tutoriel-manga-demon-krissy-5.jpg 1500w\" sizes=\"auto, (max-width: 470px) 100vw, 470px\" \/>La derni\u00e8re \u00e9tape est celle qui prendra un peu plus de temps que les autres, tu devras pour cela de te munir de&nbsp;crayons de bois B2, B3, B6 et bien s\u00fbr de ton HB.<\/p>\n<p>Commence par les endroits les plus sombres de ton dessin et remplis la zone avec ton B6 : c&rsquo;est la teinte la plus fonc\u00e9e donc utilise l\u00e0 pour la mains et le v\u00eatement.<\/p>\n<p>Ensuite prends ton B3 et ton HB et r\u00e9alise les petits d\u00e9grad\u00e9s. Enfin pour les cheveux, utilise le B2 pour r\u00e9aliser&nbsp;la partie droite.<\/p>\n<p>Pour finir, avec un mouchoir ou simplement ton doigt, \u00e9tale le crayon sur toute la surface du dessin et repasse si n\u00e9cessaire a certains endroit qui te paraissent trop clair avec le HB.<\/p>\n<p>Tu a Finis ! Bravo \u00e0 toi !<\/p>\n","protected":false},"excerpt":{"rendered":"<p>Voici un tutoriel pour apprendre \u00e0 dessiner cet horrible d\u00e9mon. Notre premier d\u00e9mon de manga est arriv\u00e9 ! Ry\u00fbk&nbsp;est un d\u00e9mon provenant du manga&nbsp;Death Note. Ry\u00fbk est un dieu de la mort tr\u00e8s grand, il est particuli\u00e8rement curieux et d\u00e9teste s&rsquo;ennuyer, ce qui l&rsquo;am\u00e8ne souvent \u00e0 rendre visite aux humains. Il est assez perspicace et&nbsp;tr\u00e8s &#8230; <br \/><a title=\"D\u00e9mon Ry\u00fbk\" class=\"read-more\" href=\"https:\/\/www.justcolor.net\/fr\/diy\/tutoriels-mangas-anime\/demon-ryuk\/\">Lire la suite<\/a><\/p>\n","protected":false},"author":4,"featured_media":9485,"parent":8814,"menu_order":0,"comment_status":"closed","ping_status":"closed","template":"","meta":{"ngg_post_thumbnail":0,"footnotes":""},"tags":[825],"class_list":{"0":"post-9484","1":"page","2":"type-page","3":"status-publish","4":"has-post-thumbnail","6":"tag-tutosmangapersos"},"_links":{"self":[{"href":"https:\/\/www.justcolor.net\/fr\/wp-json\/wp\/v2\/pages\/9484","targetHints":{"allow":["GET"]}}],"collection":[{"href":"https:\/\/www.justcolor.net\/fr\/wp-json\/wp\/v2\/pages"}],"about":[{"href":"https:\/\/www.justcolor.net\/fr\/wp-json\/wp\/v2\/types\/page"}],"author":[{"embeddable":true,"href":"https:\/\/www.justcolor.net\/fr\/wp-json\/wp\/v2\/users\/4"}],"replies":[{"embeddable":true,"href":"https:\/\/www.justcolor.net\/fr\/wp-json\/wp\/v2\/comments?post=9484"}],"version-history":[{"count":0,"href":"https:\/\/www.justcolor.net\/fr\/wp-json\/wp\/v2\/pages\/9484\/revisions"}],"up":[{"embeddable":true,"href":"https:\/\/www.justcolor.net\/fr\/wp-json\/wp\/v2\/pages\/8814"}],"wp:featuredmedia":[{"embeddable":true,"href":"https:\/\/www.justcolor.net\/fr\/wp-json\/wp\/v2\/media\/9485"}],"wp:attachment":[{"href":"https:\/\/www.justcolor.net\/fr\/wp-json\/wp\/v2\/media?parent=9484"}],"wp:term":[{"taxonomy":"post_tag","embeddable":true,"href":"https:\/\/www.justcolor.net\/fr\/wp-json\/wp\/v2\/tags?post=9484"}],"curies":[{"name":"wp","href":"https:\/\/api.w.org\/{rel}","templated":true}]}}