{"id":9517,"date":"2017-06-09T14:33:19","date_gmt":"2017-06-09T12:33:19","guid":{"rendered":"https:\/\/www.justcolor.net\/fr\/?page_id=9517"},"modified":"2017-06-09T14:33:41","modified_gmt":"2017-06-09T12:33:41","slug":"materiel-dessin-danime-mangas","status":"publish","type":"page","link":"https:\/\/www.justcolor.net\/fr\/diy\/tutoriels-mangas-anime\/materiel-dessin-danime-mangas\/","title":{"rendered":"Quel mat\u00e9riel pour le dessin d&rsquo;Anime \/ Mangas ?"},"content":{"rendered":"<p style=\"text-align: justify;\"><img loading=\"lazy\" decoding=\"async\" class=\" wp-image-10127 alignleft\" src=\"https:\/\/www.justcolor.net\/wp-content\/uploads\/2017\/05\/ladymangasolo-173x300.jpg\" alt=\"\" width=\"104\" height=\"180\">Afin de pouvoir bien dessiner des <strong>mangas<\/strong> (ou du moins, <strong>mettre toutes les chances de votre c\u00f4t\u00e9<\/strong>), avoir le <strong>mat\u00e9riel adapt\u00e9<\/strong> est important.<\/p>\n<p style=\"text-align: justify;\">Voici donc une pr\u00e9sentation de ces <strong>outils <\/strong>que je vous conseille.<\/p>\n<p style=\"text-align: justify;\">&nbsp;<\/p>\n<p style=\"text-align: justify;\">&nbsp;&nbsp;<\/p>\n<h2 style=\"text-align: justify;\">Du papier<\/h2>\n<p style=\"text-align: justify;\"><img loading=\"lazy\" decoding=\"async\" class=\"alignnone wp-image-1098 size-medium\" style=\"float: left; margin-right: 10px;\" src=\"https:\/\/www.justcolor.net\/fr\/wp-content\/uploads\/sites\/18\/2016\/10\/Papier-doujin-gradue-214x300.jpg\" alt=\"papier-doujin-gradue\" width=\"214\" height=\"300\">Si vous d\u00e9butez, le <strong>papier A4 d&rsquo;imprimante<\/strong> suffit. Le prix d&rsquo;une ramette de 500 feuilles est de 3-4\u20ac. Son principal inconv\u00e9nient est qu&rsquo;il est <strong>tr\u00e8s fin<\/strong>.<\/p>\n<p style=\"text-align: justify;\">Le gommage est difficile sans plier la feuille. Pour rem\u00e9dier \u00e0 cela, <strong>le papier \u00e0 dessin<\/strong> est utilis\u00e9. Dans le cas du <strong>manga<\/strong> on pr\u00e9f\u00e9rera l&rsquo;utilisation d&rsquo;un papier <strong>format B4<\/strong> un peu plus grand que le format A4.<\/p>\n<p style=\"text-align: justify;\">Il est \u00e9galement possible de trouver du papier poss\u00e9dant les marques sur les bords de feuille d\u00e9limitant le cadre de la page. Pour beaucoup, le papier <strong>DELETER<\/strong> (<a href=\"https:\/\/www.amazon.fr\/DELETER-COMIC-PAPER-RULER-TYPE-135-B4\/dp\/B004UPSZQW\/ref=sr_1_1?ie=UTF8&amp;qid=1480928169&amp;sr=8-1&amp;keywords=deleter+paper\">lien Amazon<\/a>) qui est import\u00e9 semble \u00eatre la <strong>norme<\/strong>.<\/p>\n<p style=\"text-align: justify;\">&nbsp;<span style=\"color: #ffffff;\">.<\/span><\/p>\n<h2 style=\"text-align: justify;\">Crayon gris<\/h2>\n<p style=\"text-align: justify;\">Afin de r\u00e9aliser le<strong> dessin<\/strong>, un <strong>crayon<\/strong> est n\u00e9cessaire. Bien qu&rsquo;un simple crayon suffise, il est pr\u00e9f\u00e9rable d&rsquo;utiliser <strong>un porte-mine de 0.3\/0.5mm<\/strong> afin d&rsquo;\u00e9viter d&rsquo;avoir \u00e0 tailler la mine tout le temps.<\/p>\n<p style=\"text-align: justify;\"><span style=\"color: #ffffff;\">.<\/span><\/p>\n<h2 style=\"text-align: justify;\">Crayon inactinique<\/h2>\n<p style=\"text-align: justify;\"><img loading=\"lazy\" decoding=\"async\" class=\"alignnone wp-image-1184 size-full\" style=\"float: right; margin-left: 10px;\" src=\"https:\/\/www.justcolor.net\/fr\/wp-content\/uploads\/sites\/18\/2016\/12\/bleu-inactinique.jpg\" alt=\"\" width=\"250\" height=\"250\">Il est \u00e9galement possible d&rsquo;utiliser <strong>un crayon \u00e0 encre bleue inactinique<\/strong>. Ce crayon permet de laisser des traits sur le papier qui n&rsquo;apparaissent pas lors de la num\u00e9risation.<\/p>\n<h1>&nbsp;<\/h1>\n<h1>&nbsp;<\/h1>\n<h2 style=\"text-align: justify;\">Une gomme<\/h2>\n<p style=\"text-align: justify;\">Une <strong>gomme de qualit\u00e9<\/strong> est importante&nbsp;pour effacer tous les traits de crayon. Attention \u00e0 ne pas utiliser une gomme usag\u00e9e qui pourrait laisser des traces sur la feuille.<\/p>\n<p style=\"text-align: justify;\">&nbsp;<span style=\"color: #ffffff;\">.<\/span><\/p>\n<h1 style=\"text-align: justify;\">&nbsp;<\/h1>\n<h2 style=\"text-align: justify;\">Des multiliners<\/h2>\n<p style=\"text-align: justify;\"><img loading=\"lazy\" decoding=\"async\" class=\"alignleft wp-image-1100 \" src=\"https:\/\/www.justcolor.net\/fr\/wp-content\/uploads\/sites\/18\/2016\/11\/new-copic-multiliners.jpg\" alt=\"Multiliner COPIC\" width=\"916\" height=\"477\"><\/p>\n<p style=\"text-align: justify;\">&nbsp;<\/p>\n<p style=\"text-align: justify;\">Afin de pouvoir dessiner tous <strong>les contours \u00e0 l&rsquo;encre<\/strong>, ces feutres sont parfaits. Une fois l&rsquo;encre s\u00e8che, elle <strong>ne bave pas<\/strong> lorsqu&rsquo;un feutre passe dessus.<\/p>\n<p style=\"text-align: justify;\">Le seul r\u00e9el inconv\u00e9nient est que les <strong>traits ont tendance \u00e0 s&rsquo;estomper lorsque que l&rsquo;on gomme<\/strong> par dessus.<\/p>\n<p style=\"text-align: justify;\">&nbsp;<span style=\"color: #ffffff;\">.<\/span>&nbsp;<\/p>\n<h2 style=\"text-align: justify;\">Plumes<\/h2>\n<p style=\"text-align: justify;\"><img loading=\"lazy\" decoding=\"async\" class=\"alignright wp-image-1101 size-full\" src=\"https:\/\/www.justcolor.net\/fr\/wp-content\/uploads\/sites\/18\/2016\/11\/lot3plumes.jpg\" alt=\"lot3plumes\" width=\"150\" height=\"200\">Je vous conseille la <strong>plume G<\/strong> et la <strong>plume Kabura<\/strong>. Ce sont deux diff\u00e9rents types de plumes utilis\u00e9 pour dessiner l<strong>es \u00e9l\u00e9ments plus larges<\/strong>, principalement les <strong>personnages<\/strong>.<\/p>\n<p style=\"text-align: justify;\">La&nbsp;<strong>plume Maru<\/strong>, quant \u00e0 elle, sert \u00e0 dessiner les <strong>d\u00e9tails<\/strong>. Petite et droite, elle permet de dessiner des <strong>lignes tr\u00e8s fines<\/strong>. Mais il est plus facile de d\u00e9chirer le papier. La pointe s&rsquo;use vite donc pour garder un trait fin <strong>il faut r\u00e9guli\u00e8rement la changer<\/strong>.<\/p>\n<p style=\"text-align: justify;\">Leur prix est cependant assez \u00e9lev\u00e9, surtout si vous avez un rythme soutenu, le changement r\u00e9gulier se fait vite ressentir.<\/p>\n<p>&nbsp;<span style=\"color: #ffffff;\">.<\/span><\/p>\n<h2 style=\"text-align: justify;\">Une table lumineuse<\/h2>\n<p style=\"text-align: justify;\"><img loading=\"lazy\" decoding=\"async\" class=\"alignleft wp-image-1102 size-medium\" src=\"https:\/\/www.justcolor.net\/fr\/wp-content\/uploads\/sites\/18\/2016\/11\/ma_table_lumineuse_02a-300x137.jpg\" alt=\"ma_table_lumineuse_02a\" width=\"300\" height=\"137\"><\/p>\n<p style=\"text-align: justify;\">C&rsquo;est une <strong>boite illumin\u00e9e<\/strong> par le dessous sur laquelle on dessine. On peut ainsi se servir de la <strong>transparence du papier<\/strong> pour ajouter des <strong>\u00e9l\u00e9ments pr\u00e9-dessin\u00e9s<\/strong>.<\/p>\n<h2 style=\"text-align: justify;\">&nbsp;<\/h2>\n<h2 style=\"text-align: justify;\">Dessiner sur support num\u00e9rique<\/h2>\n<p style=\"text-align: justify;\">Bien que tous ces outils soient n\u00e9cessaires lorsqu&rsquo;il s&rsquo;agit de dessin sur papier, il est \u00e9galement possible de r\u00e9aliser ces dessin de <strong>fa\u00e7on num\u00e9rique<\/strong>, par exemple en utilisant <strong>une tablette graphique<\/strong>. La r\u00e9alisation est <strong>plus rapide<\/strong> et une fois la prise en main faite, <strong>le r\u00e9sultat est tout autant satisfaisant<\/strong>. Cependant, beaucoup ne ressentent pas la m\u00eame joie que lorsqu&rsquo;ils commencent&nbsp;un dessin sur papier. D&rsquo;un c\u00f4t\u00e9 concernant la facilit\u00e9 d&rsquo;\u00e9dition du d\u00e9but \u00e0 la fin et de l&rsquo;autre, le plaisir du dessin.<\/p>\n","protected":false},"excerpt":{"rendered":"<p>Afin de pouvoir bien dessiner des mangas (ou du moins, mettre toutes les chances de votre c\u00f4t\u00e9), avoir le mat\u00e9riel adapt\u00e9 est important. Voici donc une pr\u00e9sentation de ces outils que je vous conseille. &nbsp; &nbsp;&nbsp; Du papier Si vous d\u00e9butez, le papier A4 d&rsquo;imprimante suffit. Le prix d&rsquo;une ramette de 500 feuilles est de &#8230; <br \/><a title=\"Quel mat\u00e9riel pour le dessin d&rsquo;Anime \/ Mangas ?\" class=\"read-more\" href=\"https:\/\/www.justcolor.net\/fr\/diy\/tutoriels-mangas-anime\/materiel-dessin-danime-mangas\/\">Lire la suite<\/a><\/p>\n","protected":false},"author":1,"featured_media":9518,"parent":8814,"menu_order":0,"comment_status":"closed","ping_status":"closed","template":"","meta":{"ngg_post_thumbnail":0,"footnotes":""},"tags":[824],"class_list":{"0":"post-9517","1":"page","2":"type-page","3":"status-publish","4":"has-post-thumbnail","6":"tag-tutosmangatech"},"_links":{"self":[{"href":"https:\/\/www.justcolor.net\/fr\/wp-json\/wp\/v2\/pages\/9517","targetHints":{"allow":["GET"]}}],"collection":[{"href":"https:\/\/www.justcolor.net\/fr\/wp-json\/wp\/v2\/pages"}],"about":[{"href":"https:\/\/www.justcolor.net\/fr\/wp-json\/wp\/v2\/types\/page"}],"author":[{"embeddable":true,"href":"https:\/\/www.justcolor.net\/fr\/wp-json\/wp\/v2\/users\/1"}],"replies":[{"embeddable":true,"href":"https:\/\/www.justcolor.net\/fr\/wp-json\/wp\/v2\/comments?post=9517"}],"version-history":[{"count":0,"href":"https:\/\/www.justcolor.net\/fr\/wp-json\/wp\/v2\/pages\/9517\/revisions"}],"up":[{"embeddable":true,"href":"https:\/\/www.justcolor.net\/fr\/wp-json\/wp\/v2\/pages\/8814"}],"wp:featuredmedia":[{"embeddable":true,"href":"https:\/\/www.justcolor.net\/fr\/wp-json\/wp\/v2\/media\/9518"}],"wp:attachment":[{"href":"https:\/\/www.justcolor.net\/fr\/wp-json\/wp\/v2\/media?parent=9517"}],"wp:term":[{"taxonomy":"post_tag","embeddable":true,"href":"https:\/\/www.justcolor.net\/fr\/wp-json\/wp\/v2\/tags?post=9517"}],"curies":[{"name":"wp","href":"https:\/\/api.w.org\/{rel}","templated":true}]}}