{"id":9528,"date":"2017-06-09T15:47:31","date_gmt":"2017-06-09T13:47:31","guid":{"rendered":"https:\/\/www.justcolor.net\/fr\/?page_id=9528"},"modified":"2017-06-09T16:23:52","modified_gmt":"2017-06-09T14:23:52","slug":"evolution-dessin-personnages-manga","status":"publish","type":"page","link":"https:\/\/www.justcolor.net\/fr\/diy\/tutoriels-mangas-anime\/evolution-dessin-personnages-manga\/","title":{"rendered":"Evolution du dessin des personnages Manga"},"content":{"rendered":"<p style=\"text-align: justify;\"><img loading=\"lazy\" decoding=\"async\" class=\"size-medium wp-image-9529 alignleft\" src=\"https:\/\/www.justcolor.net\/fr\/wp-content\/uploads\/sites\/2\/2017\/06\/evolution-manga-characters-400x309.jpg\" alt=\"\" width=\"400\" height=\"309\" srcset=\"https:\/\/www.justcolor.net\/fr\/wp-content\/uploads\/sites\/2\/2017\/06\/evolution-manga-characters-400x309.jpg 400w, https:\/\/www.justcolor.net\/fr\/wp-content\/uploads\/sites\/2\/2017\/06\/evolution-manga-characters-768x592.jpg 768w, https:\/\/www.justcolor.net\/fr\/wp-content\/uploads\/sites\/2\/2017\/06\/evolution-manga-characters-1024x790.jpg 1024w, https:\/\/www.justcolor.net\/fr\/wp-content\/uploads\/sites\/2\/2017\/06\/evolution-manga-characters.jpg 1654w\" sizes=\"auto, (max-width: 400px) 100vw, 400px\" \/><\/p>\n<h3 style=\"text-align: justify;\">Le style du dessin de manga a \u00e9volu\u00e9 depuis sa cr\u00e9ation.<\/h3>\n<h4 style=\"text-align: justify;\">Nous parlerons ici de son \u00e9volution, principalement dans le dessin des personnages depuis son re-nouveau.<\/h4>\n<h4 style=\"text-align: justify;\">Le dessin des personnages est en constante \u00e9volution, que ce soit dans une optique de design plus contemporain ou simplement les outils qui permettent ces changements.<\/h4>\n<p style=\"text-align: justify;\">&nbsp;&nbsp;<\/p>\n<p style=\"text-align: justify;\">&nbsp;<\/p>\n<h2 style=\"text-align: justify;\">Ann\u00e9es 1980 &#8211; 1990<\/h2>\n<p style=\"text-align: justify;\">Les <strong>ann\u00e9es 80<\/strong> marquent <strong>l&rsquo;apparition des animes en dehors de l&rsquo;Asie<\/strong>. C&rsquo;est avec ces anim\u00e9s que <strong>le manga se popularise \u00e0 travers le monde<\/strong>. Les outils \u00e9tant limit\u00e9s, un \u00e9pisode est r\u00e9alis\u00e9 <strong>image par image<\/strong>, dessin\u00e9es \u00e0 la <strong>main<\/strong>.<\/p>\n<p style=\"text-align: justify;\">Cette \u00e9poque poss\u00e8de quelques \u00e9l\u00e9ments&nbsp;caract\u00e9ristiques que l&rsquo;on retrouvera dans beaucoup de personnages:<\/p>\n<figure style=\"float: left; text-align: justify;\">\n<p><figure id=\"attachment_1112\" aria-describedby=\"caption-attachment-1112\" style=\"width: 214px\" class=\"wp-caption alignnone\"><img loading=\"lazy\" decoding=\"async\" class=\"wp-image-1112\" style=\"margin-right: 15px;\" src=\"https:\/\/www.justcolor.net\/fr\/wp-content\/uploads\/sites\/18\/2016\/11\/80s-300x293.jpg\" alt=\"Ann\u00e9es 80\" width=\"224\" height=\"219\"><figcaption id=\"caption-attachment-1112\" class=\"wp-caption-text\">Ann\u00e9es 80<\/figcaption><\/figure><figcaption><\/figcaption><\/figure>\n<figure style=\"float: right; text-align: justify;\">\n<p><figure id=\"attachment_1113\" aria-describedby=\"caption-attachment-1113\" style=\"width: 183px\" class=\"wp-caption alignnone\"><img loading=\"lazy\" decoding=\"async\" class=\"wp-image-1113\" style=\"margin-left: 15px;\" src=\"https:\/\/www.justcolor.net\/fr\/wp-content\/uploads\/sites\/18\/2016\/11\/90s-267x300.jpg\" alt=\"Ann\u00e9es 90\" width=\"193\" height=\"217\"><figcaption id=\"caption-attachment-1113\" class=\"wp-caption-text\">Ann\u00e9es 90<\/figcaption><\/figure><figcaption><\/figcaption><\/figure>\n<p>Des <strong>traits<\/strong> de contour \u00e9pais<\/p>\n<p>Zones d&rsquo;<strong>ombres<\/strong>&nbsp; larges<\/p>\n<p>Des <strong>chevelures <\/strong>\u00e9paisses<\/p>\n<p>Des <strong>pupilles<\/strong> noires, de forme ovale, allong\u00e9e.<\/p>\n<p>Le <strong>nez<\/strong> est un \u00ab\u00a0L\u00a0\u00bb tourn\u00e9<\/p>\n<p>La <strong>bouche<\/strong> est haute<\/p>\n<p style=\"text-align: justify;\"><span style=\"color: #ffffff;\">.<\/span><\/p>\n<p style=\"text-align: justify;\">Durant deux d\u00e9cennies, ces caract\u00e9ristiques ont d\u00e9fini le dessin de personnages, bien qu&rsquo;avec des <strong>variations<\/strong> durant cette p\u00e9riode.<\/p>\n<p style=\"text-align: justify;\">Il existait alors un <strong>arch\u00e9type<\/strong> selon le genre du personnage. <strong>Par exemple<\/strong> un h\u00e9ro masculin \u00e9tait grand et muscl\u00e9.<\/p>\n<p style=\"text-align: justify;\"><span style=\"color: #ffffff;\">.<\/span><\/p>\n<h2 style=\"text-align: justify;\">Ann\u00e9es 2000 &#8211; Aujourd&rsquo;hui<\/h2>\n<p style=\"text-align: justify;\">Dans les <strong>ann\u00e9es 2000<\/strong>, le style de dessin change afin d&rsquo;incorporer de <strong>nouveaux h\u00e9ros<\/strong>. Ces h\u00e9ros sont de <strong>jeunes adolescents<\/strong>, plut\u00f4t minces et petits, permettant aux lecteurs de s&rsquo;identifier \u00e0 leur personnage pr\u00e9f\u00e9r\u00e9. Les traits de ces personnages suivent de <strong>nouvelles \u00ab\u00a0r\u00e8gles\u00a0\u00bb<\/strong> :<\/p>\n<figure id=\"attachment_1116\" aria-describedby=\"caption-attachment-1116\" style=\"width: 233px\" class=\"wp-caption alignleft\"><img loading=\"lazy\" decoding=\"async\" class=\"wp-image-1116\" src=\"https:\/\/www.justcolor.net\/fr\/wp-content\/uploads\/sites\/18\/2016\/11\/now-285x300.jpg\" alt=\"Ann\u00e9es 2000\" width=\"243\" height=\"256\"><figcaption id=\"caption-attachment-1116\" class=\"wp-caption-text\">Ann\u00e9es 2000<\/figcaption><\/figure>\n<ul style=\"text-align: justify;\">\n<li>Des <strong>traits<\/strong> beaucoup plus fins<\/li>\n<li>Des <strong>ombres<\/strong> plus l\u00e9g\u00e8res<\/li>\n<li>Une <strong>coupe de cheveux<\/strong> moins volumineuse<\/li>\n<li>Le <strong>nez<\/strong> est pratiquement un point<\/li>\n<li>La position de la bouche est descendue<\/li>\n<\/ul>\n<p style=\"text-align: justify;\"><span style=\"color: #ffffff;\">.<\/span><\/p>\n<p style=\"text-align: justify;\"><span style=\"color: #ffffff;\">.<\/span><\/p>\n<p style=\"text-align: justify;\"><strong>Aujourd&rsquo;hui<\/strong>, les personnages&nbsp;poss\u00e8dent \u00e9galement des <strong>yeux diff\u00e9rents<\/strong>. Les pupilles ne sont plus ovales mais circulaire, plus petites.<\/p>\n<p style=\"text-align: justify;\">Tous ces \u00e9l\u00e9ments cit\u00e9s ci-dessus sont des interpr\u00e9tations personnelles. Il existe s\u00fbrement d&rsquo;autres diff\u00e9rences \u00e0 relever.<\/p>\n","protected":false},"excerpt":{"rendered":"<p>Le style du dessin de manga a \u00e9volu\u00e9 depuis sa cr\u00e9ation. Nous parlerons ici de son \u00e9volution, principalement dans le dessin des personnages depuis son re-nouveau. Le dessin des personnages est en constante \u00e9volution, que ce soit dans une optique de design plus contemporain ou simplement les outils qui permettent ces changements. &nbsp;&nbsp; &nbsp; Ann\u00e9es &#8230; <br \/><a title=\"Evolution du dessin des personnages Manga\" class=\"read-more\" href=\"https:\/\/www.justcolor.net\/fr\/diy\/tutoriels-mangas-anime\/evolution-dessin-personnages-manga\/\">Lire la suite<\/a><\/p>\n","protected":false},"author":1,"featured_media":9529,"parent":8814,"menu_order":0,"comment_status":"closed","ping_status":"closed","template":"","meta":{"ngg_post_thumbnail":0,"footnotes":""},"tags":[825],"class_list":{"0":"post-9528","1":"page","2":"type-page","3":"status-publish","4":"has-post-thumbnail","6":"tag-tutosmangapersos"},"_links":{"self":[{"href":"https:\/\/www.justcolor.net\/fr\/wp-json\/wp\/v2\/pages\/9528","targetHints":{"allow":["GET"]}}],"collection":[{"href":"https:\/\/www.justcolor.net\/fr\/wp-json\/wp\/v2\/pages"}],"about":[{"href":"https:\/\/www.justcolor.net\/fr\/wp-json\/wp\/v2\/types\/page"}],"author":[{"embeddable":true,"href":"https:\/\/www.justcolor.net\/fr\/wp-json\/wp\/v2\/users\/1"}],"replies":[{"embeddable":true,"href":"https:\/\/www.justcolor.net\/fr\/wp-json\/wp\/v2\/comments?post=9528"}],"version-history":[{"count":0,"href":"https:\/\/www.justcolor.net\/fr\/wp-json\/wp\/v2\/pages\/9528\/revisions"}],"up":[{"embeddable":true,"href":"https:\/\/www.justcolor.net\/fr\/wp-json\/wp\/v2\/pages\/8814"}],"wp:featuredmedia":[{"embeddable":true,"href":"https:\/\/www.justcolor.net\/fr\/wp-json\/wp\/v2\/media\/9529"}],"wp:attachment":[{"href":"https:\/\/www.justcolor.net\/fr\/wp-json\/wp\/v2\/media?parent=9528"}],"wp:term":[{"taxonomy":"post_tag","embeddable":true,"href":"https:\/\/www.justcolor.net\/fr\/wp-json\/wp\/v2\/tags?post=9528"}],"curies":[{"name":"wp","href":"https:\/\/api.w.org\/{rel}","templated":true}]}}