{"id":9625,"date":"2017-06-13T22:17:12","date_gmt":"2017-06-13T20:17:12","guid":{"rendered":"https:\/\/www.justcolor.net\/fr\/?page_id=9625"},"modified":"2018-05-31T10:47:36","modified_gmt":"2018-05-31T08:47:36","slug":"tuto-coloriage-aquarelle-paysage-marin-domandalas","status":"publish","type":"page","link":"https:\/\/www.justcolor.net\/fr\/diy\/techniques-de-coloriage-adultes\/tuto-coloriage-aquarelle-paysage-marin-domandalas\/","title":{"rendered":"Paysage marin \u00e0 l&rsquo;Aquarelle par Domandalas"},"content":{"rendered":"<p><img loading=\"lazy\" decoding=\"async\" class=\"wp-image-9640 alignright\" src=\"https:\/\/www.justcolor.net\/fr\/wp-content\/uploads\/sites\/2\/2017\/06\/DSCN7847-768x1024.jpg\" alt=\"\" width=\"426\" height=\"568\" srcset=\"https:\/\/www.justcolor.net\/fr\/wp-content\/uploads\/sites\/2\/2017\/06\/DSCN7847-768x1024.jpg 768w, https:\/\/www.justcolor.net\/fr\/wp-content\/uploads\/sites\/2\/2017\/06\/DSCN7847-300x400.jpg 300w, https:\/\/www.justcolor.net\/fr\/wp-content\/uploads\/sites\/2\/2017\/06\/DSCN7847.jpg 1200w\" sizes=\"auto, (max-width: 426px) 100vw, 426px\" \/>J&rsquo;ai envie de vacances ! Pour m&rsquo;\u00e9vader un peu je choisis de colorier un <strong>paysage marin<\/strong> &#8230; L&rsquo;aquarelle est une technique qui se pr\u00eate bien \u00e0 ce type de sujet &#8230; Aller je sors mon mat\u00e9riel.<\/p>\n<p>Je pr\u00e9pare donc&nbsp;: <strong>un petit pot plein d&rsquo;eau, 2 pinceaux : un fin pour les d\u00e9tails, un gros pour les grosses surfaces<\/strong>.<\/p>\n<p>J&rsquo;utilise une aquarelle basique \u00e0 premier prix achet\u00e9 en grande surface, \u00e7a conviendra tr\u00e8s bien.<\/p>\n<p><img loading=\"lazy\" decoding=\"async\" class=\"size-medium wp-image-9633 alignleft\" src=\"https:\/\/www.justcolor.net\/fr\/wp-content\/uploads\/sites\/2\/2017\/06\/DSCN7837-300x400.jpg\" alt=\"\" width=\"300\" height=\"400\" srcset=\"https:\/\/www.justcolor.net\/fr\/wp-content\/uploads\/sites\/2\/2017\/06\/DSCN7837-300x400.jpg 300w, https:\/\/www.justcolor.net\/fr\/wp-content\/uploads\/sites\/2\/2017\/06\/DSCN7837-768x1024.jpg 768w, https:\/\/www.justcolor.net\/fr\/wp-content\/uploads\/sites\/2\/2017\/06\/DSCN7837.jpg 1200w\" sizes=\"auto, (max-width: 300px) 100vw, 300px\" \/><\/p>\n<p>&nbsp;<\/p>\n<p>&nbsp;<\/p>\n<p>&nbsp;<\/p>\n<p>&nbsp;<\/p>\n<p>&nbsp;<\/p>\n<p>&nbsp;<\/p>\n<h3>&nbsp;<\/h3>\n<h3>&nbsp;<\/h3>\n<h3>&nbsp;<\/h3>\n<h3>&nbsp;<\/h3>\n<h3><img loading=\"lazy\" decoding=\"async\" class=\"size-medium wp-image-9629 alignleft\" src=\"https:\/\/www.justcolor.net\/fr\/wp-content\/uploads\/sites\/2\/2017\/06\/DSCN7832-300x400.jpg\" alt=\"\" width=\"300\" height=\"400\" srcset=\"https:\/\/www.justcolor.net\/fr\/wp-content\/uploads\/sites\/2\/2017\/06\/DSCN7832-300x400.jpg 300w, https:\/\/www.justcolor.net\/fr\/wp-content\/uploads\/sites\/2\/2017\/06\/DSCN7832-768x1024.jpg 768w, https:\/\/www.justcolor.net\/fr\/wp-content\/uploads\/sites\/2\/2017\/06\/DSCN7832.jpg 1200w\" sizes=\"auto, (max-width: 300px) 100vw, 300px\" \/><\/h3>\n<h2>Etape 1<\/h2>\n<p>Voici le mod\u00e8le que j&rsquo;ai choisi.<\/p>\n<p>Il s&rsquo;agit d&rsquo;un paysage marin, avec de jolies mouettes en premier plan, un imposant phare et de belles maisons de bord de mer.<\/p>\n<p>C&rsquo;est donc parfait pour m&rsquo;a\u00e9rer un peu et songer aux vacances qui approchent !&nbsp;<\/p>\n<p>Ce coloriage est disponible sur le site, <a href=\"https:\/\/www.justcolor.net\/fr\/animaux\/?image=animaux__coloriage-adulte-mouettes__1\">vous y acc\u00e9derez <strong>en suivant ce lien<\/strong><\/a>.<\/p>\n<p>&nbsp;<\/p>\n<p>&nbsp;<\/p>\n<p>&nbsp;<\/p>\n<p>&nbsp;<\/p>\n<p>&nbsp;<\/p>\n<p><img loading=\"lazy\" decoding=\"async\" class=\"size-medium wp-image-9630 alignleft\" src=\"https:\/\/www.justcolor.net\/fr\/wp-content\/uploads\/sites\/2\/2017\/06\/DSCN7834-300x400.jpg\" alt=\"\" width=\"300\" height=\"400\" srcset=\"https:\/\/www.justcolor.net\/fr\/wp-content\/uploads\/sites\/2\/2017\/06\/DSCN7834-300x400.jpg 300w, https:\/\/www.justcolor.net\/fr\/wp-content\/uploads\/sites\/2\/2017\/06\/DSCN7834-768x1024.jpg 768w, https:\/\/www.justcolor.net\/fr\/wp-content\/uploads\/sites\/2\/2017\/06\/DSCN7834.jpg 1200w\" sizes=\"auto, (max-width: 300px) 100vw, 300px\" \/><\/p>\n<h2>Etape 2<\/h2>\n<p>Je mouille le ciel \u00e0 l&rsquo;eau (sans couleurs). Oui, oui. Vous allez d\u00e9couvrir ensuite pourquoi j&#8217;emploie cette technique. Je mets du bleu, qui va se r\u00e9pandre et donner un aspect non uniforme.<\/p>\n<p>Une aquarelle doit \u00eatre l\u00e9g\u00e8re, fluide. je fais des petits mouvements circulaires avec le pinceau. Puis, je fais tourner la feuille dans tous les sens afin que la couleur fuse.<\/p>\n<p>&nbsp;<\/p>\n<p>&nbsp;<\/p>\n<p>&nbsp;<\/p>\n<p>&nbsp;<\/p>\n<p>&nbsp;<\/p>\n<p>&nbsp;<\/p>\n<p>&nbsp;<\/p>\n<p><img loading=\"lazy\" decoding=\"async\" class=\"size-medium wp-image-9631 alignleft\" src=\"https:\/\/www.justcolor.net\/fr\/wp-content\/uploads\/sites\/2\/2017\/06\/DSCN7835-300x400.jpg\" alt=\"\" width=\"300\" height=\"400\" srcset=\"https:\/\/www.justcolor.net\/fr\/wp-content\/uploads\/sites\/2\/2017\/06\/DSCN7835-300x400.jpg 300w, https:\/\/www.justcolor.net\/fr\/wp-content\/uploads\/sites\/2\/2017\/06\/DSCN7835-768x1024.jpg 768w, https:\/\/www.justcolor.net\/fr\/wp-content\/uploads\/sites\/2\/2017\/06\/DSCN7835.jpg 1200w\" sizes=\"auto, (max-width: 300px) 100vw, 300px\" \/><\/p>\n<h2>Etape&nbsp;3<\/h2>\n<p>Puis, je fais pareil pour la mer. Pas d&rsquo;affolement si le papier gondole. Quand le coloriage sera fini et bien sec, il faut simplement le d\u00e9poser entre 2 livres, et tout ira bien.<\/p>\n<p>Je laisse s\u00e9cher.<\/p>\n<p>Je mets du bleu en bordure de mer pour foncer.<\/p>\n<p>Je rince mon pinceau.<\/p>\n<p>&nbsp;<\/p>\n<p>&nbsp;<\/p>\n<p>&nbsp;<\/p>\n<p>&nbsp;<\/p>\n<p><img loading=\"lazy\" decoding=\"async\" class=\"size-medium wp-image-9634 alignleft\" src=\"https:\/\/www.justcolor.net\/fr\/wp-content\/uploads\/sites\/2\/2017\/06\/DSCN7838-300x400.jpg\" alt=\"\" width=\"300\" height=\"400\" srcset=\"https:\/\/www.justcolor.net\/fr\/wp-content\/uploads\/sites\/2\/2017\/06\/DSCN7838-300x400.jpg 300w, https:\/\/www.justcolor.net\/fr\/wp-content\/uploads\/sites\/2\/2017\/06\/DSCN7838-768x1024.jpg 768w, https:\/\/www.justcolor.net\/fr\/wp-content\/uploads\/sites\/2\/2017\/06\/DSCN7838.jpg 1200w\" sizes=\"auto, (max-width: 300px) 100vw, 300px\" \/><\/p>\n<h2>Etape&nbsp;4<\/h2>\n<p>Je vais poser le vert pour le fond v\u00e9g\u00e9tal. M\u00eame technique : eau, couleur, puis mouvements de la feuille. J&rsquo;alterne vert \u00e9meraude et vert clair.<\/p>\n<p>Rin\u00e7age du pinceau.<\/p>\n<p>&nbsp;<\/p>\n<p>&nbsp;<\/p>\n<p>&nbsp;<\/p>\n<p>&nbsp;<\/p>\n<p>&nbsp;<\/p>\n<p>&nbsp;<\/p>\n<p>&nbsp;<\/p>\n<p><img loading=\"lazy\" decoding=\"async\" class=\"size-medium wp-image-9635 alignleft\" src=\"https:\/\/www.justcolor.net\/fr\/wp-content\/uploads\/sites\/2\/2017\/06\/DSCN7839-300x400.jpg\" alt=\"\" width=\"300\" height=\"400\" srcset=\"https:\/\/www.justcolor.net\/fr\/wp-content\/uploads\/sites\/2\/2017\/06\/DSCN7839-300x400.jpg 300w, https:\/\/www.justcolor.net\/fr\/wp-content\/uploads\/sites\/2\/2017\/06\/DSCN7839-768x1024.jpg 768w, https:\/\/www.justcolor.net\/fr\/wp-content\/uploads\/sites\/2\/2017\/06\/DSCN7839.jpg 1200w\" sizes=\"auto, (max-width: 300px) 100vw, 300px\" \/><\/p>\n<h2>Etape 5<\/h2>\n<p>Je mets un peu de bleu fonc\u00e9 sur les ailes des mouettes.<\/p>\n<p>&nbsp;<\/p>\n<p>&nbsp;<\/p>\n<p>&nbsp;<\/p>\n<p>&nbsp;<\/p>\n<p>&nbsp;<\/p>\n<p>&nbsp;<\/p>\n<p>&nbsp;<\/p>\n<p>&nbsp;<\/p>\n<p><img loading=\"lazy\" decoding=\"async\" class=\"size-medium wp-image-9636 alignleft\" src=\"https:\/\/www.justcolor.net\/fr\/wp-content\/uploads\/sites\/2\/2017\/06\/DSCN7840-300x400.jpg\" alt=\"\" width=\"300\" height=\"400\" srcset=\"https:\/\/www.justcolor.net\/fr\/wp-content\/uploads\/sites\/2\/2017\/06\/DSCN7840-300x400.jpg 300w, https:\/\/www.justcolor.net\/fr\/wp-content\/uploads\/sites\/2\/2017\/06\/DSCN7840-768x1024.jpg 768w, https:\/\/www.justcolor.net\/fr\/wp-content\/uploads\/sites\/2\/2017\/06\/DSCN7840.jpg 1200w\" sizes=\"auto, (max-width: 300px) 100vw, 300px\" \/><\/p>\n<h2>Etape 6<\/h2>\n<p>Je termine les mouettes au bleu ciel, le bec en jaune ainsi que les pattes.<\/p>\n<p>A chaque changement de couleur, bien rincer le pinceau.<\/p>\n<p>&nbsp;<\/p>\n<p>&nbsp;<\/p>\n<p>&nbsp;<\/p>\n<p>&nbsp;<\/p>\n<p>&nbsp;<\/p>\n<p>&nbsp;<\/p>\n<p>&nbsp;<\/p>\n<p><img loading=\"lazy\" decoding=\"async\" class=\"size-medium wp-image-9637 alignleft\" src=\"https:\/\/www.justcolor.net\/fr\/wp-content\/uploads\/sites\/2\/2017\/06\/DSCN7842-300x400.jpg\" alt=\"\" width=\"300\" height=\"400\" srcset=\"https:\/\/www.justcolor.net\/fr\/wp-content\/uploads\/sites\/2\/2017\/06\/DSCN7842-300x400.jpg 300w, https:\/\/www.justcolor.net\/fr\/wp-content\/uploads\/sites\/2\/2017\/06\/DSCN7842-768x1024.jpg 768w, https:\/\/www.justcolor.net\/fr\/wp-content\/uploads\/sites\/2\/2017\/06\/DSCN7842.jpg 1200w\" sizes=\"auto, (max-width: 300px) 100vw, 300px\" \/><\/p>\n<h2>Etape 7<\/h2>\n<p>Je fais le phare bien rouge, afin qu&rsquo;il se voie de loin, puis je pars\u00e8me du rouge sur les rochers.<\/p>\n<p>&nbsp;<\/p>\n<p>&nbsp;<\/p>\n<p>&nbsp;<\/p>\n<p>&nbsp;<\/p>\n<p>&nbsp;<\/p>\n<p>&nbsp;<\/p>\n<p>&nbsp;<\/p>\n<p>&nbsp;<\/p>\n<p><img loading=\"lazy\" decoding=\"async\" class=\"size-medium wp-image-9638 alignleft\" src=\"https:\/\/www.justcolor.net\/fr\/wp-content\/uploads\/sites\/2\/2017\/06\/DSCN7843-300x400.jpg\" alt=\"\" width=\"300\" height=\"400\" srcset=\"https:\/\/www.justcolor.net\/fr\/wp-content\/uploads\/sites\/2\/2017\/06\/DSCN7843-300x400.jpg 300w, https:\/\/www.justcolor.net\/fr\/wp-content\/uploads\/sites\/2\/2017\/06\/DSCN7843-768x1024.jpg 768w, https:\/\/www.justcolor.net\/fr\/wp-content\/uploads\/sites\/2\/2017\/06\/DSCN7843.jpg 1200w\" sizes=\"auto, (max-width: 300px) 100vw, 300px\" \/><\/p>\n<h2>Etape&nbsp;8<\/h2>\n<p>&nbsp;<\/p>\n<p>Je peins maintenant les toits des quelques maisons de bord de mer.<\/p>\n<p>J&rsquo;applique une teinte similaire \u00e0 celle que j&rsquo;ai utilis\u00e9e pour le phare. Je pense qu&rsquo;il est pr\u00e9f\u00e9rable d&rsquo;utiliser peu de couleurs diff\u00e9rentes pour obtenir un r\u00e9sultat simple et agr\u00e9able \u00e0 regarder.<\/p>\n<p>&nbsp;<\/p>\n<p>&nbsp;<\/p>\n<p>&nbsp;<\/p>\n<p>&nbsp;<\/p>\n<p>&nbsp;<\/p>\n<p><img loading=\"lazy\" decoding=\"async\" class=\"size-medium wp-image-9639 alignleft\" src=\"https:\/\/www.justcolor.net\/fr\/wp-content\/uploads\/sites\/2\/2017\/06\/DSCN7844-300x400.jpg\" alt=\"\" width=\"300\" height=\"400\" srcset=\"https:\/\/www.justcolor.net\/fr\/wp-content\/uploads\/sites\/2\/2017\/06\/DSCN7844-300x400.jpg 300w, https:\/\/www.justcolor.net\/fr\/wp-content\/uploads\/sites\/2\/2017\/06\/DSCN7844-768x1024.jpg 768w, https:\/\/www.justcolor.net\/fr\/wp-content\/uploads\/sites\/2\/2017\/06\/DSCN7844.jpg 1200w\" sizes=\"auto, (max-width: 300px) 100vw, 300px\" \/><\/p>\n<h2>Etape 9<\/h2>\n<p>J&rsquo;attaque les finitions : du marron autour des toits, du violet autour des fen\u00eatres, du bleu sur les vitres, de l&rsquo;orange pour les barri\u00e8res, du blanc pour l&rsquo;\u00e9cume.<\/p>\n<p>J&rsquo;\u00e9carte le dessin pour avoir une vision d&rsquo;ensemble \u00e9largie.<\/p>\n<p>Oups, j&rsquo;ai oubli\u00e9 l&rsquo;arbre. Vite, une pointe de marron, mais je n&rsquo;aime pas. Je repasse du vert dessus.<\/p>\n<p>L\u00e0, je suis contente.<\/p>\n<p>&nbsp;<\/p>\n<p>&nbsp;<\/p>\n<p>&nbsp;<\/p>\n<p>Vous pouvez mettre toutes les couleurs que vous souhaitez, r\u00e9alistes ou pas.<\/p>\n<p>Laissez parler votre imagination. Les couleurs viendront d&rsquo;elles m\u00eames.<\/p>\n<p>Ainsi, vous passerez un excellent moment tout comme je viens de le faire.<\/p>\n<p><img loading=\"lazy\" decoding=\"async\" class=\"alignleft wp-image-9640 \" src=\"https:\/\/www.justcolor.net\/fr\/wp-content\/uploads\/sites\/2\/2017\/06\/DSCN7847-768x1024.jpg\" alt=\"\" width=\"512\" height=\"682\" srcset=\"https:\/\/www.justcolor.net\/fr\/wp-content\/uploads\/sites\/2\/2017\/06\/DSCN7847-768x1024.jpg 768w, https:\/\/www.justcolor.net\/fr\/wp-content\/uploads\/sites\/2\/2017\/06\/DSCN7847-300x400.jpg 300w, https:\/\/www.justcolor.net\/fr\/wp-content\/uploads\/sites\/2\/2017\/06\/DSCN7847.jpg 1200w\" sizes=\"auto, (max-width: 512px) 100vw, 512px\" \/><\/p>\n","protected":false},"excerpt":{"rendered":"<p>J&rsquo;ai envie de vacances ! Pour m&rsquo;\u00e9vader un peu je choisis de colorier un paysage marin &#8230; L&rsquo;aquarelle est une technique qui se pr\u00eate bien \u00e0 ce type de sujet &#8230; Aller je sors mon mat\u00e9riel. Je pr\u00e9pare donc&nbsp;: un petit pot plein d&rsquo;eau, 2 pinceaux : un fin pour les d\u00e9tails, un gros pour &#8230; <br \/><a title=\"Paysage marin \u00e0 l&rsquo;Aquarelle par Domandalas\" class=\"read-more\" href=\"https:\/\/www.justcolor.net\/fr\/diy\/techniques-de-coloriage-adultes\/tuto-coloriage-aquarelle-paysage-marin-domandalas\/\">Lire la suite<\/a><\/p>\n","protected":false},"author":1,"featured_media":9639,"parent":9286,"menu_order":0,"comment_status":"closed","ping_status":"closed","template":"","meta":{"ngg_post_thumbnail":0,"footnotes":""},"tags":[836],"class_list":{"0":"post-9625","1":"page","2":"type-page","3":"status-publish","4":"has-post-thumbnail","6":"tag-tutoscolorexperts"},"_links":{"self":[{"href":"https:\/\/www.justcolor.net\/fr\/wp-json\/wp\/v2\/pages\/9625","targetHints":{"allow":["GET"]}}],"collection":[{"href":"https:\/\/www.justcolor.net\/fr\/wp-json\/wp\/v2\/pages"}],"about":[{"href":"https:\/\/www.justcolor.net\/fr\/wp-json\/wp\/v2\/types\/page"}],"author":[{"embeddable":true,"href":"https:\/\/www.justcolor.net\/fr\/wp-json\/wp\/v2\/users\/1"}],"replies":[{"embeddable":true,"href":"https:\/\/www.justcolor.net\/fr\/wp-json\/wp\/v2\/comments?post=9625"}],"version-history":[{"count":0,"href":"https:\/\/www.justcolor.net\/fr\/wp-json\/wp\/v2\/pages\/9625\/revisions"}],"up":[{"embeddable":true,"href":"https:\/\/www.justcolor.net\/fr\/wp-json\/wp\/v2\/pages\/9286"}],"wp:featuredmedia":[{"embeddable":true,"href":"https:\/\/www.justcolor.net\/fr\/wp-json\/wp\/v2\/media\/9639"}],"wp:attachment":[{"href":"https:\/\/www.justcolor.net\/fr\/wp-json\/wp\/v2\/media?parent=9625"}],"wp:term":[{"taxonomy":"post_tag","embeddable":true,"href":"https:\/\/www.justcolor.net\/fr\/wp-json\/wp\/v2\/tags?post=9625"}],"curies":[{"name":"wp","href":"https:\/\/api.w.org\/{rel}","templated":true}]}}