{"id":9626,"date":"2017-06-15T11:08:08","date_gmt":"2017-06-15T09:08:08","guid":{"rendered":"https:\/\/www.justcolor.net\/fr\/?page_id=9626"},"modified":"2018-05-31T10:47:33","modified_gmt":"2018-05-31T08:47:33","slug":"tuto-coloriage-soleil-couchant-surf-a-laquarelle-domandalas","status":"publish","type":"page","link":"https:\/\/www.justcolor.net\/fr\/diy\/techniques-de-coloriage-adultes\/tuto-coloriage-soleil-couchant-surf-a-laquarelle-domandalas\/","title":{"rendered":"Soleil couchant sur surf \u00e0 l&rsquo;Aquarelle par Domandalas"},"content":{"rendered":"<p><img loading=\"lazy\" decoding=\"async\" class=\" wp-image-9753 alignright\" src=\"https:\/\/www.justcolor.net\/fr\/wp-content\/uploads\/sites\/2\/2017\/06\/Watercolor-surfboard-sunset.jpg\" alt=\"\" width=\"543\" height=\"349\" srcset=\"https:\/\/www.justcolor.net\/fr\/wp-content\/uploads\/sites\/2\/2017\/06\/Watercolor-surfboard-sunset.jpg 1872w, https:\/\/www.justcolor.net\/fr\/wp-content\/uploads\/sites\/2\/2017\/06\/Watercolor-surfboard-sunset-400x257.jpg 400w, https:\/\/www.justcolor.net\/fr\/wp-content\/uploads\/sites\/2\/2017\/06\/Watercolor-surfboard-sunset-768x494.jpg 768w, https:\/\/www.justcolor.net\/fr\/wp-content\/uploads\/sites\/2\/2017\/06\/Watercolor-surfboard-sunset-1024x659.jpg 1024w\" sizes=\"auto, (max-width: 543px) 100vw, 543px\" \/>Je d\u00e9cide aujourd&rsquo;hui de r\u00e9aliser une aquarelle, c&rsquo;est une de mes techniques de coloriage pr\u00e9f\u00e9r\u00e9es.<\/p>\n<p>J&rsquo;ai choisi ce joli paysage qui repr\u00e9sente un surf sur fond de soleil couchant.<\/p>\n<p>Ce coloriage a \u00e9t\u00e9 cr\u00e9\u00e9 par C\u00e9line, est disponible sur le site, <a href=\"https:\/\/www.justcolor.net\/fr\/coloriage-de-paysages\/?image=paysages__coloriage-adulte-paysage-celine__1\">suivez <strong>ce lien<\/strong> pour y acc\u00e9der<\/a>.<\/p>\n<p>Je vais tenter de reproduire les couleurs qui dominent en cas de coucher de soleil &#8230;<\/p>\n<p>&nbsp;<br \/>\n<img loading=\"lazy\" decoding=\"async\" class=\"size-medium wp-image-9642 alignleft\" src=\"https:\/\/www.justcolor.net\/fr\/wp-content\/uploads\/sites\/2\/2017\/06\/DSCN7850-400x300.jpg\" alt=\"\" width=\"400\" height=\"300\" srcset=\"https:\/\/www.justcolor.net\/fr\/wp-content\/uploads\/sites\/2\/2017\/06\/DSCN7850-400x300.jpg 400w, https:\/\/www.justcolor.net\/fr\/wp-content\/uploads\/sites\/2\/2017\/06\/DSCN7850-768x576.jpg 768w, https:\/\/www.justcolor.net\/fr\/wp-content\/uploads\/sites\/2\/2017\/06\/DSCN7850-1024x768.jpg 1024w, https:\/\/www.justcolor.net\/fr\/wp-content\/uploads\/sites\/2\/2017\/06\/DSCN7850.jpg 1600w\" sizes=\"auto, (max-width: 400px) 100vw, 400px\" \/><\/p>\n<h2>Etape 1<\/h2>\n<p>C&rsquo;est parti ! Direction cette jolie \u00eele paradisiaque &#8230;<\/p>\n<p>Je pr\u00e9pare mon mat\u00e9riel : un petit pot plein d&rsquo;eau, 2 pinceaux : un fin pour les d\u00e9tails, un gros pour les grosses surfaces.<\/p>\n<p>J&rsquo;utilise une aquarelle basique \u00e0 premier prix achet\u00e9 en grande surface.<\/p>\n<p>&nbsp;<\/p>\n<p>&nbsp;<\/p>\n<p>&nbsp;<\/p>\n<p>&nbsp;<\/p>\n<p><img loading=\"lazy\" decoding=\"async\" class=\"size-medium wp-image-9643 alignleft\" src=\"https:\/\/www.justcolor.net\/fr\/wp-content\/uploads\/sites\/2\/2017\/06\/DSCN7851-400x300.jpg\" alt=\"\" width=\"400\" height=\"300\" srcset=\"https:\/\/www.justcolor.net\/fr\/wp-content\/uploads\/sites\/2\/2017\/06\/DSCN7851-400x300.jpg 400w, https:\/\/www.justcolor.net\/fr\/wp-content\/uploads\/sites\/2\/2017\/06\/DSCN7851-768x576.jpg 768w, https:\/\/www.justcolor.net\/fr\/wp-content\/uploads\/sites\/2\/2017\/06\/DSCN7851-1024x768.jpg 1024w, https:\/\/www.justcolor.net\/fr\/wp-content\/uploads\/sites\/2\/2017\/06\/DSCN7851.jpg 1600w\" sizes=\"auto, (max-width: 400px) 100vw, 400px\" \/><\/p>\n<h2>Etape 2<\/h2>\n<p>Je mouille le ciel \u00e0 l&rsquo;eau (sans couleurs). &nbsp;Je vous explique&nbsp;juste apr\u00e8s pourquoi j&#8217;emploie cette technique.<\/p>\n<p>Je mets du jaune, du rouge, de l&rsquo;orange qui vont se r\u00e9pandre et donner un aspect non uniforme.<\/p>\n<p>Une aquarelle doit \u00eatre l\u00e9g\u00e8re, fluide. Je r\u00e9alise&nbsp;des petits mouvements circulaires avec le pinceau. Je fais ensuite tourner la feuille dans tous les sens afin que la couleur fuse.<\/p>\n<p>Ce n&rsquo;est pas grave&nbsp;si le papier gondole. Quand le coloriage sera fini et bien sec, il suffira&nbsp;juste de le d\u00e9poser entre 2 livres.<\/p>\n<p>S&rsquo;il y au n peu de couleurs qui \u00ab\u00a0bavent\u00a0\u00bb sur les palmiers, ce n&rsquo;est pas grave. J&rsquo;y mettrais du vert ensuite dessus.<\/p>\n<p>Je laisse s\u00e9cher.<\/p>\n<p>&nbsp;<\/p>\n<p><img loading=\"lazy\" decoding=\"async\" class=\"size-medium wp-image-9644 alignleft\" src=\"https:\/\/www.justcolor.net\/fr\/wp-content\/uploads\/sites\/2\/2017\/06\/DSCN7853-400x300.jpg\" alt=\"\" width=\"400\" height=\"300\" srcset=\"https:\/\/www.justcolor.net\/fr\/wp-content\/uploads\/sites\/2\/2017\/06\/DSCN7853-400x300.jpg 400w, https:\/\/www.justcolor.net\/fr\/wp-content\/uploads\/sites\/2\/2017\/06\/DSCN7853-768x576.jpg 768w, https:\/\/www.justcolor.net\/fr\/wp-content\/uploads\/sites\/2\/2017\/06\/DSCN7853-1024x768.jpg 1024w, https:\/\/www.justcolor.net\/fr\/wp-content\/uploads\/sites\/2\/2017\/06\/DSCN7853.jpg 1600w\" sizes=\"auto, (max-width: 400px) 100vw, 400px\" \/><\/p>\n<h2>Etape 3<\/h2>\n<p>Je passe maintenant aux palmiers &#8230;&nbsp;je mets 2 tons de vert pour les palmiers, comme pr\u00e9vu.<\/p>\n<p>Je rince mon pinceau.<\/p>\n<p>Je vais poser du jaune vif pour le soleil et les reflets. M\u00eame technique : eau, couleur, puis mouvements de la feuille.<\/p>\n<p>Puis un peu d&rsquo;orange sur l&rsquo;eau, un peu de bleu en bordure de plage, du jaune pour le sable, un peu d&rsquo;\u00e9cume, du beige pour les rochers.<\/p>\n<p>Rin\u00e7age du pinceau.<\/p>\n<p>&nbsp;<\/p>\n<p><img loading=\"lazy\" decoding=\"async\" class=\"size-medium wp-image-9645 alignleft\" src=\"https:\/\/www.justcolor.net\/fr\/wp-content\/uploads\/sites\/2\/2017\/06\/DSCN7855-400x300.jpg\" alt=\"\" width=\"400\" height=\"300\" srcset=\"https:\/\/www.justcolor.net\/fr\/wp-content\/uploads\/sites\/2\/2017\/06\/DSCN7855-400x300.jpg 400w, https:\/\/www.justcolor.net\/fr\/wp-content\/uploads\/sites\/2\/2017\/06\/DSCN7855-768x576.jpg 768w, https:\/\/www.justcolor.net\/fr\/wp-content\/uploads\/sites\/2\/2017\/06\/DSCN7855-1024x768.jpg 1024w, https:\/\/www.justcolor.net\/fr\/wp-content\/uploads\/sites\/2\/2017\/06\/DSCN7855.jpg 1600w\" sizes=\"auto, (max-width: 400px) 100vw, 400px\" \/><\/p>\n<h2>Etape 4<\/h2>\n<p>Je fais des finitions par ci, par l\u00e0 : vert sur les palmiers et surtout le final le surf en bleu et blanc, pour donner de la lumi\u00e8re au coloriage.<br \/>\nA chaque changement de couleur, bien rincer le pinceau.<\/p>\n<p>J&rsquo;\u00e9carte le dessin pour avoir une vision d&rsquo;ensemble \u00e9largie. Je suis contente du r\u00e9sultat.<\/p>\n<p>&nbsp;<\/p>\n<p>&nbsp;<\/p>\n<p>&nbsp;<\/p>\n<p>Le dessin, sans couleurs, paraissait difficile. Mais il ne l&rsquo;est pas. Ils ne le sont jamais \ud83d\ude42<\/p>\n<p>Vous pouvez mettre toutes les couleurs que vous souhaitez, r\u00e9elles ou non style. Laissez parler votre imagination. Les couleurs viendront d&rsquo;elles m\u00eames.<\/p>\n<p>Ainsi, vous passerez un excellent moment tout comme je viens de le faire.<\/p>\n<p>Voil\u00e0 le r\u00e9sultat finalis\u00e9 :<\/p>\n<p><img loading=\"lazy\" decoding=\"async\" class=\"alignleft wp-image-9646 \" src=\"https:\/\/www.justcolor.net\/fr\/wp-content\/uploads\/sites\/2\/2017\/06\/DSCN7856-1024x768.jpg\" alt=\"\" width=\"743\" height=\"557\" srcset=\"https:\/\/www.justcolor.net\/fr\/wp-content\/uploads\/sites\/2\/2017\/06\/DSCN7856-1024x768.jpg 1024w, https:\/\/www.justcolor.net\/fr\/wp-content\/uploads\/sites\/2\/2017\/06\/DSCN7856-400x300.jpg 400w, https:\/\/www.justcolor.net\/fr\/wp-content\/uploads\/sites\/2\/2017\/06\/DSCN7856-768x576.jpg 768w, https:\/\/www.justcolor.net\/fr\/wp-content\/uploads\/sites\/2\/2017\/06\/DSCN7856.jpg 1600w\" sizes=\"auto, (max-width: 743px) 100vw, 743px\" \/><\/p>\n","protected":false},"excerpt":{"rendered":"<p>Je d\u00e9cide aujourd&rsquo;hui de r\u00e9aliser une aquarelle, c&rsquo;est une de mes techniques de coloriage pr\u00e9f\u00e9r\u00e9es. J&rsquo;ai choisi ce joli paysage qui repr\u00e9sente un surf sur fond de soleil couchant. Ce coloriage a \u00e9t\u00e9 cr\u00e9\u00e9 par C\u00e9line, est disponible sur le site, suivez ce lien pour y acc\u00e9der. Je vais tenter de reproduire les couleurs qui &#8230; <br \/><a title=\"Soleil couchant sur surf \u00e0 l&rsquo;Aquarelle par Domandalas\" class=\"read-more\" href=\"https:\/\/www.justcolor.net\/fr\/diy\/techniques-de-coloriage-adultes\/tuto-coloriage-soleil-couchant-surf-a-laquarelle-domandalas\/\">Lire la suite<\/a><\/p>\n","protected":false},"author":1,"featured_media":9753,"parent":9286,"menu_order":0,"comment_status":"closed","ping_status":"closed","template":"","meta":{"ngg_post_thumbnail":0,"footnotes":""},"tags":[836],"class_list":{"0":"post-9626","1":"page","2":"type-page","3":"status-publish","4":"has-post-thumbnail","6":"tag-tutoscolorexperts"},"_links":{"self":[{"href":"https:\/\/www.justcolor.net\/fr\/wp-json\/wp\/v2\/pages\/9626","targetHints":{"allow":["GET"]}}],"collection":[{"href":"https:\/\/www.justcolor.net\/fr\/wp-json\/wp\/v2\/pages"}],"about":[{"href":"https:\/\/www.justcolor.net\/fr\/wp-json\/wp\/v2\/types\/page"}],"author":[{"embeddable":true,"href":"https:\/\/www.justcolor.net\/fr\/wp-json\/wp\/v2\/users\/1"}],"replies":[{"embeddable":true,"href":"https:\/\/www.justcolor.net\/fr\/wp-json\/wp\/v2\/comments?post=9626"}],"version-history":[{"count":0,"href":"https:\/\/www.justcolor.net\/fr\/wp-json\/wp\/v2\/pages\/9626\/revisions"}],"up":[{"embeddable":true,"href":"https:\/\/www.justcolor.net\/fr\/wp-json\/wp\/v2\/pages\/9286"}],"wp:featuredmedia":[{"embeddable":true,"href":"https:\/\/www.justcolor.net\/fr\/wp-json\/wp\/v2\/media\/9753"}],"wp:attachment":[{"href":"https:\/\/www.justcolor.net\/fr\/wp-json\/wp\/v2\/media?parent=9626"}],"wp:term":[{"taxonomy":"post_tag","embeddable":true,"href":"https:\/\/www.justcolor.net\/fr\/wp-json\/wp\/v2\/tags?post=9626"}],"curies":[{"name":"wp","href":"https:\/\/api.w.org\/{rel}","templated":true}]}}