{"id":9856,"date":"2017-06-21T10:28:54","date_gmt":"2017-06-21T08:28:54","guid":{"rendered":"https:\/\/www.justcolor.net\/fr\/?page_id=9856"},"modified":"2018-05-31T10:47:29","modified_gmt":"2018-05-31T08:47:29","slug":"tuto-coloriage-fee-fleurs-aux-feutres-chameleon-sophie","status":"publish","type":"page","link":"https:\/\/www.justcolor.net\/fr\/diy\/techniques-de-coloriage-adultes\/tuto-coloriage-fee-fleurs-aux-feutres-chameleon-sophie\/","title":{"rendered":"F\u00e9e des fleurs aux Chameleon Pen \u00a9 par Sophie"},"content":{"rendered":"<h3><img loading=\"lazy\" decoding=\"async\" class=\"wp-image-9862 alignright\" src=\"https:\/\/www.justcolor.net\/fr\/wp-content\/uploads\/sites\/2\/2017\/06\/tuto-sophie-chameleon-pen-7-727x1024.jpg\" alt=\"\" width=\"382\" height=\"538\" srcset=\"https:\/\/www.justcolor.net\/fr\/wp-content\/uploads\/sites\/2\/2017\/06\/tuto-sophie-chameleon-pen-7-727x1024.jpg 727w, https:\/\/www.justcolor.net\/fr\/wp-content\/uploads\/sites\/2\/2017\/06\/tuto-sophie-chameleon-pen-7-284x400.jpg 284w, https:\/\/www.justcolor.net\/fr\/wp-content\/uploads\/sites\/2\/2017\/06\/tuto-sophie-chameleon-pen-7-768x1081.jpg 768w, https:\/\/www.justcolor.net\/fr\/wp-content\/uploads\/sites\/2\/2017\/06\/tuto-sophie-chameleon-pen-7.jpg 909w\" sizes=\"auto, (max-width: 382px) 100vw, 382px\" \/><span style=\"font-size: 16px\">Connaissez-vous les <\/span><strong style=\"font-size: 16px\">Chameleon Pen&nbsp;\u00a9<\/strong><span style=\"font-size: 16px\"> ?<\/span><\/h3>\n<h3>Voici un tutoriel tr\u00e8s utile concernant l&rsquo;utilisation de ces feutres qui permettent de r\u00e9aliser de magnifiques d\u00e9grad\u00e9s, mais aussi des effets 3D, d&rsquo;ombrage, ou entre de brillance.<\/h3>\n<p>Toutefois, il s&rsquo;agit de respecter quelques pr\u00e9cautions pour un beau rendu &#8230; ainsi que&nbsp;de la rigueur, et un peu de pratique.<\/p>\n<p>Une fois ce magnifique outil ma\u00eetris\u00e9, quel rendu pour vos coloriages !<\/p>\n<p>Ici j&rsquo;ai choisi de colorier mon illustration <strong>F\u00e9e des Fleurs<\/strong>. Il est disponible dans ma <a href=\"https:\/\/www.justcolor.net\/fr\/artistes\/sophiequeuniezwojciechowski\/\">page Artiste<\/a>.<\/p>\n<p>&nbsp;<\/p>\n<p>&nbsp;<\/p>\n<p>&nbsp;<\/p>\n<p>&nbsp;<\/p>\n<h2><img loading=\"lazy\" decoding=\"async\" class=\"wp-image-9858 alignleft\" src=\"https:\/\/www.justcolor.net\/fr\/wp-content\/uploads\/sites\/2\/2017\/06\/tuto-sophie-chameleon-pen-2-694x1024.jpg\" alt=\"\" width=\"380\" height=\"561\" srcset=\"https:\/\/www.justcolor.net\/fr\/wp-content\/uploads\/sites\/2\/2017\/06\/tuto-sophie-chameleon-pen-2-694x1024.jpg 694w, https:\/\/www.justcolor.net\/fr\/wp-content\/uploads\/sites\/2\/2017\/06\/tuto-sophie-chameleon-pen-2-271x400.jpg 271w, https:\/\/www.justcolor.net\/fr\/wp-content\/uploads\/sites\/2\/2017\/06\/tuto-sophie-chameleon-pen-2-768x1133.jpg 768w, https:\/\/www.justcolor.net\/fr\/wp-content\/uploads\/sites\/2\/2017\/06\/tuto-sophie-chameleon-pen-2.jpg 868w\" sizes=\"auto, (max-width: 380px) 100vw, 380px\" \/>Etape 1&nbsp;<\/h2>\n<p>Le&nbsp;<strong>Chameleon Pen<\/strong> \u00a9 se compose de deux parties :<\/p>\n<p>Le feutre en lui-m\u00eame avec 2 embouts diff\u00e9rents (embout rond pour les d\u00e9tails et embout pinceau pour les plus grandes surfaces)<\/p>\n<p>La chambre de diffusion (\u00e0 gauche de la photo)<\/p>\n<p>&nbsp;<\/p>\n<p>&nbsp;<\/p>\n<p>&nbsp;<\/p>\n<p>&nbsp;<\/p>\n<p>&nbsp;<\/p>\n<p>&nbsp;<\/p>\n<p>&nbsp;<\/p>\n<p><img loading=\"lazy\" decoding=\"async\" class=\"wp-image-9863 alignleft\" src=\"https:\/\/www.justcolor.net\/fr\/wp-content\/uploads\/sites\/2\/2017\/06\/tuto-sophie-chameleon-pen-3-1022x1024.jpg\" alt=\"\" width=\"250\" height=\"251\" srcset=\"https:\/\/www.justcolor.net\/fr\/wp-content\/uploads\/sites\/2\/2017\/06\/tuto-sophie-chameleon-pen-3-1022x1024.jpg 1022w, https:\/\/www.justcolor.net\/fr\/wp-content\/uploads\/sites\/2\/2017\/06\/tuto-sophie-chameleon-pen-3-150x150.jpg 150w, https:\/\/www.justcolor.net\/fr\/wp-content\/uploads\/sites\/2\/2017\/06\/tuto-sophie-chameleon-pen-3-400x400.jpg 400w, https:\/\/www.justcolor.net\/fr\/wp-content\/uploads\/sites\/2\/2017\/06\/tuto-sophie-chameleon-pen-3-768x770.jpg 768w, https:\/\/www.justcolor.net\/fr\/wp-content\/uploads\/sites\/2\/2017\/06\/tuto-sophie-chameleon-pen-3.jpg 1277w\" sizes=\"auto, (max-width: 250px) 100vw, 250px\" \/><\/p>\n<p>Sur cette photo en gros plan, on visualise le&nbsp;dispositif&nbsp;qui permet d&rsquo;obtenir le d\u00e9grad\u00e9 : il permet de&nbsp;<strong>mettre en contact la pointe du feutre sur celle de la chambre de diffusion<\/strong> qui \u00ab\u00a0d\u00e9colore\u00a0\u00bb momentan\u00e9ment le feutre.<\/p>\n<p><span style=\"color: #ff6600\"><strong>IMPORTANT<\/strong> : Il faut moduler le temps de contact en fonction de la taille de la surface \u00e0 colorier.<\/span><\/p>\n<p>&nbsp;<\/p>\n<p>Une fois cette op\u00e9ration effectu\u00e9e,&nbsp;vous pouvez colorier une zone avec effet de d\u00e9grad\u00e9. C&rsquo;est ce que je fait pour les p\u00e9tales du bas.<\/p>\n<p>Pour obtenir le m\u00eame r\u00e9sultat que moi sur la premi\u00e8re photo de l&rsquo;Etape 1, il&nbsp;vous faudra <strong>colorier de mani\u00e8re r\u00e9guli\u00e8re en partant de la zone claire, jusqu&rsquo;\u00e0 la zone color\u00e9<\/strong>.<\/p>\n<p>&nbsp;<\/p>\n<p><img loading=\"lazy\" decoding=\"async\" class=\"wp-image-9859 alignleft\" src=\"https:\/\/www.justcolor.net\/fr\/wp-content\/uploads\/sites\/2\/2017\/06\/tuto-sophie-chameleon-pen-4-758x1024.jpg\" alt=\"\" width=\"380\" height=\"513\" srcset=\"https:\/\/www.justcolor.net\/fr\/wp-content\/uploads\/sites\/2\/2017\/06\/tuto-sophie-chameleon-pen-4-758x1024.jpg 758w, https:\/\/www.justcolor.net\/fr\/wp-content\/uploads\/sites\/2\/2017\/06\/tuto-sophie-chameleon-pen-4-296x400.jpg 296w, https:\/\/www.justcolor.net\/fr\/wp-content\/uploads\/sites\/2\/2017\/06\/tuto-sophie-chameleon-pen-4-768x1037.jpg 768w, https:\/\/www.justcolor.net\/fr\/wp-content\/uploads\/sites\/2\/2017\/06\/tuto-sophie-chameleon-pen-4.jpg 948w\" sizes=\"auto, (max-width: 380px) 100vw, 380px\" \/><\/p>\n<h2>Etape&nbsp;2<\/h2>\n<p>Je colorie (sans utiliser la chambre de diffusion) les p\u00e9tales plus ombrag\u00e9s, situ\u00e9s au milieu du dessin.<\/p>\n<p>On voit la diff\u00e9rence avec les 2 p\u00e9tales en bas \u00e0 gauche o\u00f9 j&rsquo;ai effectu\u00e9&nbsp;un d\u00e9grad\u00e9.<\/p>\n<p>&nbsp;<\/p>\n<p>&nbsp;<\/p>\n<p>&nbsp;<\/p>\n<p>&nbsp;<\/p>\n<p>&nbsp;<\/p>\n<p>&nbsp;<\/p>\n<p>&nbsp;<\/p>\n<p>&nbsp;<\/p>\n<p>&nbsp;<\/p>\n<p><img loading=\"lazy\" decoding=\"async\" class=\"wp-image-9860 alignleft\" src=\"https:\/\/www.justcolor.net\/fr\/wp-content\/uploads\/sites\/2\/2017\/06\/tuto-sophie-chameleon-pen-5-735x1024.jpg\" alt=\"\" width=\"380\" height=\"529\" srcset=\"https:\/\/www.justcolor.net\/fr\/wp-content\/uploads\/sites\/2\/2017\/06\/tuto-sophie-chameleon-pen-5-735x1024.jpg 735w, https:\/\/www.justcolor.net\/fr\/wp-content\/uploads\/sites\/2\/2017\/06\/tuto-sophie-chameleon-pen-5-287x400.jpg 287w, https:\/\/www.justcolor.net\/fr\/wp-content\/uploads\/sites\/2\/2017\/06\/tuto-sophie-chameleon-pen-5-768x1070.jpg 768w, https:\/\/www.justcolor.net\/fr\/wp-content\/uploads\/sites\/2\/2017\/06\/tuto-sophie-chameleon-pen-5.jpg 919w\" sizes=\"auto, (max-width: 380px) 100vw, 380px\" \/><\/p>\n<h2>Etape&nbsp;3<\/h2>\n<p>Une fois les p\u00e9tales ombrag\u00e9s colori\u00e9s, je pose tous les d\u00e9grad\u00e9s sur les p\u00e9tales des n\u00e9nuphars.<\/p>\n<p>Les d\u00e9grad\u00e9s permettent de&nbsp;reproduire les&nbsp;couleurs et effets naturels.<\/p>\n<p>&nbsp;<\/p>\n<p>&nbsp;<\/p>\n<p>&nbsp;<\/p>\n<p>&nbsp;<\/p>\n<p>&nbsp;<\/p>\n<p>&nbsp;<\/p>\n<p>&nbsp;<\/p>\n<p>&nbsp;<\/p>\n<p>&nbsp;<\/p>\n<p>&nbsp;<\/p>\n<p><img loading=\"lazy\" decoding=\"async\" class=\"wp-image-9861 alignleft\" src=\"https:\/\/www.justcolor.net\/fr\/wp-content\/uploads\/sites\/2\/2017\/06\/tuto-sophie-chameleon-pen-6-723x1024.jpg\" alt=\"\" width=\"380\" height=\"538\" srcset=\"https:\/\/www.justcolor.net\/fr\/wp-content\/uploads\/sites\/2\/2017\/06\/tuto-sophie-chameleon-pen-6-723x1024.jpg 723w, https:\/\/www.justcolor.net\/fr\/wp-content\/uploads\/sites\/2\/2017\/06\/tuto-sophie-chameleon-pen-6-283x400.jpg 283w, https:\/\/www.justcolor.net\/fr\/wp-content\/uploads\/sites\/2\/2017\/06\/tuto-sophie-chameleon-pen-6-768x1087.jpg 768w, https:\/\/www.justcolor.net\/fr\/wp-content\/uploads\/sites\/2\/2017\/06\/tuto-sophie-chameleon-pen-6.jpg 904w\" sizes=\"auto, (max-width: 380px) 100vw, 380px\" \/><\/p>\n<h2>Etape&nbsp;4<\/h2>\n<p>De la m\u00eame mani\u00e8re, je r\u00e9alise les d\u00e9grad\u00e9s sur la tige et les \u00e9tamines.<\/p>\n<p>Pour ces \u00e9l\u00e9ments, j&rsquo;utilise mon Chameleon Pen \u00a9 jaune.<\/p>\n<p>&nbsp;<\/p>\n<p>&nbsp;<\/p>\n<p>&nbsp;<\/p>\n<p>&nbsp;<\/p>\n<p>&nbsp;<\/p>\n<p>&nbsp;<\/p>\n<p>&nbsp;<\/p>\n<p>&nbsp;<\/p>\n<p>&nbsp;<\/p>\n<p>&nbsp;<\/p>\n<p>&nbsp;<\/p>\n<h2><img loading=\"lazy\" decoding=\"async\" class=\"wp-image-9862 alignleft\" src=\"https:\/\/www.justcolor.net\/fr\/wp-content\/uploads\/sites\/2\/2017\/06\/tuto-sophie-chameleon-pen-7-727x1024.jpg\" alt=\"\" width=\"380\" height=\"535\" srcset=\"https:\/\/www.justcolor.net\/fr\/wp-content\/uploads\/sites\/2\/2017\/06\/tuto-sophie-chameleon-pen-7-727x1024.jpg 727w, https:\/\/www.justcolor.net\/fr\/wp-content\/uploads\/sites\/2\/2017\/06\/tuto-sophie-chameleon-pen-7-284x400.jpg 284w, https:\/\/www.justcolor.net\/fr\/wp-content\/uploads\/sites\/2\/2017\/06\/tuto-sophie-chameleon-pen-7-768x1081.jpg 768w, https:\/\/www.justcolor.net\/fr\/wp-content\/uploads\/sites\/2\/2017\/06\/tuto-sophie-chameleon-pen-7.jpg 909w\" sizes=\"auto, (max-width: 380px) 100vw, 380px\" \/>Etape&nbsp;5<\/h2>\n<p>Je colore le personnage en feutre plein (sans chambre de diffusion). Je r\u00e9alise le d\u00e9grad\u00e9 de la fleur dans ses cheveux. Attention la fleur est toute petite ! Soyez minutieux.<\/p>\n<p>Enfin, je colore la libellule selon les m\u00eames proc\u00e9d\u00e9s et voil\u00e0 ma \u00ab\u00a0F\u00e9e des Fleurs\u00a0\u00bb est bien jolie, \u00e9clatante de couleurs et de contraste &#8230;<\/p>\n","protected":false},"excerpt":{"rendered":"<p>Connaissez-vous les Chameleon Pen&nbsp;\u00a9 ? Voici un tutoriel tr\u00e8s utile concernant l&rsquo;utilisation de ces feutres qui permettent de r\u00e9aliser de magnifiques d\u00e9grad\u00e9s, mais aussi des effets 3D, d&rsquo;ombrage, ou entre de brillance. Toutefois, il s&rsquo;agit de respecter quelques pr\u00e9cautions pour un beau rendu &#8230; ainsi que&nbsp;de la rigueur, et un peu de pratique. Une fois &#8230; <br \/><a title=\"F\u00e9e des fleurs aux Chameleon Pen \u00a9 par Sophie\" class=\"read-more\" href=\"https:\/\/www.justcolor.net\/fr\/diy\/techniques-de-coloriage-adultes\/tuto-coloriage-fee-fleurs-aux-feutres-chameleon-sophie\/\">Lire la suite<\/a><\/p>\n","protected":false},"author":1,"featured_media":9862,"parent":9286,"menu_order":0,"comment_status":"closed","ping_status":"closed","template":"","meta":{"ngg_post_thumbnail":0,"footnotes":""},"tags":[836],"class_list":{"0":"post-9856","1":"page","2":"type-page","3":"status-publish","4":"has-post-thumbnail","6":"tag-tutoscolorexperts"},"_links":{"self":[{"href":"https:\/\/www.justcolor.net\/fr\/wp-json\/wp\/v2\/pages\/9856","targetHints":{"allow":["GET"]}}],"collection":[{"href":"https:\/\/www.justcolor.net\/fr\/wp-json\/wp\/v2\/pages"}],"about":[{"href":"https:\/\/www.justcolor.net\/fr\/wp-json\/wp\/v2\/types\/page"}],"author":[{"embeddable":true,"href":"https:\/\/www.justcolor.net\/fr\/wp-json\/wp\/v2\/users\/1"}],"replies":[{"embeddable":true,"href":"https:\/\/www.justcolor.net\/fr\/wp-json\/wp\/v2\/comments?post=9856"}],"version-history":[{"count":0,"href":"https:\/\/www.justcolor.net\/fr\/wp-json\/wp\/v2\/pages\/9856\/revisions"}],"up":[{"embeddable":true,"href":"https:\/\/www.justcolor.net\/fr\/wp-json\/wp\/v2\/pages\/9286"}],"wp:featuredmedia":[{"embeddable":true,"href":"https:\/\/www.justcolor.net\/fr\/wp-json\/wp\/v2\/media\/9862"}],"wp:attachment":[{"href":"https:\/\/www.justcolor.net\/fr\/wp-json\/wp\/v2\/media?parent=9856"}],"wp:term":[{"taxonomy":"post_tag","embeddable":true,"href":"https:\/\/www.justcolor.net\/fr\/wp-json\/wp\/v2\/tags?post=9856"}],"curies":[{"name":"wp","href":"https:\/\/api.w.org\/{rel}","templated":true}]}}