{"id":9904,"date":"2017-06-22T17:27:00","date_gmt":"2017-06-22T15:27:00","guid":{"rendered":"https:\/\/www.justcolor.net\/fr\/?page_id=9904"},"modified":"2017-06-23T12:22:02","modified_gmt":"2017-06-23T10:22:02","slug":"chibi-fairy-tail","status":"publish","type":"page","link":"https:\/\/www.justcolor.net\/fr\/diy\/tutoriels-mangas-anime\/chibi-fairy-tail\/","title":{"rendered":"Chibi Fairy Tail"},"content":{"rendered":"<h3><strong>Voici un tutoriel pour dessiner Natsu, Lucy ainsi que Happy en Chibi dans une biblioth\u00e8que.<\/strong><\/h3>\n<p><img loading=\"lazy\" decoding=\"async\" class=\" wp-image-8954 alignleft\" src=\"https:\/\/www.justcolor.net\/fr\/wp-content\/uploads\/sites\/2\/2017\/05\/ladymangasolo-173x300.jpg\" alt=\"\" width=\"99\" height=\"172\" srcset=\"https:\/\/www.justcolor.net\/fr\/wp-content\/uploads\/sites\/2\/2017\/05\/ladymangasolo-173x300.jpg 173w, https:\/\/www.justcolor.net\/fr\/wp-content\/uploads\/sites\/2\/2017\/05\/ladymangasolo-591x1024.jpg 591w, https:\/\/www.justcolor.net\/fr\/wp-content\/uploads\/sites\/2\/2017\/05\/ladymangasolo.jpg 649w\" sizes=\"auto, (max-width: 99px) 100vw, 99px\" \/><img loading=\"lazy\" decoding=\"async\" class=\"alignright wp-image-9908\" src=\"https:\/\/www.justcolor.net\/fr\/wp-content\/uploads\/sites\/2\/2017\/06\/tutoriel-manga-chibi-fairy-tail-krissy-4-400x287.jpg\" alt=\"\" width=\"446\" height=\"320\" srcset=\"https:\/\/www.justcolor.net\/fr\/wp-content\/uploads\/sites\/2\/2017\/06\/tutoriel-manga-chibi-fairy-tail-krissy-4-400x287.jpg 400w, https:\/\/www.justcolor.net\/fr\/wp-content\/uploads\/sites\/2\/2017\/06\/tutoriel-manga-chibi-fairy-tail-krissy-4-768x550.jpg 768w, https:\/\/www.justcolor.net\/fr\/wp-content\/uploads\/sites\/2\/2017\/06\/tutoriel-manga-chibi-fairy-tail-krissy-4-1024x734.jpg 1024w, https:\/\/www.justcolor.net\/fr\/wp-content\/uploads\/sites\/2\/2017\/06\/tutoriel-manga-chibi-fairy-tail-krissy-4.jpg 2000w\" sizes=\"auto, (max-width: 446px) 100vw, 446px\" \/><strong>Les Chibi que tu vas apprendre \u00e0 dessiner sont les versions enfantines de Lucy, Natsu et Happy. Ils font tous les 3 partie de la guilde de Fairy Tail.<\/strong><\/p>\n<p>Avec ce tutoriel tu dessineras les chibi avec plus de facilit\u00e9 ! Aller au travail !<\/p>\n<p>&nbsp;<\/p>\n<p>&nbsp;<\/p>\n<p>&nbsp;<\/p>\n<h2>Etape 1<\/h2>\n<p><img loading=\"lazy\" decoding=\"async\" class=\" wp-image-9905 alignleft\" src=\"https:\/\/www.justcolor.net\/fr\/wp-content\/uploads\/sites\/2\/2017\/06\/tutoriel-manga-chibi-fairy-tail-krissy-1-400x287.jpg\" alt=\"\" width=\"326\" height=\"234\" srcset=\"https:\/\/www.justcolor.net\/fr\/wp-content\/uploads\/sites\/2\/2017\/06\/tutoriel-manga-chibi-fairy-tail-krissy-1-400x287.jpg 400w, https:\/\/www.justcolor.net\/fr\/wp-content\/uploads\/sites\/2\/2017\/06\/tutoriel-manga-chibi-fairy-tail-krissy-1-768x551.jpg 768w, https:\/\/www.justcolor.net\/fr\/wp-content\/uploads\/sites\/2\/2017\/06\/tutoriel-manga-chibi-fairy-tail-krissy-1-1024x735.jpg 1024w, https:\/\/www.justcolor.net\/fr\/wp-content\/uploads\/sites\/2\/2017\/06\/tutoriel-manga-chibi-fairy-tail-krissy-1.jpg 2000w\" sizes=\"auto, (max-width: 326px) 100vw, 326px\" \/>Pour commencer, tu vas en premier temps, dessiner la forme des personnages ainsi que la table.<\/p>\n<p>Pour ensuite pouvoir tracer les lignes de la futur biblioth\u00e8que qui va se trouver en arri\u00e8re plan.<\/p>\n<p>Surtout n&rsquo;oublie pas de dessiner les livres qui se trouvent sur la table ainsi que la lampe.<\/p>\n<p><strong><span style=\"color: #ff6600;\">Attention :<\/span><\/strong>&nbsp;<span style=\"color: #ff6600;\">N&rsquo;oublie pas, tu dois te munir d&rsquo;un crayon H2 et une r\u00e8gle pour tracer les lignes de la biblioth\u00e8que se trouvant derri\u00e8re les personnages. Si tu utilise un HB \u00e0 la place tu vas avoir beaucoup de mal \u00e0 gommer tes trac\u00e9s et cela peux nuire \u00e0 ton dessin. Fait tr\u00e8s attention au proportion de tes personnage dit toi que se sont des Chibi donc les dimensions ne sont pas les m\u00eame que les personnage de Manga normaux.&nbsp;<\/span><\/p>\n<h2>Etape 2<\/h2>\n<p><img loading=\"lazy\" decoding=\"async\" class=\" wp-image-9906 alignleft\" src=\"https:\/\/www.justcolor.net\/fr\/wp-content\/uploads\/sites\/2\/2017\/06\/tutoriel-manga-chibi-fairy-tail-krissy-2-400x286.jpg\" alt=\"\" width=\"326\" height=\"233\" srcset=\"https:\/\/www.justcolor.net\/fr\/wp-content\/uploads\/sites\/2\/2017\/06\/tutoriel-manga-chibi-fairy-tail-krissy-2-400x286.jpg 400w, https:\/\/www.justcolor.net\/fr\/wp-content\/uploads\/sites\/2\/2017\/06\/tutoriel-manga-chibi-fairy-tail-krissy-2-768x550.jpg 768w, https:\/\/www.justcolor.net\/fr\/wp-content\/uploads\/sites\/2\/2017\/06\/tutoriel-manga-chibi-fairy-tail-krissy-2-1024x733.jpg 1024w, https:\/\/www.justcolor.net\/fr\/wp-content\/uploads\/sites\/2\/2017\/06\/tutoriel-manga-chibi-fairy-tail-krissy-2.jpg 2000w\" sizes=\"auto, (max-width: 326px) 100vw, 326px\" \/>Cette \u00e9tape va prendre du temps mais ne te d\u00e9courage pas ! C&rsquo;est pour la bonne cause.<\/p>\n<p>Tout d&rsquo;abord finis les personnages en dessinant leurs yeux et leurs bouche. Fais les lignes se trouvant sur la table ainsi que sur le sol.<\/p>\n<p>Ensuite tu prend ta r\u00e8gle puis tu traces chaque verticale pour chaque livre qui se trouvera rang\u00e9 dans la biblioth\u00e8que, ne te pr\u00e9occupe pas des motifs sur les livres, trace juste les verticales.<\/p>\n<p>Une fois que cela est fait dessine les courbes pour pouvoir montrer que ce sont des livres.&nbsp;<\/p>\n<p>Apr\u00e8s avoir dessin\u00e9 les livres tu peux attaquer les motifs de tous ces livres un par un mais attention \u00e9vite de faire les m\u00eame motifs de mani\u00e8re cons\u00e9cutive, pour \u00e9viter tout effet de r\u00e9p\u00e9tition. Tu peux reprendre les motifs cr\u00e9\u00e9s que tu peux voir sur le tutoriel mais si jamais tu as d&rsquo;autres id\u00e9es n&rsquo;h\u00e9site pas \u00e0 les utiliser.<\/p>\n<p>Bravo le plus difficile est fait !<\/p>\n<h2>Etape 3<\/h2>\n<p><img loading=\"lazy\" decoding=\"async\" class=\" wp-image-9907 alignleft\" src=\"https:\/\/www.justcolor.net\/fr\/wp-content\/uploads\/sites\/2\/2017\/06\/tutoriel-manga-chibi-fairy-tail-krissy-3-400x287.jpg\" alt=\"\" width=\"343\" height=\"246\" srcset=\"https:\/\/www.justcolor.net\/fr\/wp-content\/uploads\/sites\/2\/2017\/06\/tutoriel-manga-chibi-fairy-tail-krissy-3-400x287.jpg 400w, https:\/\/www.justcolor.net\/fr\/wp-content\/uploads\/sites\/2\/2017\/06\/tutoriel-manga-chibi-fairy-tail-krissy-3-768x550.jpg 768w, https:\/\/www.justcolor.net\/fr\/wp-content\/uploads\/sites\/2\/2017\/06\/tutoriel-manga-chibi-fairy-tail-krissy-3-1024x734.jpg 1024w, https:\/\/www.justcolor.net\/fr\/wp-content\/uploads\/sites\/2\/2017\/06\/tutoriel-manga-chibi-fairy-tail-krissy-3.jpg 2000w\" sizes=\"auto, (max-width: 343px) 100vw, 343px\" \/>Cette \u00e9tape consiste juste \u00e0 repasser par dessus tous les traits de crayon avec un feutre noir \u00e0 pointe fine.<\/p>\n<p>Si tu as la chance d&rsquo;avoir plusieurs feutres \u00e0 pointe fine utilises-en un plus \u00e9pais sur les contour des chibi et un tr\u00e8s fin pour les motifs de tes livres, cela feras plus joli. Si tu n&rsquo;en as pas,&nbsp;ne t&#8217;emb\u00eate pas et repasse tout avec le m\u00eame feutre.&nbsp;<\/p>\n<p>&nbsp;<\/p>\n<p>&nbsp;<\/p>\n<p>&nbsp;<\/p>\n<h2>Etape 4<\/h2>\n<p><img loading=\"lazy\" decoding=\"async\" class=\" wp-image-9908 alignleft\" src=\"https:\/\/www.justcolor.net\/fr\/wp-content\/uploads\/sites\/2\/2017\/06\/tutoriel-manga-chibi-fairy-tail-krissy-4-400x287.jpg\" alt=\"\" width=\"411\" height=\"295\" srcset=\"https:\/\/www.justcolor.net\/fr\/wp-content\/uploads\/sites\/2\/2017\/06\/tutoriel-manga-chibi-fairy-tail-krissy-4-400x287.jpg 400w, https:\/\/www.justcolor.net\/fr\/wp-content\/uploads\/sites\/2\/2017\/06\/tutoriel-manga-chibi-fairy-tail-krissy-4-768x550.jpg 768w, https:\/\/www.justcolor.net\/fr\/wp-content\/uploads\/sites\/2\/2017\/06\/tutoriel-manga-chibi-fairy-tail-krissy-4-1024x734.jpg 1024w, https:\/\/www.justcolor.net\/fr\/wp-content\/uploads\/sites\/2\/2017\/06\/tutoriel-manga-chibi-fairy-tail-krissy-4.jpg 2000w\" sizes=\"auto, (max-width: 411px) 100vw, 411px\" \/>Enfin pour terminer en beaut\u00e9 avec ce dessin, mets y de la couleur pour l&#8217;embellir.<\/p>\n<p>Tu peux le faire avec un logiciel tel que Photoshop, Illustrator ou Coreldraw ou bien tout simplement avec des crayons de couleur.<\/p>\n<p>N&rsquo;oublie pas de cr\u00e9er quelque ombres &nbsp;sur les chibi cela donnera l&rsquo;impression que tu l&rsquo;as imprim\u00e9 et non dessin\u00e9, ainsi tes amis pourraient&nbsp;confondre ton dessin avec l&rsquo;image d&rsquo;origine !<\/p>\n<p>Voil\u00e0 tu as enfin fini ce long dessin ! F\u00e9licitation ! \u00c0 bient\u00f4t !<\/p>\n","protected":false},"excerpt":{"rendered":"<p>Voici un tutoriel pour dessiner Natsu, Lucy ainsi que Happy en Chibi dans une biblioth\u00e8que. Les Chibi que tu vas apprendre \u00e0 dessiner sont les versions enfantines de Lucy, Natsu et Happy. Ils font tous les 3 partie de la guilde de Fairy Tail. Avec ce tutoriel tu dessineras les chibi avec plus de facilit\u00e9 &#8230; <br \/><a title=\"Chibi Fairy Tail\" class=\"read-more\" href=\"https:\/\/www.justcolor.net\/fr\/diy\/tutoriels-mangas-anime\/chibi-fairy-tail\/\">Lire la suite<\/a><\/p>\n","protected":false},"author":4,"featured_media":9908,"parent":8814,"menu_order":0,"comment_status":"closed","ping_status":"closed","template":"","meta":{"ngg_post_thumbnail":0,"footnotes":""},"tags":[825],"class_list":{"0":"post-9904","1":"page","2":"type-page","3":"status-publish","4":"has-post-thumbnail","6":"tag-tutosmangapersos"},"_links":{"self":[{"href":"https:\/\/www.justcolor.net\/fr\/wp-json\/wp\/v2\/pages\/9904","targetHints":{"allow":["GET"]}}],"collection":[{"href":"https:\/\/www.justcolor.net\/fr\/wp-json\/wp\/v2\/pages"}],"about":[{"href":"https:\/\/www.justcolor.net\/fr\/wp-json\/wp\/v2\/types\/page"}],"author":[{"embeddable":true,"href":"https:\/\/www.justcolor.net\/fr\/wp-json\/wp\/v2\/users\/4"}],"replies":[{"embeddable":true,"href":"https:\/\/www.justcolor.net\/fr\/wp-json\/wp\/v2\/comments?post=9904"}],"version-history":[{"count":0,"href":"https:\/\/www.justcolor.net\/fr\/wp-json\/wp\/v2\/pages\/9904\/revisions"}],"up":[{"embeddable":true,"href":"https:\/\/www.justcolor.net\/fr\/wp-json\/wp\/v2\/pages\/8814"}],"wp:featuredmedia":[{"embeddable":true,"href":"https:\/\/www.justcolor.net\/fr\/wp-json\/wp\/v2\/media\/9908"}],"wp:attachment":[{"href":"https:\/\/www.justcolor.net\/fr\/wp-json\/wp\/v2\/media?parent=9904"}],"wp:term":[{"taxonomy":"post_tag","embeddable":true,"href":"https:\/\/www.justcolor.net\/fr\/wp-json\/wp\/v2\/tags?post=9904"}],"curies":[{"name":"wp","href":"https:\/\/api.w.org\/{rel}","templated":true}]}}