{"id":9236,"date":"2017-02-09T11:42:21","date_gmt":"2017-02-09T10:42:21","guid":{"rendered":"https:\/\/www.justcolor.net\/it\/it\/it\/it\/it\/it\/it\/it\/it\/it\/it\/it\/it\/it\/it\/it\/it\/it\/it\/it\/it\/it\/it\/it\/it\/it\/it\/it\/it\/it\/it\/it\/it\/it\/it\/it\/it\/it\/it\/it\/it\/it\/it\/it\/it\/it\/it\/it\/it\/it\/it\/it\/it\/it\/it\/it\/it\/it\/it\/it\/it\/it\/it\/it\/it\/it\/it\/it\/it\/it\/it\/it\/it\/it\/it\/it\/i"},"modified":"2017-02-09T14:31:16","modified_gmt":"2017-02-09T13:31:16","slug":"fredericbrogard","status":"publish","type":"page","link":"https:\/\/www.justcolor.net\/it\/artisti\/fredericbrogard\/","title":{"rendered":"Fr\u00e9d\u00e9ric Brogard"},"content":{"rendered":"<p>no images were found<\/p>\n\n","protected":false},"excerpt":{"rendered":"<p>Fr\u00e9d\u00e9ric Brogard disegna fin dalla sua <strong>infanzia<\/strong>, e recentemente ha creato la sua &#8216;auto-attivit\u00e0&#8217; BROGARD Design, come <strong>illustratore<\/strong>.<\/p>\n<p>\u00c8 sempre stato attratto dai <strong>disegni disordinati<\/strong>, i libri <strong>\u00abDov&#8217;\u00e8 Wally?\u00bb<\/strong> erano i suoi preferiti e potrebbero essere un&#8217;ispirazione per i suoi disegni.<\/p>\n<p>Se vuoi saperne di pi\u00f9 su Fr\u00e9d\u00e9ric, puoi andare a vedere il suo <strong><a href=\"http:\/\/www.facebook.com\/brogarddesign\">account Facebook<\/a><\/strong>, o il <strong><a href=\"http:\/\/www.brogard-design.fr\">sito Web della sua azienda<\/a><\/strong>.<\/p>\n","protected":false},"author":229,"featured_media":9243,"parent":6155,"menu_order":0,"comment_status":"closed","ping_status":"closed","template":"","meta":{"ngg_post_thumbnail":0,"footnotes":""},"tags":[383,382],"class_list":{"0":"post-9236","1":"page","2":"type-page","3":"status-publish","4":"has-post-thumbnail","6":"tag-hpartist","7":"tag-pgartist"},"_links":{"self":[{"href":"https:\/\/www.justcolor.net\/it\/wp-json\/wp\/v2\/pages\/9236","targetHints":{"allow":["GET"]}}],"collection":[{"href":"https:\/\/www.justcolor.net\/it\/wp-json\/wp\/v2\/pages"}],"about":[{"href":"https:\/\/www.justcolor.net\/it\/wp-json\/wp\/v2\/types\/page"}],"author":[{"embeddable":true,"href":"https:\/\/www.justcolor.net\/it\/wp-json\/wp\/v2\/users\/229"}],"replies":[{"embeddable":true,"href":"https:\/\/www.justcolor.net\/it\/wp-json\/wp\/v2\/comments?post=9236"}],"version-history":[{"count":0,"href":"https:\/\/www.justcolor.net\/it\/wp-json\/wp\/v2\/pages\/9236\/revisions"}],"up":[{"embeddable":true,"href":"https:\/\/www.justcolor.net\/it\/wp-json\/wp\/v2\/pages\/6155"}],"wp:featuredmedia":[{"embeddable":true,"href":"https:\/\/www.justcolor.net\/it\/wp-json\/wp\/v2\/media\/9243"}],"wp:attachment":[{"href":"https:\/\/www.justcolor.net\/it\/wp-json\/wp\/v2\/media?parent=9236"}],"wp:term":[{"taxonomy":"post_tag","embeddable":true,"href":"https:\/\/www.justcolor.net\/it\/wp-json\/wp\/v2\/tags?post=9236"}],"curies":[{"name":"wp","href":"https:\/\/api.w.org\/{rel}","templated":true}]}}